{"id":1173,"date":"2021-04-08T23:00:16","date_gmt":"2021-04-08T21:00:16","guid":{"rendered":"http:\/\/mep.machiel.at\/conoscenza\/riparazione-di-tappeti-2\/"},"modified":"2021-04-08T23:00:18","modified_gmt":"2021-04-08T21:00:18","slug":"riparazione-di-tappeti-2","status":"publish","type":"page","link":"http:\/\/mep.machiel.at\/it\/conoscenza\/riparazione-di-tappeti-2\/","title":{"rendered":"Riparazione di tappeti"},"content":{"rendered":"<p>[vc_row row_height_percent=&#8221;50&#8243; back_image=&#8221;508&#8243; overlay_alpha=&#8221;50&#8243; gutter_size=&#8221;3&#8243; column_width_percent=&#8221;100&#8243; shift_y=&#8221;0&#8243; z_index=&#8221;0&#8243; row_height_pixel=&#8221;300&#8243;][vc_column column_width_percent=&#8221;100&#8243; position_vertical=&#8221;middle&#8221; align_horizontal=&#8221;align_center&#8221; gutter_size=&#8221;3&#8243; style=&#8221;dark&#8221; overlay_alpha=&#8221;50&#8243; shift_x=&#8221;0&#8243; shift_y=&#8221;0&#8243; shift_y_down=&#8221;0&#8243; z_index=&#8221;0&#8243; medium_width=&#8221;0&#8243; mobile_width=&#8221;0&#8243; width=&#8221;1\/1&#8243;][vc_custom_heading]<\/p>\n<h1>Riparazione di tappeti<\/h1>\n<p>[\/vc_custom_heading][\/vc_column][\/vc_row][vc_row][vc_column width=&#8221;1\/1&#8243;][vc_custom_heading]<\/p>\n<h2>Riparazione di tappeti orientali<\/h2>\n<p>[\/vc_custom_heading][vc_column_text el_class=&#8221;colorbox&#8221;]Un vero persiano \u00e8 come un dipinto prezioso. Con la differenza che aumenta di valore se lo calpesti per 100 anni.[\/vc_column_text][vc_column_text]Nella sua funzione pi\u00f9 originale, \u00e8 stata quella di accompagnare i nomadi in ogni fase del percorso attraverso le condizioni pi\u00f9 avverse nel corso delle generazioni. In termini di qualit\u00e0, erano alla pari con i veri persiani offerti oggi.<\/p>\n<p>Tuttavia, nessun tappeto reale pu\u00f2 raggiungere la sua durata di vita mozzafiato se non viene ritoccato in modo elegante in media ogni 20 anni.[\/vc_column_text][\/vc_column][\/vc_row][vc_row][vc_column width=&#8221;1\/1&#8243;][vc_custom_heading]<\/p>\n<h2>Frange e maglie laterali del tappeto<\/h2>\n<p>[\/vc_custom_heading][vc_row_inner][vc_column_inner width=&#8221;2\/3&#8243;][vc_column_text]Perch\u00e9 anche un tappeto ha i suoi punti deboli: le frange esposte e le maglie laterali (chiamate anche bordi o bordi) sono le aree problematiche.<\/p>\n<p>Il vero problema inizia quando questi sono completamente consumati ei nodi pi\u00f9 interni iniziano a dissolversi. Per evitare ci\u00f2, i punti deboli vengono corretti con materiali fedeli all&#8217;originale.<\/p>\n<p>\u00c8 fondamentale ripristinare il tappeto, se possibile in modo tale da non accorgersene.[\/vc_column_text][\/vc_column_inner][vc_column_inner column_width_percent=&#8221;100&#8243; gutter_size=&#8221;3&#8243; overlay_alpha=&#8221;50&#8243; shift_x=&#8221;0&#8243; shift_y=&#8221;0&#8243; shift_y_down=&#8221;0&#8243; z_index=&#8221;0&#8243; align_medium=&#8221;align_center_tablet&#8221; medium_width=&#8221;0&#8243; align_mobile=&#8221;align_center_mobile&#8221; mobile_width=&#8221;0&#8243; width=&#8221;1\/3&#8243;][vc_single_image media=&#8221;753&#8243; media_width_use_pixel=&#8221;yes&#8221; media_width_pixel=&#8221;500&#8243;][\/vc_column_inner][\/vc_row_inner][\/vc_column][\/vc_row][vc_row row_height_percent=&#8221;0&#8243; back_color=&#8221;color-109322&#8243; overlay_alpha=&#8221;50&#8243; gutter_size=&#8221;3&#8243; column_width_percent=&#8221;100&#8243; shift_y=&#8221;0&#8243; z_index=&#8221;0&#8243;][vc_column width=&#8221;1\/1&#8243;][vc_custom_heading]<\/p>\n<h2>La nostra offerta per la riparazione di tappeti<\/h2>\n<p>[\/vc_custom_heading][vc_column_text text_lead=&#8221;yes&#8221;]Il nostro servizio di riparazione tratta il tuo tappeto come tutti i tappeti veri sono stati trattati per centinaia di anni. \u00c8 fondamentale ripristinare il tappeto, se possibile in modo tale da non accorgersene.[\/vc_column_text][vc_empty_space empty_h=&#8221;2&#8243;][vc_row_inner][vc_column_inner width=&#8221;1\/2&#8243;][uncode_list icon=&#8221;fa fa-checkmark-circle&#8221; icon_color=&#8221;color-103998&#8243; el_class=&#8221;angebot-details&#8221;]<\/p>\n<ul>\n<li>Ritiro e consegna gratuiti<\/li>\n<li>Prezzi fissi<\/li>\n<li>Pagamento dopo la consegna<\/li>\n<\/ul>\n<p>[\/uncode_list][vc_button button_color=&#8221;color-103998&#8243; size=&#8221;btn-lg&#8221; hover_fx=&#8221;full-colored&#8221; border_width=&#8221;0&#8243; link=&#8221;url:http%3A%2F%2Fmep.machiel.at%2Fit%2Friparazione-di-tappeti%2F%23angebot|title:Pulizia%20del%20tappeto|&#8221;]AL SERVIZIO DI RIPARAZIONE[\/vc_button][\/vc_column_inner][vc_column_inner column_width_percent=&#8221;100&#8243; align_horizontal=&#8221;align_center&#8221; gutter_size=&#8221;3&#8243; overlay_alpha=&#8221;50&#8243; shift_x=&#8221;0&#8243; shift_y=&#8221;0&#8243; shift_y_down=&#8221;0&#8243; z_index=&#8221;0&#8243; medium_width=&#8221;0&#8243; mobile_width=&#8221;0&#8243; width=&#8221;1\/2&#8243;][vc_column_text el_class=&#8221;shadowbox&#8221;]Puoi anche contattarci per telefono o e-mail:<\/p>\n<h3>0800 0700 120<\/h3>\n<p><small>(tutti i giorni dalle 9:00 alle 18:00 gratuito da tutta la Germania)<\/small><\/p>\n<p><strong><a href=\"mailto:service@meinechterperser.de\">service@meinechterperser.de<\/a><\/strong>[\/vc_column_text][\/vc_column_inner][\/vc_row_inner][\/vc_column][\/vc_row][vc_row][vc_column width=&#8221;1\/1&#8243;][vc_empty_space empty_h=&#8221;3&#8243;][\/vc_column][\/vc_row]<\/p>\n","protected":false},"excerpt":{"rendered":"<p>[vc_row row_height_percent=&#8221;50&#8243; back_image=&#8221;508&#8243; overlay_alpha=&#8221;50&#8243; gutter_size=&#8221;3&#8243; column_width_percent=&#8221;100&#8243; shift_y=&#8221;0&#8243; z_index=&#8221;0&#8243; row_height_pixel=&#8221;300&#8243;][vc_column column_width_percent=&#8221;100&#8243; position_vertical=&#8221;middle&#8221; align_horizontal=&#8221;align_center&#8221; gutter_size=&#8221;3&#8243; style=&#8221;dark&#8221; overlay_alpha=&#8221;50&#8243; shift_x=&#8221;0&#8243; shift_y=&#8221;0&#8243; shift_y_down=&#8221;0&#8243; z_index=&#8221;0&#8243; medium_width=&#8221;0&#8243; [&hellip;]<\/p>\n","protected":false},"author":1,"featured_media":0,"parent":985,"menu_order":0,"comment_status":"closed","ping_status":"closed","template":"","meta":{"footnotes":""},"class_list":["post-1173","page","type-page","status-publish","hentry"],"yoast_head":"<!-- This site is optimized with the Yoast SEO plugin v27.3 - https:\/\/yoast.com\/product\/yoast-seo-wordpress\/ -->\n<title>Riparazione di tappeti - Mein echter Perser<\/title>\n<meta name=\"robots\" content=\"index, follow, max-snippet:-1, max-image-preview:large, max-video-preview:-1\" \/>\n<link rel=\"canonical\" href=\"http:\/\/mep.machiel.at\/it\/conoscenza\/riparazione-di-tappeti-2\/\" \/>\n<meta property=\"og:locale\" content=\"it_IT\" \/>\n<meta property=\"og:type\" content=\"article\" \/>\n<meta property=\"og:title\" content=\"Riparazione di tappeti - Mein echter Perser\" \/>\n<meta property=\"og:description\" content=\"[vc_row row_height_percent=&#8221;50&#8243; back_image=&#8221;508&#8243; overlay_alpha=&#8221;50&#8243; gutter_size=&#8221;3&#8243; column_width_percent=&#8221;100&#8243; shift_y=&#8221;0&#8243; z_index=&#8221;0&#8243; row_height_pixel=&#8221;300&#8243;][vc_column column_width_percent=&#8221;100&#8243; position_vertical=&#8221;middle&#8221; align_horizontal=&#8221;align_center&#8221; gutter_size=&#8221;3&#8243; style=&#8221;dark&#8221; overlay_alpha=&#8221;50&#8243; shift_x=&#8221;0&#8243; shift_y=&#8221;0&#8243; shift_y_down=&#8221;0&#8243; z_index=&#8221;0&#8243; medium_width=&#8221;0&#8243; [&hellip;]\" \/>\n<meta property=\"og:url\" content=\"http:\/\/mep.machiel.at\/it\/conoscenza\/riparazione-di-tappeti-2\/\" \/>\n<meta property=\"og:site_name\" content=\"Mein echter Perser\" \/>\n<meta property=\"article:modified_time\" content=\"2021-04-08T21:00:18+00:00\" \/>\n<meta name=\"twitter:card\" content=\"summary_large_image\" \/>\n<meta name=\"twitter:label1\" content=\"Tempo di lettura stimato\" \/>\n\t<meta name=\"twitter:data1\" content=\"3 minuti\" \/>\n<script type=\"application\/ld+json\" class=\"yoast-schema-graph\">{\"@context\":\"https:\\\/\\\/schema.org\",\"@graph\":[{\"@type\":\"WebPage\",\"@id\":\"http:\\\/\\\/mep.machiel.at\\\/it\\\/conoscenza\\\/riparazione-di-tappeti-2\\\/\",\"url\":\"http:\\\/\\\/mep.machiel.at\\\/it\\\/conoscenza\\\/riparazione-di-tappeti-2\\\/\",\"name\":\"Riparazione di tappeti - Mein echter Perser\",\"isPartOf\":{\"@id\":\"http:\\\/\\\/mep.machiel.at\\\/it\\\/#website\"},\"datePublished\":\"2021-04-08T21:00:16+00:00\",\"dateModified\":\"2021-04-08T21:00:18+00:00\",\"breadcrumb\":{\"@id\":\"http:\\\/\\\/mep.machiel.at\\\/it\\\/conoscenza\\\/riparazione-di-tappeti-2\\\/#breadcrumb\"},\"inLanguage\":\"it-IT\",\"potentialAction\":[{\"@type\":\"ReadAction\",\"target\":[\"http:\\\/\\\/mep.machiel.at\\\/it\\\/conoscenza\\\/riparazione-di-tappeti-2\\\/\"]}]},{\"@type\":\"BreadcrumbList\",\"@id\":\"http:\\\/\\\/mep.machiel.at\\\/it\\\/conoscenza\\\/riparazione-di-tappeti-2\\\/#breadcrumb\",\"itemListElement\":[{\"@type\":\"ListItem\",\"position\":1,\"name\":\"Startseite\",\"item\":\"http:\\\/\\\/mep.machiel.at\\\/it\\\/\"},{\"@type\":\"ListItem\",\"position\":2,\"name\":\"Conoscenza\",\"item\":\"http:\\\/\\\/mep.machiel.at\\\/it\\\/conoscenza\\\/\"},{\"@type\":\"ListItem\",\"position\":3,\"name\":\"Riparazione di tappeti\"}]},{\"@type\":\"WebSite\",\"@id\":\"http:\\\/\\\/mep.machiel.at\\\/it\\\/#website\",\"url\":\"http:\\\/\\\/mep.machiel.at\\\/it\\\/\",\"name\":\"Mein echter Perser\",\"description\":\"Teppichreparatur, Teppichreinigung, Wertgutachten\",\"potentialAction\":[{\"@type\":\"SearchAction\",\"target\":{\"@type\":\"EntryPoint\",\"urlTemplate\":\"http:\\\/\\\/mep.machiel.at\\\/it\\\/?s={search_term_string}\"},\"query-input\":{\"@type\":\"PropertyValueSpecification\",\"valueRequired\":true,\"valueName\":\"search_term_string\"}}],\"inLanguage\":\"it-IT\"}]}<\/script>\n<!-- \/ Yoast SEO plugin. -->","yoast_head_json":{"title":"Riparazione di tappeti - Mein echter Perser","robots":{"index":"index","follow":"follow","max-snippet":"max-snippet:-1","max-image-preview":"max-image-preview:large","max-video-preview":"max-video-preview:-1"},"canonical":"http:\/\/mep.machiel.at\/it\/conoscenza\/riparazione-di-tappeti-2\/","og_locale":"it_IT","og_type":"article","og_title":"Riparazione di tappeti - Mein echter Perser","og_description":"[vc_row row_height_percent=&#8221;50&#8243; back_image=&#8221;508&#8243; overlay_alpha=&#8221;50&#8243; gutter_size=&#8221;3&#8243; column_width_percent=&#8221;100&#8243; shift_y=&#8221;0&#8243; z_index=&#8221;0&#8243; row_height_pixel=&#8221;300&#8243;][vc_column column_width_percent=&#8221;100&#8243; position_vertical=&#8221;middle&#8221; align_horizontal=&#8221;align_center&#8221; gutter_size=&#8221;3&#8243; style=&#8221;dark&#8221; overlay_alpha=&#8221;50&#8243; shift_x=&#8221;0&#8243; shift_y=&#8221;0&#8243; shift_y_down=&#8221;0&#8243; z_index=&#8221;0&#8243; medium_width=&#8221;0&#8243; [&hellip;]","og_url":"http:\/\/mep.machiel.at\/it\/conoscenza\/riparazione-di-tappeti-2\/","og_site_name":"Mein echter Perser","article_modified_time":"2021-04-08T21:00:18+00:00","twitter_card":"summary_large_image","twitter_misc":{"Tempo di lettura stimato":"3 minuti"},"schema":{"@context":"https:\/\/schema.org","@graph":[{"@type":"WebPage","@id":"http:\/\/mep.machiel.at\/it\/conoscenza\/riparazione-di-tappeti-2\/","url":"http:\/\/mep.machiel.at\/it\/conoscenza\/riparazione-di-tappeti-2\/","name":"Riparazione di tappeti - Mein echter Perser","isPartOf":{"@id":"http:\/\/mep.machiel.at\/it\/#website"},"datePublished":"2021-04-08T21:00:16+00:00","dateModified":"2021-04-08T21:00:18+00:00","breadcrumb":{"@id":"http:\/\/mep.machiel.at\/it\/conoscenza\/riparazione-di-tappeti-2\/#breadcrumb"},"inLanguage":"it-IT","potentialAction":[{"@type":"ReadAction","target":["http:\/\/mep.machiel.at\/it\/conoscenza\/riparazione-di-tappeti-2\/"]}]},{"@type":"BreadcrumbList","@id":"http:\/\/mep.machiel.at\/it\/conoscenza\/riparazione-di-tappeti-2\/#breadcrumb","itemListElement":[{"@type":"ListItem","position":1,"name":"Startseite","item":"http:\/\/mep.machiel.at\/it\/"},{"@type":"ListItem","position":2,"name":"Conoscenza","item":"http:\/\/mep.machiel.at\/it\/conoscenza\/"},{"@type":"ListItem","position":3,"name":"Riparazione di tappeti"}]},{"@type":"WebSite","@id":"http:\/\/mep.machiel.at\/it\/#website","url":"http:\/\/mep.machiel.at\/it\/","name":"Mein echter Perser","description":"Teppichreparatur, Teppichreinigung, Wertgutachten","potentialAction":[{"@type":"SearchAction","target":{"@type":"EntryPoint","urlTemplate":"http:\/\/mep.machiel.at\/it\/?s={search_term_string}"},"query-input":{"@type":"PropertyValueSpecification","valueRequired":true,"valueName":"search_term_string"}}],"inLanguage":"it-IT"}]}},"_links":{"self":[{"href":"http:\/\/mep.machiel.at\/it\/wp-json\/wp\/v2\/pages\/1173","targetHints":{"allow":["GET"]}}],"collection":[{"href":"http:\/\/mep.machiel.at\/it\/wp-json\/wp\/v2\/pages"}],"about":[{"href":"http:\/\/mep.machiel.at\/it\/wp-json\/wp\/v2\/types\/page"}],"author":[{"embeddable":true,"href":"http:\/\/mep.machiel.at\/it\/wp-json\/wp\/v2\/users\/1"}],"replies":[{"embeddable":true,"href":"http:\/\/mep.machiel.at\/it\/wp-json\/wp\/v2\/comments?post=1173"}],"version-history":[{"count":10,"href":"http:\/\/mep.machiel.at\/it\/wp-json\/wp\/v2\/pages\/1173\/revisions"}],"predecessor-version":[{"id":1186,"href":"http:\/\/mep.machiel.at\/it\/wp-json\/wp\/v2\/pages\/1173\/revisions\/1186"}],"up":[{"embeddable":true,"href":"http:\/\/mep.machiel.at\/it\/wp-json\/wp\/v2\/pages\/985"}],"wp:attachment":[{"href":"http:\/\/mep.machiel.at\/it\/wp-json\/wp\/v2\/media?parent=1173"}],"curies":[{"name":"wp","href":"https:\/\/api.w.org\/{rel}","templated":true}]}}