{"id":1039,"date":"2021-04-08T22:04:50","date_gmt":"2021-04-08T20:04:50","guid":{"rendered":"http:\/\/mep.machiel.at\/conoscenza\/riparazione-delle-frange\/"},"modified":"2021-04-08T22:04:52","modified_gmt":"2021-04-08T20:04:52","slug":"riparazione-delle-frange","status":"publish","type":"page","link":"http:\/\/mep.machiel.at\/it\/conoscenza\/riparazione-delle-frange\/","title":{"rendered":"Riparazione delle frange"},"content":{"rendered":"<p>[vc_row row_height_percent=&#8221;50&#8243; back_image=&#8221;508&#8243; overlay_alpha=&#8221;50&#8243; gutter_size=&#8221;3&#8243; column_width_percent=&#8221;100&#8243; shift_y=&#8221;0&#8243; z_index=&#8221;0&#8243; row_height_pixel=&#8221;300&#8243;][vc_column column_width_percent=&#8221;100&#8243; position_vertical=&#8221;middle&#8221; align_horizontal=&#8221;align_center&#8221; gutter_size=&#8221;3&#8243; style=&#8221;dark&#8221; overlay_alpha=&#8221;50&#8243; shift_x=&#8221;0&#8243; shift_y=&#8221;0&#8243; shift_y_down=&#8221;0&#8243; z_index=&#8221;0&#8243; medium_width=&#8221;0&#8243; mobile_width=&#8221;0&#8243; width=&#8221;1\/1&#8243;][vc_custom_heading]<\/p>\n<h1>Riparazione delle frange<\/h1>\n<p>[\/vc_custom_heading][\/vc_column][\/vc_row][vc_row][vc_column width=&#8221;1\/1&#8243;][vc_custom_heading]<\/p>\n<h2>Frange: i fili che trattengono la vita del tuo persiano<\/h2>\n<p>[\/vc_custom_heading][vc_column_text]Il<a href=\"http:\/\/mep.machiel.at\/it\/conoscenza\/come-viene-costruito-un-tappeto\/\"> Fondazione di un tappeto<\/a> \u00e8 costituito da ordito e trama, su cui vengono annodate le fibre del vello. I fili di ordito che fuoriescono liberamente formano le frange.<\/p>\n<p>Oltre al danneggiamento dei lati lunghi, il danneggiamento delle frange \u00e8 uno dei segni di usura pi\u00f9 comuni su un tappeto. Le frange sono spesso accorciate anche pi\u00f9 velocemente della normale usura da parte dei gatti che tirano le frange e degli aspirapolvere con spazzole rotanti.[\/vc_column_text][\/vc_column][\/vc_row][vc_row][vc_column width=&#8221;1\/1&#8243;][vc_custom_heading]<\/p>\n<h2 id=\"fransen-haben-wichtige-aufgaben\">Le frange hanno ruoli importanti<\/h2>\n<p>[\/vc_custom_heading][vc_row_inner][vc_column_inner width=&#8221;1\/1&#8243;][vc_single_image media=&#8221;780&#8243; media_width_use_pixel=&#8221;yes&#8221; media_width_pixel=&#8221;600&#8243;][vc_column_text]Non solo le frange consumate fanno sembrare vecchio il tappeto, \u00e8 ancora pi\u00f9 importante che le frange diano al tappeto una durata di vita:[\/vc_column_text][vc_column_text]<\/p>\n<ol>\n<li>Sono l\u00ec per livellare il dislivello tra il terreno e il palo con un gradino intermedio. Di conseguenza, il tappeto si consuma meno sui lati sfrangiati di quanto sarebbe se non ci fossero le frange. Una lunghezza di 2-4 cm \u00e8 ottimale qui. Se fossero pi\u00f9 corti, la compensazione per l&#8217;altezza sarebbe troppo debole; se sono pi\u00f9 lunghe, formano esse stesse un bersaglio da strappare.<\/li>\n<li>I fili della frangia che fuoriescono dal tappeto servono per tirare i nodi di bloccaggio alla loro origine &#8211; lungo l&#8217;ultima fila di nodi del tappeto &#8211; che chiudono il tappeto e gli impediscono di aprire nodi.<\/li>\n<li>Tanto di moda quanto le frange inesistenti (per lo pi\u00f9 cucite sotto il tappeto) sono diventate, dal punto di vista della durevolezza, delle frange lunghe almeno 2 cm sono molto utili.<\/li>\n<\/ol>\n<p>[\/vc_column_text][\/vc_column_inner][\/vc_row_inner][\/vc_column][\/vc_row][vc_row row_height_percent=&#8221;0&#8243; overlay_alpha=&#8221;50&#8243; gutter_size=&#8221;3&#8243; column_width_percent=&#8221;100&#8243; shift_y=&#8221;0&#8243; z_index=&#8221;0&#8243; shape_dividers=&#8221;&#8221;][vc_column width=&#8221;1\/1&#8243;][vc_custom_heading]<\/p>\n<h2 id=\"fransenreparatur-ist-nicht-gleich-fransenrestauration\">Riparare le frange non \u00e8 sempre la stessa cosa che ripristinare le frange<\/h2>\n<p>[\/vc_custom_heading][vc_column_text]Tradizionalmente, si distingue tra riparazione e restauro marginali, che differiscono in modo significativo in termini di quantit\u00e0 di lavoro:[\/vc_column_text][vc_column_text text_lead=&#8221;yes&#8221;]<\/p>\n<ol>\n<li>Il modo pi\u00f9 comune per riparare le frange accorciate \u00e8 quello di sciogliere il tappeto sul lato della frangia di tante file di nodi finch\u00e9 non sono esposti abbastanza fili di ordito (almeno 1,5 cm) dalla fondazione del tappeto. Un nodo di chiusura in cotone ad alta densit\u00e0 viene disegnato lungo l&#8217;ultima fila di nodi esistente. Le frange vengono quindi tagliate alla lunghezza della frangia pi\u00f9 corta disponibile. 2 cm pi\u00f9 corto su ogni lato della frangia. Per non disturbare il pi\u00f9 possibile il motivo annodato, i tappeti persiani hanno solitamente una parte tessuta che si trova tra le frange e il tappeto. Questo di solito \u00e8 abbastanza lungo da rivelare materiale sufficiente per una riparazione marginale. Spesso c&#8217;\u00e8 anche un colore sul tappeto reale che corre intorno al tappeto in diverse file di nodi. Questo pu\u00f2 anche essere &#8220;rosicchiato&#8221; per rivelare nuovo materiale per le frange. Se non \u00e8 rimasta alcuna riserva, il modello deve essere risolto nella misura delle righe di nodi richieste.<\/li>\n<li>Nel caso di tappeti di particolare pregio prevalentemente in seta ma anche lana, tradizionalmente viene eseguito un restauro frangiato. Nel processo, le fibre con frange che sono fedeli all&#8217;originale vengono abilmente cucite a mano nel tappeto fino a una profondit\u00e0 di 10 cm nella densit\u00e0 data. Infine, viene nuovamente disegnato un nodo di chiusura. Le frange possono essere realizzate in qualsiasi lunghezza.<\/li>\n<li>Poich\u00e9 le nuove frange entrano a far parte del vecchio tappeto, anche uno specialista non pu\u00f2 distinguere il restauro dall&#8217;originale se il lavoro viene eseguito in modo appropriato.<\/li>\n<\/ol>\n<p>[\/vc_column_text][\/vc_column][\/vc_row][vc_row row_height_percent=&#8221;0&#8243; overlay_alpha=&#8221;50&#8243; gutter_size=&#8221;3&#8243; column_width_percent=&#8221;100&#8243; shift_y=&#8221;0&#8243; z_index=&#8221;0&#8243; shape_dividers=&#8221;&#8221;][vc_column width=&#8221;1\/1&#8243;][vc_custom_heading]<\/p>\n<h2 id=\"kann-man-kaputte-fransen-selbst-abschneiden\">Puoi tagliare tu stesso le frange rotte?<\/h2>\n<p>[\/vc_custom_heading][vc_column_text]Anche se qualcuno ti consiglia ripetutamente di rimuovere semplicemente le frange sporche o consumate con le forbici, da un punto di vista professionale nessuno pu\u00f2 consigliarti di farlo. Il rischio che il tappeto si dissolva fila per fila aumenta con la diminuzione della lunghezza della frangia.<\/p>\n<p>In questo caso \u00e8 meglio fidarsi dello specialista e indicare semplicemente la lunghezza della frangia desiderata al momento dell&#8217;ordine di riparazione. Il riparatore pu\u00f2 quindi discutere con te in che modo la lunghezza desiderata influir\u00e0 sul lungo termine.[\/vc_column_text][\/vc_column][\/vc_row][vc_row row_height_percent=&#8221;0&#8243; back_color=&#8221;color-109322&#8243; overlay_alpha=&#8221;50&#8243; gutter_size=&#8221;3&#8243; column_width_percent=&#8221;100&#8243; shift_y=&#8221;0&#8243; z_index=&#8221;0&#8243;][vc_column width=&#8221;1\/1&#8243;][vc_custom_heading]<\/p>\n<h2>La nostra offerta per la riparazione di tappeti<\/h2>\n<p>[\/vc_custom_heading][vc_column_text text_lead=&#8221;yes&#8221;]Il nostro servizio di riparazione tratta il tuo tappeto come tutti i tappeti veri sono stati trattati per centinaia di anni. \u00c8 fondamentale ripristinare il tappeto, se possibile in modo tale da non accorgersene.[\/vc_column_text][vc_empty_space empty_h=&#8221;2&#8243;][vc_row_inner][vc_column_inner width=&#8221;1\/2&#8243;][uncode_list icon=&#8221;fa fa-checkmark-circle&#8221; icon_color=&#8221;color-103998&#8243; el_class=&#8221;angebot-details&#8221;]<\/p>\n<ul>\n<li>Ritiro e consegna gratuiti<\/li>\n<li>Prezzi fissi<\/li>\n<li>Pagamento dopo la consegna<\/li>\n<\/ul>\n<p>[\/uncode_list][vc_button button_color=&#8221;color-103998&#8243; size=&#8221;btn-lg&#8221; hover_fx=&#8221;full-colored&#8221; border_width=&#8221;0&#8243; link=&#8221;url:http%3A%2F%2Fmep.machiel.at%2Fit%2Friparazione-di-tappeti%2F%23angebot|title:Pulizia%20del%20tappeto|&#8221;]AL SERVIZIO DI RIPARAZIONE[\/vc_button][\/vc_column_inner][vc_column_inner column_width_percent=&#8221;100&#8243; align_horizontal=&#8221;align_center&#8221; gutter_size=&#8221;3&#8243; overlay_alpha=&#8221;50&#8243; shift_x=&#8221;0&#8243; shift_y=&#8221;0&#8243; shift_y_down=&#8221;0&#8243; z_index=&#8221;0&#8243; medium_width=&#8221;0&#8243; mobile_width=&#8221;0&#8243; width=&#8221;1\/2&#8243;][vc_column_text el_class=&#8221;shadowbox&#8221;]Puoi anche contattarci per telefono o e-mail:<\/p>\n<h3>0800 0700 120<\/h3>\n<p><small>(tutti i giorni dalle 9:00 alle 18:00 gratuito da tutta la Germania)<\/small><\/p>\n<p><strong><a href=\"mailto:service@meinechterperser.de\">service@meinechterperser.de<\/a><\/strong>[\/vc_column_text][\/vc_column_inner][\/vc_row_inner][\/vc_column][\/vc_row][vc_row][vc_column width=&#8221;1\/1&#8243;][vc_empty_space empty_h=&#8221;3&#8243;][\/vc_column][\/vc_row]<\/p>\n","protected":false},"excerpt":{"rendered":"<p>[vc_row row_height_percent=&#8221;50&#8243; back_image=&#8221;508&#8243; overlay_alpha=&#8221;50&#8243; gutter_size=&#8221;3&#8243; column_width_percent=&#8221;100&#8243; shift_y=&#8221;0&#8243; z_index=&#8221;0&#8243; row_height_pixel=&#8221;300&#8243;][vc_column column_width_percent=&#8221;100&#8243; position_vertical=&#8221;middle&#8221; align_horizontal=&#8221;align_center&#8221; gutter_size=&#8221;3&#8243; style=&#8221;dark&#8221; overlay_alpha=&#8221;50&#8243; shift_x=&#8221;0&#8243; shift_y=&#8221;0&#8243; shift_y_down=&#8221;0&#8243; z_index=&#8221;0&#8243; medium_width=&#8221;0&#8243; [&hellip;]<\/p>\n","protected":false},"author":1,"featured_media":0,"parent":985,"menu_order":0,"comment_status":"closed","ping_status":"closed","template":"","meta":{"footnotes":""},"class_list":["post-1039","page","type-page","status-publish","hentry"],"yoast_head":"<!-- This site is optimized with the Yoast SEO plugin v27.3 - https:\/\/yoast.com\/product\/yoast-seo-wordpress\/ -->\n<title>Riparazione delle frange - Mein echter Perser<\/title>\n<meta name=\"robots\" content=\"index, follow, max-snippet:-1, max-image-preview:large, max-video-preview:-1\" \/>\n<link rel=\"canonical\" href=\"http:\/\/mep.machiel.at\/it\/conoscenza\/riparazione-delle-frange\/\" \/>\n<meta property=\"og:locale\" content=\"it_IT\" \/>\n<meta property=\"og:type\" content=\"article\" \/>\n<meta property=\"og:title\" content=\"Riparazione delle frange - Mein echter Perser\" \/>\n<meta property=\"og:description\" content=\"[vc_row row_height_percent=&#8221;50&#8243; back_image=&#8221;508&#8243; overlay_alpha=&#8221;50&#8243; gutter_size=&#8221;3&#8243; column_width_percent=&#8221;100&#8243; shift_y=&#8221;0&#8243; z_index=&#8221;0&#8243; row_height_pixel=&#8221;300&#8243;][vc_column column_width_percent=&#8221;100&#8243; position_vertical=&#8221;middle&#8221; align_horizontal=&#8221;align_center&#8221; gutter_size=&#8221;3&#8243; style=&#8221;dark&#8221; overlay_alpha=&#8221;50&#8243; shift_x=&#8221;0&#8243; shift_y=&#8221;0&#8243; shift_y_down=&#8221;0&#8243; z_index=&#8221;0&#8243; medium_width=&#8221;0&#8243; [&hellip;]\" \/>\n<meta property=\"og:url\" content=\"http:\/\/mep.machiel.at\/it\/conoscenza\/riparazione-delle-frange\/\" \/>\n<meta property=\"og:site_name\" content=\"Mein echter Perser\" \/>\n<meta property=\"article:modified_time\" content=\"2021-04-08T20:04:52+00:00\" \/>\n<meta name=\"twitter:card\" content=\"summary_large_image\" \/>\n<meta name=\"twitter:label1\" content=\"Tempo di lettura stimato\" \/>\n\t<meta name=\"twitter:data1\" content=\"5 minuti\" \/>\n<script type=\"application\/ld+json\" class=\"yoast-schema-graph\">{\"@context\":\"https:\\\/\\\/schema.org\",\"@graph\":[{\"@type\":\"WebPage\",\"@id\":\"http:\\\/\\\/mep.machiel.at\\\/it\\\/conoscenza\\\/riparazione-delle-frange\\\/\",\"url\":\"http:\\\/\\\/mep.machiel.at\\\/it\\\/conoscenza\\\/riparazione-delle-frange\\\/\",\"name\":\"Riparazione delle frange - Mein echter Perser\",\"isPartOf\":{\"@id\":\"http:\\\/\\\/mep.machiel.at\\\/it\\\/#website\"},\"datePublished\":\"2021-04-08T20:04:50+00:00\",\"dateModified\":\"2021-04-08T20:04:52+00:00\",\"breadcrumb\":{\"@id\":\"http:\\\/\\\/mep.machiel.at\\\/it\\\/conoscenza\\\/riparazione-delle-frange\\\/#breadcrumb\"},\"inLanguage\":\"it-IT\",\"potentialAction\":[{\"@type\":\"ReadAction\",\"target\":[\"http:\\\/\\\/mep.machiel.at\\\/it\\\/conoscenza\\\/riparazione-delle-frange\\\/\"]}]},{\"@type\":\"BreadcrumbList\",\"@id\":\"http:\\\/\\\/mep.machiel.at\\\/it\\\/conoscenza\\\/riparazione-delle-frange\\\/#breadcrumb\",\"itemListElement\":[{\"@type\":\"ListItem\",\"position\":1,\"name\":\"Startseite\",\"item\":\"http:\\\/\\\/mep.machiel.at\\\/it\\\/\"},{\"@type\":\"ListItem\",\"position\":2,\"name\":\"Conoscenza\",\"item\":\"http:\\\/\\\/mep.machiel.at\\\/it\\\/conoscenza\\\/\"},{\"@type\":\"ListItem\",\"position\":3,\"name\":\"Riparazione delle frange\"}]},{\"@type\":\"WebSite\",\"@id\":\"http:\\\/\\\/mep.machiel.at\\\/it\\\/#website\",\"url\":\"http:\\\/\\\/mep.machiel.at\\\/it\\\/\",\"name\":\"Mein echter Perser\",\"description\":\"Teppichreparatur, Teppichreinigung, Wertgutachten\",\"potentialAction\":[{\"@type\":\"SearchAction\",\"target\":{\"@type\":\"EntryPoint\",\"urlTemplate\":\"http:\\\/\\\/mep.machiel.at\\\/it\\\/?s={search_term_string}\"},\"query-input\":{\"@type\":\"PropertyValueSpecification\",\"valueRequired\":true,\"valueName\":\"search_term_string\"}}],\"inLanguage\":\"it-IT\"}]}<\/script>\n<!-- \/ Yoast SEO plugin. -->","yoast_head_json":{"title":"Riparazione delle frange - Mein echter Perser","robots":{"index":"index","follow":"follow","max-snippet":"max-snippet:-1","max-image-preview":"max-image-preview:large","max-video-preview":"max-video-preview:-1"},"canonical":"http:\/\/mep.machiel.at\/it\/conoscenza\/riparazione-delle-frange\/","og_locale":"it_IT","og_type":"article","og_title":"Riparazione delle frange - Mein echter Perser","og_description":"[vc_row row_height_percent=&#8221;50&#8243; back_image=&#8221;508&#8243; overlay_alpha=&#8221;50&#8243; gutter_size=&#8221;3&#8243; column_width_percent=&#8221;100&#8243; shift_y=&#8221;0&#8243; z_index=&#8221;0&#8243; row_height_pixel=&#8221;300&#8243;][vc_column column_width_percent=&#8221;100&#8243; position_vertical=&#8221;middle&#8221; align_horizontal=&#8221;align_center&#8221; gutter_size=&#8221;3&#8243; style=&#8221;dark&#8221; overlay_alpha=&#8221;50&#8243; shift_x=&#8221;0&#8243; shift_y=&#8221;0&#8243; shift_y_down=&#8221;0&#8243; z_index=&#8221;0&#8243; medium_width=&#8221;0&#8243; [&hellip;]","og_url":"http:\/\/mep.machiel.at\/it\/conoscenza\/riparazione-delle-frange\/","og_site_name":"Mein echter Perser","article_modified_time":"2021-04-08T20:04:52+00:00","twitter_card":"summary_large_image","twitter_misc":{"Tempo di lettura stimato":"5 minuti"},"schema":{"@context":"https:\/\/schema.org","@graph":[{"@type":"WebPage","@id":"http:\/\/mep.machiel.at\/it\/conoscenza\/riparazione-delle-frange\/","url":"http:\/\/mep.machiel.at\/it\/conoscenza\/riparazione-delle-frange\/","name":"Riparazione delle frange - Mein echter Perser","isPartOf":{"@id":"http:\/\/mep.machiel.at\/it\/#website"},"datePublished":"2021-04-08T20:04:50+00:00","dateModified":"2021-04-08T20:04:52+00:00","breadcrumb":{"@id":"http:\/\/mep.machiel.at\/it\/conoscenza\/riparazione-delle-frange\/#breadcrumb"},"inLanguage":"it-IT","potentialAction":[{"@type":"ReadAction","target":["http:\/\/mep.machiel.at\/it\/conoscenza\/riparazione-delle-frange\/"]}]},{"@type":"BreadcrumbList","@id":"http:\/\/mep.machiel.at\/it\/conoscenza\/riparazione-delle-frange\/#breadcrumb","itemListElement":[{"@type":"ListItem","position":1,"name":"Startseite","item":"http:\/\/mep.machiel.at\/it\/"},{"@type":"ListItem","position":2,"name":"Conoscenza","item":"http:\/\/mep.machiel.at\/it\/conoscenza\/"},{"@type":"ListItem","position":3,"name":"Riparazione delle frange"}]},{"@type":"WebSite","@id":"http:\/\/mep.machiel.at\/it\/#website","url":"http:\/\/mep.machiel.at\/it\/","name":"Mein echter Perser","description":"Teppichreparatur, Teppichreinigung, Wertgutachten","potentialAction":[{"@type":"SearchAction","target":{"@type":"EntryPoint","urlTemplate":"http:\/\/mep.machiel.at\/it\/?s={search_term_string}"},"query-input":{"@type":"PropertyValueSpecification","valueRequired":true,"valueName":"search_term_string"}}],"inLanguage":"it-IT"}]}},"_links":{"self":[{"href":"http:\/\/mep.machiel.at\/it\/wp-json\/wp\/v2\/pages\/1039","targetHints":{"allow":["GET"]}}],"collection":[{"href":"http:\/\/mep.machiel.at\/it\/wp-json\/wp\/v2\/pages"}],"about":[{"href":"http:\/\/mep.machiel.at\/it\/wp-json\/wp\/v2\/types\/page"}],"author":[{"embeddable":true,"href":"http:\/\/mep.machiel.at\/it\/wp-json\/wp\/v2\/users\/1"}],"replies":[{"embeddable":true,"href":"http:\/\/mep.machiel.at\/it\/wp-json\/wp\/v2\/comments?post=1039"}],"version-history":[{"count":5,"href":"http:\/\/mep.machiel.at\/it\/wp-json\/wp\/v2\/pages\/1039\/revisions"}],"predecessor-version":[{"id":1044,"href":"http:\/\/mep.machiel.at\/it\/wp-json\/wp\/v2\/pages\/1039\/revisions\/1044"}],"up":[{"embeddable":true,"href":"http:\/\/mep.machiel.at\/it\/wp-json\/wp\/v2\/pages\/985"}],"wp:attachment":[{"href":"http:\/\/mep.machiel.at\/it\/wp-json\/wp\/v2\/media?parent=1039"}],"curies":[{"name":"wp","href":"https:\/\/api.w.org\/{rel}","templated":true}]}}