{"id":1016,"date":"2021-04-08T22:00:06","date_gmt":"2021-04-08T20:00:06","guid":{"rendered":"http:\/\/mep.machiel.at\/conoscenza\/la-giusta-dimensione-del-tappeto\/"},"modified":"2021-04-08T22:00:08","modified_gmt":"2021-04-08T20:00:08","slug":"la-giusta-dimensione-del-tappeto","status":"publish","type":"page","link":"http:\/\/mep.machiel.at\/it\/conoscenza\/la-giusta-dimensione-del-tappeto\/","title":{"rendered":"La giusta dimensione del tappeto"},"content":{"rendered":"<p>[vc_row row_height_percent=&#8221;50&#8243; back_image=&#8221;508&#8243; overlay_alpha=&#8221;50&#8243; gutter_size=&#8221;3&#8243; column_width_percent=&#8221;100&#8243; shift_y=&#8221;0&#8243; z_index=&#8221;0&#8243; row_height_pixel=&#8221;300&#8243;][vc_column column_width_percent=&#8221;100&#8243; position_vertical=&#8221;middle&#8221; align_horizontal=&#8221;align_center&#8221; gutter_size=&#8221;3&#8243; style=&#8221;dark&#8221; overlay_alpha=&#8221;50&#8243; shift_x=&#8221;0&#8243; shift_y=&#8221;0&#8243; shift_y_down=&#8221;0&#8243; z_index=&#8221;0&#8243; medium_width=&#8221;0&#8243; mobile_width=&#8221;0&#8243; width=&#8221;1\/1&#8243;][vc_custom_heading]<\/p>\n<h1>La giusta dimensione del tappeto<\/h1>\n<p>[\/vc_custom_heading][\/vc_column][\/vc_row][vc_row][vc_column width=&#8221;1\/1&#8243;][vc_custom_heading]<\/p>\n<h2>Come trovo la giusta dimensione del tappeto?<\/h2>\n<p>[\/vc_custom_heading][vc_column_text el_class=&#8221;colorbox&#8221;]Solo un tappeto adatto \u00e8 un buon tappeto.[\/vc_column_text][vc_column_text]Per scoprire la dimensione corretta del tappeto, ci sono alcune semplici regole:<\/p>\n<p><strong>1.<\/strong> I tappeti gratuiti in una stanza dovrebbero occupare circa i 3\/4 del pavimento scoperto di una stanza. Tutto il resto ruba la moquette e il resto dei mobili.[\/vc_column_text][vc_row_inner][vc_column_inner width=&#8221;1\/2&#8243;][vc_column_text]<strong>2.<\/strong> Il tipico tappeto del divano deve essere almeno Avere una distanza di 4 dita della larghezza. Dovrebbero esserci solo un tavolo e una sola poltrona. Dovrebbe coprire solo ci\u00f2 che deve essere coperto.[\/vc_column_text][\/vc_column_inner][vc_column_inner width=&#8221;1\/2&#8243;][vc_single_image media=&#8221;710&#8243; media_width_percent=&#8221;100&#8243;][\/vc_column_inner][\/vc_row_inner][vc_row_inner][vc_column_inner width=&#8221;1\/2&#8243;][vc_column_text]<strong>3.<\/strong> Sotto un tavolo da pranzo, la lunghezza e la larghezza del tappeto dovrebbero essere scelte in modo che le sedie non cadano con i singoli piedi sul pavimento, anche se vengono spostate. Idealmente, misuri 70-80 cm su tutti i lati da utilizzare per le dimensioni del tavolo. Qualsiasi altra cosa sarebbe impraticabile.[\/vc_column_text][\/vc_column_inner][vc_column_inner width=&#8221;1\/2&#8243;][vc_single_image media=&#8221;715&#8243; media_width_percent=&#8221;100&#8243;][\/vc_column_inner][\/vc_row_inner][vc_row_inner][vc_column_inner width=&#8221;1\/2&#8243;][vc_column_text]<strong>4 \u00b0<\/strong> Nelle camere da letto, il telaio del letto dovrebbe essere scelto in modo da calpestare il tappeto con i piedi quando ti alzi dal letto. Il morbido pile non \u00e8 l\u00ec solo da guardare.[\/vc_column_text][\/vc_column_inner][vc_column_inner width=&#8221;1\/2&#8243;][vc_single_image media=&#8221;720&#8243; media_width_percent=&#8221;100&#8243;][\/vc_column_inner][\/vc_row_inner][vc_column_text]<strong>5.<\/strong> Dovrebbero esserci diversi tappeti singoli nei corridoi pi\u00f9 lunghi di 4 m, altrimenti la stanza apparir\u00e0 ancora pi\u00f9 lunga.[\/vc_column_text][\/vc_column][\/vc_row][vc_row][vc_column width=&#8221;1\/1&#8243;][vc_empty_space empty_h=&#8221;3&#8243;][\/vc_column][\/vc_row]<\/p>\n","protected":false},"excerpt":{"rendered":"<p>[vc_row row_height_percent=&#8221;50&#8243; back_image=&#8221;508&#8243; overlay_alpha=&#8221;50&#8243; gutter_size=&#8221;3&#8243; column_width_percent=&#8221;100&#8243; shift_y=&#8221;0&#8243; z_index=&#8221;0&#8243; row_height_pixel=&#8221;300&#8243;][vc_column column_width_percent=&#8221;100&#8243; position_vertical=&#8221;middle&#8221; align_horizontal=&#8221;align_center&#8221; gutter_size=&#8221;3&#8243; style=&#8221;dark&#8221; overlay_alpha=&#8221;50&#8243; shift_x=&#8221;0&#8243; shift_y=&#8221;0&#8243; shift_y_down=&#8221;0&#8243; z_index=&#8221;0&#8243; medium_width=&#8221;0&#8243; [&hellip;]<\/p>\n","protected":false},"author":1,"featured_media":0,"parent":985,"menu_order":0,"comment_status":"closed","ping_status":"closed","template":"","meta":{"footnotes":""},"class_list":["post-1016","page","type-page","status-publish","hentry"],"yoast_head":"<!-- This site is optimized with the Yoast SEO plugin v27.3 - https:\/\/yoast.com\/product\/yoast-seo-wordpress\/ -->\n<title>La giusta dimensione del tappeto - Mein echter Perser<\/title>\n<meta name=\"robots\" content=\"index, follow, max-snippet:-1, max-image-preview:large, max-video-preview:-1\" \/>\n<link rel=\"canonical\" href=\"http:\/\/mep.machiel.at\/it\/conoscenza\/la-giusta-dimensione-del-tappeto\/\" \/>\n<meta property=\"og:locale\" content=\"it_IT\" \/>\n<meta property=\"og:type\" content=\"article\" \/>\n<meta property=\"og:title\" content=\"La giusta dimensione del tappeto - Mein echter Perser\" \/>\n<meta property=\"og:description\" content=\"[vc_row row_height_percent=&#8221;50&#8243; back_image=&#8221;508&#8243; overlay_alpha=&#8221;50&#8243; gutter_size=&#8221;3&#8243; column_width_percent=&#8221;100&#8243; shift_y=&#8221;0&#8243; z_index=&#8221;0&#8243; row_height_pixel=&#8221;300&#8243;][vc_column column_width_percent=&#8221;100&#8243; position_vertical=&#8221;middle&#8221; align_horizontal=&#8221;align_center&#8221; gutter_size=&#8221;3&#8243; style=&#8221;dark&#8221; overlay_alpha=&#8221;50&#8243; shift_x=&#8221;0&#8243; shift_y=&#8221;0&#8243; shift_y_down=&#8221;0&#8243; z_index=&#8221;0&#8243; medium_width=&#8221;0&#8243; [&hellip;]\" \/>\n<meta property=\"og:url\" content=\"http:\/\/mep.machiel.at\/it\/conoscenza\/la-giusta-dimensione-del-tappeto\/\" \/>\n<meta property=\"og:site_name\" content=\"Mein echter Perser\" \/>\n<meta property=\"article:modified_time\" content=\"2021-04-08T20:00:08+00:00\" \/>\n<meta name=\"twitter:card\" content=\"summary_large_image\" \/>\n<meta name=\"twitter:label1\" content=\"Tempo di lettura stimato\" \/>\n\t<meta name=\"twitter:data1\" content=\"2 minuti\" \/>\n<script type=\"application\/ld+json\" class=\"yoast-schema-graph\">{\"@context\":\"https:\\\/\\\/schema.org\",\"@graph\":[{\"@type\":\"WebPage\",\"@id\":\"http:\\\/\\\/mep.machiel.at\\\/it\\\/conoscenza\\\/la-giusta-dimensione-del-tappeto\\\/\",\"url\":\"http:\\\/\\\/mep.machiel.at\\\/it\\\/conoscenza\\\/la-giusta-dimensione-del-tappeto\\\/\",\"name\":\"La giusta dimensione del tappeto - Mein echter Perser\",\"isPartOf\":{\"@id\":\"http:\\\/\\\/mep.machiel.at\\\/it\\\/#website\"},\"datePublished\":\"2021-04-08T20:00:06+00:00\",\"dateModified\":\"2021-04-08T20:00:08+00:00\",\"breadcrumb\":{\"@id\":\"http:\\\/\\\/mep.machiel.at\\\/it\\\/conoscenza\\\/la-giusta-dimensione-del-tappeto\\\/#breadcrumb\"},\"inLanguage\":\"it-IT\",\"potentialAction\":[{\"@type\":\"ReadAction\",\"target\":[\"http:\\\/\\\/mep.machiel.at\\\/it\\\/conoscenza\\\/la-giusta-dimensione-del-tappeto\\\/\"]}]},{\"@type\":\"BreadcrumbList\",\"@id\":\"http:\\\/\\\/mep.machiel.at\\\/it\\\/conoscenza\\\/la-giusta-dimensione-del-tappeto\\\/#breadcrumb\",\"itemListElement\":[{\"@type\":\"ListItem\",\"position\":1,\"name\":\"Startseite\",\"item\":\"http:\\\/\\\/mep.machiel.at\\\/it\\\/\"},{\"@type\":\"ListItem\",\"position\":2,\"name\":\"Conoscenza\",\"item\":\"http:\\\/\\\/mep.machiel.at\\\/it\\\/conoscenza\\\/\"},{\"@type\":\"ListItem\",\"position\":3,\"name\":\"La giusta dimensione del tappeto\"}]},{\"@type\":\"WebSite\",\"@id\":\"http:\\\/\\\/mep.machiel.at\\\/it\\\/#website\",\"url\":\"http:\\\/\\\/mep.machiel.at\\\/it\\\/\",\"name\":\"Mein echter Perser\",\"description\":\"Teppichreparatur, Teppichreinigung, Wertgutachten\",\"potentialAction\":[{\"@type\":\"SearchAction\",\"target\":{\"@type\":\"EntryPoint\",\"urlTemplate\":\"http:\\\/\\\/mep.machiel.at\\\/it\\\/?s={search_term_string}\"},\"query-input\":{\"@type\":\"PropertyValueSpecification\",\"valueRequired\":true,\"valueName\":\"search_term_string\"}}],\"inLanguage\":\"it-IT\"}]}<\/script>\n<!-- \/ Yoast SEO plugin. -->","yoast_head_json":{"title":"La giusta dimensione del tappeto - Mein echter Perser","robots":{"index":"index","follow":"follow","max-snippet":"max-snippet:-1","max-image-preview":"max-image-preview:large","max-video-preview":"max-video-preview:-1"},"canonical":"http:\/\/mep.machiel.at\/it\/conoscenza\/la-giusta-dimensione-del-tappeto\/","og_locale":"it_IT","og_type":"article","og_title":"La giusta dimensione del tappeto - Mein echter Perser","og_description":"[vc_row row_height_percent=&#8221;50&#8243; back_image=&#8221;508&#8243; overlay_alpha=&#8221;50&#8243; gutter_size=&#8221;3&#8243; column_width_percent=&#8221;100&#8243; shift_y=&#8221;0&#8243; z_index=&#8221;0&#8243; row_height_pixel=&#8221;300&#8243;][vc_column column_width_percent=&#8221;100&#8243; position_vertical=&#8221;middle&#8221; align_horizontal=&#8221;align_center&#8221; gutter_size=&#8221;3&#8243; style=&#8221;dark&#8221; overlay_alpha=&#8221;50&#8243; shift_x=&#8221;0&#8243; shift_y=&#8221;0&#8243; shift_y_down=&#8221;0&#8243; z_index=&#8221;0&#8243; medium_width=&#8221;0&#8243; [&hellip;]","og_url":"http:\/\/mep.machiel.at\/it\/conoscenza\/la-giusta-dimensione-del-tappeto\/","og_site_name":"Mein echter Perser","article_modified_time":"2021-04-08T20:00:08+00:00","twitter_card":"summary_large_image","twitter_misc":{"Tempo di lettura stimato":"2 minuti"},"schema":{"@context":"https:\/\/schema.org","@graph":[{"@type":"WebPage","@id":"http:\/\/mep.machiel.at\/it\/conoscenza\/la-giusta-dimensione-del-tappeto\/","url":"http:\/\/mep.machiel.at\/it\/conoscenza\/la-giusta-dimensione-del-tappeto\/","name":"La giusta dimensione del tappeto - Mein echter Perser","isPartOf":{"@id":"http:\/\/mep.machiel.at\/it\/#website"},"datePublished":"2021-04-08T20:00:06+00:00","dateModified":"2021-04-08T20:00:08+00:00","breadcrumb":{"@id":"http:\/\/mep.machiel.at\/it\/conoscenza\/la-giusta-dimensione-del-tappeto\/#breadcrumb"},"inLanguage":"it-IT","potentialAction":[{"@type":"ReadAction","target":["http:\/\/mep.machiel.at\/it\/conoscenza\/la-giusta-dimensione-del-tappeto\/"]}]},{"@type":"BreadcrumbList","@id":"http:\/\/mep.machiel.at\/it\/conoscenza\/la-giusta-dimensione-del-tappeto\/#breadcrumb","itemListElement":[{"@type":"ListItem","position":1,"name":"Startseite","item":"http:\/\/mep.machiel.at\/it\/"},{"@type":"ListItem","position":2,"name":"Conoscenza","item":"http:\/\/mep.machiel.at\/it\/conoscenza\/"},{"@type":"ListItem","position":3,"name":"La giusta dimensione del tappeto"}]},{"@type":"WebSite","@id":"http:\/\/mep.machiel.at\/it\/#website","url":"http:\/\/mep.machiel.at\/it\/","name":"Mein echter Perser","description":"Teppichreparatur, Teppichreinigung, Wertgutachten","potentialAction":[{"@type":"SearchAction","target":{"@type":"EntryPoint","urlTemplate":"http:\/\/mep.machiel.at\/it\/?s={search_term_string}"},"query-input":{"@type":"PropertyValueSpecification","valueRequired":true,"valueName":"search_term_string"}}],"inLanguage":"it-IT"}]}},"_links":{"self":[{"href":"http:\/\/mep.machiel.at\/it\/wp-json\/wp\/v2\/pages\/1016","targetHints":{"allow":["GET"]}}],"collection":[{"href":"http:\/\/mep.machiel.at\/it\/wp-json\/wp\/v2\/pages"}],"about":[{"href":"http:\/\/mep.machiel.at\/it\/wp-json\/wp\/v2\/types\/page"}],"author":[{"embeddable":true,"href":"http:\/\/mep.machiel.at\/it\/wp-json\/wp\/v2\/users\/1"}],"replies":[{"embeddable":true,"href":"http:\/\/mep.machiel.at\/it\/wp-json\/wp\/v2\/comments?post=1016"}],"version-history":[{"count":5,"href":"http:\/\/mep.machiel.at\/it\/wp-json\/wp\/v2\/pages\/1016\/revisions"}],"predecessor-version":[{"id":1021,"href":"http:\/\/mep.machiel.at\/it\/wp-json\/wp\/v2\/pages\/1016\/revisions\/1021"}],"up":[{"embeddable":true,"href":"http:\/\/mep.machiel.at\/it\/wp-json\/wp\/v2\/pages\/985"}],"wp:attachment":[{"href":"http:\/\/mep.machiel.at\/it\/wp-json\/wp\/v2\/media?parent=1016"}],"curies":[{"name":"wp","href":"https:\/\/api.w.org\/{rel}","templated":true}]}}