{"id":1309,"date":"2021-04-08T23:45:19","date_gmt":"2021-04-08T21:45:19","guid":{"rendered":"http:\/\/mep.machiel.at\/conocimiento\/como-se-construye-una-alfombra\/"},"modified":"2021-04-08T23:45:21","modified_gmt":"2021-04-08T21:45:21","slug":"como-se-construye-una-alfombra","status":"publish","type":"page","link":"http:\/\/mep.machiel.at\/es\/conocimiento\/como-se-construye-una-alfombra\/","title":{"rendered":"\u00bfC\u00f3mo se construye una alfombra?"},"content":{"rendered":"<p>[vc_row row_height_percent=\u00bb50&#8243; back_image=\u00bb508&#8243; overlay_alpha=\u00bb50&#8243; gutter_size=\u00bb3&#8243; column_width_percent=\u00bb100&#8243; shift_y=\u00bb0&#8243; z_index=\u00bb0&#8243; row_height_pixel=\u00bb300&#8243;][vc_column column_width_percent=\u00bb100&#8243; position_vertical=\u00bbmiddle\u00bb align_horizontal=\u00bbalign_center\u00bb gutter_size=\u00bb3&#8243; style=\u00bbdark\u00bb overlay_alpha=\u00bb50&#8243; shift_x=\u00bb0&#8243; shift_y=\u00bb0&#8243; shift_y_down=\u00bb0&#8243; z_index=\u00bb0&#8243; medium_width=\u00bb0&#8243; mobile_width=\u00bb0&#8243; width=\u00bb1\/1&#8243;][vc_custom_heading]<\/p>\n<h1>\u00bfC\u00f3mo se construye una alfombra?<\/h1>\n<p>[\/vc_custom_heading][\/vc_column][\/vc_row][vc_row][vc_column width=\u00bb1\/1&#8243;][vc_custom_heading]<\/p>\n<h2>\u00bfC\u00f3mo se construye una alfombra?<\/h2>\n<p>[\/vc_custom_heading][vc_row_inner][vc_column_inner width=\u00bb1\/2&#8243;][vc_column_text]El tejido b\u00e1sico de una alfombra oriental consiste en la \u00aburdimbre\u00bb (roja) que va de arriba a abajo y la \u00abtrama\u00bb cruzada (verde). La cadena no solo est\u00e1 oculta en la alfombra como base, sino que expone los flecos.<\/p>\n<p>Se ata un nudo (turquesa) en cada intersecci\u00f3n de estos hilos, cuyos extremos representan el pelo de la alfombra.<\/p>\n<p>Se confecciona una alfombra que solo consta del tejido b\u00e1sico, la urdimbre y la trama.<a href=\"https:\/\/www.meinechterperser.de\/teppiche\/kelim\"> Kilim<\/a> llamado.<\/p>\n<p>Al anudar, primero se estiran los hilos longitudinales y luego se atan los nudos. Tan pronto como se completa una fila, se introduce un nuevo hilo de trama transversalmente.[\/vc_column_text][\/vc_column_inner][vc_column_inner width=\u00bb1\/2&#8243;][vc_single_image media=\u00bb526&#8243; media_width_percent=\u00bb100&#8243;][\/vc_column_inner][\/vc_row_inner][\/vc_column][\/vc_row][vc_row][vc_column width=\u00bb1\/1&#8243;][vc_custom_heading]<\/p>\n<h2>\u00bfDe d\u00f3nde vienen los verdaderos persas?<\/h2>\n<p>[\/vc_custom_heading][vc_column_text]La alfombra fue inventada en la regi\u00f3n del C\u00e1ucaso por pueblos n\u00f3madas que ten\u00edan que mantener su vivienda transportable pero a\u00fan robusta. Adem\u00e1s, la materia prima, la lana de oveja, tambi\u00e9n deber\u00eda poder viajar con ellos. Estos pueblos errantes distribuyeron sus obras de arte anudadas en el \u00e1rea m\u00e1s grande alrededor de lo que ahora es Ir\u00e1n, antes Persia.[\/vc_column_text][\/vc_column][\/vc_row][vc_row][vc_column width=\u00bb1\/1&#8243;][vc_custom_heading]<\/p>\n<h2>\u00bfCu\u00e1les son las ventajas de un verdadero persa?<\/h2>\n<p>[\/vc_custom_heading][vc_column_text el_class=\u00bbcolorbox\u00bb]\u00bfVino tinto en el persa? No hay problema siempre que sea una alfombra persa.[\/vc_column_text][vc_column_text]Las alfombras reales se ven en Oriente como una utilidad y un objeto de arte. Varias caracter\u00edsticas de rendimiento extraordinarias se deben a este alto est\u00e1ndar:<\/p>\n<h4>esperanza de vida<\/h4>\n<p>Una verdadera alfombra oriental se convertir\u00e1 en una reliquia. Unos pocos cientos de a\u00f1os en uso dom\u00e9stico son algo natural.<\/p>\n<h4>impregnaci\u00f3n<\/h4>\n<p>El suave te\u00f1ido de la lana permite retener la grasa natural de la lana y hace que sea muy, muy dif\u00edcil agregar suciedad permanente a un verdadero persa.[\/vc_column_text][\/vc_column][\/vc_row][vc_row][vc_column width=\u00bb1\/1&#8243;][vc_empty_space empty_h=\u00bb3&#8243;][\/vc_column][\/vc_row]<\/p>\n","protected":false},"excerpt":{"rendered":"<p>[vc_row row_height_percent=\u00bb50&#8243; back_image=\u00bb508&#8243; overlay_alpha=\u00bb50&#8243; gutter_size=\u00bb3&#8243; column_width_percent=\u00bb100&#8243; shift_y=\u00bb0&#8243; z_index=\u00bb0&#8243; row_height_pixel=\u00bb300&#8243;][vc_column column_width_percent=\u00bb100&#8243; position_vertical=\u00bbmiddle\u00bb align_horizontal=\u00bbalign_center\u00bb gutter_size=\u00bb3&#8243; style=\u00bbdark\u00bb overlay_alpha=\u00bb50&#8243; shift_x=\u00bb0&#8243; shift_y=\u00bb0&#8243; shift_y_down=\u00bb0&#8243; z_index=\u00bb0&#8243; medium_width=\u00bb0&#8243; [&hellip;]<\/p>\n","protected":false},"author":1,"featured_media":0,"parent":992,"menu_order":0,"comment_status":"closed","ping_status":"closed","template":"","meta":{"footnotes":""},"class_list":["post-1309","page","type-page","status-publish","hentry"],"yoast_head":"<!-- This site is optimized with the Yoast SEO plugin v27.3 - https:\/\/yoast.com\/product\/yoast-seo-wordpress\/ -->\n<title>\u00bfC\u00f3mo se construye una alfombra? - Mein echter Perser<\/title>\n<meta name=\"robots\" content=\"index, follow, max-snippet:-1, max-image-preview:large, max-video-preview:-1\" \/>\n<link rel=\"canonical\" href=\"http:\/\/mep.machiel.at\/es\/conocimiento\/como-se-construye-una-alfombra\/\" \/>\n<meta property=\"og:locale\" content=\"es_ES\" \/>\n<meta property=\"og:type\" content=\"article\" \/>\n<meta property=\"og:title\" content=\"\u00bfC\u00f3mo se construye una alfombra? - Mein echter Perser\" \/>\n<meta property=\"og:description\" content=\"[vc_row row_height_percent=\u00bb50&#8243; back_image=\u00bb508&#8243; overlay_alpha=\u00bb50&#8243; gutter_size=\u00bb3&#8243; column_width_percent=\u00bb100&#8243; shift_y=\u00bb0&#8243; z_index=\u00bb0&#8243; row_height_pixel=\u00bb300&#8243;][vc_column column_width_percent=\u00bb100&#8243; position_vertical=\u00bbmiddle\u00bb align_horizontal=\u00bbalign_center\u00bb gutter_size=\u00bb3&#8243; style=\u00bbdark\u00bb overlay_alpha=\u00bb50&#8243; shift_x=\u00bb0&#8243; shift_y=\u00bb0&#8243; shift_y_down=\u00bb0&#8243; z_index=\u00bb0&#8243; medium_width=\u00bb0&#8243; [&hellip;]\" \/>\n<meta property=\"og:url\" content=\"http:\/\/mep.machiel.at\/es\/conocimiento\/como-se-construye-una-alfombra\/\" \/>\n<meta property=\"og:site_name\" content=\"Mein echter Perser\" \/>\n<meta property=\"article:modified_time\" content=\"2021-04-08T21:45:21+00:00\" \/>\n<meta name=\"twitter:card\" content=\"summary_large_image\" \/>\n<meta name=\"twitter:label1\" content=\"Tiempo de lectura\" \/>\n\t<meta name=\"twitter:data1\" content=\"2 minutos\" \/>\n<script type=\"application\/ld+json\" class=\"yoast-schema-graph\">{\"@context\":\"https:\\\/\\\/schema.org\",\"@graph\":[{\"@type\":\"WebPage\",\"@id\":\"http:\\\/\\\/mep.machiel.at\\\/es\\\/conocimiento\\\/como-se-construye-una-alfombra\\\/\",\"url\":\"http:\\\/\\\/mep.machiel.at\\\/es\\\/conocimiento\\\/como-se-construye-una-alfombra\\\/\",\"name\":\"\u00bfC\u00f3mo se construye una alfombra? - Mein echter Perser\",\"isPartOf\":{\"@id\":\"http:\\\/\\\/mep.machiel.at\\\/es\\\/#website\"},\"datePublished\":\"2021-04-08T21:45:19+00:00\",\"dateModified\":\"2021-04-08T21:45:21+00:00\",\"breadcrumb\":{\"@id\":\"http:\\\/\\\/mep.machiel.at\\\/es\\\/conocimiento\\\/como-se-construye-una-alfombra\\\/#breadcrumb\"},\"inLanguage\":\"es\",\"potentialAction\":[{\"@type\":\"ReadAction\",\"target\":[\"http:\\\/\\\/mep.machiel.at\\\/es\\\/conocimiento\\\/como-se-construye-una-alfombra\\\/\"]}]},{\"@type\":\"BreadcrumbList\",\"@id\":\"http:\\\/\\\/mep.machiel.at\\\/es\\\/conocimiento\\\/como-se-construye-una-alfombra\\\/#breadcrumb\",\"itemListElement\":[{\"@type\":\"ListItem\",\"position\":1,\"name\":\"Startseite\",\"item\":\"http:\\\/\\\/mep.machiel.at\\\/es\\\/\"},{\"@type\":\"ListItem\",\"position\":2,\"name\":\"Conocimiento\",\"item\":\"http:\\\/\\\/mep.machiel.at\\\/es\\\/conocimiento\\\/\"},{\"@type\":\"ListItem\",\"position\":3,\"name\":\"\u00bfC\u00f3mo se construye una alfombra?\"}]},{\"@type\":\"WebSite\",\"@id\":\"http:\\\/\\\/mep.machiel.at\\\/es\\\/#website\",\"url\":\"http:\\\/\\\/mep.machiel.at\\\/es\\\/\",\"name\":\"Mein echter Perser\",\"description\":\"Teppichreparatur, Teppichreinigung, Wertgutachten\",\"potentialAction\":[{\"@type\":\"SearchAction\",\"target\":{\"@type\":\"EntryPoint\",\"urlTemplate\":\"http:\\\/\\\/mep.machiel.at\\\/es\\\/?s={search_term_string}\"},\"query-input\":{\"@type\":\"PropertyValueSpecification\",\"valueRequired\":true,\"valueName\":\"search_term_string\"}}],\"inLanguage\":\"es\"}]}<\/script>\n<!-- \/ Yoast SEO plugin. -->","yoast_head_json":{"title":"\u00bfC\u00f3mo se construye una alfombra? - Mein echter Perser","robots":{"index":"index","follow":"follow","max-snippet":"max-snippet:-1","max-image-preview":"max-image-preview:large","max-video-preview":"max-video-preview:-1"},"canonical":"http:\/\/mep.machiel.at\/es\/conocimiento\/como-se-construye-una-alfombra\/","og_locale":"es_ES","og_type":"article","og_title":"\u00bfC\u00f3mo se construye una alfombra? - Mein echter Perser","og_description":"[vc_row row_height_percent=\u00bb50&#8243; back_image=\u00bb508&#8243; overlay_alpha=\u00bb50&#8243; gutter_size=\u00bb3&#8243; column_width_percent=\u00bb100&#8243; shift_y=\u00bb0&#8243; z_index=\u00bb0&#8243; row_height_pixel=\u00bb300&#8243;][vc_column column_width_percent=\u00bb100&#8243; position_vertical=\u00bbmiddle\u00bb align_horizontal=\u00bbalign_center\u00bb gutter_size=\u00bb3&#8243; style=\u00bbdark\u00bb overlay_alpha=\u00bb50&#8243; shift_x=\u00bb0&#8243; shift_y=\u00bb0&#8243; shift_y_down=\u00bb0&#8243; z_index=\u00bb0&#8243; medium_width=\u00bb0&#8243; [&hellip;]","og_url":"http:\/\/mep.machiel.at\/es\/conocimiento\/como-se-construye-una-alfombra\/","og_site_name":"Mein echter Perser","article_modified_time":"2021-04-08T21:45:21+00:00","twitter_card":"summary_large_image","twitter_misc":{"Tiempo de lectura":"2 minutos"},"schema":{"@context":"https:\/\/schema.org","@graph":[{"@type":"WebPage","@id":"http:\/\/mep.machiel.at\/es\/conocimiento\/como-se-construye-una-alfombra\/","url":"http:\/\/mep.machiel.at\/es\/conocimiento\/como-se-construye-una-alfombra\/","name":"\u00bfC\u00f3mo se construye una alfombra? - Mein echter Perser","isPartOf":{"@id":"http:\/\/mep.machiel.at\/es\/#website"},"datePublished":"2021-04-08T21:45:19+00:00","dateModified":"2021-04-08T21:45:21+00:00","breadcrumb":{"@id":"http:\/\/mep.machiel.at\/es\/conocimiento\/como-se-construye-una-alfombra\/#breadcrumb"},"inLanguage":"es","potentialAction":[{"@type":"ReadAction","target":["http:\/\/mep.machiel.at\/es\/conocimiento\/como-se-construye-una-alfombra\/"]}]},{"@type":"BreadcrumbList","@id":"http:\/\/mep.machiel.at\/es\/conocimiento\/como-se-construye-una-alfombra\/#breadcrumb","itemListElement":[{"@type":"ListItem","position":1,"name":"Startseite","item":"http:\/\/mep.machiel.at\/es\/"},{"@type":"ListItem","position":2,"name":"Conocimiento","item":"http:\/\/mep.machiel.at\/es\/conocimiento\/"},{"@type":"ListItem","position":3,"name":"\u00bfC\u00f3mo se construye una alfombra?"}]},{"@type":"WebSite","@id":"http:\/\/mep.machiel.at\/es\/#website","url":"http:\/\/mep.machiel.at\/es\/","name":"Mein echter Perser","description":"Teppichreparatur, Teppichreinigung, Wertgutachten","potentialAction":[{"@type":"SearchAction","target":{"@type":"EntryPoint","urlTemplate":"http:\/\/mep.machiel.at\/es\/?s={search_term_string}"},"query-input":{"@type":"PropertyValueSpecification","valueRequired":true,"valueName":"search_term_string"}}],"inLanguage":"es"}]}},"_links":{"self":[{"href":"http:\/\/mep.machiel.at\/es\/wp-json\/wp\/v2\/pages\/1309","targetHints":{"allow":["GET"]}}],"collection":[{"href":"http:\/\/mep.machiel.at\/es\/wp-json\/wp\/v2\/pages"}],"about":[{"href":"http:\/\/mep.machiel.at\/es\/wp-json\/wp\/v2\/types\/page"}],"author":[{"embeddable":true,"href":"http:\/\/mep.machiel.at\/es\/wp-json\/wp\/v2\/users\/1"}],"replies":[{"embeddable":true,"href":"http:\/\/mep.machiel.at\/es\/wp-json\/wp\/v2\/comments?post=1309"}],"version-history":[{"count":5,"href":"http:\/\/mep.machiel.at\/es\/wp-json\/wp\/v2\/pages\/1309\/revisions"}],"predecessor-version":[{"id":1314,"href":"http:\/\/mep.machiel.at\/es\/wp-json\/wp\/v2\/pages\/1309\/revisions\/1314"}],"up":[{"embeddable":true,"href":"http:\/\/mep.machiel.at\/es\/wp-json\/wp\/v2\/pages\/992"}],"wp:attachment":[{"href":"http:\/\/mep.machiel.at\/es\/wp-json\/wp\/v2\/media?parent=1309"}],"curies":[{"name":"wp","href":"https:\/\/api.w.org\/{rel}","templated":true}]}}