{"id":1135,"date":"2021-04-08T22:22:57","date_gmt":"2021-04-08T20:22:57","guid":{"rendered":"http:\/\/mep.machiel.at\/conocimiento\/vender-alfombra\/"},"modified":"2021-04-08T22:22:59","modified_gmt":"2021-04-08T20:22:59","slug":"vender-alfombra","status":"publish","type":"page","link":"http:\/\/mep.machiel.at\/es\/conocimiento\/vender-alfombra\/","title":{"rendered":"Vender alfombra"},"content":{"rendered":"<p>[vc_row row_height_percent=\u00bb50&#8243; back_image=\u00bb508&#8243; overlay_alpha=\u00bb50&#8243; gutter_size=\u00bb3&#8243; column_width_percent=\u00bb100&#8243; shift_y=\u00bb0&#8243; z_index=\u00bb0&#8243; row_height_pixel=\u00bb300&#8243;][vc_column column_width_percent=\u00bb100&#8243; position_vertical=\u00bbmiddle\u00bb align_horizontal=\u00bbalign_center\u00bb gutter_size=\u00bb3&#8243; style=\u00bbdark\u00bb overlay_alpha=\u00bb50&#8243; shift_x=\u00bb0&#8243; shift_y=\u00bb0&#8243; shift_y_down=\u00bb0&#8243; z_index=\u00bb0&#8243; medium_width=\u00bb0&#8243; mobile_width=\u00bb0&#8243; width=\u00bb1\/1&#8243;][vc_custom_heading]<\/p>\n<h1>\u00bfC\u00f3mo vendo una alfombra?<\/h1>\n<p>[\/vc_custom_heading][\/vc_column][\/vc_row][vc_row][vc_column width=\u00bb1\/1&#8243;][vc_custom_heading]<\/p>\n<h2 id=\"ist-mein-teppich-wertvoller-geworden\">\u00bfMi alfombra se ha vuelto m\u00e1s valiosa?<\/h2>\n<p>[\/vc_custom_heading][vc_column_text]Las alfombras se vendieron y se venden con mucho gusto con el pretexto apropiado de inversi\u00f3n. Esto s\u00f3lo es parcialmente cierto. En general, no se puede decir que los persas reales mantengan su valor o incluso se vuelvan m\u00e1s valiosos con el tiempo. En otras palabras: no todas las alfombras persas tienen lo que se necesita para ser una pieza de museo. Sin embargo, la larga vida \u00fatil de varios cientos de a\u00f1os con uso dom\u00e9stico permite al menos una cierta cantidad de retenci\u00f3n de valor durante un per\u00edodo de tiempo muy largo. Y eso definitivamente no es lo que un sof\u00e1 puede decir sobre s\u00ed mismo.[\/vc_column_text][\/vc_column][\/vc_row][vc_row][vc_column width=\u00bb1\/1&#8243;][vc_custom_heading]<\/p>\n<h2 id=\"hnliche-teppiche-mit-unterschiedlichen-marktpreisen\">Alfombras similares con diferentes precios de mercado.<\/h2>\n<p>[\/vc_custom_heading][vc_column_text]Incluso si el profano puede juzgar bien las alfombras nuevas con un poco de conocimiento, a menudo son posibles grandes diferencias de precio con alfombras viejas o incluso antiguas, como: con estas dos piezas de nuestra gama.[\/vc_column_text][vc_row_inner][vc_column_inner width=\u00bb1\/2&#8243;][vc_single_image media=\u00bb766&#8243; media_width_use_pixel=\u00bbyes\u00bb media_width_pixel=\u00bb500&#8243;][vc_column_text]Aqu\u00ed un gharebagh de mediados del siglo XIX de una producci\u00f3n familiar en perfecto estado. En el caso de una subasta, aqu\u00ed se fijar\u00eda un valor estimado de unos 12.000 \u20ac.[\/vc_column_text][\/vc_column_inner][vc_column_inner width=\u00bb1\/2&#8243;][vc_single_image media=\u00bb771&#8243; media_width_use_pixel=\u00bbyes\u00bb media_width_pixel=\u00bb500&#8243;][vc_column_text]Un baluch bastante guapo con lana de oveja tejida a mano. Nuevos y producidos para exportaci\u00f3n en producci\u00f3n estandarizada. Actualmente disponible con nosotros por 450 \u20ac.[\/vc_column_text][\/vc_column_inner][\/vc_row_inner][\/vc_column][\/vc_row][vc_row][vc_column width=\u00bb1\/1&#8243;][vc_custom_heading]<\/p>\n<h2 id=\"wer-mchte-meinen-vorleger-kaufen\">\u00bfA qui\u00e9n le gustar\u00eda comprar mi alfombra?<\/h2>\n<p>[\/vc_custom_heading][vc_column_text]Si usted, como particular, desea vender su alfombra al supuesto valor de mercado, debe echar un vistazo a las condiciones generales del mercado de alfombras:<\/p>\n<ul>\n<li>Un cliente de alfombras adora una amplia gama. Por ejemplo, actualmente ofrecemos alrededor de 10.000 alfombras. Sin embargo, sucede una y otra vez que despu\u00e9s de elegir una talla, un color, un rango de precios y un origen preferido, solo queda un n\u00famero muy manejable o incluso ni una sola alfombra correspondiente. En el caso de una venta privada, est\u00e1 ofreciendo exactamente UNA sola alfombra y desea encontrar al comprador que quiera exactamente ESTA alfombra. Una perspectiva bastante pesimista.<\/li>\n<li>Sobre todo, los comerciantes cl\u00e1sicos con la tienda a la vuelta de la esquina, que tienen muchos miles de alfombras en stock, cubren los altos costos de almacenamiento con los precios correspondientes. A los clientes particulares les gusta orientarse sobre estos precios de venta y se sienten decepcionados por las sumas comparativamente bajas que se pueden lograr en la compra. Como regla general, puede asumir que, como persona privada, solo puede obtener un tercio del precio minorista por la misma alfombra.<\/li>\n<li>As\u00ed, existen dos opciones de venta que no se excluyen mutuamente: la oferta a trav\u00e9s de anuncios clasificados y plataformas de subastas en busca de interesados privados y la oferta a distribuidores locales. Los distribuidores de alfombras en su \u00e1rea quieren examinar la alfombra y le aconsejamos que insista en al menos un tercio del precio que el distribuidor alcanzar\u00e1 m\u00e1s adelante.<\/li>\n<\/ul>\n<p>[\/vc_column_text][\/vc_column][\/vc_row][vc_row][vc_column width=\u00bb1\/1&#8243;][vc_custom_heading]<\/p>\n<h2 id=\"ist-der-orientteppich-vor-meinem-bett-ein-unikat\">\u00bfEs \u00fanica la alfombra oriental frente a mi cama?<\/h2>\n<p>[\/vc_custom_heading][vc_column_text]<\/p>\n<div class=\"main\">\n<p>Lamentablemente, no podemos cambiar las reglas del mercado para las ventas privadas, pero estaremos encantados de ayudarle a averiguar de forma r\u00e1pida y econ\u00f3mica cu\u00e1les son sus necesidades para su alfombra y cu\u00e1nto cobrar\u00eda un distribuidor por la buena pieza:<\/p>\n<p>Ofrecemos una tasaci\u00f3n por unos manejables 49 \u20ac por alfombra. Nuestro equipo de tasaci\u00f3n investiga su alfombra y se asegura de que no tenga que confiar en la valoraci\u00f3n del comprador cuando la ofrezca, sino de que ya ha hecho una imagen profunda de antemano. Nuestro servicio incluye:<\/p>\n<ul>\n<li>Procesado por nuestro equipo de tasaci\u00f3n con m\u00e1s de 25 a\u00f1os de experiencia con alfombras anudadas a mano<\/li>\n<li>Elaboraci\u00f3n de informes periciales en 24 horas<\/li>\n<li>Respuestas gratuitas a m\u00e1s preguntas de su parte<\/li>\n<li>Certificado incl. Especificaci\u00f3n, valor y descripci\u00f3n del material en formato pdf<\/li>\n<\/ul>\n<p>Puede encontrar toda la informaci\u00f3n adicional sobre nuestro servicio de tasaci\u00f3n aqu\u00ed:<\/p>\n<\/div>\n<p>[\/vc_column_text][vc_button button_color=\u00bbcolor-103998&#8243; size=\u00bbbtn-lg\u00bb hover_fx=\u00bbfull-colored\u00bb border_width=\u00bb0&#8243; link=\u00bburl:http%3A%2F%2Fmep.machiel.at%2Fes%2Fevaluacion%2F|title:Evaluaci%C3%B3n|\u00bb]A LA ESTIMACI\u00d3N DE LA ALFOMBRA[\/vc_button][\/vc_column][\/vc_row][vc_row][vc_column width=\u00bb1\/1&#8243;][vc_empty_space empty_h=\u00bb3&#8243;][\/vc_column][\/vc_row]<\/p>\n","protected":false},"excerpt":{"rendered":"<p>[vc_row row_height_percent=\u00bb50&#8243; back_image=\u00bb508&#8243; overlay_alpha=\u00bb50&#8243; gutter_size=\u00bb3&#8243; column_width_percent=\u00bb100&#8243; shift_y=\u00bb0&#8243; z_index=\u00bb0&#8243; row_height_pixel=\u00bb300&#8243;][vc_column column_width_percent=\u00bb100&#8243; position_vertical=\u00bbmiddle\u00bb align_horizontal=\u00bbalign_center\u00bb gutter_size=\u00bb3&#8243; style=\u00bbdark\u00bb overlay_alpha=\u00bb50&#8243; shift_x=\u00bb0&#8243; shift_y=\u00bb0&#8243; shift_y_down=\u00bb0&#8243; z_index=\u00bb0&#8243; medium_width=\u00bb0&#8243; [&hellip;]<\/p>\n","protected":false},"author":1,"featured_media":0,"parent":992,"menu_order":0,"comment_status":"closed","ping_status":"closed","template":"","meta":{"footnotes":""},"class_list":["post-1135","page","type-page","status-publish","hentry"],"yoast_head":"<!-- This site is optimized with the Yoast SEO plugin v27.3 - https:\/\/yoast.com\/product\/yoast-seo-wordpress\/ -->\n<title>Vender alfombra - Mein echter Perser<\/title>\n<meta name=\"robots\" content=\"index, follow, max-snippet:-1, max-image-preview:large, max-video-preview:-1\" \/>\n<link rel=\"canonical\" href=\"http:\/\/mep.machiel.at\/es\/conocimiento\/vender-alfombra\/\" \/>\n<meta property=\"og:locale\" content=\"es_ES\" \/>\n<meta property=\"og:type\" content=\"article\" \/>\n<meta property=\"og:title\" content=\"Vender alfombra - Mein echter Perser\" \/>\n<meta property=\"og:description\" content=\"[vc_row row_height_percent=\u00bb50&#8243; back_image=\u00bb508&#8243; overlay_alpha=\u00bb50&#8243; gutter_size=\u00bb3&#8243; column_width_percent=\u00bb100&#8243; shift_y=\u00bb0&#8243; z_index=\u00bb0&#8243; row_height_pixel=\u00bb300&#8243;][vc_column column_width_percent=\u00bb100&#8243; position_vertical=\u00bbmiddle\u00bb align_horizontal=\u00bbalign_center\u00bb gutter_size=\u00bb3&#8243; style=\u00bbdark\u00bb overlay_alpha=\u00bb50&#8243; shift_x=\u00bb0&#8243; shift_y=\u00bb0&#8243; shift_y_down=\u00bb0&#8243; z_index=\u00bb0&#8243; medium_width=\u00bb0&#8243; [&hellip;]\" \/>\n<meta property=\"og:url\" content=\"http:\/\/mep.machiel.at\/es\/conocimiento\/vender-alfombra\/\" \/>\n<meta property=\"og:site_name\" content=\"Mein echter Perser\" \/>\n<meta property=\"article:modified_time\" content=\"2021-04-08T20:22:59+00:00\" \/>\n<meta name=\"twitter:card\" content=\"summary_large_image\" \/>\n<meta name=\"twitter:label1\" content=\"Tiempo de lectura\" \/>\n\t<meta name=\"twitter:data1\" content=\"5 minutos\" \/>\n<script type=\"application\/ld+json\" class=\"yoast-schema-graph\">{\"@context\":\"https:\\\/\\\/schema.org\",\"@graph\":[{\"@type\":\"WebPage\",\"@id\":\"http:\\\/\\\/mep.machiel.at\\\/es\\\/conocimiento\\\/vender-alfombra\\\/\",\"url\":\"http:\\\/\\\/mep.machiel.at\\\/es\\\/conocimiento\\\/vender-alfombra\\\/\",\"name\":\"Vender alfombra - Mein echter Perser\",\"isPartOf\":{\"@id\":\"http:\\\/\\\/mep.machiel.at\\\/es\\\/#website\"},\"datePublished\":\"2021-04-08T20:22:57+00:00\",\"dateModified\":\"2021-04-08T20:22:59+00:00\",\"breadcrumb\":{\"@id\":\"http:\\\/\\\/mep.machiel.at\\\/es\\\/conocimiento\\\/vender-alfombra\\\/#breadcrumb\"},\"inLanguage\":\"es\",\"potentialAction\":[{\"@type\":\"ReadAction\",\"target\":[\"http:\\\/\\\/mep.machiel.at\\\/es\\\/conocimiento\\\/vender-alfombra\\\/\"]}]},{\"@type\":\"BreadcrumbList\",\"@id\":\"http:\\\/\\\/mep.machiel.at\\\/es\\\/conocimiento\\\/vender-alfombra\\\/#breadcrumb\",\"itemListElement\":[{\"@type\":\"ListItem\",\"position\":1,\"name\":\"Startseite\",\"item\":\"http:\\\/\\\/mep.machiel.at\\\/es\\\/\"},{\"@type\":\"ListItem\",\"position\":2,\"name\":\"Conocimiento\",\"item\":\"http:\\\/\\\/mep.machiel.at\\\/es\\\/conocimiento\\\/\"},{\"@type\":\"ListItem\",\"position\":3,\"name\":\"Vender alfombra\"}]},{\"@type\":\"WebSite\",\"@id\":\"http:\\\/\\\/mep.machiel.at\\\/es\\\/#website\",\"url\":\"http:\\\/\\\/mep.machiel.at\\\/es\\\/\",\"name\":\"Mein echter Perser\",\"description\":\"Teppichreparatur, Teppichreinigung, Wertgutachten\",\"potentialAction\":[{\"@type\":\"SearchAction\",\"target\":{\"@type\":\"EntryPoint\",\"urlTemplate\":\"http:\\\/\\\/mep.machiel.at\\\/es\\\/?s={search_term_string}\"},\"query-input\":{\"@type\":\"PropertyValueSpecification\",\"valueRequired\":true,\"valueName\":\"search_term_string\"}}],\"inLanguage\":\"es\"}]}<\/script>\n<!-- \/ Yoast SEO plugin. -->","yoast_head_json":{"title":"Vender alfombra - Mein echter Perser","robots":{"index":"index","follow":"follow","max-snippet":"max-snippet:-1","max-image-preview":"max-image-preview:large","max-video-preview":"max-video-preview:-1"},"canonical":"http:\/\/mep.machiel.at\/es\/conocimiento\/vender-alfombra\/","og_locale":"es_ES","og_type":"article","og_title":"Vender alfombra - Mein echter Perser","og_description":"[vc_row row_height_percent=\u00bb50&#8243; back_image=\u00bb508&#8243; overlay_alpha=\u00bb50&#8243; gutter_size=\u00bb3&#8243; column_width_percent=\u00bb100&#8243; shift_y=\u00bb0&#8243; z_index=\u00bb0&#8243; row_height_pixel=\u00bb300&#8243;][vc_column column_width_percent=\u00bb100&#8243; position_vertical=\u00bbmiddle\u00bb align_horizontal=\u00bbalign_center\u00bb gutter_size=\u00bb3&#8243; style=\u00bbdark\u00bb overlay_alpha=\u00bb50&#8243; shift_x=\u00bb0&#8243; shift_y=\u00bb0&#8243; shift_y_down=\u00bb0&#8243; z_index=\u00bb0&#8243; medium_width=\u00bb0&#8243; [&hellip;]","og_url":"http:\/\/mep.machiel.at\/es\/conocimiento\/vender-alfombra\/","og_site_name":"Mein echter Perser","article_modified_time":"2021-04-08T20:22:59+00:00","twitter_card":"summary_large_image","twitter_misc":{"Tiempo de lectura":"5 minutos"},"schema":{"@context":"https:\/\/schema.org","@graph":[{"@type":"WebPage","@id":"http:\/\/mep.machiel.at\/es\/conocimiento\/vender-alfombra\/","url":"http:\/\/mep.machiel.at\/es\/conocimiento\/vender-alfombra\/","name":"Vender alfombra - Mein echter Perser","isPartOf":{"@id":"http:\/\/mep.machiel.at\/es\/#website"},"datePublished":"2021-04-08T20:22:57+00:00","dateModified":"2021-04-08T20:22:59+00:00","breadcrumb":{"@id":"http:\/\/mep.machiel.at\/es\/conocimiento\/vender-alfombra\/#breadcrumb"},"inLanguage":"es","potentialAction":[{"@type":"ReadAction","target":["http:\/\/mep.machiel.at\/es\/conocimiento\/vender-alfombra\/"]}]},{"@type":"BreadcrumbList","@id":"http:\/\/mep.machiel.at\/es\/conocimiento\/vender-alfombra\/#breadcrumb","itemListElement":[{"@type":"ListItem","position":1,"name":"Startseite","item":"http:\/\/mep.machiel.at\/es\/"},{"@type":"ListItem","position":2,"name":"Conocimiento","item":"http:\/\/mep.machiel.at\/es\/conocimiento\/"},{"@type":"ListItem","position":3,"name":"Vender alfombra"}]},{"@type":"WebSite","@id":"http:\/\/mep.machiel.at\/es\/#website","url":"http:\/\/mep.machiel.at\/es\/","name":"Mein echter Perser","description":"Teppichreparatur, Teppichreinigung, Wertgutachten","potentialAction":[{"@type":"SearchAction","target":{"@type":"EntryPoint","urlTemplate":"http:\/\/mep.machiel.at\/es\/?s={search_term_string}"},"query-input":{"@type":"PropertyValueSpecification","valueRequired":true,"valueName":"search_term_string"}}],"inLanguage":"es"}]}},"_links":{"self":[{"href":"http:\/\/mep.machiel.at\/es\/wp-json\/wp\/v2\/pages\/1135","targetHints":{"allow":["GET"]}}],"collection":[{"href":"http:\/\/mep.machiel.at\/es\/wp-json\/wp\/v2\/pages"}],"about":[{"href":"http:\/\/mep.machiel.at\/es\/wp-json\/wp\/v2\/types\/page"}],"author":[{"embeddable":true,"href":"http:\/\/mep.machiel.at\/es\/wp-json\/wp\/v2\/users\/1"}],"replies":[{"embeddable":true,"href":"http:\/\/mep.machiel.at\/es\/wp-json\/wp\/v2\/comments?post=1135"}],"version-history":[{"count":5,"href":"http:\/\/mep.machiel.at\/es\/wp-json\/wp\/v2\/pages\/1135\/revisions"}],"predecessor-version":[{"id":1140,"href":"http:\/\/mep.machiel.at\/es\/wp-json\/wp\/v2\/pages\/1135\/revisions\/1140"}],"up":[{"embeddable":true,"href":"http:\/\/mep.machiel.at\/es\/wp-json\/wp\/v2\/pages\/992"}],"wp:attachment":[{"href":"http:\/\/mep.machiel.at\/es\/wp-json\/wp\/v2\/media?parent=1135"}],"curies":[{"name":"wp","href":"https:\/\/api.w.org\/{rel}","templated":true}]}}