{"id":1090,"date":"2021-04-08T22:12:24","date_gmt":"2021-04-08T20:12:24","guid":{"rendered":"http:\/\/mep.machiel.at\/conocimiento\/reparacion-de-agujeros\/"},"modified":"2021-04-08T22:12:25","modified_gmt":"2021-04-08T20:12:25","slug":"reparacion-de-agujeros","status":"publish","type":"page","link":"http:\/\/mep.machiel.at\/es\/conocimiento\/reparacion-de-agujeros\/","title":{"rendered":"Reparaci\u00f3n de agujeros"},"content":{"rendered":"<p>[vc_row row_height_percent=\u00bb50&#8243; back_image=\u00bb508&#8243; overlay_alpha=\u00bb50&#8243; gutter_size=\u00bb3&#8243; column_width_percent=\u00bb100&#8243; shift_y=\u00bb0&#8243; z_index=\u00bb0&#8243; row_height_pixel=\u00bb300&#8243;][vc_column column_width_percent=\u00bb100&#8243; position_vertical=\u00bbmiddle\u00bb align_horizontal=\u00bbalign_center\u00bb gutter_size=\u00bb3&#8243; style=\u00bbdark\u00bb overlay_alpha=\u00bb50&#8243; shift_x=\u00bb0&#8243; shift_y=\u00bb0&#8243; shift_y_down=\u00bb0&#8243; z_index=\u00bb0&#8243; medium_width=\u00bb0&#8243; mobile_width=\u00bb0&#8243; width=\u00bb1\/1&#8243;][vc_custom_heading]<\/p>\n<h1>Reparaci\u00f3n de agujeros<\/h1>\n<p>[\/vc_custom_heading][\/vc_column][\/vc_row][vc_row][vc_column width=\u00bb1\/1&#8243;][vc_custom_heading]<\/p>\n<h2>Reparaci\u00f3n de agujeros en una alfombra anudada a mano<\/h2>\n<p>[\/vc_custom_heading][vc_column_text]Adem\u00e1s de los da\u00f1os en los lados y los flecos, los agujeros son una de las razones de reparaci\u00f3n m\u00e1s comunes de las alfombras orientales. Los agujeros rara vez son causados por el desgaste regular; la mayor\u00eda de las veces son causados por uno de los siguientes incidentes:[\/vc_column_text][\/vc_column][\/vc_row][vc_row][vc_column width=\u00bb1\/1&#8243;][vc_custom_heading]<\/p>\n<h2 id=\"der-klassiker-mit-dem-blumentopf\">El cl\u00e1sico con la maceta<\/h2>\n<p>[\/vc_custom_heading][vc_column_text]Si se coloca una maceta sobre una alfombra y no se presta atenci\u00f3n al regar, el agua que se desborde no solo termina en el platillo, sino que tambi\u00e9n se derrama sobre \u00e9l, solo se necesitan unos d\u00edas para hacer un agujero real en la alfombra.<\/p>\n<p>El proceso de descomposici\u00f3n, que se inicia de inmediato, disuelve la alfombra, que a menudo se deja en su estado natural, y la alfombra parece haber sido perforada a lo largo de la curva del platillo.<\/p>\n<p>Ocasionalmente, solo notar\u00e1 este da\u00f1o la pr\u00f3xima vez que lave la alfombra, cuando el \u00e1rea afectada, cargada por la humedad, literalmente se rompe.[\/vc_column_text][vc_single_image media=\u00bb800&#8243; caption=\u00bbyes\u00bb media_width_use_pixel=\u00bbyes\u00bb media_width_pixel=\u00bb600&#8243;][\/vc_column][\/vc_row][vc_row row_height_percent=\u00bb0&#8243; overlay_alpha=\u00bb50&#8243; gutter_size=\u00bb3&#8243; column_width_percent=\u00bb100&#8243; shift_y=\u00bb0&#8243; z_index=\u00bb0&#8243;][vc_column width=\u00bb1\/1&#8243;][vc_custom_heading]<\/p>\n<h2 id=\"welpen-haben-teppiche-zum-anknabbern-gern\">A los cachorros les gusta mordisquear alfombras<\/h2>\n<p>[\/vc_custom_heading][vc_column_text]Si falta un rinc\u00f3n en una alfombra, el perro joven de la casa suele ser el responsable. La lana de oveja natural y el desaf\u00edo de mordisquear el material son probablemente una tentaci\u00f3n demasiado grande.<\/p>\n<p>Especialmente a los perros que solo est\u00e1n de visita les gusta satisfacer su curiosidad con un rinc\u00f3n de alfombra.[\/vc_column_text][\/vc_column][\/vc_row][vc_row row_height_percent=\u00bb0&#8243; overlay_alpha=\u00bb50&#8243; gutter_size=\u00bb3&#8243; column_width_percent=\u00bb100&#8243; shift_y=\u00bb0&#8243; z_index=\u00bb0&#8243;][vc_column width=\u00bb1\/1&#8243;][vc_custom_heading]<\/p>\n<h2 id=\"perserteppiche-sind-in-der-regel-nicht-feuerfest\">Las alfombras persas no suelen ser ign\u00edfugas.<\/h2>\n<p>[\/vc_custom_heading][vc_column_text]Ya sea la alfombra debajo de la corona de Adviento que se incendi\u00f3 o la alfombra frente a la estufa abierta que se enciende de vez en cuando, el pelo de una alfombra se quema muy r\u00e1pidamente debido a las fibras sueltas del pelo.<\/p>\n<p>Solo despu\u00e9s de una exposici\u00f3n prolongada al calor se destruir\u00e1 la base y se desarrollar\u00e1 un verdadero agujero quemado.[\/vc_column_text][\/vc_column][\/vc_row][vc_row row_height_percent=\u00bb0&#8243; overlay_alpha=\u00bb50&#8243; gutter_size=\u00bb3&#8243; column_width_percent=\u00bb100&#8243; shift_y=\u00bb0&#8243; z_index=\u00bb0&#8243;][vc_column width=\u00bb1\/1&#8243;][vc_custom_heading]<\/p>\n<h2 id=\"ein-loch-muss-eingedmmt-werden\">Un agujero necesita ser reprimido<\/h2>\n<p>[\/vc_custom_heading][vc_column_text]En primer lugar, es importante que una alfombra no se utilice con demasiada intensidad despu\u00e9s de haber sido perforada. Los nudos circundantes ya no est\u00e1n asegurados y se est\u00e1n aflojando. Esto da como resultado un agujero a\u00fan mayor y mayores costos de reparaci\u00f3n.[\/vc_column_text][\/vc_column][\/vc_row][vc_row row_height_percent=\u00bb0&#8243; overlay_alpha=\u00bb50&#8243; gutter_size=\u00bb3&#8243; column_width_percent=\u00bb100&#8243; shift_y=\u00bb0&#8243; z_index=\u00bb0&#8243;][vc_column width=\u00bb1\/1&#8243;][vc_custom_heading]<\/p>\n<h2 id=\"jede-lochreparatur-ist-individuell\">Cada reparaci\u00f3n de agujero es individual<\/h2>\n<p>[\/vc_custom_heading][vc_column_text]<\/p>\n<ol>\n<li>En la variante m\u00e1s simple, los bordes abiertos de los agujeros se fijan h\u00e1bilmente con puntadas. Esto evita que la alfombra se disuelva m\u00e1s y la alfombra vuelva a ser completamente duradera. El agujero a\u00fan se conservar\u00e1, pero no se pueden producir m\u00e1s da\u00f1os.<\/li>\n<li>Para mejorar el defecto visual del primer m\u00e9todo, se puede coser una capa de tela de 4 pliegues en el color b\u00e1sico de la alfombra desde la parte inferior. Con esta variante puede lograr muy buenos resultados, ya que la impresi\u00f3n general de la alfombra apenas se ve afectada por el \u00e1rea de los orificios del mismo color. Con este enfoque, las alfombras antiguas a menudo se restauran en los museos.<\/li>\n<li>En el caso de alfombras de seda y lana m\u00e1s valiosas, el agujero se restaura fiel al original. El desaf\u00edo aqu\u00ed radica en la perfecta imitaci\u00f3n de los nudos existentes y el color de la alfombra, que ya ha cambiado individualmente por el desgaste. Adem\u00e1s, cada hilo de urdimbre y trama debe estar vinculado individualmente a la nueva \u00e1rea para garantizar una durabilidad a largo plazo.<\/li>\n<\/ol>\n<p>[\/vc_column_text][\/vc_column][\/vc_row][vc_row row_height_percent=\u00bb0&#8243; overlay_alpha=\u00bb50&#8243; gutter_size=\u00bb3&#8243; column_width_percent=\u00bb100&#8243; shift_y=\u00bb0&#8243; z_index=\u00bb0&#8243;][vc_column width=\u00bb1\/1&#8243;][vc_custom_heading]<\/p>\n<h2 id=\"ein-gespraumlch-mit-der-haushaltsversicherung-kann-sich-lohnen\">Puede valer la pena hablar con el seguro del hogar.<\/h2>\n<p>[\/vc_custom_heading][vc_column_text]El seguro del hogar a menudo ofrece cobertura para los da\u00f1os, especialmente si los agujeros son causados por incidentes. En tales casos, tambi\u00e9n ofrecemos tramitaci\u00f3n directa con el seguro de nuestros clientes.[\/vc_column_text][\/vc_column][\/vc_row][vc_row row_height_percent=\u00bb0&#8243; back_color=\u00bbcolor-109322&#8243; overlay_alpha=\u00bb50&#8243; gutter_size=\u00bb3&#8243; column_width_percent=\u00bb100&#8243; shift_y=\u00bb0&#8243; z_index=\u00bb0&#8243;][vc_column width=\u00bb1\/1&#8243;][vc_custom_heading]<\/p>\n<h2>Nuestra oferta de reparaci\u00f3n de alfombras<\/h2>\n<p>[\/vc_custom_heading][vc_column_text text_lead=\u00bbyes\u00bb]Nuestro servicio de reparaci\u00f3n trata su alfombra como todas las alfombras reales han sido tratadas durante cientos de a\u00f1os. Es crucial restaurar la alfombra, si es posible de tal manera que no lo note.[\/vc_column_text][vc_empty_space empty_h=\u00bb2&#8243;][vc_row_inner][vc_column_inner width=\u00bb1\/2&#8243;][uncode_list icon=\u00bbfa fa-checkmark-circle\u00bb icon_color=\u00bbcolor-103998&#8243; el_class=\u00bbangebot-details\u00bb]<\/p>\n<ul>\n<li>Recogida y entrega gratis<\/li>\n<li>Precios fijos<\/li>\n<li>Pago despu\u00e9s de la entrega<\/li>\n<\/ul>\n<p>[\/uncode_list][vc_button button_color=\u00bbcolor-103998&#8243; size=\u00bbbtn-lg\u00bb hover_fx=\u00bbfull-colored\u00bb border_width=\u00bb0&#8243; link=\u00bburl:http%3A%2F%2Fmep.machiel.at%2Fde%2Fteppichreparatur%2F%23angebot|title:Limpieza%20de%20alfombras|\u00bb]PARA REPARAR SERVICIO[\/vc_button][\/vc_column_inner][vc_column_inner column_width_percent=\u00bb100&#8243; align_horizontal=\u00bbalign_center\u00bb gutter_size=\u00bb3&#8243; overlay_alpha=\u00bb50&#8243; shift_x=\u00bb0&#8243; shift_y=\u00bb0&#8243; shift_y_down=\u00bb0&#8243; z_index=\u00bb0&#8243; medium_width=\u00bb0&#8243; mobile_width=\u00bb0&#8243; width=\u00bb1\/2&#8243;][vc_column_text el_class=\u00bbshadowbox\u00bb]Tambi\u00e9n puede contactarnos por tel\u00e9fono o correo electr\u00f3nico:<\/p>\n<h3>0800 0700 120<\/h3>\n<p><small>(todos los d\u00edas de 9 a. m. a 6 p. m. gratis desde toda Alemania)<\/small><\/p>\n<p><strong><a href=\"mailto:service@meinechterperser.de\">service@meinechterperser.de<\/a><\/strong>[\/vc_column_text][\/vc_column_inner][\/vc_row_inner][\/vc_column][\/vc_row][vc_row][vc_column width=\u00bb1\/1&#8243;][vc_empty_space empty_h=\u00bb3&#8243;][\/vc_column][\/vc_row]<\/p>\n","protected":false},"excerpt":{"rendered":"<p>[vc_row row_height_percent=\u00bb50&#8243; back_image=\u00bb508&#8243; overlay_alpha=\u00bb50&#8243; gutter_size=\u00bb3&#8243; column_width_percent=\u00bb100&#8243; shift_y=\u00bb0&#8243; z_index=\u00bb0&#8243; row_height_pixel=\u00bb300&#8243;][vc_column column_width_percent=\u00bb100&#8243; position_vertical=\u00bbmiddle\u00bb align_horizontal=\u00bbalign_center\u00bb gutter_size=\u00bb3&#8243; style=\u00bbdark\u00bb overlay_alpha=\u00bb50&#8243; shift_x=\u00bb0&#8243; shift_y=\u00bb0&#8243; shift_y_down=\u00bb0&#8243; z_index=\u00bb0&#8243; medium_width=\u00bb0&#8243; [&hellip;]<\/p>\n","protected":false},"author":1,"featured_media":0,"parent":992,"menu_order":0,"comment_status":"closed","ping_status":"closed","template":"","meta":{"footnotes":""},"class_list":["post-1090","page","type-page","status-publish","hentry"],"yoast_head":"<!-- This site is optimized with the Yoast SEO plugin v27.3 - https:\/\/yoast.com\/product\/yoast-seo-wordpress\/ -->\n<title>Reparaci\u00f3n de agujeros - Mein echter Perser<\/title>\n<meta name=\"robots\" content=\"index, follow, max-snippet:-1, max-image-preview:large, max-video-preview:-1\" \/>\n<link rel=\"canonical\" href=\"http:\/\/mep.machiel.at\/es\/conocimiento\/reparacion-de-agujeros\/\" \/>\n<meta property=\"og:locale\" content=\"es_ES\" \/>\n<meta property=\"og:type\" content=\"article\" \/>\n<meta property=\"og:title\" content=\"Reparaci\u00f3n de agujeros - Mein echter Perser\" \/>\n<meta property=\"og:description\" content=\"[vc_row row_height_percent=\u00bb50&#8243; back_image=\u00bb508&#8243; overlay_alpha=\u00bb50&#8243; gutter_size=\u00bb3&#8243; column_width_percent=\u00bb100&#8243; shift_y=\u00bb0&#8243; z_index=\u00bb0&#8243; row_height_pixel=\u00bb300&#8243;][vc_column column_width_percent=\u00bb100&#8243; position_vertical=\u00bbmiddle\u00bb align_horizontal=\u00bbalign_center\u00bb gutter_size=\u00bb3&#8243; style=\u00bbdark\u00bb overlay_alpha=\u00bb50&#8243; shift_x=\u00bb0&#8243; shift_y=\u00bb0&#8243; shift_y_down=\u00bb0&#8243; z_index=\u00bb0&#8243; medium_width=\u00bb0&#8243; [&hellip;]\" \/>\n<meta property=\"og:url\" content=\"http:\/\/mep.machiel.at\/es\/conocimiento\/reparacion-de-agujeros\/\" \/>\n<meta property=\"og:site_name\" content=\"Mein echter Perser\" \/>\n<meta property=\"article:modified_time\" content=\"2021-04-08T20:12:25+00:00\" \/>\n<meta name=\"twitter:card\" content=\"summary_large_image\" \/>\n<meta name=\"twitter:label1\" content=\"Tiempo de lectura\" \/>\n\t<meta name=\"twitter:data1\" content=\"6 minutos\" \/>\n<script type=\"application\/ld+json\" class=\"yoast-schema-graph\">{\"@context\":\"https:\\\/\\\/schema.org\",\"@graph\":[{\"@type\":\"WebPage\",\"@id\":\"http:\\\/\\\/mep.machiel.at\\\/es\\\/conocimiento\\\/reparacion-de-agujeros\\\/\",\"url\":\"http:\\\/\\\/mep.machiel.at\\\/es\\\/conocimiento\\\/reparacion-de-agujeros\\\/\",\"name\":\"Reparaci\u00f3n de agujeros - Mein echter Perser\",\"isPartOf\":{\"@id\":\"http:\\\/\\\/mep.machiel.at\\\/es\\\/#website\"},\"datePublished\":\"2021-04-08T20:12:24+00:00\",\"dateModified\":\"2021-04-08T20:12:25+00:00\",\"breadcrumb\":{\"@id\":\"http:\\\/\\\/mep.machiel.at\\\/es\\\/conocimiento\\\/reparacion-de-agujeros\\\/#breadcrumb\"},\"inLanguage\":\"es\",\"potentialAction\":[{\"@type\":\"ReadAction\",\"target\":[\"http:\\\/\\\/mep.machiel.at\\\/es\\\/conocimiento\\\/reparacion-de-agujeros\\\/\"]}]},{\"@type\":\"BreadcrumbList\",\"@id\":\"http:\\\/\\\/mep.machiel.at\\\/es\\\/conocimiento\\\/reparacion-de-agujeros\\\/#breadcrumb\",\"itemListElement\":[{\"@type\":\"ListItem\",\"position\":1,\"name\":\"Startseite\",\"item\":\"http:\\\/\\\/mep.machiel.at\\\/es\\\/\"},{\"@type\":\"ListItem\",\"position\":2,\"name\":\"Conocimiento\",\"item\":\"http:\\\/\\\/mep.machiel.at\\\/es\\\/conocimiento\\\/\"},{\"@type\":\"ListItem\",\"position\":3,\"name\":\"Reparaci\u00f3n de agujeros\"}]},{\"@type\":\"WebSite\",\"@id\":\"http:\\\/\\\/mep.machiel.at\\\/es\\\/#website\",\"url\":\"http:\\\/\\\/mep.machiel.at\\\/es\\\/\",\"name\":\"Mein echter Perser\",\"description\":\"Teppichreparatur, Teppichreinigung, Wertgutachten\",\"potentialAction\":[{\"@type\":\"SearchAction\",\"target\":{\"@type\":\"EntryPoint\",\"urlTemplate\":\"http:\\\/\\\/mep.machiel.at\\\/es\\\/?s={search_term_string}\"},\"query-input\":{\"@type\":\"PropertyValueSpecification\",\"valueRequired\":true,\"valueName\":\"search_term_string\"}}],\"inLanguage\":\"es\"}]}<\/script>\n<!-- \/ Yoast SEO plugin. -->","yoast_head_json":{"title":"Reparaci\u00f3n de agujeros - Mein echter Perser","robots":{"index":"index","follow":"follow","max-snippet":"max-snippet:-1","max-image-preview":"max-image-preview:large","max-video-preview":"max-video-preview:-1"},"canonical":"http:\/\/mep.machiel.at\/es\/conocimiento\/reparacion-de-agujeros\/","og_locale":"es_ES","og_type":"article","og_title":"Reparaci\u00f3n de agujeros - Mein echter Perser","og_description":"[vc_row row_height_percent=\u00bb50&#8243; back_image=\u00bb508&#8243; overlay_alpha=\u00bb50&#8243; gutter_size=\u00bb3&#8243; column_width_percent=\u00bb100&#8243; shift_y=\u00bb0&#8243; z_index=\u00bb0&#8243; row_height_pixel=\u00bb300&#8243;][vc_column column_width_percent=\u00bb100&#8243; position_vertical=\u00bbmiddle\u00bb align_horizontal=\u00bbalign_center\u00bb gutter_size=\u00bb3&#8243; style=\u00bbdark\u00bb overlay_alpha=\u00bb50&#8243; shift_x=\u00bb0&#8243; shift_y=\u00bb0&#8243; shift_y_down=\u00bb0&#8243; z_index=\u00bb0&#8243; medium_width=\u00bb0&#8243; [&hellip;]","og_url":"http:\/\/mep.machiel.at\/es\/conocimiento\/reparacion-de-agujeros\/","og_site_name":"Mein echter Perser","article_modified_time":"2021-04-08T20:12:25+00:00","twitter_card":"summary_large_image","twitter_misc":{"Tiempo de lectura":"6 minutos"},"schema":{"@context":"https:\/\/schema.org","@graph":[{"@type":"WebPage","@id":"http:\/\/mep.machiel.at\/es\/conocimiento\/reparacion-de-agujeros\/","url":"http:\/\/mep.machiel.at\/es\/conocimiento\/reparacion-de-agujeros\/","name":"Reparaci\u00f3n de agujeros - Mein echter Perser","isPartOf":{"@id":"http:\/\/mep.machiel.at\/es\/#website"},"datePublished":"2021-04-08T20:12:24+00:00","dateModified":"2021-04-08T20:12:25+00:00","breadcrumb":{"@id":"http:\/\/mep.machiel.at\/es\/conocimiento\/reparacion-de-agujeros\/#breadcrumb"},"inLanguage":"es","potentialAction":[{"@type":"ReadAction","target":["http:\/\/mep.machiel.at\/es\/conocimiento\/reparacion-de-agujeros\/"]}]},{"@type":"BreadcrumbList","@id":"http:\/\/mep.machiel.at\/es\/conocimiento\/reparacion-de-agujeros\/#breadcrumb","itemListElement":[{"@type":"ListItem","position":1,"name":"Startseite","item":"http:\/\/mep.machiel.at\/es\/"},{"@type":"ListItem","position":2,"name":"Conocimiento","item":"http:\/\/mep.machiel.at\/es\/conocimiento\/"},{"@type":"ListItem","position":3,"name":"Reparaci\u00f3n de agujeros"}]},{"@type":"WebSite","@id":"http:\/\/mep.machiel.at\/es\/#website","url":"http:\/\/mep.machiel.at\/es\/","name":"Mein echter Perser","description":"Teppichreparatur, Teppichreinigung, Wertgutachten","potentialAction":[{"@type":"SearchAction","target":{"@type":"EntryPoint","urlTemplate":"http:\/\/mep.machiel.at\/es\/?s={search_term_string}"},"query-input":{"@type":"PropertyValueSpecification","valueRequired":true,"valueName":"search_term_string"}}],"inLanguage":"es"}]}},"_links":{"self":[{"href":"http:\/\/mep.machiel.at\/es\/wp-json\/wp\/v2\/pages\/1090","targetHints":{"allow":["GET"]}}],"collection":[{"href":"http:\/\/mep.machiel.at\/es\/wp-json\/wp\/v2\/pages"}],"about":[{"href":"http:\/\/mep.machiel.at\/es\/wp-json\/wp\/v2\/types\/page"}],"author":[{"embeddable":true,"href":"http:\/\/mep.machiel.at\/es\/wp-json\/wp\/v2\/users\/1"}],"replies":[{"embeddable":true,"href":"http:\/\/mep.machiel.at\/es\/wp-json\/wp\/v2\/comments?post=1090"}],"version-history":[{"count":4,"href":"http:\/\/mep.machiel.at\/es\/wp-json\/wp\/v2\/pages\/1090\/revisions"}],"predecessor-version":[{"id":1095,"href":"http:\/\/mep.machiel.at\/es\/wp-json\/wp\/v2\/pages\/1090\/revisions\/1095"}],"up":[{"embeddable":true,"href":"http:\/\/mep.machiel.at\/es\/wp-json\/wp\/v2\/pages\/992"}],"wp:attachment":[{"href":"http:\/\/mep.machiel.at\/es\/wp-json\/wp\/v2\/media?parent=1090"}],"curies":[{"name":"wp","href":"https:\/\/api.w.org\/{rel}","templated":true}]}}