{"id":1069,"date":"2021-04-08T22:09:31","date_gmt":"2021-04-08T20:09:31","guid":{"rendered":"http:\/\/mep.machiel.at\/conocimiento\/calefaccion-por-suelo-radiante\/"},"modified":"2021-04-08T22:09:33","modified_gmt":"2021-04-08T20:09:33","slug":"calefaccion-por-suelo-radiante","status":"publish","type":"page","link":"http:\/\/mep.machiel.at\/es\/conocimiento\/calefaccion-por-suelo-radiante\/","title":{"rendered":"Calefacci\u00f3n por suelo radiante"},"content":{"rendered":"<p>[vc_row row_height_percent=\u00bb50&#8243; back_image=\u00bb508&#8243; overlay_alpha=\u00bb50&#8243; gutter_size=\u00bb3&#8243; column_width_percent=\u00bb100&#8243; shift_y=\u00bb0&#8243; z_index=\u00bb0&#8243; row_height_pixel=\u00bb300&#8243;][vc_column column_width_percent=\u00bb100&#8243; position_vertical=\u00bbmiddle\u00bb align_horizontal=\u00bbalign_center\u00bb gutter_size=\u00bb3&#8243; style=\u00bbdark\u00bb overlay_alpha=\u00bb50&#8243; shift_x=\u00bb0&#8243; shift_y=\u00bb0&#8243; shift_y_down=\u00bb0&#8243; z_index=\u00bb0&#8243; medium_width=\u00bb0&#8243; mobile_width=\u00bb0&#8243; width=\u00bb1\/1&#8243;][vc_custom_heading]<\/p>\n<h1>Calefacci\u00f3n por suelo radiante<\/h1>\n<p>[\/vc_custom_heading][\/vc_column][\/vc_row][vc_row][vc_column width=\u00bb1\/1&#8243;][vc_custom_heading]<\/p>\n<h2>Las alfombras anudadas a mano son adecuadas para calefacci\u00f3n por suelo radiante<\/h2>\n<p>[\/vc_custom_heading][vc_column_text]La cuesti\u00f3n de si una alfombra tambi\u00e9n es adecuada para calefacci\u00f3n por suelo radiante surge una y otra vez:[\/vc_column_text][\/vc_column][\/vc_row][vc_row][vc_column width=\u00bb1\/1&#8243;][vc_custom_heading]<\/p>\n<h2 id=\"ein-teppich-verhaumllt-sich-wie-eine-wolldecke-am-boden\">Una alfombra se comporta como una manta de lana en el suelo.<\/h2>\n<p>[\/vc_custom_heading][vc_column_text]Las alfombras anudadas a mano son pr\u00e1cticamente siempre de algod\u00f3n o lana de oveja en la base y lana de oveja en el pelo. Tanto el algod\u00f3n como la lana de oveja tienen aqu\u00ed un efecto ligeramente aislante.<\/p>\n<p>Sin embargo, lo decisivo es que esto no tiene ning\u00fan efecto relevante sobre la alfombra o la calefacci\u00f3n por suelo radiante. Es como una manta de lana dejada en el suelo.[\/vc_column_text][\/vc_column][\/vc_row][vc_row][vc_column width=\u00bb1\/1&#8243;][vc_custom_heading]<\/p>\n<h2 id=\"plastik-schrumpft-bei-hitze\">El pl\u00e1stico se encoge con el calor<\/h2>\n<p>[\/vc_custom_heading][vc_column_text]Solo las alfombras con fibras sint\u00e9ticas o las denominadas alfombras de mechones no son adecuadas para la calefacci\u00f3n por suelo radiante. Con las alfombras con mechones, los nudos se tiran a trav\u00e9s de la base, pero no se anudan realmente, sino que se pegan al final a toda la parte inferior. Este adhesivo puede contraerse cuando se expone al calor, creando una alfombra ondulada.[\/vc_column_text][\/vc_column][\/vc_row][vc_row][vc_column width=\u00bb1\/1&#8243;][vc_empty_space empty_h=\u00bb3&#8243;][\/vc_column][\/vc_row]<\/p>\n","protected":false},"excerpt":{"rendered":"<p>[vc_row row_height_percent=\u00bb50&#8243; back_image=\u00bb508&#8243; overlay_alpha=\u00bb50&#8243; gutter_size=\u00bb3&#8243; column_width_percent=\u00bb100&#8243; shift_y=\u00bb0&#8243; z_index=\u00bb0&#8243; row_height_pixel=\u00bb300&#8243;][vc_column column_width_percent=\u00bb100&#8243; position_vertical=\u00bbmiddle\u00bb align_horizontal=\u00bbalign_center\u00bb gutter_size=\u00bb3&#8243; style=\u00bbdark\u00bb overlay_alpha=\u00bb50&#8243; shift_x=\u00bb0&#8243; shift_y=\u00bb0&#8243; shift_y_down=\u00bb0&#8243; z_index=\u00bb0&#8243; medium_width=\u00bb0&#8243; [&hellip;]<\/p>\n","protected":false},"author":1,"featured_media":0,"parent":992,"menu_order":0,"comment_status":"closed","ping_status":"closed","template":"","meta":{"footnotes":""},"class_list":["post-1069","page","type-page","status-publish","hentry"],"yoast_head":"<!-- This site is optimized with the Yoast SEO plugin v27.3 - https:\/\/yoast.com\/product\/yoast-seo-wordpress\/ -->\n<title>Calefacci\u00f3n por suelo radiante - Mein echter Perser<\/title>\n<meta name=\"robots\" content=\"index, follow, max-snippet:-1, max-image-preview:large, max-video-preview:-1\" \/>\n<link rel=\"canonical\" href=\"http:\/\/mep.machiel.at\/es\/conocimiento\/calefaccion-por-suelo-radiante\/\" \/>\n<meta property=\"og:locale\" content=\"es_ES\" \/>\n<meta property=\"og:type\" content=\"article\" \/>\n<meta property=\"og:title\" content=\"Calefacci\u00f3n por suelo radiante - Mein echter Perser\" \/>\n<meta property=\"og:description\" content=\"[vc_row row_height_percent=\u00bb50&#8243; back_image=\u00bb508&#8243; overlay_alpha=\u00bb50&#8243; gutter_size=\u00bb3&#8243; column_width_percent=\u00bb100&#8243; shift_y=\u00bb0&#8243; z_index=\u00bb0&#8243; row_height_pixel=\u00bb300&#8243;][vc_column column_width_percent=\u00bb100&#8243; position_vertical=\u00bbmiddle\u00bb align_horizontal=\u00bbalign_center\u00bb gutter_size=\u00bb3&#8243; style=\u00bbdark\u00bb overlay_alpha=\u00bb50&#8243; shift_x=\u00bb0&#8243; shift_y=\u00bb0&#8243; shift_y_down=\u00bb0&#8243; z_index=\u00bb0&#8243; medium_width=\u00bb0&#8243; [&hellip;]\" \/>\n<meta property=\"og:url\" content=\"http:\/\/mep.machiel.at\/es\/conocimiento\/calefaccion-por-suelo-radiante\/\" \/>\n<meta property=\"og:site_name\" content=\"Mein echter Perser\" \/>\n<meta property=\"article:modified_time\" content=\"2021-04-08T20:09:33+00:00\" \/>\n<meta name=\"twitter:card\" content=\"summary_large_image\" \/>\n<meta name=\"twitter:label1\" content=\"Tiempo de lectura\" \/>\n\t<meta name=\"twitter:data1\" content=\"2 minutos\" \/>\n<script type=\"application\/ld+json\" class=\"yoast-schema-graph\">{\"@context\":\"https:\\\/\\\/schema.org\",\"@graph\":[{\"@type\":\"WebPage\",\"@id\":\"http:\\\/\\\/mep.machiel.at\\\/es\\\/conocimiento\\\/calefaccion-por-suelo-radiante\\\/\",\"url\":\"http:\\\/\\\/mep.machiel.at\\\/es\\\/conocimiento\\\/calefaccion-por-suelo-radiante\\\/\",\"name\":\"Calefacci\u00f3n por suelo radiante - Mein echter Perser\",\"isPartOf\":{\"@id\":\"http:\\\/\\\/mep.machiel.at\\\/es\\\/#website\"},\"datePublished\":\"2021-04-08T20:09:31+00:00\",\"dateModified\":\"2021-04-08T20:09:33+00:00\",\"breadcrumb\":{\"@id\":\"http:\\\/\\\/mep.machiel.at\\\/es\\\/conocimiento\\\/calefaccion-por-suelo-radiante\\\/#breadcrumb\"},\"inLanguage\":\"es\",\"potentialAction\":[{\"@type\":\"ReadAction\",\"target\":[\"http:\\\/\\\/mep.machiel.at\\\/es\\\/conocimiento\\\/calefaccion-por-suelo-radiante\\\/\"]}]},{\"@type\":\"BreadcrumbList\",\"@id\":\"http:\\\/\\\/mep.machiel.at\\\/es\\\/conocimiento\\\/calefaccion-por-suelo-radiante\\\/#breadcrumb\",\"itemListElement\":[{\"@type\":\"ListItem\",\"position\":1,\"name\":\"Startseite\",\"item\":\"http:\\\/\\\/mep.machiel.at\\\/es\\\/\"},{\"@type\":\"ListItem\",\"position\":2,\"name\":\"Conocimiento\",\"item\":\"http:\\\/\\\/mep.machiel.at\\\/es\\\/conocimiento\\\/\"},{\"@type\":\"ListItem\",\"position\":3,\"name\":\"Calefacci\u00f3n por suelo radiante\"}]},{\"@type\":\"WebSite\",\"@id\":\"http:\\\/\\\/mep.machiel.at\\\/es\\\/#website\",\"url\":\"http:\\\/\\\/mep.machiel.at\\\/es\\\/\",\"name\":\"Mein echter Perser\",\"description\":\"Teppichreparatur, Teppichreinigung, Wertgutachten\",\"potentialAction\":[{\"@type\":\"SearchAction\",\"target\":{\"@type\":\"EntryPoint\",\"urlTemplate\":\"http:\\\/\\\/mep.machiel.at\\\/es\\\/?s={search_term_string}\"},\"query-input\":{\"@type\":\"PropertyValueSpecification\",\"valueRequired\":true,\"valueName\":\"search_term_string\"}}],\"inLanguage\":\"es\"}]}<\/script>\n<!-- \/ Yoast SEO plugin. -->","yoast_head_json":{"title":"Calefacci\u00f3n por suelo radiante - Mein echter Perser","robots":{"index":"index","follow":"follow","max-snippet":"max-snippet:-1","max-image-preview":"max-image-preview:large","max-video-preview":"max-video-preview:-1"},"canonical":"http:\/\/mep.machiel.at\/es\/conocimiento\/calefaccion-por-suelo-radiante\/","og_locale":"es_ES","og_type":"article","og_title":"Calefacci\u00f3n por suelo radiante - Mein echter Perser","og_description":"[vc_row row_height_percent=\u00bb50&#8243; back_image=\u00bb508&#8243; overlay_alpha=\u00bb50&#8243; gutter_size=\u00bb3&#8243; column_width_percent=\u00bb100&#8243; shift_y=\u00bb0&#8243; z_index=\u00bb0&#8243; row_height_pixel=\u00bb300&#8243;][vc_column column_width_percent=\u00bb100&#8243; position_vertical=\u00bbmiddle\u00bb align_horizontal=\u00bbalign_center\u00bb gutter_size=\u00bb3&#8243; style=\u00bbdark\u00bb overlay_alpha=\u00bb50&#8243; shift_x=\u00bb0&#8243; shift_y=\u00bb0&#8243; shift_y_down=\u00bb0&#8243; z_index=\u00bb0&#8243; medium_width=\u00bb0&#8243; [&hellip;]","og_url":"http:\/\/mep.machiel.at\/es\/conocimiento\/calefaccion-por-suelo-radiante\/","og_site_name":"Mein echter Perser","article_modified_time":"2021-04-08T20:09:33+00:00","twitter_card":"summary_large_image","twitter_misc":{"Tiempo de lectura":"2 minutos"},"schema":{"@context":"https:\/\/schema.org","@graph":[{"@type":"WebPage","@id":"http:\/\/mep.machiel.at\/es\/conocimiento\/calefaccion-por-suelo-radiante\/","url":"http:\/\/mep.machiel.at\/es\/conocimiento\/calefaccion-por-suelo-radiante\/","name":"Calefacci\u00f3n por suelo radiante - Mein echter Perser","isPartOf":{"@id":"http:\/\/mep.machiel.at\/es\/#website"},"datePublished":"2021-04-08T20:09:31+00:00","dateModified":"2021-04-08T20:09:33+00:00","breadcrumb":{"@id":"http:\/\/mep.machiel.at\/es\/conocimiento\/calefaccion-por-suelo-radiante\/#breadcrumb"},"inLanguage":"es","potentialAction":[{"@type":"ReadAction","target":["http:\/\/mep.machiel.at\/es\/conocimiento\/calefaccion-por-suelo-radiante\/"]}]},{"@type":"BreadcrumbList","@id":"http:\/\/mep.machiel.at\/es\/conocimiento\/calefaccion-por-suelo-radiante\/#breadcrumb","itemListElement":[{"@type":"ListItem","position":1,"name":"Startseite","item":"http:\/\/mep.machiel.at\/es\/"},{"@type":"ListItem","position":2,"name":"Conocimiento","item":"http:\/\/mep.machiel.at\/es\/conocimiento\/"},{"@type":"ListItem","position":3,"name":"Calefacci\u00f3n por suelo radiante"}]},{"@type":"WebSite","@id":"http:\/\/mep.machiel.at\/es\/#website","url":"http:\/\/mep.machiel.at\/es\/","name":"Mein echter Perser","description":"Teppichreparatur, Teppichreinigung, Wertgutachten","potentialAction":[{"@type":"SearchAction","target":{"@type":"EntryPoint","urlTemplate":"http:\/\/mep.machiel.at\/es\/?s={search_term_string}"},"query-input":{"@type":"PropertyValueSpecification","valueRequired":true,"valueName":"search_term_string"}}],"inLanguage":"es"}]}},"_links":{"self":[{"href":"http:\/\/mep.machiel.at\/es\/wp-json\/wp\/v2\/pages\/1069","targetHints":{"allow":["GET"]}}],"collection":[{"href":"http:\/\/mep.machiel.at\/es\/wp-json\/wp\/v2\/pages"}],"about":[{"href":"http:\/\/mep.machiel.at\/es\/wp-json\/wp\/v2\/types\/page"}],"author":[{"embeddable":true,"href":"http:\/\/mep.machiel.at\/es\/wp-json\/wp\/v2\/users\/1"}],"replies":[{"embeddable":true,"href":"http:\/\/mep.machiel.at\/es\/wp-json\/wp\/v2\/comments?post=1069"}],"version-history":[{"count":5,"href":"http:\/\/mep.machiel.at\/es\/wp-json\/wp\/v2\/pages\/1069\/revisions"}],"predecessor-version":[{"id":1074,"href":"http:\/\/mep.machiel.at\/es\/wp-json\/wp\/v2\/pages\/1069\/revisions\/1074"}],"up":[{"embeddable":true,"href":"http:\/\/mep.machiel.at\/es\/wp-json\/wp\/v2\/pages\/992"}],"wp:attachment":[{"href":"http:\/\/mep.machiel.at\/es\/wp-json\/wp\/v2\/media?parent=1069"}],"curies":[{"name":"wp","href":"https:\/\/api.w.org\/{rel}","templated":true}]}}