{"id":1045,"date":"2021-04-08T22:07:26","date_gmt":"2021-04-08T20:07:26","guid":{"rendered":"http:\/\/mep.machiel.at\/conocimiento\/reparacion-de-franjas\/"},"modified":"2021-04-08T22:07:28","modified_gmt":"2021-04-08T20:07:28","slug":"reparacion-de-franjas","status":"publish","type":"page","link":"http:\/\/mep.machiel.at\/es\/conocimiento\/reparacion-de-franjas\/","title":{"rendered":"Reparaci\u00f3n de franjas"},"content":{"rendered":"<p>[vc_row row_height_percent=\u00bb50&#8243; back_image=\u00bb508&#8243; overlay_alpha=\u00bb50&#8243; gutter_size=\u00bb3&#8243; column_width_percent=\u00bb100&#8243; shift_y=\u00bb0&#8243; z_index=\u00bb0&#8243; row_height_pixel=\u00bb300&#8243;][vc_column column_width_percent=\u00bb100&#8243; position_vertical=\u00bbmiddle\u00bb align_horizontal=\u00bbalign_center\u00bb gutter_size=\u00bb3&#8243; style=\u00bbdark\u00bb overlay_alpha=\u00bb50&#8243; shift_x=\u00bb0&#8243; shift_y=\u00bb0&#8243; shift_y_down=\u00bb0&#8243; z_index=\u00bb0&#8243; medium_width=\u00bb0&#8243; mobile_width=\u00bb0&#8243; width=\u00bb1\/1&#8243;][vc_custom_heading]<\/p>\n<h1>Reparaci\u00f3n de franjas<\/h1>\n<p>[\/vc_custom_heading][\/vc_column][\/vc_row][vc_row][vc_column width=\u00bb1\/1&#8243;][vc_custom_heading]<\/p>\n<h2>Flecos: los hilos que sostienen la vida de tu persa<\/h2>\n<p>[\/vc_custom_heading][vc_column_text]El<a href=\"http:\/\/mep.machiel.at\/es\/conocimiento\/como-se-construye-una-alfombra\/\"> Fundaci\u00f3n de una alfombra<\/a> consta de urdimbre y trama, sobre las que se anudan las fibras del pelo. Los hilos de la urdimbre que salen libremente forman los flecos.<\/p>\n<p>Adem\u00e1s del da\u00f1o en los lados largos, el da\u00f1o en los flecos es uno de los signos m\u00e1s comunes de desgaste en una alfombra. Los flecos a menudo se acortan incluso m\u00e1s r\u00e1pido que el desgaste normal cuando los gatos tiran de los flecos y las aspiradoras con cepillos giratorios.[\/vc_column_text][\/vc_column][\/vc_row][vc_row][vc_column width=\u00bb1\/1&#8243;][vc_custom_heading]<\/p>\n<h2 id=\"fransen-haben-wichtige-aufgaben\">Los flecos tienen papeles importantes<\/h2>\n<p>[\/vc_custom_heading][vc_row_inner][vc_column_inner width=\u00bb1\/1&#8243;][vc_single_image media=\u00bb780&#8243; media_width_use_pixel=\u00bbyes\u00bb media_width_pixel=\u00bb600&#8243;][vc_column_text]Los flecos gastados no solo hacen que la alfombra parezca vieja, sino que es a\u00fan m\u00e1s importante que los flecos le den vida \u00fatil a la alfombra:[\/vc_column_text][vc_column_text]<\/p>\n<ol>\n<li>Est\u00e1n ah\u00ed para nivelar el desnivel entre el suelo y el pilote con un escal\u00f3n intermedio. Como resultado, la alfombra se desgasta menos en los lados con flecos de lo que estar\u00eda si no hubiera flecos. Aqu\u00ed es \u00f3ptima una longitud de 2 a 4 cm. Si fueran m\u00e1s cortos, la compensaci\u00f3n por la altura ser\u00eda demasiado d\u00e9bil; si son m\u00e1s largos, ellos mismos forman un objetivo para ser arrancado.<\/li>\n<li>Los hilos de flecos que sobresalen de la alfombra se utilizan para tirar de los nudos de bloqueo en su origen, a lo largo de la \u00faltima fila de nudos de la alfombra, que cierran la alfombra y evitan que se abran los nudos.<\/li>\n<li>Tan de moda como los flecos inexistentes (en su mayor\u00eda cosidos debajo de la alfombra) se han vuelto, desde el punto de vista de la durabilidad, los flecos de al menos 2 cm de largo son muy \u00fatiles.<\/li>\n<\/ol>\n<p>[\/vc_column_text][\/vc_column_inner][\/vc_row_inner][\/vc_column][\/vc_row][vc_row row_height_percent=\u00bb0&#8243; overlay_alpha=\u00bb50&#8243; gutter_size=\u00bb3&#8243; column_width_percent=\u00bb100&#8243; shift_y=\u00bb0&#8243; z_index=\u00bb0&#8243; shape_dividers=\u00bb\u00bb][vc_column width=\u00bb1\/1&#8243;][vc_custom_heading]<\/p>\n<h2 id=\"fransenreparatur-ist-nicht-gleich-fransenrestauration\">Reparar flecos no siempre es lo mismo que restaurar flecos<\/h2>\n<p>[\/vc_custom_heading][vc_column_text]Tradicionalmente, se hace una distinci\u00f3n entre reparaci\u00f3n y restauraci\u00f3n de franjas, que difieren significativamente en t\u00e9rminos de la cantidad de trabajo involucrado:[\/vc_column_text][vc_column_text text_lead=\u00bbyes\u00bb]<\/p>\n<ol>\n<li>La forma m\u00e1s com\u00fan de reparar los flecos acortados es deshacer la alfombra del lado del fleco con tantas filas de nudos hasta que queden expuestos suficientes hilos de urdimbre (al menos 1,5 cm) desde la base de la alfombra. Un nudo de bloqueo hecho de algod\u00f3n de alta densidad se dibuja a lo largo de la \u00faltima fila de nudos existente. Luego, los flecos se cortan a la longitud del flequillo m\u00e1s corto disponible. 2 cm m\u00e1s corto a cada lado del flequillo. Para no alterar el patr\u00f3n de los nudos tanto como sea posible, las alfombras persas suelen tener una parte tejida que se encuentra entre los flecos y la alfombra. Esto suele ser lo suficientemente largo para revelar suficiente material para una reparaci\u00f3n de flecos. A menudo tambi\u00e9n hay un color en la alfombra real que corre alrededor de la alfombra en varias filas de nudos. Esto tambi\u00e9n se puede \u00abmordisquear\u00bb para revelar un nuevo material de flecos. Si no queda ninguna reserva, el patr\u00f3n debe resolverse en la medida de las filas de nodos requeridos.<\/li>\n<li>En el caso de alfombras particularmente valiosas, principalmente de seda, pero tambi\u00e9n de lana, tradicionalmente se lleva a cabo una restauraci\u00f3n de flecos. En el proceso, las fibras con flecos que son fieles al original se cosen h\u00e1bilmente a mano en la alfombra hasta una profundidad de 10 cm en la densidad dada. Finalmente, se vuelve a hacer un nudo de bloqueo. Los flecos se pueden hacer en cualquier largo.<\/li>\n<li>Dado que los nuevos flecos pasan a formar parte de la alfombra vieja, ni siquiera un especialista puede distinguir la restauraci\u00f3n del original si el trabajo se realiza adecuadamente.<\/li>\n<\/ol>\n<p>[\/vc_column_text][\/vc_column][\/vc_row][vc_row row_height_percent=\u00bb0&#8243; overlay_alpha=\u00bb50&#8243; gutter_size=\u00bb3&#8243; column_width_percent=\u00bb100&#8243; shift_y=\u00bb0&#8243; z_index=\u00bb0&#8243; shape_dividers=\u00bb\u00bb][vc_column width=\u00bb1\/1&#8243;][vc_custom_heading]<\/p>\n<h2 id=\"kann-man-kaputte-fransen-selbst-abschneiden\">\u00bfPuedes cortar los flecos rotos t\u00fa mismo?<\/h2>\n<p>[\/vc_custom_heading][vc_column_text]Incluso si alguien le aconseja repetidamente que simplemente elimine los flecos sucios o gastados con unas tijeras, desde un punto de vista profesional, nadie puede aconsejarle que lo haga. El riesgo de que la alfombra se disuelva fila por fila aumenta al disminuir la longitud de los flecos.<\/p>\n<p>En este caso, es mejor que conf\u00ede en el especialista y simplemente indique la longitud de flecos deseada al realizar el pedido de reparaci\u00f3n. El reparador puede discutir con usted c\u00f3mo afectar\u00e1 la longitud deseada a largo plazo.[\/vc_column_text][\/vc_column][\/vc_row][vc_row row_height_percent=\u00bb0&#8243; back_color=\u00bbcolor-109322&#8243; overlay_alpha=\u00bb50&#8243; gutter_size=\u00bb3&#8243; column_width_percent=\u00bb100&#8243; shift_y=\u00bb0&#8243; z_index=\u00bb0&#8243;][vc_column width=\u00bb1\/1&#8243;][vc_custom_heading]<\/p>\n<h2>Nuestra oferta de reparaci\u00f3n de alfombras<\/h2>\n<p>[\/vc_custom_heading][vc_column_text text_lead=\u00bbyes\u00bb]Nuestro servicio de reparaci\u00f3n trata su alfombra como todas las alfombras reales han sido tratadas durante cientos de a\u00f1os. Es crucial restaurar la alfombra, si es posible de tal manera que no lo note.[\/vc_column_text][vc_empty_space empty_h=\u00bb2&#8243;][vc_row_inner][vc_column_inner width=\u00bb1\/2&#8243;][uncode_list icon=\u00bbfa fa-checkmark-circle\u00bb icon_color=\u00bbcolor-103998&#8243; el_class=\u00bbangebot-details\u00bb]<\/p>\n<ul>\n<li>Recogida y entrega gratis<\/li>\n<li>Precios fijos<\/li>\n<li>Pago despu\u00e9s de la entrega<\/li>\n<\/ul>\n<p>[\/uncode_list][vc_button button_color=\u00bbcolor-103998&#8243; size=\u00bbbtn-lg\u00bb hover_fx=\u00bbfull-colored\u00bb border_width=\u00bb0&#8243; link=\u00bburl:http%3A%2F%2Fmep.machiel.at%2Fes%2Freparacion-de-alfombras%2F%23angebot|title:Limpieza%20de%20alfombras|\u00bb]PARA REPARAR SERVICIO[\/vc_button][\/vc_column_inner][vc_column_inner column_width_percent=\u00bb100&#8243; align_horizontal=\u00bbalign_center\u00bb gutter_size=\u00bb3&#8243; overlay_alpha=\u00bb50&#8243; shift_x=\u00bb0&#8243; shift_y=\u00bb0&#8243; shift_y_down=\u00bb0&#8243; z_index=\u00bb0&#8243; medium_width=\u00bb0&#8243; mobile_width=\u00bb0&#8243; width=\u00bb1\/2&#8243;][vc_column_text el_class=\u00bbshadowbox\u00bb]Tambi\u00e9n puede contactarnos por tel\u00e9fono o correo electr\u00f3nico:<\/p>\n<h3>0800 0700 120<\/h3>\n<p><small>(todos los d\u00edas de 9 a. m. a 6 p. m. gratis desde toda Alemania)<\/small><\/p>\n<p><strong><a href=\"mailto:service@meinechterperser.de\">service@meinechterperser.de<\/a><\/strong>[\/vc_column_text][\/vc_column_inner][\/vc_row_inner][\/vc_column][\/vc_row][vc_row][vc_column width=\u00bb1\/1&#8243;][vc_empty_space empty_h=\u00bb3&#8243;][\/vc_column][\/vc_row]<\/p>\n","protected":false},"excerpt":{"rendered":"<p>[vc_row row_height_percent=\u00bb50&#8243; back_image=\u00bb508&#8243; overlay_alpha=\u00bb50&#8243; gutter_size=\u00bb3&#8243; column_width_percent=\u00bb100&#8243; shift_y=\u00bb0&#8243; z_index=\u00bb0&#8243; row_height_pixel=\u00bb300&#8243;][vc_column column_width_percent=\u00bb100&#8243; position_vertical=\u00bbmiddle\u00bb align_horizontal=\u00bbalign_center\u00bb gutter_size=\u00bb3&#8243; style=\u00bbdark\u00bb overlay_alpha=\u00bb50&#8243; shift_x=\u00bb0&#8243; shift_y=\u00bb0&#8243; shift_y_down=\u00bb0&#8243; z_index=\u00bb0&#8243; medium_width=\u00bb0&#8243; [&hellip;]<\/p>\n","protected":false},"author":1,"featured_media":0,"parent":992,"menu_order":0,"comment_status":"closed","ping_status":"closed","template":"","meta":{"footnotes":""},"class_list":["post-1045","page","type-page","status-publish","hentry"],"yoast_head":"<!-- This site is optimized with the Yoast SEO plugin v27.3 - https:\/\/yoast.com\/product\/yoast-seo-wordpress\/ -->\n<title>Reparaci\u00f3n de franjas - Mein echter Perser<\/title>\n<meta name=\"robots\" content=\"index, follow, max-snippet:-1, max-image-preview:large, max-video-preview:-1\" \/>\n<link rel=\"canonical\" href=\"http:\/\/mep.machiel.at\/es\/conocimiento\/reparacion-de-franjas\/\" \/>\n<meta property=\"og:locale\" content=\"es_ES\" \/>\n<meta property=\"og:type\" content=\"article\" \/>\n<meta property=\"og:title\" content=\"Reparaci\u00f3n de franjas - Mein echter Perser\" \/>\n<meta property=\"og:description\" content=\"[vc_row row_height_percent=\u00bb50&#8243; back_image=\u00bb508&#8243; overlay_alpha=\u00bb50&#8243; gutter_size=\u00bb3&#8243; column_width_percent=\u00bb100&#8243; shift_y=\u00bb0&#8243; z_index=\u00bb0&#8243; row_height_pixel=\u00bb300&#8243;][vc_column column_width_percent=\u00bb100&#8243; position_vertical=\u00bbmiddle\u00bb align_horizontal=\u00bbalign_center\u00bb gutter_size=\u00bb3&#8243; style=\u00bbdark\u00bb overlay_alpha=\u00bb50&#8243; shift_x=\u00bb0&#8243; shift_y=\u00bb0&#8243; shift_y_down=\u00bb0&#8243; z_index=\u00bb0&#8243; medium_width=\u00bb0&#8243; [&hellip;]\" \/>\n<meta property=\"og:url\" content=\"http:\/\/mep.machiel.at\/es\/conocimiento\/reparacion-de-franjas\/\" \/>\n<meta property=\"og:site_name\" content=\"Mein echter Perser\" \/>\n<meta property=\"article:modified_time\" content=\"2021-04-08T20:07:28+00:00\" \/>\n<meta name=\"twitter:card\" content=\"summary_large_image\" \/>\n<meta name=\"twitter:label1\" content=\"Tiempo de lectura\" \/>\n\t<meta name=\"twitter:data1\" content=\"6 minutos\" \/>\n<script type=\"application\/ld+json\" class=\"yoast-schema-graph\">{\"@context\":\"https:\\\/\\\/schema.org\",\"@graph\":[{\"@type\":\"WebPage\",\"@id\":\"http:\\\/\\\/mep.machiel.at\\\/es\\\/conocimiento\\\/reparacion-de-franjas\\\/\",\"url\":\"http:\\\/\\\/mep.machiel.at\\\/es\\\/conocimiento\\\/reparacion-de-franjas\\\/\",\"name\":\"Reparaci\u00f3n de franjas - Mein echter Perser\",\"isPartOf\":{\"@id\":\"http:\\\/\\\/mep.machiel.at\\\/es\\\/#website\"},\"datePublished\":\"2021-04-08T20:07:26+00:00\",\"dateModified\":\"2021-04-08T20:07:28+00:00\",\"breadcrumb\":{\"@id\":\"http:\\\/\\\/mep.machiel.at\\\/es\\\/conocimiento\\\/reparacion-de-franjas\\\/#breadcrumb\"},\"inLanguage\":\"es\",\"potentialAction\":[{\"@type\":\"ReadAction\",\"target\":[\"http:\\\/\\\/mep.machiel.at\\\/es\\\/conocimiento\\\/reparacion-de-franjas\\\/\"]}]},{\"@type\":\"BreadcrumbList\",\"@id\":\"http:\\\/\\\/mep.machiel.at\\\/es\\\/conocimiento\\\/reparacion-de-franjas\\\/#breadcrumb\",\"itemListElement\":[{\"@type\":\"ListItem\",\"position\":1,\"name\":\"Startseite\",\"item\":\"http:\\\/\\\/mep.machiel.at\\\/es\\\/\"},{\"@type\":\"ListItem\",\"position\":2,\"name\":\"Conocimiento\",\"item\":\"http:\\\/\\\/mep.machiel.at\\\/es\\\/conocimiento\\\/\"},{\"@type\":\"ListItem\",\"position\":3,\"name\":\"Reparaci\u00f3n de franjas\"}]},{\"@type\":\"WebSite\",\"@id\":\"http:\\\/\\\/mep.machiel.at\\\/es\\\/#website\",\"url\":\"http:\\\/\\\/mep.machiel.at\\\/es\\\/\",\"name\":\"Mein echter Perser\",\"description\":\"Teppichreparatur, Teppichreinigung, Wertgutachten\",\"potentialAction\":[{\"@type\":\"SearchAction\",\"target\":{\"@type\":\"EntryPoint\",\"urlTemplate\":\"http:\\\/\\\/mep.machiel.at\\\/es\\\/?s={search_term_string}\"},\"query-input\":{\"@type\":\"PropertyValueSpecification\",\"valueRequired\":true,\"valueName\":\"search_term_string\"}}],\"inLanguage\":\"es\"}]}<\/script>\n<!-- \/ Yoast SEO plugin. -->","yoast_head_json":{"title":"Reparaci\u00f3n de franjas - Mein echter Perser","robots":{"index":"index","follow":"follow","max-snippet":"max-snippet:-1","max-image-preview":"max-image-preview:large","max-video-preview":"max-video-preview:-1"},"canonical":"http:\/\/mep.machiel.at\/es\/conocimiento\/reparacion-de-franjas\/","og_locale":"es_ES","og_type":"article","og_title":"Reparaci\u00f3n de franjas - Mein echter Perser","og_description":"[vc_row row_height_percent=\u00bb50&#8243; back_image=\u00bb508&#8243; overlay_alpha=\u00bb50&#8243; gutter_size=\u00bb3&#8243; column_width_percent=\u00bb100&#8243; shift_y=\u00bb0&#8243; z_index=\u00bb0&#8243; row_height_pixel=\u00bb300&#8243;][vc_column column_width_percent=\u00bb100&#8243; position_vertical=\u00bbmiddle\u00bb align_horizontal=\u00bbalign_center\u00bb gutter_size=\u00bb3&#8243; style=\u00bbdark\u00bb overlay_alpha=\u00bb50&#8243; shift_x=\u00bb0&#8243; shift_y=\u00bb0&#8243; shift_y_down=\u00bb0&#8243; z_index=\u00bb0&#8243; medium_width=\u00bb0&#8243; [&hellip;]","og_url":"http:\/\/mep.machiel.at\/es\/conocimiento\/reparacion-de-franjas\/","og_site_name":"Mein echter Perser","article_modified_time":"2021-04-08T20:07:28+00:00","twitter_card":"summary_large_image","twitter_misc":{"Tiempo de lectura":"6 minutos"},"schema":{"@context":"https:\/\/schema.org","@graph":[{"@type":"WebPage","@id":"http:\/\/mep.machiel.at\/es\/conocimiento\/reparacion-de-franjas\/","url":"http:\/\/mep.machiel.at\/es\/conocimiento\/reparacion-de-franjas\/","name":"Reparaci\u00f3n de franjas - Mein echter Perser","isPartOf":{"@id":"http:\/\/mep.machiel.at\/es\/#website"},"datePublished":"2021-04-08T20:07:26+00:00","dateModified":"2021-04-08T20:07:28+00:00","breadcrumb":{"@id":"http:\/\/mep.machiel.at\/es\/conocimiento\/reparacion-de-franjas\/#breadcrumb"},"inLanguage":"es","potentialAction":[{"@type":"ReadAction","target":["http:\/\/mep.machiel.at\/es\/conocimiento\/reparacion-de-franjas\/"]}]},{"@type":"BreadcrumbList","@id":"http:\/\/mep.machiel.at\/es\/conocimiento\/reparacion-de-franjas\/#breadcrumb","itemListElement":[{"@type":"ListItem","position":1,"name":"Startseite","item":"http:\/\/mep.machiel.at\/es\/"},{"@type":"ListItem","position":2,"name":"Conocimiento","item":"http:\/\/mep.machiel.at\/es\/conocimiento\/"},{"@type":"ListItem","position":3,"name":"Reparaci\u00f3n de franjas"}]},{"@type":"WebSite","@id":"http:\/\/mep.machiel.at\/es\/#website","url":"http:\/\/mep.machiel.at\/es\/","name":"Mein echter Perser","description":"Teppichreparatur, Teppichreinigung, Wertgutachten","potentialAction":[{"@type":"SearchAction","target":{"@type":"EntryPoint","urlTemplate":"http:\/\/mep.machiel.at\/es\/?s={search_term_string}"},"query-input":{"@type":"PropertyValueSpecification","valueRequired":true,"valueName":"search_term_string"}}],"inLanguage":"es"}]}},"_links":{"self":[{"href":"http:\/\/mep.machiel.at\/es\/wp-json\/wp\/v2\/pages\/1045","targetHints":{"allow":["GET"]}}],"collection":[{"href":"http:\/\/mep.machiel.at\/es\/wp-json\/wp\/v2\/pages"}],"about":[{"href":"http:\/\/mep.machiel.at\/es\/wp-json\/wp\/v2\/types\/page"}],"author":[{"embeddable":true,"href":"http:\/\/mep.machiel.at\/es\/wp-json\/wp\/v2\/users\/1"}],"replies":[{"embeddable":true,"href":"http:\/\/mep.machiel.at\/es\/wp-json\/wp\/v2\/comments?post=1045"}],"version-history":[{"count":5,"href":"http:\/\/mep.machiel.at\/es\/wp-json\/wp\/v2\/pages\/1045\/revisions"}],"predecessor-version":[{"id":1050,"href":"http:\/\/mep.machiel.at\/es\/wp-json\/wp\/v2\/pages\/1045\/revisions\/1050"}],"up":[{"embeddable":true,"href":"http:\/\/mep.machiel.at\/es\/wp-json\/wp\/v2\/pages\/992"}],"wp:attachment":[{"href":"http:\/\/mep.machiel.at\/es\/wp-json\/wp\/v2\/media?parent=1045"}],"curies":[{"name":"wp","href":"https:\/\/api.w.org\/{rel}","templated":true}]}}