{"id":807,"date":"2021-04-07T15:23:08","date_gmt":"2021-04-07T13:23:08","guid":{"rendered":"http:\/\/mep.machiel.at\/?page_id=807"},"modified":"2021-04-07T15:23:08","modified_gmt":"2021-04-07T13:23:08","slug":"wasserschaden","status":"publish","type":"page","link":"http:\/\/mep.machiel.at\/de\/wissen\/wasserschaden\/","title":{"rendered":"Wasserschaden"},"content":{"rendered":"<p>[vc_row row_height_percent=&#8220;50&#8243; back_image=&#8220;508&#8243; overlay_alpha=&#8220;50&#8243; gutter_size=&#8220;3&#8243; column_width_percent=&#8220;100&#8243; shift_y=&#8220;0&#8243; z_index=&#8220;0&#8243; row_height_pixel=&#8220;300&#8243;][vc_column column_width_percent=&#8220;100&#8243; position_vertical=&#8220;middle&#8220; align_horizontal=&#8220;align_center&#8220; gutter_size=&#8220;3&#8243; style=&#8220;dark&#8220; overlay_alpha=&#8220;50&#8243; shift_x=&#8220;0&#8243; shift_y=&#8220;0&#8243; shift_y_down=&#8220;0&#8243; z_index=&#8220;0&#8243; medium_width=&#8220;0&#8243; mobile_width=&#8220;0&#8243; width=&#8220;1\/1&#8243;][vc_custom_heading]<\/p>\n<h1>Wasserschaden<\/h1>\n<p>[\/vc_custom_heading][\/vc_column][\/vc_row][vc_row][vc_column width=&#8220;1\/1&#8243;][vc_custom_heading]<\/p>\n<h2>Wasserschaden und die Teppiche sind mittendrin<\/h2>\n<p>[\/vc_custom_heading][vc_column_text]Ein Rohrbruch in den eigenen vier W\u00e4nden betrifft h\u00e4ufig auch Teppiche. Ein Teppich, der zu lange im Wasser liegt, leidet auf verschiedenste Weisen:[\/vc_column_text][\/vc_column][\/vc_row][vc_row][vc_column width=&#8220;1\/1&#8243;][vc_custom_heading]<\/p>\n<h2 id=\"die-nsse-frbt-teppiche-rot\">Die N\u00e4sse f\u00e4rbt Teppiche rot<\/h2>\n<p>[\/vc_custom_heading][vc_single_image media=&#8220;808&#8243; caption=&#8220;yes&#8220; media_width_use_pixel=&#8220;yes&#8220; media_width_pixel=&#8220;600&#8243;][vc_column_text]Wenn ein Teppich dauerhaft nass bleibt, dann beginnen sich die Farben zu verlaufen. Da Rot bei Orientteppichen praktisch immer in reiner oder gemischter Form vorkommt, ist der komplette Teppichflor samt Fransen nach Wassersch\u00e4den rot eingef\u00e4rbt.[\/vc_column_text][\/vc_column][\/vc_row][vc_row][vc_column width=&#8220;1\/1&#8243;][vc_custom_heading]<\/p>\n<h2 id=\"schafwolle-verrottet-innerhalb-weniger-tage\">Schafwolle verrottet innerhalb weniger Tage<\/h2>\n<p>[\/vc_custom_heading][vc_single_image media=&#8220;813&#8243; caption=&#8220;yes&#8220; media_width_use_pixel=&#8220;yes&#8220; media_width_pixel=&#8220;600&#8243;][vc_column_text]Die Feuchtigkeit f\u00fchrt dazu, dass F\u00e4ulnisprozesse einsetzen und der Teppich innerhalb k\u00fcrzester Zeit verrotten kann. Besonders h\u00e4ufig kommt dies vor, wenn die Teppiche vor der kompletten Trocknung nass gerollt oder zusammengelegt gelagert werden.<\/p>\n<p>Wenn eine fachgerechte Behandlung unterbleibt bilden sich oftmals auch Schimmelflecken.[\/vc_column_text][\/vc_column][\/vc_row][vc_row row_height_percent=&#8220;0&#8243; overlay_alpha=&#8220;50&#8243; gutter_size=&#8220;3&#8243; column_width_percent=&#8220;100&#8243; shift_y=&#8220;0&#8243; z_index=&#8220;0&#8243;][vc_column width=&#8220;1\/1&#8243;][vc_custom_heading]<\/p>\n<h2 id=\"teppiche-trocknen-verkehrt-herum\">Teppiche trocknen verkehrt herum<\/h2>\n<p>[\/vc_custom_heading][vc_column_text]In erster Linie ist es wichtig, dass ein Teppich nach einem Wasserschaden m\u00f6glichst schnell wieder trocknen kann. Dabei wird h\u00e4ufig versucht, ihn \u00fcber eine Stange zu h\u00e4ngen. Diese Vorgehensweise tr\u00e4gt leider nur dazu bei, dass sich im Flor kleine Rinnsale bilden, welche die Farben entlang dieser Bereiche noch st\u00e4rker verlaufen lassen.<\/p>\n<p>Das meiste Wasser wird nicht im Flor, sondern im Fundament gespeichert. Am einfachsten trocknet man einen Perserteppich, in dem man ihn mit der R\u00fcckseite nach oben und der Florseite nach unten am Boden auslegt. Bei Bedarf kann man noch die Heizung etwas hochdrehen, allerdings ist die Gefahr einer Wellenbildung bei schnellerer Trocknung h\u00f6her.[\/vc_column_text][\/vc_column][\/vc_row][vc_row row_height_percent=&#8220;0&#8243; overlay_alpha=&#8220;50&#8243; gutter_size=&#8220;3&#8243; column_width_percent=&#8220;100&#8243; shift_y=&#8220;0&#8243; z_index=&#8220;0&#8243;][vc_column width=&#8220;1\/1&#8243;][vc_custom_heading]<\/p>\n<h2 id=\"jede-reinigung-nach-einem-wasserschaden-ist-individuell\">Jede Reinigung nach einem Wasserschaden ist individuell<\/h2>\n<p>[\/vc_custom_heading][vc_column_text]<\/p>\n<ol>\n<li>Traditionell werden Teppiche nach einem Wasserschaden wieder gewaschen. Das mag paradox klingen, aber damit lassen sich Verf\u00e4rbungen am besten entfernen.Bei der professionellen Teppichw\u00e4sche wird st\u00e4ndig geschwemmt und geb\u00fcrstet. Dies f\u00fchrt dazu, dass abrinnende Farben nie lange genug in einem anderen Bereich des Teppichs verweilen, um diesen ungewollt einzuf\u00e4rben.\n<p>Nach einem Wasserschaden muss dieser Vorgang entsprechend lange wiederholt werden, bis sich die erst k\u00fcrzlich fixierten Farben wieder l\u00f6sen und nur die urspr\u00fcngliche F\u00e4rbung erhalten bleibt.<\/li>\n<li>In besonders hartn\u00e4ckigen F\u00e4llen wird eine individuelle Fleckentfernung durchgef\u00fchrt. Dabei wird der betroffene Bereich so lange geb\u00fcrstet, bis er farblich deutlich zur\u00fcckgenommen wirkt. Danach wird mit individuell gemischten Naturfarben neu eingef\u00e4rbt.Jegliches Bleichen oder das Verwenden von Shampoos in zu hoher Konzentration ist f\u00fcr einen Perserteppich aus guten Gr\u00fcnden traditionell tabu. Dies w\u00fcrde den Teppich auf den ersten Blick wunderbar aussehen lassen, allerdings durch das Zerst\u00f6ren des nat\u00fcrlichen Wollfettes die Strapazf\u00e4higkeit dramatisch verk\u00fcrzen.<\/li>\n<\/ol>\n<p>[\/vc_column_text][\/vc_column][\/vc_row][vc_row row_height_percent=&#8220;0&#8243; overlay_alpha=&#8220;50&#8243; gutter_size=&#8220;3&#8243; column_width_percent=&#8220;100&#8243; shift_y=&#8220;0&#8243; z_index=&#8220;0&#8243;][vc_column width=&#8220;1\/1&#8243;][vc_custom_heading]<\/p>\n<h2 id=\"abwicklung-mit-der-versicherung\">Abwicklung mit der Versicherung<\/h2>\n<p>[\/vc_custom_heading][vc_column_text]Zumeist ist ein Wasserschaden durch die Haushaltsversicherung voll gedeckt. Wir bieten in solchen F\u00e4llen nat\u00fcrlich auch eine Direktabwicklung \u00fcber die Versicherung an.[\/vc_column_text][\/vc_column][\/vc_row][vc_row row_height_percent=&#8220;0&#8243; back_color=&#8220;color-109322&#8243; overlay_alpha=&#8220;50&#8243; gutter_size=&#8220;3&#8243; column_width_percent=&#8220;100&#8243; shift_y=&#8220;0&#8243; z_index=&#8220;0&#8243;][vc_column width=&#8220;1\/1&#8243;][vc_custom_heading]<\/p>\n<h2>Unser Teppichreparatur-Angebot<\/h2>\n<p>[\/vc_custom_heading][vc_column_text text_lead=&#8220;yes&#8220;]Unser Reparaturservice behandelt Ihren Teppich so, wie alle echten Teppiche schon seit hunderten von Jahren behandelt werden. Entscheidend ist es, den Teppich wiederherzustellen &#8211; m\u00f6glichst so, dass man es nicht merkt.[\/vc_column_text][vc_empty_space empty_h=&#8220;2&#8243;][vc_row_inner][vc_column_inner width=&#8220;1\/2&#8243;][uncode_list icon=&#8220;fa fa-checkmark-circle&#8220; icon_color=&#8220;color-103998&#8243; el_class=&#8220;angebot-details&#8220;]<\/p>\n<ul>\n<li>Gratis Abholung und Zustellung<\/li>\n<li>Fixpreise<\/li>\n<li>Bezahlung nach Zustellung<\/li>\n<\/ul>\n<p>[\/uncode_list][vc_button button_color=&#8220;color-103998&#8243; size=&#8220;btn-lg&#8220; hover_fx=&#8220;full-colored&#8220; border_width=&#8220;0&#8243; link=&#8220;url:http%3A%2F%2Fmep.machiel.at%2Fde%2Fteppichreparatur%2F%23angebot|title:Teppichreinigung&#8220;]ZUM REPARATURSERVICE[\/vc_button][\/vc_column_inner][vc_column_inner column_width_percent=&#8220;100&#8243; align_horizontal=&#8220;align_center&#8220; gutter_size=&#8220;3&#8243; overlay_alpha=&#8220;50&#8243; shift_x=&#8220;0&#8243; shift_y=&#8220;0&#8243; shift_y_down=&#8220;0&#8243; z_index=&#8220;0&#8243; medium_width=&#8220;0&#8243; mobile_width=&#8220;0&#8243; width=&#8220;1\/2&#8243;][vc_column_text el_class=&#8220;shadowbox&#8220;]Sie k\u00f6nnen uns auch gleich telefonisch oder per Email kontaktieren:<\/p>\n<h3>0800\u00a00700\u00a0120<\/h3>\n<p><small>(t\u00e4glich von 9 &#8211; 18 Uhr geb\u00fchrenfrei aus ganz Deutschland)<\/small><\/p>\n<p><strong><a href=\"mailto:service@meinechterperser.de\">service@meinechterperser.de<\/a><\/strong>[\/vc_column_text][\/vc_column_inner][\/vc_row_inner][\/vc_column][\/vc_row][vc_row][vc_column width=&#8220;1\/1&#8243;][vc_empty_space empty_h=&#8220;3&#8243;][\/vc_column][\/vc_row]<\/p>\n","protected":false},"excerpt":{"rendered":"<p>[vc_row row_height_percent=&#8220;50&#8243; back_image=&#8220;508&#8243; overlay_alpha=&#8220;50&#8243; gutter_size=&#8220;3&#8243; column_width_percent=&#8220;100&#8243; shift_y=&#8220;0&#8243; z_index=&#8220;0&#8243; row_height_pixel=&#8220;300&#8243;][vc_column column_width_percent=&#8220;100&#8243; position_vertical=&#8220;middle&#8220; align_horizontal=&#8220;align_center&#8220; gutter_size=&#8220;3&#8243; style=&#8220;dark&#8220; overlay_alpha=&#8220;50&#8243; shift_x=&#8220;0&#8243; shift_y=&#8220;0&#8243; shift_y_down=&#8220;0&#8243; z_index=&#8220;0&#8243; medium_width=&#8220;0&#8243; [&hellip;]<\/p>\n","protected":false},"author":1,"featured_media":0,"parent":54,"menu_order":0,"comment_status":"closed","ping_status":"closed","template":"","meta":{"footnotes":""},"class_list":["post-807","page","type-page","status-publish","hentry"],"yoast_head":"<!-- This site is optimized with the Yoast SEO plugin v27.3 - https:\/\/yoast.com\/product\/yoast-seo-wordpress\/ -->\n<title>Wasserschaden - Mein echter Perser<\/title>\n<meta name=\"robots\" content=\"index, follow, max-snippet:-1, max-image-preview:large, max-video-preview:-1\" \/>\n<link rel=\"canonical\" href=\"http:\/\/mep.machiel.at\/de\/wissen\/wasserschaden\/\" \/>\n<meta property=\"og:locale\" content=\"de_DE\" \/>\n<meta property=\"og:type\" content=\"article\" \/>\n<meta property=\"og:title\" content=\"Wasserschaden - Mein echter Perser\" \/>\n<meta property=\"og:description\" content=\"[vc_row row_height_percent=&#8220;50&#8243; back_image=&#8220;508&#8243; overlay_alpha=&#8220;50&#8243; gutter_size=&#8220;3&#8243; column_width_percent=&#8220;100&#8243; shift_y=&#8220;0&#8243; z_index=&#8220;0&#8243; row_height_pixel=&#8220;300&#8243;][vc_column column_width_percent=&#8220;100&#8243; position_vertical=&#8220;middle&#8220; align_horizontal=&#8220;align_center&#8220; gutter_size=&#8220;3&#8243; style=&#8220;dark&#8220; overlay_alpha=&#8220;50&#8243; shift_x=&#8220;0&#8243; shift_y=&#8220;0&#8243; shift_y_down=&#8220;0&#8243; z_index=&#8220;0&#8243; medium_width=&#8220;0&#8243; [&hellip;]\" \/>\n<meta property=\"og:url\" content=\"http:\/\/mep.machiel.at\/de\/wissen\/wasserschaden\/\" \/>\n<meta property=\"og:site_name\" content=\"Mein echter Perser\" \/>\n<meta name=\"twitter:card\" content=\"summary_large_image\" \/>\n<meta name=\"twitter:label1\" content=\"Gesch\u00e4tzte Lesezeit\" \/>\n\t<meta name=\"twitter:data1\" content=\"5\u00a0Minuten\" \/>\n<script type=\"application\/ld+json\" class=\"yoast-schema-graph\">{\"@context\":\"https:\\\/\\\/schema.org\",\"@graph\":[{\"@type\":\"WebPage\",\"@id\":\"http:\\\/\\\/mep.machiel.at\\\/de\\\/wissen\\\/wasserschaden\\\/\",\"url\":\"http:\\\/\\\/mep.machiel.at\\\/de\\\/wissen\\\/wasserschaden\\\/\",\"name\":\"Wasserschaden - Mein echter Perser\",\"isPartOf\":{\"@id\":\"http:\\\/\\\/mep.machiel.at\\\/de\\\/#website\"},\"datePublished\":\"2021-04-07T13:23:08+00:00\",\"breadcrumb\":{\"@id\":\"http:\\\/\\\/mep.machiel.at\\\/de\\\/wissen\\\/wasserschaden\\\/#breadcrumb\"},\"inLanguage\":\"de\",\"potentialAction\":[{\"@type\":\"ReadAction\",\"target\":[\"http:\\\/\\\/mep.machiel.at\\\/de\\\/wissen\\\/wasserschaden\\\/\"]}]},{\"@type\":\"BreadcrumbList\",\"@id\":\"http:\\\/\\\/mep.machiel.at\\\/de\\\/wissen\\\/wasserschaden\\\/#breadcrumb\",\"itemListElement\":[{\"@type\":\"ListItem\",\"position\":1,\"name\":\"Startseite\",\"item\":\"http:\\\/\\\/mep.machiel.at\\\/de\\\/\"},{\"@type\":\"ListItem\",\"position\":2,\"name\":\"Wissen\",\"item\":\"http:\\\/\\\/mep.machiel.at\\\/de\\\/wissen\\\/\"},{\"@type\":\"ListItem\",\"position\":3,\"name\":\"Wasserschaden\"}]},{\"@type\":\"WebSite\",\"@id\":\"http:\\\/\\\/mep.machiel.at\\\/de\\\/#website\",\"url\":\"http:\\\/\\\/mep.machiel.at\\\/de\\\/\",\"name\":\"Mein echter Perser\",\"description\":\"Teppichreparatur, Teppichreinigung, Wertgutachten\",\"potentialAction\":[{\"@type\":\"SearchAction\",\"target\":{\"@type\":\"EntryPoint\",\"urlTemplate\":\"http:\\\/\\\/mep.machiel.at\\\/de\\\/?s={search_term_string}\"},\"query-input\":{\"@type\":\"PropertyValueSpecification\",\"valueRequired\":true,\"valueName\":\"search_term_string\"}}],\"inLanguage\":\"de\"}]}<\/script>\n<!-- \/ Yoast SEO plugin. -->","yoast_head_json":{"title":"Wasserschaden - Mein echter Perser","robots":{"index":"index","follow":"follow","max-snippet":"max-snippet:-1","max-image-preview":"max-image-preview:large","max-video-preview":"max-video-preview:-1"},"canonical":"http:\/\/mep.machiel.at\/de\/wissen\/wasserschaden\/","og_locale":"de_DE","og_type":"article","og_title":"Wasserschaden - Mein echter Perser","og_description":"[vc_row row_height_percent=&#8220;50&#8243; back_image=&#8220;508&#8243; overlay_alpha=&#8220;50&#8243; gutter_size=&#8220;3&#8243; column_width_percent=&#8220;100&#8243; shift_y=&#8220;0&#8243; z_index=&#8220;0&#8243; row_height_pixel=&#8220;300&#8243;][vc_column column_width_percent=&#8220;100&#8243; position_vertical=&#8220;middle&#8220; align_horizontal=&#8220;align_center&#8220; gutter_size=&#8220;3&#8243; style=&#8220;dark&#8220; overlay_alpha=&#8220;50&#8243; shift_x=&#8220;0&#8243; shift_y=&#8220;0&#8243; shift_y_down=&#8220;0&#8243; z_index=&#8220;0&#8243; medium_width=&#8220;0&#8243; [&hellip;]","og_url":"http:\/\/mep.machiel.at\/de\/wissen\/wasserschaden\/","og_site_name":"Mein echter Perser","twitter_card":"summary_large_image","twitter_misc":{"Gesch\u00e4tzte Lesezeit":"5\u00a0Minuten"},"schema":{"@context":"https:\/\/schema.org","@graph":[{"@type":"WebPage","@id":"http:\/\/mep.machiel.at\/de\/wissen\/wasserschaden\/","url":"http:\/\/mep.machiel.at\/de\/wissen\/wasserschaden\/","name":"Wasserschaden - Mein echter Perser","isPartOf":{"@id":"http:\/\/mep.machiel.at\/de\/#website"},"datePublished":"2021-04-07T13:23:08+00:00","breadcrumb":{"@id":"http:\/\/mep.machiel.at\/de\/wissen\/wasserschaden\/#breadcrumb"},"inLanguage":"de","potentialAction":[{"@type":"ReadAction","target":["http:\/\/mep.machiel.at\/de\/wissen\/wasserschaden\/"]}]},{"@type":"BreadcrumbList","@id":"http:\/\/mep.machiel.at\/de\/wissen\/wasserschaden\/#breadcrumb","itemListElement":[{"@type":"ListItem","position":1,"name":"Startseite","item":"http:\/\/mep.machiel.at\/de\/"},{"@type":"ListItem","position":2,"name":"Wissen","item":"http:\/\/mep.machiel.at\/de\/wissen\/"},{"@type":"ListItem","position":3,"name":"Wasserschaden"}]},{"@type":"WebSite","@id":"http:\/\/mep.machiel.at\/de\/#website","url":"http:\/\/mep.machiel.at\/de\/","name":"Mein echter Perser","description":"Teppichreparatur, Teppichreinigung, Wertgutachten","potentialAction":[{"@type":"SearchAction","target":{"@type":"EntryPoint","urlTemplate":"http:\/\/mep.machiel.at\/de\/?s={search_term_string}"},"query-input":{"@type":"PropertyValueSpecification","valueRequired":true,"valueName":"search_term_string"}}],"inLanguage":"de"}]}},"_links":{"self":[{"href":"http:\/\/mep.machiel.at\/de\/wp-json\/wp\/v2\/pages\/807","targetHints":{"allow":["GET"]}}],"collection":[{"href":"http:\/\/mep.machiel.at\/de\/wp-json\/wp\/v2\/pages"}],"about":[{"href":"http:\/\/mep.machiel.at\/de\/wp-json\/wp\/v2\/types\/page"}],"author":[{"embeddable":true,"href":"http:\/\/mep.machiel.at\/de\/wp-json\/wp\/v2\/users\/1"}],"replies":[{"embeddable":true,"href":"http:\/\/mep.machiel.at\/de\/wp-json\/wp\/v2\/comments?post=807"}],"version-history":[{"count":1,"href":"http:\/\/mep.machiel.at\/de\/wp-json\/wp\/v2\/pages\/807\/revisions"}],"predecessor-version":[{"id":818,"href":"http:\/\/mep.machiel.at\/de\/wp-json\/wp\/v2\/pages\/807\/revisions\/818"}],"up":[{"embeddable":true,"href":"http:\/\/mep.machiel.at\/de\/wp-json\/wp\/v2\/pages\/54"}],"wp:attachment":[{"href":"http:\/\/mep.machiel.at\/de\/wp-json\/wp\/v2\/media?parent=807"}],"curies":[{"name":"wp","href":"https:\/\/api.w.org\/{rel}","templated":true}]}}