{"id":799,"date":"2021-04-07T15:18:46","date_gmt":"2021-04-07T13:18:46","guid":{"rendered":"http:\/\/mep.machiel.at\/?page_id=799"},"modified":"2021-04-07T15:18:46","modified_gmt":"2021-04-07T13:18:46","slug":"lochreparatur","status":"publish","type":"page","link":"http:\/\/mep.machiel.at\/de\/wissen\/lochreparatur\/","title":{"rendered":"Lochreparatur"},"content":{"rendered":"<p>[vc_row row_height_percent=&#8220;50&#8243; back_image=&#8220;508&#8243; overlay_alpha=&#8220;50&#8243; gutter_size=&#8220;3&#8243; column_width_percent=&#8220;100&#8243; shift_y=&#8220;0&#8243; z_index=&#8220;0&#8243; row_height_pixel=&#8220;300&#8243;][vc_column column_width_percent=&#8220;100&#8243; position_vertical=&#8220;middle&#8220; align_horizontal=&#8220;align_center&#8220; gutter_size=&#8220;3&#8243; style=&#8220;dark&#8220; overlay_alpha=&#8220;50&#8243; shift_x=&#8220;0&#8243; shift_y=&#8220;0&#8243; shift_y_down=&#8220;0&#8243; z_index=&#8220;0&#8243; medium_width=&#8220;0&#8243; mobile_width=&#8220;0&#8243; width=&#8220;1\/1&#8243;][vc_custom_heading]<\/p>\n<h1>Lochreparatur<\/h1>\n<p>[\/vc_custom_heading][\/vc_column][\/vc_row][vc_row][vc_column width=&#8220;1\/1&#8243;][vc_custom_heading]<\/p>\n<h2>Loch-Reparatur an einem handgekn\u00fcpften Teppich<\/h2>\n<p>[\/vc_custom_heading][vc_column_text]L\u00f6cher z\u00e4hlen neben Seiten- und Fransensch\u00e4den zu den h\u00e4ufigsten Reparaturanl\u00e4ssen f\u00fcr Orientteppiche. Selten werden L\u00f6cher durch regelm\u00e4\u00dfige Abn\u00fctzung verursacht &#8211; zumeist kommen diese durch einen der folgenden Zwischenf\u00e4lle zustande:[\/vc_column_text][\/vc_column][\/vc_row][vc_row][vc_column width=&#8220;1\/1&#8243;][vc_custom_heading]<\/p>\n<h2 id=\"der-klassiker-mit-dem-blumentopf\">Der Klassiker mit dem Blumentopf<\/h2>\n<p>[\/vc_custom_heading][vc_column_text]Wenn ein Blumentopf auf einen Teppich gestellt wird und beim Gie\u00dfen nicht darauf geachtet wird, dass eventuell \u00fcberlaufendes Wasser nicht nur im Untersetzer landet, sondern auch \u00fcber diesen herausschwappt, braucht es nur noch einige Tage bis man ein richtiges Loch im Teppich erh\u00e4lt.<\/p>\n<p>Durch einen sofort eingeleiteten Verrottungsprozess wird die h\u00e4ufig naturbelassene Schafwolle des Teppichs aufgel\u00f6st und der Teppich wirkt entlang der Rundung des Untersetzers wie ausgestanzt.<\/p>\n<p>Gelegentlich bemerkt man diesen Schaden auch erst im Zuge der n\u00e4chsten Teppichw\u00e4sche, wenn der betroffene Bereich &#8211; beschwert durch die N\u00e4sse &#8211; f\u00f6rmlich herausbricht.[\/vc_column_text][vc_single_image media=&#8220;800&#8243; caption=&#8220;yes&#8220; media_width_use_pixel=&#8220;yes&#8220; media_width_pixel=&#8220;600&#8243;][\/vc_column][\/vc_row][vc_row row_height_percent=&#8220;0&#8243; overlay_alpha=&#8220;50&#8243; gutter_size=&#8220;3&#8243; column_width_percent=&#8220;100&#8243; shift_y=&#8220;0&#8243; z_index=&#8220;0&#8243;][vc_column width=&#8220;1\/1&#8243;][vc_custom_heading]<\/p>\n<h2 id=\"welpen-haben-teppiche-zum-anknabbern-gern\">Welpen haben Teppiche zum Anknabbern gern<\/h2>\n<p>[\/vc_custom_heading][vc_column_text]Wenn an einem Teppich ein Eck fehlt, ist zumeist der junge Hund im Haushalt verantwortlich. Die naturbelassene Schafwolle und die Herausforderung, das Material zu zerknabbern sind wohl eine zu gro\u00dfe Verlockung.<\/p>\n<p>Gerade Hunde, die nur zu Besuch sind, stillen Ihre Neugier gerne mit einem Teppich-Eck.[\/vc_column_text][\/vc_column][\/vc_row][vc_row row_height_percent=&#8220;0&#8243; overlay_alpha=&#8220;50&#8243; gutter_size=&#8220;3&#8243; column_width_percent=&#8220;100&#8243; shift_y=&#8220;0&#8243; z_index=&#8220;0&#8243;][vc_column width=&#8220;1\/1&#8243;][vc_custom_heading]<\/p>\n<h2 id=\"perserteppiche-sind-in-der-regel-nicht-feuerfest\">Perserteppiche sind in der Regel nicht feuerfest<\/h2>\n<p>[\/vc_custom_heading][vc_column_text]Ob es der Teppich unter dem in Brand geratenen Adventkranz ist oder der Teppich vor dem offenen Ofen, der ab und an Glut abbekommt, der Flor eines Teppichs verbrennt durch die locker stehenden Florfasern sehr schnell.<\/p>\n<p>Erst bei l\u00e4ngerem Hitzeeinfluss wird auch das Fundament zerst\u00f6rt und es entsteht ein richtiges Brandloch.[\/vc_column_text][\/vc_column][\/vc_row][vc_row row_height_percent=&#8220;0&#8243; overlay_alpha=&#8220;50&#8243; gutter_size=&#8220;3&#8243; column_width_percent=&#8220;100&#8243; shift_y=&#8220;0&#8243; z_index=&#8220;0&#8243;][vc_column width=&#8220;1\/1&#8243;][vc_custom_heading]<\/p>\n<h2 id=\"ein-loch-muss-eingedmmt-werden\">Ein Loch muss einged\u00e4mmt werden<\/h2>\n<p>[\/vc_custom_heading][vc_column_text]In erster Linie ist es wichtig, dass ein Teppich nach einem Loch nicht zu intensiv benutzt wird. Die umliegenden Knoten sind nicht mehr gesichert und lockern sich. Dies f\u00fchrt zu einem noch gr\u00f6\u00dferen Loch und zu h\u00f6heren Kosten im Zuge der Reparatur.[\/vc_column_text][\/vc_column][\/vc_row][vc_row row_height_percent=&#8220;0&#8243; overlay_alpha=&#8220;50&#8243; gutter_size=&#8220;3&#8243; column_width_percent=&#8220;100&#8243; shift_y=&#8220;0&#8243; z_index=&#8220;0&#8243;][vc_column width=&#8220;1\/1&#8243;][vc_custom_heading]<\/p>\n<h2 id=\"jede-lochreparatur-ist-individuell\">Jede Lochreparatur ist individuell<\/h2>\n<p>[\/vc_custom_heading][vc_column_text]<\/p>\n<ol>\n<li>Bei der einfachsten Variante werden die offenen Lochr\u00e4nder in gekonnter Handarbeit mit Stichen fixiert. Dies verhindert, dass sich der Teppich weiter aufl\u00f6sen kann und der Teppich wird wieder voll strapazf\u00e4hig.Das Loch bleibt zwar weiterhin erhalten, aber es k\u00f6nnen keine Folgesch\u00e4den mehr entstehen.<\/li>\n<li>Um das optische Manko der ersten Methode zu verbessern, kann zus\u00e4tzlich ein 4-fach gelegter Stoff in der Grundfarbe des Teppichs von der Unterseite angen\u00e4ht werden. Mit dieser Variante kann man sehr gute Ergebnisse erzielen, da der Gesamteindruck des Teppichs kaum unter dem farblich angepassten Lochbereich leidet. Mittels dieser Vorgehensweise werden gerne antike Teppiche in Museen restauriert.<\/li>\n<li>Bei wertvolleren Seiden- aber auch Wollteppichen wird das Loch originalgetreu restauriert. Hierbei liegt die Herausforderung in der perfekten Imitation der vorhandenen Kn\u00fcpfung und der bereits durch die Abn\u00fctzung individuell ver\u00e4nderten Farbe des Teppichs. Weiters muss jeder einzelne Kett- und Schussfaden einzeln mit dem neuen Bereich verkn\u00fcpft werden um dauerhafte Strapazf\u00e4higkeit zu gew\u00e4hrleisten.<\/li>\n<\/ol>\n<p>[\/vc_column_text][\/vc_column][\/vc_row][vc_row row_height_percent=&#8220;0&#8243; overlay_alpha=&#8220;50&#8243; gutter_size=&#8220;3&#8243; column_width_percent=&#8220;100&#8243; shift_y=&#8220;0&#8243; z_index=&#8220;0&#8243;][vc_column width=&#8220;1\/1&#8243;][vc_custom_heading]<\/p>\n<h2 id=\"ein-gespraumlch-mit-der-haushaltsversicherung-kann-sich-lohnen\">Ein Gespr\u00e4ch mit der Haushaltsversicherung kann sich lohnen<\/h2>\n<p>[\/vc_custom_heading][vc_column_text]Gerade wenn die L\u00f6cher durch Zwischenf\u00e4lle zustandegekommen sind, bieten Haushaltsversicherungen h\u00e4ufig eine Deckung des Schadens an. In solchen F\u00e4llen bieten wir auch eine Direktabwicklung mit der Versicherung unserer Kunden an.[\/vc_column_text][\/vc_column][\/vc_row][vc_row row_height_percent=&#8220;0&#8243; back_color=&#8220;color-109322&#8243; overlay_alpha=&#8220;50&#8243; gutter_size=&#8220;3&#8243; column_width_percent=&#8220;100&#8243; shift_y=&#8220;0&#8243; z_index=&#8220;0&#8243;][vc_column width=&#8220;1\/1&#8243;][vc_custom_heading]<\/p>\n<h2>Unser Teppichreparatur-Angebot<\/h2>\n<p>[\/vc_custom_heading][vc_column_text text_lead=&#8220;yes&#8220;]Unser Reparaturservice behandelt Ihren Teppich so, wie alle echten Teppiche schon seit hunderten von Jahren behandelt werden. Entscheidend ist es, den Teppich wiederherzustellen &#8211; m\u00f6glichst so, dass man es nicht merkt.[\/vc_column_text][vc_empty_space empty_h=&#8220;2&#8243;][vc_row_inner][vc_column_inner width=&#8220;1\/2&#8243;][uncode_list icon=&#8220;fa fa-checkmark-circle&#8220; icon_color=&#8220;color-103998&#8243; el_class=&#8220;angebot-details&#8220;]<\/p>\n<ul>\n<li>Gratis Abholung und Zustellung<\/li>\n<li>Fixpreise<\/li>\n<li>Bezahlung nach Zustellung<\/li>\n<\/ul>\n<p>[\/uncode_list][vc_button button_color=&#8220;color-103998&#8243; size=&#8220;btn-lg&#8220; hover_fx=&#8220;full-colored&#8220; border_width=&#8220;0&#8243; link=&#8220;url:http%3A%2F%2Fmep.machiel.at%2Fde%2Fteppichreparatur%2F%23angebot|title:Teppichreinigung&#8220;]ZUM REPARATURSERVICE[\/vc_button][\/vc_column_inner][vc_column_inner column_width_percent=&#8220;100&#8243; align_horizontal=&#8220;align_center&#8220; gutter_size=&#8220;3&#8243; overlay_alpha=&#8220;50&#8243; shift_x=&#8220;0&#8243; shift_y=&#8220;0&#8243; shift_y_down=&#8220;0&#8243; z_index=&#8220;0&#8243; medium_width=&#8220;0&#8243; mobile_width=&#8220;0&#8243; width=&#8220;1\/2&#8243;][vc_column_text el_class=&#8220;shadowbox&#8220;]Sie k\u00f6nnen uns auch gleich telefonisch oder per Email kontaktieren:<\/p>\n<h3>0800\u00a00700\u00a0120<\/h3>\n<p><small>(t\u00e4glich von 9 &#8211; 18 Uhr geb\u00fchrenfrei aus ganz Deutschland)<\/small><\/p>\n<p><strong><a href=\"mailto:service@meinechterperser.de\">service@meinechterperser.de<\/a><\/strong>[\/vc_column_text][\/vc_column_inner][\/vc_row_inner][\/vc_column][\/vc_row][vc_row][vc_column width=&#8220;1\/1&#8243;][vc_empty_space empty_h=&#8220;3&#8243;][\/vc_column][\/vc_row]<\/p>\n","protected":false},"excerpt":{"rendered":"<p>[vc_row row_height_percent=&#8220;50&#8243; back_image=&#8220;508&#8243; overlay_alpha=&#8220;50&#8243; gutter_size=&#8220;3&#8243; column_width_percent=&#8220;100&#8243; shift_y=&#8220;0&#8243; z_index=&#8220;0&#8243; row_height_pixel=&#8220;300&#8243;][vc_column column_width_percent=&#8220;100&#8243; position_vertical=&#8220;middle&#8220; align_horizontal=&#8220;align_center&#8220; gutter_size=&#8220;3&#8243; style=&#8220;dark&#8220; overlay_alpha=&#8220;50&#8243; shift_x=&#8220;0&#8243; shift_y=&#8220;0&#8243; shift_y_down=&#8220;0&#8243; z_index=&#8220;0&#8243; medium_width=&#8220;0&#8243; [&hellip;]<\/p>\n","protected":false},"author":1,"featured_media":0,"parent":54,"menu_order":0,"comment_status":"closed","ping_status":"closed","template":"","meta":{"footnotes":""},"class_list":["post-799","page","type-page","status-publish","hentry"],"yoast_head":"<!-- This site is optimized with the Yoast SEO plugin v27.3 - https:\/\/yoast.com\/product\/yoast-seo-wordpress\/ -->\n<title>Lochreparatur - Mein echter Perser<\/title>\n<meta name=\"robots\" content=\"index, follow, max-snippet:-1, max-image-preview:large, max-video-preview:-1\" \/>\n<link rel=\"canonical\" href=\"http:\/\/mep.machiel.at\/de\/wissen\/lochreparatur\/\" \/>\n<meta property=\"og:locale\" content=\"de_DE\" \/>\n<meta property=\"og:type\" content=\"article\" \/>\n<meta property=\"og:title\" content=\"Lochreparatur - Mein echter Perser\" \/>\n<meta property=\"og:description\" content=\"[vc_row row_height_percent=&#8220;50&#8243; back_image=&#8220;508&#8243; overlay_alpha=&#8220;50&#8243; gutter_size=&#8220;3&#8243; column_width_percent=&#8220;100&#8243; shift_y=&#8220;0&#8243; z_index=&#8220;0&#8243; row_height_pixel=&#8220;300&#8243;][vc_column column_width_percent=&#8220;100&#8243; position_vertical=&#8220;middle&#8220; align_horizontal=&#8220;align_center&#8220; gutter_size=&#8220;3&#8243; style=&#8220;dark&#8220; overlay_alpha=&#8220;50&#8243; shift_x=&#8220;0&#8243; shift_y=&#8220;0&#8243; shift_y_down=&#8220;0&#8243; z_index=&#8220;0&#8243; medium_width=&#8220;0&#8243; [&hellip;]\" \/>\n<meta property=\"og:url\" content=\"http:\/\/mep.machiel.at\/de\/wissen\/lochreparatur\/\" \/>\n<meta property=\"og:site_name\" content=\"Mein echter Perser\" \/>\n<meta name=\"twitter:card\" content=\"summary_large_image\" \/>\n<meta name=\"twitter:label1\" content=\"Gesch\u00e4tzte Lesezeit\" \/>\n\t<meta name=\"twitter:data1\" content=\"5\u00a0Minuten\" \/>\n<script type=\"application\/ld+json\" class=\"yoast-schema-graph\">{\"@context\":\"https:\\\/\\\/schema.org\",\"@graph\":[{\"@type\":\"WebPage\",\"@id\":\"http:\\\/\\\/mep.machiel.at\\\/de\\\/wissen\\\/lochreparatur\\\/\",\"url\":\"http:\\\/\\\/mep.machiel.at\\\/de\\\/wissen\\\/lochreparatur\\\/\",\"name\":\"Lochreparatur - Mein echter Perser\",\"isPartOf\":{\"@id\":\"http:\\\/\\\/mep.machiel.at\\\/de\\\/#website\"},\"datePublished\":\"2021-04-07T13:18:46+00:00\",\"breadcrumb\":{\"@id\":\"http:\\\/\\\/mep.machiel.at\\\/de\\\/wissen\\\/lochreparatur\\\/#breadcrumb\"},\"inLanguage\":\"de\",\"potentialAction\":[{\"@type\":\"ReadAction\",\"target\":[\"http:\\\/\\\/mep.machiel.at\\\/de\\\/wissen\\\/lochreparatur\\\/\"]}]},{\"@type\":\"BreadcrumbList\",\"@id\":\"http:\\\/\\\/mep.machiel.at\\\/de\\\/wissen\\\/lochreparatur\\\/#breadcrumb\",\"itemListElement\":[{\"@type\":\"ListItem\",\"position\":1,\"name\":\"Startseite\",\"item\":\"http:\\\/\\\/mep.machiel.at\\\/de\\\/\"},{\"@type\":\"ListItem\",\"position\":2,\"name\":\"Wissen\",\"item\":\"http:\\\/\\\/mep.machiel.at\\\/de\\\/wissen\\\/\"},{\"@type\":\"ListItem\",\"position\":3,\"name\":\"Lochreparatur\"}]},{\"@type\":\"WebSite\",\"@id\":\"http:\\\/\\\/mep.machiel.at\\\/de\\\/#website\",\"url\":\"http:\\\/\\\/mep.machiel.at\\\/de\\\/\",\"name\":\"Mein echter Perser\",\"description\":\"Teppichreparatur, Teppichreinigung, Wertgutachten\",\"potentialAction\":[{\"@type\":\"SearchAction\",\"target\":{\"@type\":\"EntryPoint\",\"urlTemplate\":\"http:\\\/\\\/mep.machiel.at\\\/de\\\/?s={search_term_string}\"},\"query-input\":{\"@type\":\"PropertyValueSpecification\",\"valueRequired\":true,\"valueName\":\"search_term_string\"}}],\"inLanguage\":\"de\"}]}<\/script>\n<!-- \/ Yoast SEO plugin. -->","yoast_head_json":{"title":"Lochreparatur - Mein echter Perser","robots":{"index":"index","follow":"follow","max-snippet":"max-snippet:-1","max-image-preview":"max-image-preview:large","max-video-preview":"max-video-preview:-1"},"canonical":"http:\/\/mep.machiel.at\/de\/wissen\/lochreparatur\/","og_locale":"de_DE","og_type":"article","og_title":"Lochreparatur - Mein echter Perser","og_description":"[vc_row row_height_percent=&#8220;50&#8243; back_image=&#8220;508&#8243; overlay_alpha=&#8220;50&#8243; gutter_size=&#8220;3&#8243; column_width_percent=&#8220;100&#8243; shift_y=&#8220;0&#8243; z_index=&#8220;0&#8243; row_height_pixel=&#8220;300&#8243;][vc_column column_width_percent=&#8220;100&#8243; position_vertical=&#8220;middle&#8220; align_horizontal=&#8220;align_center&#8220; gutter_size=&#8220;3&#8243; style=&#8220;dark&#8220; overlay_alpha=&#8220;50&#8243; shift_x=&#8220;0&#8243; shift_y=&#8220;0&#8243; shift_y_down=&#8220;0&#8243; z_index=&#8220;0&#8243; medium_width=&#8220;0&#8243; [&hellip;]","og_url":"http:\/\/mep.machiel.at\/de\/wissen\/lochreparatur\/","og_site_name":"Mein echter Perser","twitter_card":"summary_large_image","twitter_misc":{"Gesch\u00e4tzte Lesezeit":"5\u00a0Minuten"},"schema":{"@context":"https:\/\/schema.org","@graph":[{"@type":"WebPage","@id":"http:\/\/mep.machiel.at\/de\/wissen\/lochreparatur\/","url":"http:\/\/mep.machiel.at\/de\/wissen\/lochreparatur\/","name":"Lochreparatur - Mein echter Perser","isPartOf":{"@id":"http:\/\/mep.machiel.at\/de\/#website"},"datePublished":"2021-04-07T13:18:46+00:00","breadcrumb":{"@id":"http:\/\/mep.machiel.at\/de\/wissen\/lochreparatur\/#breadcrumb"},"inLanguage":"de","potentialAction":[{"@type":"ReadAction","target":["http:\/\/mep.machiel.at\/de\/wissen\/lochreparatur\/"]}]},{"@type":"BreadcrumbList","@id":"http:\/\/mep.machiel.at\/de\/wissen\/lochreparatur\/#breadcrumb","itemListElement":[{"@type":"ListItem","position":1,"name":"Startseite","item":"http:\/\/mep.machiel.at\/de\/"},{"@type":"ListItem","position":2,"name":"Wissen","item":"http:\/\/mep.machiel.at\/de\/wissen\/"},{"@type":"ListItem","position":3,"name":"Lochreparatur"}]},{"@type":"WebSite","@id":"http:\/\/mep.machiel.at\/de\/#website","url":"http:\/\/mep.machiel.at\/de\/","name":"Mein echter Perser","description":"Teppichreparatur, Teppichreinigung, Wertgutachten","potentialAction":[{"@type":"SearchAction","target":{"@type":"EntryPoint","urlTemplate":"http:\/\/mep.machiel.at\/de\/?s={search_term_string}"},"query-input":{"@type":"PropertyValueSpecification","valueRequired":true,"valueName":"search_term_string"}}],"inLanguage":"de"}]}},"_links":{"self":[{"href":"http:\/\/mep.machiel.at\/de\/wp-json\/wp\/v2\/pages\/799","targetHints":{"allow":["GET"]}}],"collection":[{"href":"http:\/\/mep.machiel.at\/de\/wp-json\/wp\/v2\/pages"}],"about":[{"href":"http:\/\/mep.machiel.at\/de\/wp-json\/wp\/v2\/types\/page"}],"author":[{"embeddable":true,"href":"http:\/\/mep.machiel.at\/de\/wp-json\/wp\/v2\/users\/1"}],"replies":[{"embeddable":true,"href":"http:\/\/mep.machiel.at\/de\/wp-json\/wp\/v2\/comments?post=799"}],"version-history":[{"count":1,"href":"http:\/\/mep.machiel.at\/de\/wp-json\/wp\/v2\/pages\/799\/revisions"}],"predecessor-version":[{"id":805,"href":"http:\/\/mep.machiel.at\/de\/wp-json\/wp\/v2\/pages\/799\/revisions\/805"}],"up":[{"embeddable":true,"href":"http:\/\/mep.machiel.at\/de\/wp-json\/wp\/v2\/pages\/54"}],"wp:attachment":[{"href":"http:\/\/mep.machiel.at\/de\/wp-json\/wp\/v2\/media?parent=799"}],"curies":[{"name":"wp","href":"https:\/\/api.w.org\/{rel}","templated":true}]}}