{"id":791,"date":"2021-04-07T15:13:48","date_gmt":"2021-04-07T13:13:48","guid":{"rendered":"http:\/\/mep.machiel.at\/?page_id=791"},"modified":"2021-04-07T15:13:48","modified_gmt":"2021-04-07T13:13:48","slug":"seitenreparatur","status":"publish","type":"page","link":"http:\/\/mep.machiel.at\/de\/wissen\/seitenreparatur\/","title":{"rendered":"Seitenreparatur"},"content":{"rendered":"<p>[vc_row row_height_percent=&#8220;50&#8243; back_image=&#8220;508&#8243; overlay_alpha=&#8220;50&#8243; gutter_size=&#8220;3&#8243; column_width_percent=&#8220;100&#8243; shift_y=&#8220;0&#8243; z_index=&#8220;0&#8243; row_height_pixel=&#8220;300&#8243;][vc_column column_width_percent=&#8220;100&#8243; position_vertical=&#8220;middle&#8220; align_horizontal=&#8220;align_center&#8220; gutter_size=&#8220;3&#8243; style=&#8220;dark&#8220; overlay_alpha=&#8220;50&#8243; shift_x=&#8220;0&#8243; shift_y=&#8220;0&#8243; shift_y_down=&#8220;0&#8243; z_index=&#8220;0&#8243; medium_width=&#8220;0&#8243; mobile_width=&#8220;0&#8243; width=&#8220;1\/1&#8243;][vc_custom_heading]<\/p>\n<h1>Seitenreparatur<\/h1>\n<p>[\/vc_custom_heading][\/vc_column][\/vc_row][vc_row][vc_column width=&#8220;1\/1&#8243;][vc_custom_heading]<\/p>\n<h2>Die L\u00e4ngsseiten eines Teppichs m\u00fcssen immer in Schuss sein<\/h2>\n<p>[\/vc_custom_heading][vc_column_text]Das\u00a0<a href=\"http:\/\/mep.machiel.at\/de\/wissen\/wie-ist-ein-teppich-aufgebaut\/\">Fundament eines Teppichs<\/a> setzt sich aus Kette und Schuss zusammen, \u00fcber welche die Florfasern eingeknotet werden. Der Schussfaden endet an den R\u00e4ndern des Teppichs und wird einges\u00e4umt, um gegen die Strapazen eines Teppichlebens gesch\u00fctzt zu sein.<\/p>\n<p>Die L\u00e4ngsseiten werden gerne auch einfach als Seiten, als Kanten, seitliche Verkn\u00fcpfungen, Verkettelung usw. bezeichnet.<\/p>\n<p>Sch\u00e4den an den Seiten z\u00e4hlen neben Fransensch\u00e4den zu den h\u00e4ufigsten Abn\u00fctzungserscheinungen eines Teppichs. Interessanterweise werden Sch\u00e4den an den R\u00e4ndern im Vergleich zu sich aufl\u00f6senden Fransen oft nicht als bedrohlich f\u00fcr die Lebensdauer des Teppichs eingesch\u00e4tzt. Tats\u00e4chlich wirkt sich dies ganz gleich aus: Sowohl der Abschlussknoten an den Fransen als auch die seitliche Verkn\u00fcpfung verhindern, dass die Knoten des Teppichs freiliegen und sich aufl\u00f6sen.[\/vc_column_text][\/vc_column][\/vc_row][vc_row][vc_column width=&#8220;1\/1&#8243;][vc_custom_heading]<\/p>\n<h2 id=\"an-den-seiten-ist-ein-teppich-am-empfindlichsten\">An den Seiten ist ein Teppich am empfindlichsten<\/h2>\n<p>[\/vc_custom_heading][vc_row_inner][vc_column_inner width=&#8220;1\/1&#8243;][vc_single_image media=&#8220;792&#8243; media_width_use_pixel=&#8220;yes&#8220; media_width_pixel=&#8220;600&#8243;][vc_column_text]Unmittelbar nach dem Kn\u00fcpfen ist der Teppich an den Seiten praktisch schutzlos. Erst die als separater Arbeitsschritt durchgef\u00fchrte Verst\u00e4rkung mit farblich und materialm\u00e4\u00dfig abgestimmtem Garn verleiht den R\u00e4ndern die Strapazf\u00e4higkeit.[\/vc_column_text][\/vc_column_inner][\/vc_row_inner][\/vc_column][\/vc_row][vc_row row_height_percent=&#8220;0&#8243; overlay_alpha=&#8220;50&#8243; gutter_size=&#8220;3&#8243; column_width_percent=&#8220;100&#8243; shift_y=&#8220;0&#8243; z_index=&#8220;0&#8243;][vc_column width=&#8220;1\/1&#8243;][vc_custom_heading]<\/p>\n<h2 id=\"bei-der-seitenreparatur-kommt-es-auf-den-arbeitsaufwand-an\">Bei der Seitenreparatur kommt es auf den Arbeitsaufwand an<\/h2>\n<p>[\/vc_custom_heading][vc_column_text]Je dicker der verwendete Garn, desto weniger Stiche ben\u00f6tigt man, um die Seiten komplett zu bedecken. Der geringere Arbeitsaufwand zeigt sich allerdings in verminderter Strapazf\u00e4higkeit. Ein dickerer Garn ist schw\u00e4cher gesponnen und somit nicht so strapazf\u00e4hig.<\/p>\n<p>Eine gute Verkettelung der R\u00e4nder ist auf die Knotendichte des Teppichs abgestimmt und f\u00e4llt zu Beginn etwas dicker als die eigentliche Teppichh\u00f6he aus, um besser auf die zuk\u00fcnftigen Belastungen vorbereitet zu sein.<\/p>\n<p>Die zumeist noch vorhandene, aber sich aufl\u00f6sende Verkettelung wird komplett entfernt und farblich als Vorlage f\u00fcr die Reparatur verwendet.[\/vc_column_text][\/vc_column][\/vc_row][vc_row row_height_percent=&#8220;0&#8243; overlay_alpha=&#8220;50&#8243; gutter_size=&#8220;3&#8243; column_width_percent=&#8220;100&#8243; shift_y=&#8220;0&#8243; z_index=&#8220;0&#8243;][vc_column width=&#8220;1\/1&#8243;][vc_custom_heading]<\/p>\n<h2 id=\"kann-man-kaputte-fransen-selbst-abschneiden\">Kann man kaputte Fransen selbst abschneiden?<\/h2>\n<p>[\/vc_custom_heading][vc_column_text]Auch wenn immer wieder jemand dazu r\u00e4t dreckige oder abgetretene Fransen einfach mit der Schere zu entfernen kann man von einem professionellen Standpunkt aus niemand dazu raten. Das Risiko dass der Teppich sich dann Reihe f\u00fcr Reihe aufl\u00f6st wird mit sinkender Fransenl\u00e4nge immer h\u00f6her.<\/p>\n<p>Vertrauen Sie in diesem Fall doch besser auf den Fachmann und geben Sie Ihre gew\u00fcnschte Fransenl\u00e4nge einfach beim erteilen des Reparaturauftrages an. Der Reparateur kann dann mit Ihnen R\u00fccksprache halten wie sich die gew\u00fcnschte L\u00e4nge l\u00e4ngerfristig auswirken wird.[\/vc_column_text][\/vc_column][\/vc_row][vc_row row_height_percent=&#8220;0&#8243; back_color=&#8220;color-109322&#8243; overlay_alpha=&#8220;50&#8243; gutter_size=&#8220;3&#8243; column_width_percent=&#8220;100&#8243; shift_y=&#8220;0&#8243; z_index=&#8220;0&#8243;][vc_column width=&#8220;1\/1&#8243;][vc_custom_heading]<\/p>\n<h2>Unser Teppichreparatur-Angebot<\/h2>\n<p>[\/vc_custom_heading][vc_column_text text_lead=&#8220;yes&#8220;]Unser Reparaturservice behandelt Ihren Teppich so, wie alle echten Teppiche schon seit hunderten von Jahren behandelt werden. Entscheidend ist es, den Teppich wiederherzustellen &#8211; m\u00f6glichst so, dass man es nicht merkt.[\/vc_column_text][vc_empty_space empty_h=&#8220;2&#8243;][vc_row_inner][vc_column_inner width=&#8220;1\/2&#8243;][uncode_list icon=&#8220;fa fa-checkmark-circle&#8220; icon_color=&#8220;color-103998&#8243; el_class=&#8220;angebot-details&#8220;]<\/p>\n<ul>\n<li>Gratis Abholung und Zustellung<\/li>\n<li>Fixpreise<\/li>\n<li>Bezahlung nach Zustellung<\/li>\n<\/ul>\n<p>[\/uncode_list][vc_button button_color=&#8220;color-103998&#8243; size=&#8220;btn-lg&#8220; hover_fx=&#8220;full-colored&#8220; border_width=&#8220;0&#8243; link=&#8220;url:http%3A%2F%2Fmep.machiel.at%2Fde%2Fteppichreparatur%2F%23angebot|title:Teppichreinigung&#8220;]ZUM REPARATURSERVICE[\/vc_button][\/vc_column_inner][vc_column_inner column_width_percent=&#8220;100&#8243; align_horizontal=&#8220;align_center&#8220; gutter_size=&#8220;3&#8243; overlay_alpha=&#8220;50&#8243; shift_x=&#8220;0&#8243; shift_y=&#8220;0&#8243; shift_y_down=&#8220;0&#8243; z_index=&#8220;0&#8243; medium_width=&#8220;0&#8243; mobile_width=&#8220;0&#8243; width=&#8220;1\/2&#8243;][vc_column_text el_class=&#8220;shadowbox&#8220;]Sie k\u00f6nnen uns auch gleich telefonisch oder per Email kontaktieren:<\/p>\n<h3>0800\u00a00700\u00a0120<\/h3>\n<p><small>(t\u00e4glich von 8 &#8211; 22 Uhr geb\u00fchrenfrei aus ganz Deutschland)<\/small><\/p>\n<p><strong><a href=\"mailto:service@meinechterperser.de\">service@meinechterperser.de<\/a><\/strong>[\/vc_column_text][\/vc_column_inner][\/vc_row_inner][\/vc_column][\/vc_row][vc_row][vc_column width=&#8220;1\/1&#8243;][vc_empty_space empty_h=&#8220;3&#8243;][\/vc_column][\/vc_row]<\/p>\n","protected":false},"excerpt":{"rendered":"<p>[vc_row row_height_percent=&#8220;50&#8243; back_image=&#8220;508&#8243; overlay_alpha=&#8220;50&#8243; gutter_size=&#8220;3&#8243; column_width_percent=&#8220;100&#8243; shift_y=&#8220;0&#8243; z_index=&#8220;0&#8243; row_height_pixel=&#8220;300&#8243;][vc_column column_width_percent=&#8220;100&#8243; position_vertical=&#8220;middle&#8220; align_horizontal=&#8220;align_center&#8220; gutter_size=&#8220;3&#8243; style=&#8220;dark&#8220; overlay_alpha=&#8220;50&#8243; shift_x=&#8220;0&#8243; shift_y=&#8220;0&#8243; shift_y_down=&#8220;0&#8243; z_index=&#8220;0&#8243; medium_width=&#8220;0&#8243; [&hellip;]<\/p>\n","protected":false},"author":1,"featured_media":0,"parent":54,"menu_order":0,"comment_status":"closed","ping_status":"closed","template":"","meta":{"footnotes":""},"class_list":["post-791","page","type-page","status-publish","hentry"],"yoast_head":"<!-- This site is optimized with the Yoast SEO plugin v27.3 - https:\/\/yoast.com\/product\/yoast-seo-wordpress\/ -->\n<title>Seitenreparatur - Mein echter Perser<\/title>\n<meta name=\"robots\" content=\"index, follow, max-snippet:-1, max-image-preview:large, max-video-preview:-1\" \/>\n<link rel=\"canonical\" href=\"http:\/\/mep.machiel.at\/de\/wissen\/seitenreparatur\/\" \/>\n<meta property=\"og:locale\" content=\"de_DE\" \/>\n<meta property=\"og:type\" content=\"article\" \/>\n<meta property=\"og:title\" content=\"Seitenreparatur - Mein echter Perser\" \/>\n<meta property=\"og:description\" content=\"[vc_row row_height_percent=&#8220;50&#8243; back_image=&#8220;508&#8243; overlay_alpha=&#8220;50&#8243; gutter_size=&#8220;3&#8243; column_width_percent=&#8220;100&#8243; shift_y=&#8220;0&#8243; z_index=&#8220;0&#8243; row_height_pixel=&#8220;300&#8243;][vc_column column_width_percent=&#8220;100&#8243; position_vertical=&#8220;middle&#8220; align_horizontal=&#8220;align_center&#8220; gutter_size=&#8220;3&#8243; style=&#8220;dark&#8220; overlay_alpha=&#8220;50&#8243; shift_x=&#8220;0&#8243; shift_y=&#8220;0&#8243; shift_y_down=&#8220;0&#8243; z_index=&#8220;0&#8243; medium_width=&#8220;0&#8243; [&hellip;]\" \/>\n<meta property=\"og:url\" content=\"http:\/\/mep.machiel.at\/de\/wissen\/seitenreparatur\/\" \/>\n<meta property=\"og:site_name\" content=\"Mein echter Perser\" \/>\n<meta name=\"twitter:card\" content=\"summary_large_image\" \/>\n<meta name=\"twitter:label1\" content=\"Gesch\u00e4tzte Lesezeit\" \/>\n\t<meta name=\"twitter:data1\" content=\"4\u00a0Minuten\" \/>\n<script type=\"application\/ld+json\" class=\"yoast-schema-graph\">{\"@context\":\"https:\\\/\\\/schema.org\",\"@graph\":[{\"@type\":\"WebPage\",\"@id\":\"http:\\\/\\\/mep.machiel.at\\\/de\\\/wissen\\\/seitenreparatur\\\/\",\"url\":\"http:\\\/\\\/mep.machiel.at\\\/de\\\/wissen\\\/seitenreparatur\\\/\",\"name\":\"Seitenreparatur - Mein echter Perser\",\"isPartOf\":{\"@id\":\"http:\\\/\\\/mep.machiel.at\\\/de\\\/#website\"},\"datePublished\":\"2021-04-07T13:13:48+00:00\",\"breadcrumb\":{\"@id\":\"http:\\\/\\\/mep.machiel.at\\\/de\\\/wissen\\\/seitenreparatur\\\/#breadcrumb\"},\"inLanguage\":\"de\",\"potentialAction\":[{\"@type\":\"ReadAction\",\"target\":[\"http:\\\/\\\/mep.machiel.at\\\/de\\\/wissen\\\/seitenreparatur\\\/\"]}]},{\"@type\":\"BreadcrumbList\",\"@id\":\"http:\\\/\\\/mep.machiel.at\\\/de\\\/wissen\\\/seitenreparatur\\\/#breadcrumb\",\"itemListElement\":[{\"@type\":\"ListItem\",\"position\":1,\"name\":\"Startseite\",\"item\":\"http:\\\/\\\/mep.machiel.at\\\/de\\\/\"},{\"@type\":\"ListItem\",\"position\":2,\"name\":\"Wissen\",\"item\":\"http:\\\/\\\/mep.machiel.at\\\/de\\\/wissen\\\/\"},{\"@type\":\"ListItem\",\"position\":3,\"name\":\"Seitenreparatur\"}]},{\"@type\":\"WebSite\",\"@id\":\"http:\\\/\\\/mep.machiel.at\\\/de\\\/#website\",\"url\":\"http:\\\/\\\/mep.machiel.at\\\/de\\\/\",\"name\":\"Mein echter Perser\",\"description\":\"Teppichreparatur, Teppichreinigung, Wertgutachten\",\"potentialAction\":[{\"@type\":\"SearchAction\",\"target\":{\"@type\":\"EntryPoint\",\"urlTemplate\":\"http:\\\/\\\/mep.machiel.at\\\/de\\\/?s={search_term_string}\"},\"query-input\":{\"@type\":\"PropertyValueSpecification\",\"valueRequired\":true,\"valueName\":\"search_term_string\"}}],\"inLanguage\":\"de\"}]}<\/script>\n<!-- \/ Yoast SEO plugin. -->","yoast_head_json":{"title":"Seitenreparatur - Mein echter Perser","robots":{"index":"index","follow":"follow","max-snippet":"max-snippet:-1","max-image-preview":"max-image-preview:large","max-video-preview":"max-video-preview:-1"},"canonical":"http:\/\/mep.machiel.at\/de\/wissen\/seitenreparatur\/","og_locale":"de_DE","og_type":"article","og_title":"Seitenreparatur - Mein echter Perser","og_description":"[vc_row row_height_percent=&#8220;50&#8243; back_image=&#8220;508&#8243; overlay_alpha=&#8220;50&#8243; gutter_size=&#8220;3&#8243; column_width_percent=&#8220;100&#8243; shift_y=&#8220;0&#8243; z_index=&#8220;0&#8243; row_height_pixel=&#8220;300&#8243;][vc_column column_width_percent=&#8220;100&#8243; position_vertical=&#8220;middle&#8220; align_horizontal=&#8220;align_center&#8220; gutter_size=&#8220;3&#8243; style=&#8220;dark&#8220; overlay_alpha=&#8220;50&#8243; shift_x=&#8220;0&#8243; shift_y=&#8220;0&#8243; shift_y_down=&#8220;0&#8243; z_index=&#8220;0&#8243; medium_width=&#8220;0&#8243; [&hellip;]","og_url":"http:\/\/mep.machiel.at\/de\/wissen\/seitenreparatur\/","og_site_name":"Mein echter Perser","twitter_card":"summary_large_image","twitter_misc":{"Gesch\u00e4tzte Lesezeit":"4\u00a0Minuten"},"schema":{"@context":"https:\/\/schema.org","@graph":[{"@type":"WebPage","@id":"http:\/\/mep.machiel.at\/de\/wissen\/seitenreparatur\/","url":"http:\/\/mep.machiel.at\/de\/wissen\/seitenreparatur\/","name":"Seitenreparatur - Mein echter Perser","isPartOf":{"@id":"http:\/\/mep.machiel.at\/de\/#website"},"datePublished":"2021-04-07T13:13:48+00:00","breadcrumb":{"@id":"http:\/\/mep.machiel.at\/de\/wissen\/seitenreparatur\/#breadcrumb"},"inLanguage":"de","potentialAction":[{"@type":"ReadAction","target":["http:\/\/mep.machiel.at\/de\/wissen\/seitenreparatur\/"]}]},{"@type":"BreadcrumbList","@id":"http:\/\/mep.machiel.at\/de\/wissen\/seitenreparatur\/#breadcrumb","itemListElement":[{"@type":"ListItem","position":1,"name":"Startseite","item":"http:\/\/mep.machiel.at\/de\/"},{"@type":"ListItem","position":2,"name":"Wissen","item":"http:\/\/mep.machiel.at\/de\/wissen\/"},{"@type":"ListItem","position":3,"name":"Seitenreparatur"}]},{"@type":"WebSite","@id":"http:\/\/mep.machiel.at\/de\/#website","url":"http:\/\/mep.machiel.at\/de\/","name":"Mein echter Perser","description":"Teppichreparatur, Teppichreinigung, Wertgutachten","potentialAction":[{"@type":"SearchAction","target":{"@type":"EntryPoint","urlTemplate":"http:\/\/mep.machiel.at\/de\/?s={search_term_string}"},"query-input":{"@type":"PropertyValueSpecification","valueRequired":true,"valueName":"search_term_string"}}],"inLanguage":"de"}]}},"_links":{"self":[{"href":"http:\/\/mep.machiel.at\/de\/wp-json\/wp\/v2\/pages\/791","targetHints":{"allow":["GET"]}}],"collection":[{"href":"http:\/\/mep.machiel.at\/de\/wp-json\/wp\/v2\/pages"}],"about":[{"href":"http:\/\/mep.machiel.at\/de\/wp-json\/wp\/v2\/types\/page"}],"author":[{"embeddable":true,"href":"http:\/\/mep.machiel.at\/de\/wp-json\/wp\/v2\/users\/1"}],"replies":[{"embeddable":true,"href":"http:\/\/mep.machiel.at\/de\/wp-json\/wp\/v2\/comments?post=791"}],"version-history":[{"count":1,"href":"http:\/\/mep.machiel.at\/de\/wp-json\/wp\/v2\/pages\/791\/revisions"}],"predecessor-version":[{"id":797,"href":"http:\/\/mep.machiel.at\/de\/wp-json\/wp\/v2\/pages\/791\/revisions\/797"}],"up":[{"embeddable":true,"href":"http:\/\/mep.machiel.at\/de\/wp-json\/wp\/v2\/pages\/54"}],"wp:attachment":[{"href":"http:\/\/mep.machiel.at\/de\/wp-json\/wp\/v2\/media?parent=791"}],"curies":[{"name":"wp","href":"https:\/\/api.w.org\/{rel}","templated":true}]}}