{"id":779,"date":"2021-04-07T15:05:42","date_gmt":"2021-04-07T13:05:42","guid":{"rendered":"http:\/\/mep.machiel.at\/?page_id=779"},"modified":"2021-04-07T15:09:17","modified_gmt":"2021-04-07T13:09:17","slug":"fransenreparatur","status":"publish","type":"page","link":"http:\/\/mep.machiel.at\/de\/wissen\/fransenreparatur\/","title":{"rendered":"Fransenreparatur"},"content":{"rendered":"<p>[vc_row row_height_percent=&#8220;50&#8243; back_image=&#8220;508&#8243; overlay_alpha=&#8220;50&#8243; gutter_size=&#8220;3&#8243; column_width_percent=&#8220;100&#8243; shift_y=&#8220;0&#8243; z_index=&#8220;0&#8243; row_height_pixel=&#8220;300&#8243;][vc_column column_width_percent=&#8220;100&#8243; position_vertical=&#8220;middle&#8220; align_horizontal=&#8220;align_center&#8220; gutter_size=&#8220;3&#8243; style=&#8220;dark&#8220; overlay_alpha=&#8220;50&#8243; shift_x=&#8220;0&#8243; shift_y=&#8220;0&#8243; shift_y_down=&#8220;0&#8243; z_index=&#8220;0&#8243; medium_width=&#8220;0&#8243; mobile_width=&#8220;0&#8243; width=&#8220;1\/1&#8243;][vc_custom_heading]<\/p>\n<h1>Fransenreparatur<\/h1>\n<p>[\/vc_custom_heading][\/vc_column][\/vc_row][vc_row][vc_column width=&#8220;1\/1&#8243;][vc_custom_heading]<\/p>\n<h2>Fransen: Die F\u00e4den an denen das Leben Ihres Persers h\u00e4ngt<\/h2>\n<p>[\/vc_custom_heading][vc_column_text]Das\u00a0<a href=\"http:\/\/mep.machiel.at\/de\/wissen\/wie-ist-ein-teppich-aufgebaut\/\">Fundament eines Teppichs<\/a>\u00a0setzt sich aus Kette und Schuss zusammen, \u00fcber welche die Florfasern eingeknotet werden. Die frei herauslaufenden Kettf\u00e4den bilden die Fransen.<\/p>\n<p>Fransensch\u00e4den z\u00e4hlen neben Sch\u00e4den an den L\u00e4ngsseiten zu den h\u00e4ufigsten Abn\u00fctzungserscheinungen eines Teppichs. Noch schneller als durch gew\u00f6hnliche Abnutzung werden Fransen h\u00e4ufig durch an den Fransen zerrende Katzen und Staubsauger mit rotierenden B\u00fcrsten verk\u00fcrzt.[\/vc_column_text][\/vc_column][\/vc_row][vc_row][vc_column width=&#8220;1\/1&#8243;][vc_custom_heading]<\/p>\n<h2 id=\"fransen-haben-wichtige-aufgaben\">Fransen haben wichtige Aufgaben<\/h2>\n<p>[\/vc_custom_heading][vc_row_inner][vc_column_inner width=&#8220;1\/1&#8243;][vc_single_image media=&#8220;780&#8243; media_width_use_pixel=&#8220;yes&#8220; media_width_pixel=&#8220;600&#8243;][vc_column_text]Abgetretene Fransen lassen den Teppich nicht nur alt aussehen, viel entscheidender ist, dass Fransen dem Teppich Lebensdauer verleihen:[\/vc_column_text][vc_column_text]<\/p>\n<ol>\n<li>Sie sind dazu da, um den H\u00f6henunterschied zwischen Boden und Flor mit einer Zwischenstufe abzuflachen. Dadurch wird der Teppich auf den Fransenseiten weniger abgenutzt, als es der Fall w\u00e4re, wenn es keine Fransen g\u00e4be. Hierbei ist eine L\u00e4nge von 2 &#8211; 4 cm optimal. W\u00e4ren sie k\u00fcrzer, w\u00e4re der Ausgleich der H\u00f6he zu schwach; wenn sie l\u00e4nger sind, bilden sie selbst Angriffsfl\u00e4che um ausgerissen zu werden.<\/li>\n<li>Die aus dem Teppich herausragenden Fransenf\u00e4den werden dazu genutzt, um an Ihrem Ursprung &#8211; entlang der letzten Knotenreihe des Teppichs &#8211; Sperrknoten einzuziehen, welche den Teppich abschlie\u00dfen und ihn davor bewahren, dass sich Knoten \u00f6ffnen.<\/li>\n<li>So modisch nicht vorhandene Fransen (meist werden diese unter den Teppich hineingen\u00e4ht) auch geworden sind, vom Standpunkt der Lebensdauer sind zumindest 2 cm lange Fransen sehr n\u00fctzlich.<\/li>\n<\/ol>\n<p>[\/vc_column_text][\/vc_column_inner][\/vc_row_inner][\/vc_column][\/vc_row][vc_row row_height_percent=&#8220;0&#8243; overlay_alpha=&#8220;50&#8243; gutter_size=&#8220;3&#8243; column_width_percent=&#8220;100&#8243; shift_y=&#8220;0&#8243; z_index=&#8220;0&#8243; shape_dividers=&#8220;&#8220;][vc_column width=&#8220;1\/1&#8243;][vc_custom_heading]<\/p>\n<h2 id=\"fransenreparatur-ist-nicht-gleich-fransenrestauration\">Fransenreparatur ist nicht gleich Fransenrestauration<\/h2>\n<p>[\/vc_custom_heading][vc_column_text]Traditionell unterscheidet man die Fransenreparatur und die -restauration, welche sich im Arbeitsaufwand deutlich unterscheiden:[\/vc_column_text][vc_column_text text_lead=&#8220;yes&#8220;]<\/p>\n<ol>\n<li>Bei der g\u00e4ngigsten Variante, verk\u00fcrzte Fransen zu reparieren, wird der Teppich an der Fransenseite um soviele Knotenreihen aufgel\u00f6st, bis wieder ausreichend Kettf\u00e4den (mind.1,5 cm) aus dem Teppichfundament heraus freigelegt sind. Entlang der letzten vorhandenen Knotenreihe wird ein Sperrknoten aus hochverdichteter Baumwolle eingezogen. Anschlie\u00dfend werden die Fransen auf die L\u00e4nge der k\u00fcrzesten vorhanden Franse gleichgeschnitten.Hier wird der Teppich allerdings um besagte mind. 2 cm auf jeder Fransenseite k\u00fcrzer. Um m\u00f6glichst nicht das gekn\u00fcpfte Muster zu st\u00f6ren, verf\u00fcgen Perserteppiche in der Regel \u00fcber einen gewebten Teil, der zwischen Fransen und Teppich liegt. Dieser ist meistens lang genug, um f\u00fcr eine Fransenreparatur ausreichend Material preiszugeben. H\u00e4ufig gibt es auch noch am eigentlichen Teppich eine Farbe, die in mehreren Knotenreihen um den Teppich heruml\u00e4uft. Diese kann auch \u201cangeknabbert\u201d werden, um neues Fransenmaterial freizulegen. Falls gar keine Reserve \u00fcbrig ist, muss das Muster im Ausma\u00df der ben\u00f6tigten Knotenreihen aufgel\u00f6st werden.<\/li>\n<li>Bei besonders wertvollen zumeist Seiden- aber auch Wollteppichen wird traditionell eine Fransenrestauration vorgenommen. Dabei werden in gekonnter Handarbeit originalgetreue Fransenfasern in der jeweils vorgegebenen Dichte in den Teppich bis zu 10 cm weit hineingen\u00e4ht. Zuletzt wird wieder ein Sperrknoten eingezogen. Die Fransen k\u00f6nnen hierbei in beliebiger L\u00e4nge ausgef\u00fchrt werden.<\/li>\n<li>Da hierdurch die neuen Fransen ein Teil des alten Teppichs werden, kann &#8211; bei entsprechend ausgef\u00fchrter Arbeit &#8211; auch ein Fachmann die Restauration vom Original nicht unterscheiden.<\/li>\n<\/ol>\n<p>[\/vc_column_text][\/vc_column][\/vc_row][vc_row row_height_percent=&#8220;0&#8243; overlay_alpha=&#8220;50&#8243; gutter_size=&#8220;3&#8243; column_width_percent=&#8220;100&#8243; shift_y=&#8220;0&#8243; z_index=&#8220;0&#8243; shape_dividers=&#8220;&#8220;][vc_column width=&#8220;1\/1&#8243;][vc_custom_heading]<\/p>\n<h2 id=\"kann-man-kaputte-fransen-selbst-abschneiden\">Kann man kaputte Fransen selbst abschneiden?<\/h2>\n<p>[\/vc_custom_heading][vc_column_text]Auch wenn immer wieder jemand dazu r\u00e4t dreckige oder abgetretene Fransen einfach mit der Schere zu entfernen kann man von einem professionellen Standpunkt aus niemand dazu raten. Das Risiko dass der Teppich sich dann Reihe f\u00fcr Reihe aufl\u00f6st wird mit sinkender Fransenl\u00e4nge immer h\u00f6her.<\/p>\n<p>Vertrauen Sie in diesem Fall doch besser auf den Fachmann und geben Sie Ihre gew\u00fcnschte Fransenl\u00e4nge einfach beim erteilen des Reparaturauftrages an. Der Reparateur kann dann mit Ihnen R\u00fccksprache halten wie sich die gew\u00fcnschte L\u00e4nge l\u00e4ngerfristig auswirken wird.[\/vc_column_text][\/vc_column][\/vc_row][vc_row row_height_percent=&#8220;0&#8243; back_color=&#8220;color-109322&#8243; overlay_alpha=&#8220;50&#8243; gutter_size=&#8220;3&#8243; column_width_percent=&#8220;100&#8243; shift_y=&#8220;0&#8243; z_index=&#8220;0&#8243;][vc_column width=&#8220;1\/1&#8243;][vc_custom_heading]<\/p>\n<h2>Unser Teppichreparatur-Angebot<\/h2>\n<p>[\/vc_custom_heading][vc_column_text text_lead=&#8220;yes&#8220;]Unser Reparaturservice behandelt Ihren Teppich so, wie alle echten Teppiche schon seit hunderten von Jahren behandelt werden. Entscheidend ist es, den Teppich wiederherzustellen &#8211; m\u00f6glichst so, dass man es nicht merkt.[\/vc_column_text][vc_empty_space empty_h=&#8220;2&#8243;][vc_row_inner][vc_column_inner width=&#8220;1\/2&#8243;][uncode_list icon=&#8220;fa fa-checkmark-circle&#8220; icon_color=&#8220;color-103998&#8243; el_class=&#8220;angebot-details&#8220;]<\/p>\n<ul>\n<li>Gratis Abholung und Zustellung<\/li>\n<li>Fixpreise<\/li>\n<li>Bezahlung nach Zustellung<\/li>\n<\/ul>\n<p>[\/uncode_list][vc_button button_color=&#8220;color-103998&#8243; size=&#8220;btn-lg&#8220; hover_fx=&#8220;full-colored&#8220; border_width=&#8220;0&#8243; link=&#8220;url:http%3A%2F%2Fmep.machiel.at%2Fde%2Fteppichreparatur%2F%23angebot|title:Teppichreinigung&#8220;]ZUM REPARATURSERVICE[\/vc_button][\/vc_column_inner][vc_column_inner column_width_percent=&#8220;100&#8243; align_horizontal=&#8220;align_center&#8220; gutter_size=&#8220;3&#8243; overlay_alpha=&#8220;50&#8243; shift_x=&#8220;0&#8243; shift_y=&#8220;0&#8243; shift_y_down=&#8220;0&#8243; z_index=&#8220;0&#8243; medium_width=&#8220;0&#8243; mobile_width=&#8220;0&#8243; width=&#8220;1\/2&#8243;][vc_column_text el_class=&#8220;shadowbox&#8220;]Sie k\u00f6nnen uns auch gleich telefonisch oder per Email kontaktieren:<\/p>\n<h3>0800\u00a00700\u00a0120<\/h3>\n<p><small>(t\u00e4glich von 9 &#8211; 18 Uhr geb\u00fchrenfrei aus ganz Deutschland)<\/small><\/p>\n<p><strong><a href=\"mailto:service@meinechterperser.de\">service@meinechterperser.de<\/a><\/strong>[\/vc_column_text][\/vc_column_inner][\/vc_row_inner][\/vc_column][\/vc_row][vc_row][vc_column width=&#8220;1\/1&#8243;][vc_empty_space empty_h=&#8220;3&#8243;][\/vc_column][\/vc_row]<\/p>\n","protected":false},"excerpt":{"rendered":"<p>[vc_row row_height_percent=&#8220;50&#8243; back_image=&#8220;508&#8243; overlay_alpha=&#8220;50&#8243; gutter_size=&#8220;3&#8243; column_width_percent=&#8220;100&#8243; shift_y=&#8220;0&#8243; z_index=&#8220;0&#8243; row_height_pixel=&#8220;300&#8243;][vc_column column_width_percent=&#8220;100&#8243; position_vertical=&#8220;middle&#8220; align_horizontal=&#8220;align_center&#8220; gutter_size=&#8220;3&#8243; style=&#8220;dark&#8220; overlay_alpha=&#8220;50&#8243; shift_x=&#8220;0&#8243; shift_y=&#8220;0&#8243; shift_y_down=&#8220;0&#8243; z_index=&#8220;0&#8243; medium_width=&#8220;0&#8243; [&hellip;]<\/p>\n","protected":false},"author":1,"featured_media":0,"parent":54,"menu_order":0,"comment_status":"closed","ping_status":"closed","template":"","meta":{"footnotes":""},"class_list":["post-779","page","type-page","status-publish","hentry"],"yoast_head":"<!-- This site is optimized with the Yoast SEO plugin v27.3 - https:\/\/yoast.com\/product\/yoast-seo-wordpress\/ -->\n<title>Fransenreparatur - Mein echter Perser<\/title>\n<meta name=\"robots\" content=\"index, follow, max-snippet:-1, max-image-preview:large, max-video-preview:-1\" \/>\n<link rel=\"canonical\" href=\"http:\/\/mep.machiel.at\/de\/wissen\/fransenreparatur\/\" \/>\n<meta property=\"og:locale\" content=\"de_DE\" \/>\n<meta property=\"og:type\" content=\"article\" \/>\n<meta property=\"og:title\" content=\"Fransenreparatur - Mein echter Perser\" \/>\n<meta property=\"og:description\" content=\"[vc_row row_height_percent=&#8220;50&#8243; back_image=&#8220;508&#8243; overlay_alpha=&#8220;50&#8243; gutter_size=&#8220;3&#8243; column_width_percent=&#8220;100&#8243; shift_y=&#8220;0&#8243; z_index=&#8220;0&#8243; row_height_pixel=&#8220;300&#8243;][vc_column column_width_percent=&#8220;100&#8243; position_vertical=&#8220;middle&#8220; align_horizontal=&#8220;align_center&#8220; gutter_size=&#8220;3&#8243; style=&#8220;dark&#8220; overlay_alpha=&#8220;50&#8243; shift_x=&#8220;0&#8243; shift_y=&#8220;0&#8243; shift_y_down=&#8220;0&#8243; z_index=&#8220;0&#8243; medium_width=&#8220;0&#8243; [&hellip;]\" \/>\n<meta property=\"og:url\" content=\"http:\/\/mep.machiel.at\/de\/wissen\/fransenreparatur\/\" \/>\n<meta property=\"og:site_name\" content=\"Mein echter Perser\" \/>\n<meta property=\"article:modified_time\" content=\"2021-04-07T13:09:17+00:00\" \/>\n<meta name=\"twitter:card\" content=\"summary_large_image\" \/>\n<meta name=\"twitter:label1\" content=\"Gesch\u00e4tzte Lesezeit\" \/>\n\t<meta name=\"twitter:data1\" content=\"5\u00a0Minuten\" \/>\n<script type=\"application\/ld+json\" class=\"yoast-schema-graph\">{\"@context\":\"https:\\\/\\\/schema.org\",\"@graph\":[{\"@type\":\"WebPage\",\"@id\":\"http:\\\/\\\/mep.machiel.at\\\/de\\\/wissen\\\/fransenreparatur\\\/\",\"url\":\"http:\\\/\\\/mep.machiel.at\\\/de\\\/wissen\\\/fransenreparatur\\\/\",\"name\":\"Fransenreparatur - Mein echter Perser\",\"isPartOf\":{\"@id\":\"http:\\\/\\\/mep.machiel.at\\\/de\\\/#website\"},\"datePublished\":\"2021-04-07T13:05:42+00:00\",\"dateModified\":\"2021-04-07T13:09:17+00:00\",\"breadcrumb\":{\"@id\":\"http:\\\/\\\/mep.machiel.at\\\/de\\\/wissen\\\/fransenreparatur\\\/#breadcrumb\"},\"inLanguage\":\"de\",\"potentialAction\":[{\"@type\":\"ReadAction\",\"target\":[\"http:\\\/\\\/mep.machiel.at\\\/de\\\/wissen\\\/fransenreparatur\\\/\"]}]},{\"@type\":\"BreadcrumbList\",\"@id\":\"http:\\\/\\\/mep.machiel.at\\\/de\\\/wissen\\\/fransenreparatur\\\/#breadcrumb\",\"itemListElement\":[{\"@type\":\"ListItem\",\"position\":1,\"name\":\"Startseite\",\"item\":\"http:\\\/\\\/mep.machiel.at\\\/de\\\/\"},{\"@type\":\"ListItem\",\"position\":2,\"name\":\"Wissen\",\"item\":\"http:\\\/\\\/mep.machiel.at\\\/de\\\/wissen\\\/\"},{\"@type\":\"ListItem\",\"position\":3,\"name\":\"Fransenreparatur\"}]},{\"@type\":\"WebSite\",\"@id\":\"http:\\\/\\\/mep.machiel.at\\\/de\\\/#website\",\"url\":\"http:\\\/\\\/mep.machiel.at\\\/de\\\/\",\"name\":\"Mein echter Perser\",\"description\":\"Teppichreparatur, Teppichreinigung, Wertgutachten\",\"potentialAction\":[{\"@type\":\"SearchAction\",\"target\":{\"@type\":\"EntryPoint\",\"urlTemplate\":\"http:\\\/\\\/mep.machiel.at\\\/de\\\/?s={search_term_string}\"},\"query-input\":{\"@type\":\"PropertyValueSpecification\",\"valueRequired\":true,\"valueName\":\"search_term_string\"}}],\"inLanguage\":\"de\"}]}<\/script>\n<!-- \/ Yoast SEO plugin. -->","yoast_head_json":{"title":"Fransenreparatur - Mein echter Perser","robots":{"index":"index","follow":"follow","max-snippet":"max-snippet:-1","max-image-preview":"max-image-preview:large","max-video-preview":"max-video-preview:-1"},"canonical":"http:\/\/mep.machiel.at\/de\/wissen\/fransenreparatur\/","og_locale":"de_DE","og_type":"article","og_title":"Fransenreparatur - Mein echter Perser","og_description":"[vc_row row_height_percent=&#8220;50&#8243; back_image=&#8220;508&#8243; overlay_alpha=&#8220;50&#8243; gutter_size=&#8220;3&#8243; column_width_percent=&#8220;100&#8243; shift_y=&#8220;0&#8243; z_index=&#8220;0&#8243; row_height_pixel=&#8220;300&#8243;][vc_column column_width_percent=&#8220;100&#8243; position_vertical=&#8220;middle&#8220; align_horizontal=&#8220;align_center&#8220; gutter_size=&#8220;3&#8243; style=&#8220;dark&#8220; overlay_alpha=&#8220;50&#8243; shift_x=&#8220;0&#8243; shift_y=&#8220;0&#8243; shift_y_down=&#8220;0&#8243; z_index=&#8220;0&#8243; medium_width=&#8220;0&#8243; [&hellip;]","og_url":"http:\/\/mep.machiel.at\/de\/wissen\/fransenreparatur\/","og_site_name":"Mein echter Perser","article_modified_time":"2021-04-07T13:09:17+00:00","twitter_card":"summary_large_image","twitter_misc":{"Gesch\u00e4tzte Lesezeit":"5\u00a0Minuten"},"schema":{"@context":"https:\/\/schema.org","@graph":[{"@type":"WebPage","@id":"http:\/\/mep.machiel.at\/de\/wissen\/fransenreparatur\/","url":"http:\/\/mep.machiel.at\/de\/wissen\/fransenreparatur\/","name":"Fransenreparatur - Mein echter Perser","isPartOf":{"@id":"http:\/\/mep.machiel.at\/de\/#website"},"datePublished":"2021-04-07T13:05:42+00:00","dateModified":"2021-04-07T13:09:17+00:00","breadcrumb":{"@id":"http:\/\/mep.machiel.at\/de\/wissen\/fransenreparatur\/#breadcrumb"},"inLanguage":"de","potentialAction":[{"@type":"ReadAction","target":["http:\/\/mep.machiel.at\/de\/wissen\/fransenreparatur\/"]}]},{"@type":"BreadcrumbList","@id":"http:\/\/mep.machiel.at\/de\/wissen\/fransenreparatur\/#breadcrumb","itemListElement":[{"@type":"ListItem","position":1,"name":"Startseite","item":"http:\/\/mep.machiel.at\/de\/"},{"@type":"ListItem","position":2,"name":"Wissen","item":"http:\/\/mep.machiel.at\/de\/wissen\/"},{"@type":"ListItem","position":3,"name":"Fransenreparatur"}]},{"@type":"WebSite","@id":"http:\/\/mep.machiel.at\/de\/#website","url":"http:\/\/mep.machiel.at\/de\/","name":"Mein echter Perser","description":"Teppichreparatur, Teppichreinigung, Wertgutachten","potentialAction":[{"@type":"SearchAction","target":{"@type":"EntryPoint","urlTemplate":"http:\/\/mep.machiel.at\/de\/?s={search_term_string}"},"query-input":{"@type":"PropertyValueSpecification","valueRequired":true,"valueName":"search_term_string"}}],"inLanguage":"de"}]}},"_links":{"self":[{"href":"http:\/\/mep.machiel.at\/de\/wp-json\/wp\/v2\/pages\/779","targetHints":{"allow":["GET"]}}],"collection":[{"href":"http:\/\/mep.machiel.at\/de\/wp-json\/wp\/v2\/pages"}],"about":[{"href":"http:\/\/mep.machiel.at\/de\/wp-json\/wp\/v2\/types\/page"}],"author":[{"embeddable":true,"href":"http:\/\/mep.machiel.at\/de\/wp-json\/wp\/v2\/users\/1"}],"replies":[{"embeddable":true,"href":"http:\/\/mep.machiel.at\/de\/wp-json\/wp\/v2\/comments?post=779"}],"version-history":[{"count":5,"href":"http:\/\/mep.machiel.at\/de\/wp-json\/wp\/v2\/pages\/779\/revisions"}],"predecessor-version":[{"id":789,"href":"http:\/\/mep.machiel.at\/de\/wp-json\/wp\/v2\/pages\/779\/revisions\/789"}],"up":[{"embeddable":true,"href":"http:\/\/mep.machiel.at\/de\/wp-json\/wp\/v2\/pages\/54"}],"wp:attachment":[{"href":"http:\/\/mep.machiel.at\/de\/wp-json\/wp\/v2\/media?parent=779"}],"curies":[{"name":"wp","href":"https:\/\/api.w.org\/{rel}","templated":true}]}}