{"id":765,"date":"2021-04-07T15:00:47","date_gmt":"2021-04-07T13:00:47","guid":{"rendered":"http:\/\/mep.machiel.at\/?page_id=765"},"modified":"2021-04-07T15:02:35","modified_gmt":"2021-04-07T13:02:35","slug":"teppich-verkaufen","status":"publish","type":"page","link":"http:\/\/mep.machiel.at\/de\/wissen\/teppich-verkaufen\/","title":{"rendered":"Teppich verkaufen"},"content":{"rendered":"<p>[vc_row row_height_percent=&#8220;50&#8243; back_image=&#8220;508&#8243; overlay_alpha=&#8220;50&#8243; gutter_size=&#8220;3&#8243; column_width_percent=&#8220;100&#8243; shift_y=&#8220;0&#8243; z_index=&#8220;0&#8243; row_height_pixel=&#8220;300&#8243;][vc_column column_width_percent=&#8220;100&#8243; position_vertical=&#8220;middle&#8220; align_horizontal=&#8220;align_center&#8220; gutter_size=&#8220;3&#8243; style=&#8220;dark&#8220; overlay_alpha=&#8220;50&#8243; shift_x=&#8220;0&#8243; shift_y=&#8220;0&#8243; shift_y_down=&#8220;0&#8243; z_index=&#8220;0&#8243; medium_width=&#8220;0&#8243; mobile_width=&#8220;0&#8243; width=&#8220;1\/1&#8243;][vc_custom_heading]<\/p>\n<h1>Wie verkaufe ich einen Teppich?<\/h1>\n<p>[\/vc_custom_heading][\/vc_column][\/vc_row][vc_row][vc_column width=&#8220;1\/1&#8243;][vc_custom_heading]<\/p>\n<h2 id=\"ist-mein-teppich-wertvoller-geworden\">Ist mein Teppich wertvoller geworden?<\/h2>\n<p>[\/vc_custom_heading][vc_column_text]Teppiche wurden und werden gerne unter dem genehmen Vorwand der Wertanlage verkauft. Dies stimmt nur bedingt. Es kann nicht allgemein gesagt werden, dass echte Perser \u00fcber die Zeit Ihren Wert erhalten oder gar wertvoller werden. Mit anderen Worten: Nicht jeder Perserteppich hat das Zeug zum Museumsst\u00fcck. Allerdings erm\u00f6glicht die lange Lebensdauer von mehreren hundert Jahren bei h\u00e4uslichem Gebrauch zumindest einen gewissen Werterhalt \u00fcber eine sehr lange Zeit. Und das kann eine Couch definitiv nicht von sich behaupten.[\/vc_column_text][\/vc_column][\/vc_row][vc_row][vc_column width=&#8220;1\/1&#8243;][vc_custom_heading]<\/p>\n<h2 id=\"hnliche-teppiche-mit-unterschiedlichen-marktpreisen\">\u00c4hnliche Teppiche mit unterschiedlichen Marktpreisen<\/h2>\n<p>[\/vc_custom_heading][vc_column_text]Auch wenn der Laie mit etwas Wissen neue Teppiche gut einsch\u00e4tzen kann sind bei alten oder gar antiken Teppichen oft gro\u00dfe Preisunterschiede m\u00f6glich, wie zB: bei diesen beiden St\u00fccken aus unserem Sortiment.[\/vc_column_text][vc_row_inner][vc_column_inner width=&#8220;1\/2&#8243;][vc_single_image media=&#8220;766&#8243; media_width_use_pixel=&#8220;yes&#8220; media_width_pixel=&#8220;500&#8243;][vc_column_text]Hier ein Gharebagh aus der Mitte des 19. Jahrhunderts aus famili\u00e4rer Produktion in einwandfreiem Zustand. Bei einer Auktion w\u00fcrde hier ein Sch\u00e4tzwert von rund \u20ac 12.000,- angesetzt werden.[\/vc_column_text][\/vc_column_inner][vc_column_inner width=&#8220;1\/2&#8243;][vc_single_image media=&#8220;771&#8243; media_width_use_pixel=&#8220;yes&#8220; media_width_pixel=&#8220;500&#8243;][vc_column_text]Ein durchaus ansehnlicher Belutsch mit handversponnener Schafwolle. Neu und f\u00fcr den Export produziert in standardisierter Produktion. Bei uns aktuell f\u00fcr \u20ac 450,- zu haben.[\/vc_column_text][\/vc_column_inner][\/vc_row_inner][\/vc_column][\/vc_row][vc_row][vc_column width=&#8220;1\/1&#8243;][vc_custom_heading]<\/p>\n<h2 id=\"wer-mchte-meinen-vorleger-kaufen\">Wer m\u00f6chte meinen Vorleger kaufen?<\/h2>\n<p>[\/vc_custom_heading][vc_column_text]Wenn man nun als private Person seinen Teppich zum vermeintlichen Marktwert verkaufen m\u00f6chte, sollte man sich die Rahmenbedingungen des Teppichmarktes ansehen:<\/p>\n<ul>\n<li>Ein Teppichkunde liebt eine gro\u00dfe Auswahl. Wir bieten beispielsweise aktuell um die 10000 Teppiche an. Trotzdem kommt es immer wieder vor, dass nach Wahl eines Ma\u00dfes, einer Farbe, eines Preisrahmens und einer bevorzugten Herkunft nur eine sehr \u00fcberschaubare Anzahl oder sogar kein einziger entsprechender Teppich \u00fcberbleibt. Im Falle eines Privatverkaufes bietet man genau EINEN einzigen Teppich an und m\u00f6chte den K\u00e4ufer finden, der genau DIESEN Teppich haben m\u00f6chte. Eine eher pessimistische Aussicht.<\/li>\n<li>Vor allem klassische H\u00e4ndler mit dem Gesch\u00e4ft ums Eck, welche viele tausende Teppiche auf Lager haben, decken die hohen Lagerkosten mit den entsprechenden Preisen. Privatkunden orientieren sich gerne an diesen Verkaufspreisen und sind entt\u00e4uscht von den vergleichsweise niedrigen im Ankauf zu erzielenden Summen. Als Faustregel kann man davon ausgehen, dass man als privater beim selben Teppich nur ein Drittel des Verkaufspreises eines H\u00e4ndlers erzielen kann.<\/li>\n<li>Somit gibt es bei einem Verkauf zwei sich nicht ausschlie\u00dfende M\u00f6glichkeiten: Das Anbieten \u00fcber Kleinanzeigen und Auktionsplattformen auf der Suche nach privaten Interessenten und das Anbieten an lokale H\u00e4ndler. Teppichh\u00e4ndler in Ihrer N\u00e4he wollen den Teppich begutachten und Sie sind bestens beraten, wenn Sie zumindest auf einem Drittel des sp\u00e4ter vom H\u00e4ndler zu erzielenden Preises beharren.<\/li>\n<\/ul>\n<p>[\/vc_column_text][\/vc_column][\/vc_row][vc_row][vc_column width=&#8220;1\/1&#8243;][vc_custom_heading]<\/p>\n<h2 id=\"ist-der-orientteppich-vor-meinem-bett-ein-unikat\">Ist der Orientteppich vor meinem Bett ein Unikat?<\/h2>\n<p>[\/vc_custom_heading][vc_column_text]<\/p>\n<div class=\"main\">\n<p>Die Marktregeln f\u00fcr den Privatverkauf k\u00f6nnen wir leider nicht \u00e4ndern, aber wir helfen Ihnen gerne auf einem g\u00fcnstigen und schnellen Weg herauszufinden, woran Sie an Ihrem Teppich dran sind und wieviel ein H\u00e4ndler wohl f\u00fcr das gute St\u00fcck verlangen w\u00fcrde:<\/p>\n<p>Wir bieten ein Wertgutachten um \u00fcberschaubare \u20ac 49,-\/Teppich an. Dabei recherchiert unser Sch\u00e4tzteam Ihren Teppich und stellt sicher, dass Sie beim Anbieten nicht der Einsch\u00e4tzung des K\u00e4ufers trauen m\u00fcssen, sondern sich bereits vorher ein profundes Bild gemacht haben. Unser Service beinhaltet:<\/p>\n<ul>\n<li>Bearbeitung durch unser Sch\u00e4tzteam mit mehr als 25 Jahren Erfahrung mit handgekn\u00fcpften Teppichen<\/li>\n<li>Gutachtenerstellung innerhalb von 24h<\/li>\n<li>Kostenlose Beantwortung von weiteren Fragen ihrerseits<\/li>\n<li>Zertifikat incl. Materialangabe, Wert und Beschreibung in pdf-Form<\/li>\n<\/ul>\n<p>Alle weiteren Angaben zu unserem Wertgutachten-Service finden Sie hier:<\/p>\n<\/div>\n<p>[\/vc_column_text][vc_button button_color=&#8220;color-103998&#8243; size=&#8220;btn-lg&#8220; hover_fx=&#8220;full-colored&#8220; border_width=&#8220;0&#8243; link=&#8220;url:http%3A%2F%2Fmep.machiel.at%2Fde%2Fwertgutachten%2F|title:Wertgutachten&#8220;]ZUR TEPPICH SCH\u00c4TZUNG[\/vc_button][\/vc_column][\/vc_row][vc_row][vc_column width=&#8220;1\/1&#8243;][vc_empty_space empty_h=&#8220;3&#8243;][\/vc_column][\/vc_row]<\/p>\n","protected":false},"excerpt":{"rendered":"<p>[vc_row row_height_percent=&#8220;50&#8243; back_image=&#8220;508&#8243; overlay_alpha=&#8220;50&#8243; gutter_size=&#8220;3&#8243; column_width_percent=&#8220;100&#8243; shift_y=&#8220;0&#8243; z_index=&#8220;0&#8243; row_height_pixel=&#8220;300&#8243;][vc_column column_width_percent=&#8220;100&#8243; position_vertical=&#8220;middle&#8220; align_horizontal=&#8220;align_center&#8220; gutter_size=&#8220;3&#8243; style=&#8220;dark&#8220; overlay_alpha=&#8220;50&#8243; shift_x=&#8220;0&#8243; shift_y=&#8220;0&#8243; shift_y_down=&#8220;0&#8243; z_index=&#8220;0&#8243; medium_width=&#8220;0&#8243; [&hellip;]<\/p>\n","protected":false},"author":1,"featured_media":0,"parent":54,"menu_order":0,"comment_status":"closed","ping_status":"closed","template":"","meta":{"footnotes":""},"class_list":["post-765","page","type-page","status-publish","hentry"],"yoast_head":"<!-- This site is optimized with the Yoast SEO plugin v27.3 - https:\/\/yoast.com\/product\/yoast-seo-wordpress\/ -->\n<title>Teppich verkaufen - Mein echter Perser<\/title>\n<meta name=\"robots\" content=\"index, follow, max-snippet:-1, max-image-preview:large, max-video-preview:-1\" \/>\n<link rel=\"canonical\" href=\"http:\/\/mep.machiel.at\/de\/wissen\/teppich-verkaufen\/\" \/>\n<meta property=\"og:locale\" content=\"de_DE\" \/>\n<meta property=\"og:type\" content=\"article\" \/>\n<meta property=\"og:title\" content=\"Teppich verkaufen - Mein echter Perser\" \/>\n<meta property=\"og:description\" content=\"[vc_row row_height_percent=&#8220;50&#8243; back_image=&#8220;508&#8243; overlay_alpha=&#8220;50&#8243; gutter_size=&#8220;3&#8243; column_width_percent=&#8220;100&#8243; shift_y=&#8220;0&#8243; z_index=&#8220;0&#8243; row_height_pixel=&#8220;300&#8243;][vc_column column_width_percent=&#8220;100&#8243; position_vertical=&#8220;middle&#8220; align_horizontal=&#8220;align_center&#8220; gutter_size=&#8220;3&#8243; style=&#8220;dark&#8220; overlay_alpha=&#8220;50&#8243; shift_x=&#8220;0&#8243; shift_y=&#8220;0&#8243; shift_y_down=&#8220;0&#8243; z_index=&#8220;0&#8243; medium_width=&#8220;0&#8243; [&hellip;]\" \/>\n<meta property=\"og:url\" content=\"http:\/\/mep.machiel.at\/de\/wissen\/teppich-verkaufen\/\" \/>\n<meta property=\"og:site_name\" content=\"Mein echter Perser\" \/>\n<meta property=\"article:modified_time\" content=\"2021-04-07T13:02:35+00:00\" \/>\n<meta name=\"twitter:card\" content=\"summary_large_image\" \/>\n<meta name=\"twitter:label1\" content=\"Gesch\u00e4tzte Lesezeit\" \/>\n\t<meta name=\"twitter:data1\" content=\"4\u00a0Minuten\" \/>\n<script type=\"application\/ld+json\" class=\"yoast-schema-graph\">{\"@context\":\"https:\\\/\\\/schema.org\",\"@graph\":[{\"@type\":\"WebPage\",\"@id\":\"http:\\\/\\\/mep.machiel.at\\\/de\\\/wissen\\\/teppich-verkaufen\\\/\",\"url\":\"http:\\\/\\\/mep.machiel.at\\\/de\\\/wissen\\\/teppich-verkaufen\\\/\",\"name\":\"Teppich verkaufen - Mein echter Perser\",\"isPartOf\":{\"@id\":\"http:\\\/\\\/mep.machiel.at\\\/de\\\/#website\"},\"datePublished\":\"2021-04-07T13:00:47+00:00\",\"dateModified\":\"2021-04-07T13:02:35+00:00\",\"breadcrumb\":{\"@id\":\"http:\\\/\\\/mep.machiel.at\\\/de\\\/wissen\\\/teppich-verkaufen\\\/#breadcrumb\"},\"inLanguage\":\"de\",\"potentialAction\":[{\"@type\":\"ReadAction\",\"target\":[\"http:\\\/\\\/mep.machiel.at\\\/de\\\/wissen\\\/teppich-verkaufen\\\/\"]}]},{\"@type\":\"BreadcrumbList\",\"@id\":\"http:\\\/\\\/mep.machiel.at\\\/de\\\/wissen\\\/teppich-verkaufen\\\/#breadcrumb\",\"itemListElement\":[{\"@type\":\"ListItem\",\"position\":1,\"name\":\"Startseite\",\"item\":\"http:\\\/\\\/mep.machiel.at\\\/de\\\/\"},{\"@type\":\"ListItem\",\"position\":2,\"name\":\"Wissen\",\"item\":\"http:\\\/\\\/mep.machiel.at\\\/de\\\/wissen\\\/\"},{\"@type\":\"ListItem\",\"position\":3,\"name\":\"Teppich verkaufen\"}]},{\"@type\":\"WebSite\",\"@id\":\"http:\\\/\\\/mep.machiel.at\\\/de\\\/#website\",\"url\":\"http:\\\/\\\/mep.machiel.at\\\/de\\\/\",\"name\":\"Mein echter Perser\",\"description\":\"Teppichreparatur, Teppichreinigung, Wertgutachten\",\"potentialAction\":[{\"@type\":\"SearchAction\",\"target\":{\"@type\":\"EntryPoint\",\"urlTemplate\":\"http:\\\/\\\/mep.machiel.at\\\/de\\\/?s={search_term_string}\"},\"query-input\":{\"@type\":\"PropertyValueSpecification\",\"valueRequired\":true,\"valueName\":\"search_term_string\"}}],\"inLanguage\":\"de\"}]}<\/script>\n<!-- \/ Yoast SEO plugin. -->","yoast_head_json":{"title":"Teppich verkaufen - Mein echter Perser","robots":{"index":"index","follow":"follow","max-snippet":"max-snippet:-1","max-image-preview":"max-image-preview:large","max-video-preview":"max-video-preview:-1"},"canonical":"http:\/\/mep.machiel.at\/de\/wissen\/teppich-verkaufen\/","og_locale":"de_DE","og_type":"article","og_title":"Teppich verkaufen - Mein echter Perser","og_description":"[vc_row row_height_percent=&#8220;50&#8243; back_image=&#8220;508&#8243; overlay_alpha=&#8220;50&#8243; gutter_size=&#8220;3&#8243; column_width_percent=&#8220;100&#8243; shift_y=&#8220;0&#8243; z_index=&#8220;0&#8243; row_height_pixel=&#8220;300&#8243;][vc_column column_width_percent=&#8220;100&#8243; position_vertical=&#8220;middle&#8220; align_horizontal=&#8220;align_center&#8220; gutter_size=&#8220;3&#8243; style=&#8220;dark&#8220; overlay_alpha=&#8220;50&#8243; shift_x=&#8220;0&#8243; shift_y=&#8220;0&#8243; shift_y_down=&#8220;0&#8243; z_index=&#8220;0&#8243; medium_width=&#8220;0&#8243; [&hellip;]","og_url":"http:\/\/mep.machiel.at\/de\/wissen\/teppich-verkaufen\/","og_site_name":"Mein echter Perser","article_modified_time":"2021-04-07T13:02:35+00:00","twitter_card":"summary_large_image","twitter_misc":{"Gesch\u00e4tzte Lesezeit":"4\u00a0Minuten"},"schema":{"@context":"https:\/\/schema.org","@graph":[{"@type":"WebPage","@id":"http:\/\/mep.machiel.at\/de\/wissen\/teppich-verkaufen\/","url":"http:\/\/mep.machiel.at\/de\/wissen\/teppich-verkaufen\/","name":"Teppich verkaufen - Mein echter Perser","isPartOf":{"@id":"http:\/\/mep.machiel.at\/de\/#website"},"datePublished":"2021-04-07T13:00:47+00:00","dateModified":"2021-04-07T13:02:35+00:00","breadcrumb":{"@id":"http:\/\/mep.machiel.at\/de\/wissen\/teppich-verkaufen\/#breadcrumb"},"inLanguage":"de","potentialAction":[{"@type":"ReadAction","target":["http:\/\/mep.machiel.at\/de\/wissen\/teppich-verkaufen\/"]}]},{"@type":"BreadcrumbList","@id":"http:\/\/mep.machiel.at\/de\/wissen\/teppich-verkaufen\/#breadcrumb","itemListElement":[{"@type":"ListItem","position":1,"name":"Startseite","item":"http:\/\/mep.machiel.at\/de\/"},{"@type":"ListItem","position":2,"name":"Wissen","item":"http:\/\/mep.machiel.at\/de\/wissen\/"},{"@type":"ListItem","position":3,"name":"Teppich verkaufen"}]},{"@type":"WebSite","@id":"http:\/\/mep.machiel.at\/de\/#website","url":"http:\/\/mep.machiel.at\/de\/","name":"Mein echter Perser","description":"Teppichreparatur, Teppichreinigung, Wertgutachten","potentialAction":[{"@type":"SearchAction","target":{"@type":"EntryPoint","urlTemplate":"http:\/\/mep.machiel.at\/de\/?s={search_term_string}"},"query-input":{"@type":"PropertyValueSpecification","valueRequired":true,"valueName":"search_term_string"}}],"inLanguage":"de"}]}},"_links":{"self":[{"href":"http:\/\/mep.machiel.at\/de\/wp-json\/wp\/v2\/pages\/765","targetHints":{"allow":["GET"]}}],"collection":[{"href":"http:\/\/mep.machiel.at\/de\/wp-json\/wp\/v2\/pages"}],"about":[{"href":"http:\/\/mep.machiel.at\/de\/wp-json\/wp\/v2\/types\/page"}],"author":[{"embeddable":true,"href":"http:\/\/mep.machiel.at\/de\/wp-json\/wp\/v2\/users\/1"}],"replies":[{"embeddable":true,"href":"http:\/\/mep.machiel.at\/de\/wp-json\/wp\/v2\/comments?post=765"}],"version-history":[{"count":2,"href":"http:\/\/mep.machiel.at\/de\/wp-json\/wp\/v2\/pages\/765\/revisions"}],"predecessor-version":[{"id":778,"href":"http:\/\/mep.machiel.at\/de\/wp-json\/wp\/v2\/pages\/765\/revisions\/778"}],"up":[{"embeddable":true,"href":"http:\/\/mep.machiel.at\/de\/wp-json\/wp\/v2\/pages\/54"}],"wp:attachment":[{"href":"http:\/\/mep.machiel.at\/de\/wp-json\/wp\/v2\/media?parent=765"}],"curies":[{"name":"wp","href":"https:\/\/api.w.org\/{rel}","templated":true}]}}