{"id":750,"date":"2021-04-07T14:48:02","date_gmt":"2021-04-07T12:48:02","guid":{"rendered":"http:\/\/mep.machiel.at\/?page_id=750"},"modified":"2021-04-07T14:53:39","modified_gmt":"2021-04-07T12:53:39","slug":"teppichreparatur","status":"publish","type":"page","link":"http:\/\/mep.machiel.at\/de\/wissen\/teppichreparatur\/","title":{"rendered":"Teppichreparatur"},"content":{"rendered":"<p>[vc_row row_height_percent=&#8220;50&#8243; back_image=&#8220;508&#8243; overlay_alpha=&#8220;50&#8243; gutter_size=&#8220;3&#8243; column_width_percent=&#8220;100&#8243; shift_y=&#8220;0&#8243; z_index=&#8220;0&#8243; row_height_pixel=&#8220;300&#8243;][vc_column column_width_percent=&#8220;100&#8243; position_vertical=&#8220;middle&#8220; align_horizontal=&#8220;align_center&#8220; gutter_size=&#8220;3&#8243; style=&#8220;dark&#8220; overlay_alpha=&#8220;50&#8243; shift_x=&#8220;0&#8243; shift_y=&#8220;0&#8243; shift_y_down=&#8220;0&#8243; z_index=&#8220;0&#8243; medium_width=&#8220;0&#8243; mobile_width=&#8220;0&#8243; width=&#8220;1\/1&#8243;][vc_custom_heading]<\/p>\n<h1>Teppichreparatur<\/h1>\n<p>[\/vc_custom_heading][\/vc_column][\/vc_row][vc_row][vc_column width=&#8220;1\/1&#8243;][vc_custom_heading]<\/p>\n<h2>Orientteppich Reparatur<\/h2>\n<p>[\/vc_custom_heading][vc_column_text el_class=&#8220;colorbox&#8220;]Ein echter Perser ist wie ein wertvolles Gem\u00e4lde. Mit dem Unterschied, dass er an Wert gewinnt, wenn man ihn 100 Jahre lang mit F\u00fc\u00dfen tritt.[\/vc_column_text][vc_column_text]In seiner urspr\u00fcnglichsten Funktion sollte er Nomaden \u00fcber Generationen auf Schritt und Tritt durch widrigste Bedingungen begleiten. Qualitativ waren diese den heute angebotenen echten Persern ebenb\u00fcrtig.<\/p>\n<p>Allerdings kann kein echter Teppich seine atemberaubende Lebensdauer erreichen, wenn er nicht im Schnitt alle 20 Jahre elegant nachgebessert wird.[\/vc_column_text][\/vc_column][\/vc_row][vc_row][vc_column width=&#8220;1\/1&#8243;][vc_custom_heading]<\/p>\n<h2>Teppichfransen und seitliche Verkn\u00fcpfungen<\/h2>\n<p>[\/vc_custom_heading][vc_row_inner][vc_column_inner width=&#8220;2\/3&#8243;][vc_column_text]Denn auch ein Teppich hat seine Schwachstellen: Die exponierten Fransen und die seitlichen Verkn\u00fcpfungen (auch R\u00e4nder oder Kanten genannt) sind die problematischen Stellen.<\/p>\n<p>Das wahre Problem beginnt, wenn diese komplett abgen\u00fctzt sind und sich die weiter innen liegenden Knoten aufzul\u00f6sen beginnen. Um das zu vermeiden, werden die Schwachstellen mit originalgetreuen Materialien nachgebessert.<\/p>\n<p>Entscheidend ist es, den Teppich wiederherzustellen &#8211; m\u00f6glichst so, dass man es nicht merkt.[\/vc_column_text][\/vc_column_inner][vc_column_inner column_width_percent=&#8220;100&#8243; gutter_size=&#8220;3&#8243; overlay_alpha=&#8220;50&#8243; shift_x=&#8220;0&#8243; shift_y=&#8220;0&#8243; shift_y_down=&#8220;0&#8243; z_index=&#8220;0&#8243; align_medium=&#8220;align_center_tablet&#8220; medium_width=&#8220;0&#8243; align_mobile=&#8220;align_center_mobile&#8220; mobile_width=&#8220;0&#8243; width=&#8220;1\/3&#8243;][vc_single_image media=&#8220;753&#8243; media_width_use_pixel=&#8220;yes&#8220; media_width_pixel=&#8220;500&#8243;][\/vc_column_inner][\/vc_row_inner][\/vc_column][\/vc_row][vc_row row_height_percent=&#8220;0&#8243; back_color=&#8220;color-109322&#8243; overlay_alpha=&#8220;50&#8243; gutter_size=&#8220;3&#8243; column_width_percent=&#8220;100&#8243; shift_y=&#8220;0&#8243; z_index=&#8220;0&#8243;][vc_column width=&#8220;1\/1&#8243;][vc_custom_heading]<\/p>\n<h2>Unser Teppichreparatur-Angebot<\/h2>\n<p>[\/vc_custom_heading][vc_column_text text_lead=&#8220;yes&#8220;]Unser Reparaturservice behandelt Ihren Teppich so, wie alle echten Teppiche schon seit hunderten von Jahren behandelt werden. Entscheidend ist es, den Teppich wiederherzustellen &#8211; m\u00f6glichst so, dass man es nicht merkt.[\/vc_column_text][vc_empty_space empty_h=&#8220;2&#8243;][vc_row_inner][vc_column_inner width=&#8220;1\/2&#8243;][uncode_list icon=&#8220;fa fa-checkmark-circle&#8220; icon_color=&#8220;color-103998&#8243; el_class=&#8220;angebot-details&#8220;]<\/p>\n<ul>\n<li>Gratis Abholung und Zustellung<\/li>\n<li>Fixpreise<\/li>\n<li>Bezahlung nach Zustellung<\/li>\n<\/ul>\n<p>[\/uncode_list][vc_button button_color=&#8220;color-103998&#8243; size=&#8220;btn-lg&#8220; hover_fx=&#8220;full-colored&#8220; border_width=&#8220;0&#8243; link=&#8220;url:http%3A%2F%2Fmep.machiel.at%2Fde%2Fteppichreparatur%2F%23angebot|title:Teppichreinigung&#8220;]ZUM REPARATURSERVICE[\/vc_button][\/vc_column_inner][vc_column_inner column_width_percent=&#8220;100&#8243; align_horizontal=&#8220;align_center&#8220; gutter_size=&#8220;3&#8243; overlay_alpha=&#8220;50&#8243; shift_x=&#8220;0&#8243; shift_y=&#8220;0&#8243; shift_y_down=&#8220;0&#8243; z_index=&#8220;0&#8243; medium_width=&#8220;0&#8243; mobile_width=&#8220;0&#8243; width=&#8220;1\/2&#8243;][vc_column_text el_class=&#8220;shadowbox&#8220;]Sie k\u00f6nnen uns auch gleich telefonisch oder per Email kontaktieren:<\/p>\n<h3>0800\u00a00700\u00a0120<\/h3>\n<p><small>(t\u00e4glich von 9 &#8211; 18 Uhr geb\u00fchrenfrei aus ganz Deutschland)<\/small><\/p>\n<p><strong><a href=\"mailto:service@meinechterperser.de\">service@meinechterperser.de<\/a><\/strong>[\/vc_column_text][\/vc_column_inner][\/vc_row_inner][\/vc_column][\/vc_row][vc_row][vc_column width=&#8220;1\/1&#8243;][vc_empty_space empty_h=&#8220;3&#8243;][\/vc_column][\/vc_row]<\/p>\n","protected":false},"excerpt":{"rendered":"<p>[vc_row row_height_percent=&#8220;50&#8243; back_image=&#8220;508&#8243; overlay_alpha=&#8220;50&#8243; gutter_size=&#8220;3&#8243; column_width_percent=&#8220;100&#8243; shift_y=&#8220;0&#8243; z_index=&#8220;0&#8243; row_height_pixel=&#8220;300&#8243;][vc_column column_width_percent=&#8220;100&#8243; position_vertical=&#8220;middle&#8220; align_horizontal=&#8220;align_center&#8220; gutter_size=&#8220;3&#8243; style=&#8220;dark&#8220; overlay_alpha=&#8220;50&#8243; shift_x=&#8220;0&#8243; shift_y=&#8220;0&#8243; shift_y_down=&#8220;0&#8243; z_index=&#8220;0&#8243; medium_width=&#8220;0&#8243; [&hellip;]<\/p>\n","protected":false},"author":1,"featured_media":0,"parent":54,"menu_order":0,"comment_status":"closed","ping_status":"closed","template":"","meta":{"footnotes":""},"class_list":["post-750","page","type-page","status-publish","hentry"],"yoast_head":"<!-- This site is optimized with the Yoast SEO plugin v27.3 - https:\/\/yoast.com\/product\/yoast-seo-wordpress\/ -->\n<title>Teppichreparatur - Mein echter Perser<\/title>\n<meta name=\"robots\" content=\"index, follow, max-snippet:-1, max-image-preview:large, max-video-preview:-1\" \/>\n<link rel=\"canonical\" href=\"http:\/\/mep.machiel.at\/de\/wissen\/teppichreparatur\/\" \/>\n<meta property=\"og:locale\" content=\"de_DE\" \/>\n<meta property=\"og:type\" content=\"article\" \/>\n<meta property=\"og:title\" content=\"Teppichreparatur - Mein echter Perser\" \/>\n<meta property=\"og:description\" content=\"[vc_row row_height_percent=&#8220;50&#8243; back_image=&#8220;508&#8243; overlay_alpha=&#8220;50&#8243; gutter_size=&#8220;3&#8243; column_width_percent=&#8220;100&#8243; shift_y=&#8220;0&#8243; z_index=&#8220;0&#8243; row_height_pixel=&#8220;300&#8243;][vc_column column_width_percent=&#8220;100&#8243; position_vertical=&#8220;middle&#8220; align_horizontal=&#8220;align_center&#8220; gutter_size=&#8220;3&#8243; style=&#8220;dark&#8220; overlay_alpha=&#8220;50&#8243; shift_x=&#8220;0&#8243; shift_y=&#8220;0&#8243; shift_y_down=&#8220;0&#8243; z_index=&#8220;0&#8243; medium_width=&#8220;0&#8243; [&hellip;]\" \/>\n<meta property=\"og:url\" content=\"http:\/\/mep.machiel.at\/de\/wissen\/teppichreparatur\/\" \/>\n<meta property=\"og:site_name\" content=\"Mein echter Perser\" \/>\n<meta property=\"article:modified_time\" content=\"2021-04-07T12:53:39+00:00\" \/>\n<meta name=\"twitter:card\" content=\"summary_large_image\" \/>\n<meta name=\"twitter:label1\" content=\"Gesch\u00e4tzte Lesezeit\" \/>\n\t<meta name=\"twitter:data1\" content=\"3\u00a0Minuten\" \/>\n<script type=\"application\/ld+json\" class=\"yoast-schema-graph\">{\"@context\":\"https:\\\/\\\/schema.org\",\"@graph\":[{\"@type\":\"WebPage\",\"@id\":\"http:\\\/\\\/mep.machiel.at\\\/de\\\/wissen\\\/teppichreparatur\\\/\",\"url\":\"http:\\\/\\\/mep.machiel.at\\\/de\\\/wissen\\\/teppichreparatur\\\/\",\"name\":\"Teppichreparatur - Mein echter Perser\",\"isPartOf\":{\"@id\":\"http:\\\/\\\/mep.machiel.at\\\/de\\\/#website\"},\"datePublished\":\"2021-04-07T12:48:02+00:00\",\"dateModified\":\"2021-04-07T12:53:39+00:00\",\"breadcrumb\":{\"@id\":\"http:\\\/\\\/mep.machiel.at\\\/de\\\/wissen\\\/teppichreparatur\\\/#breadcrumb\"},\"inLanguage\":\"de\",\"potentialAction\":[{\"@type\":\"ReadAction\",\"target\":[\"http:\\\/\\\/mep.machiel.at\\\/de\\\/wissen\\\/teppichreparatur\\\/\"]}]},{\"@type\":\"BreadcrumbList\",\"@id\":\"http:\\\/\\\/mep.machiel.at\\\/de\\\/wissen\\\/teppichreparatur\\\/#breadcrumb\",\"itemListElement\":[{\"@type\":\"ListItem\",\"position\":1,\"name\":\"Startseite\",\"item\":\"http:\\\/\\\/mep.machiel.at\\\/de\\\/\"},{\"@type\":\"ListItem\",\"position\":2,\"name\":\"Wissen\",\"item\":\"http:\\\/\\\/mep.machiel.at\\\/de\\\/wissen\\\/\"},{\"@type\":\"ListItem\",\"position\":3,\"name\":\"Teppichreparatur\"}]},{\"@type\":\"WebSite\",\"@id\":\"http:\\\/\\\/mep.machiel.at\\\/de\\\/#website\",\"url\":\"http:\\\/\\\/mep.machiel.at\\\/de\\\/\",\"name\":\"Mein echter Perser\",\"description\":\"Teppichreparatur, Teppichreinigung, Wertgutachten\",\"potentialAction\":[{\"@type\":\"SearchAction\",\"target\":{\"@type\":\"EntryPoint\",\"urlTemplate\":\"http:\\\/\\\/mep.machiel.at\\\/de\\\/?s={search_term_string}\"},\"query-input\":{\"@type\":\"PropertyValueSpecification\",\"valueRequired\":true,\"valueName\":\"search_term_string\"}}],\"inLanguage\":\"de\"}]}<\/script>\n<!-- \/ Yoast SEO plugin. -->","yoast_head_json":{"title":"Teppichreparatur - Mein echter Perser","robots":{"index":"index","follow":"follow","max-snippet":"max-snippet:-1","max-image-preview":"max-image-preview:large","max-video-preview":"max-video-preview:-1"},"canonical":"http:\/\/mep.machiel.at\/de\/wissen\/teppichreparatur\/","og_locale":"de_DE","og_type":"article","og_title":"Teppichreparatur - Mein echter Perser","og_description":"[vc_row row_height_percent=&#8220;50&#8243; back_image=&#8220;508&#8243; overlay_alpha=&#8220;50&#8243; gutter_size=&#8220;3&#8243; column_width_percent=&#8220;100&#8243; shift_y=&#8220;0&#8243; z_index=&#8220;0&#8243; row_height_pixel=&#8220;300&#8243;][vc_column column_width_percent=&#8220;100&#8243; position_vertical=&#8220;middle&#8220; align_horizontal=&#8220;align_center&#8220; gutter_size=&#8220;3&#8243; style=&#8220;dark&#8220; overlay_alpha=&#8220;50&#8243; shift_x=&#8220;0&#8243; shift_y=&#8220;0&#8243; shift_y_down=&#8220;0&#8243; z_index=&#8220;0&#8243; medium_width=&#8220;0&#8243; [&hellip;]","og_url":"http:\/\/mep.machiel.at\/de\/wissen\/teppichreparatur\/","og_site_name":"Mein echter Perser","article_modified_time":"2021-04-07T12:53:39+00:00","twitter_card":"summary_large_image","twitter_misc":{"Gesch\u00e4tzte Lesezeit":"3\u00a0Minuten"},"schema":{"@context":"https:\/\/schema.org","@graph":[{"@type":"WebPage","@id":"http:\/\/mep.machiel.at\/de\/wissen\/teppichreparatur\/","url":"http:\/\/mep.machiel.at\/de\/wissen\/teppichreparatur\/","name":"Teppichreparatur - Mein echter Perser","isPartOf":{"@id":"http:\/\/mep.machiel.at\/de\/#website"},"datePublished":"2021-04-07T12:48:02+00:00","dateModified":"2021-04-07T12:53:39+00:00","breadcrumb":{"@id":"http:\/\/mep.machiel.at\/de\/wissen\/teppichreparatur\/#breadcrumb"},"inLanguage":"de","potentialAction":[{"@type":"ReadAction","target":["http:\/\/mep.machiel.at\/de\/wissen\/teppichreparatur\/"]}]},{"@type":"BreadcrumbList","@id":"http:\/\/mep.machiel.at\/de\/wissen\/teppichreparatur\/#breadcrumb","itemListElement":[{"@type":"ListItem","position":1,"name":"Startseite","item":"http:\/\/mep.machiel.at\/de\/"},{"@type":"ListItem","position":2,"name":"Wissen","item":"http:\/\/mep.machiel.at\/de\/wissen\/"},{"@type":"ListItem","position":3,"name":"Teppichreparatur"}]},{"@type":"WebSite","@id":"http:\/\/mep.machiel.at\/de\/#website","url":"http:\/\/mep.machiel.at\/de\/","name":"Mein echter Perser","description":"Teppichreparatur, Teppichreinigung, Wertgutachten","potentialAction":[{"@type":"SearchAction","target":{"@type":"EntryPoint","urlTemplate":"http:\/\/mep.machiel.at\/de\/?s={search_term_string}"},"query-input":{"@type":"PropertyValueSpecification","valueRequired":true,"valueName":"search_term_string"}}],"inLanguage":"de"}]}},"_links":{"self":[{"href":"http:\/\/mep.machiel.at\/de\/wp-json\/wp\/v2\/pages\/750","targetHints":{"allow":["GET"]}}],"collection":[{"href":"http:\/\/mep.machiel.at\/de\/wp-json\/wp\/v2\/pages"}],"about":[{"href":"http:\/\/mep.machiel.at\/de\/wp-json\/wp\/v2\/types\/page"}],"author":[{"embeddable":true,"href":"http:\/\/mep.machiel.at\/de\/wp-json\/wp\/v2\/users\/1"}],"replies":[{"embeddable":true,"href":"http:\/\/mep.machiel.at\/de\/wp-json\/wp\/v2\/comments?post=750"}],"version-history":[{"count":4,"href":"http:\/\/mep.machiel.at\/de\/wp-json\/wp\/v2\/pages\/750\/revisions"}],"predecessor-version":[{"id":752,"href":"http:\/\/mep.machiel.at\/de\/wp-json\/wp\/v2\/pages\/750\/revisions\/752"}],"up":[{"embeddable":true,"href":"http:\/\/mep.machiel.at\/de\/wp-json\/wp\/v2\/pages\/54"}],"wp:attachment":[{"href":"http:\/\/mep.machiel.at\/de\/wp-json\/wp\/v2\/media?parent=750"}],"curies":[{"name":"wp","href":"https:\/\/api.w.org\/{rel}","templated":true}]}}