{"id":709,"date":"2021-04-07T14:25:45","date_gmt":"2021-04-07T12:25:45","guid":{"rendered":"http:\/\/mep.machiel.at\/?page_id=709"},"modified":"2021-04-07T14:25:45","modified_gmt":"2021-04-07T12:25:45","slug":"das-richtige-teppichmass","status":"publish","type":"page","link":"http:\/\/mep.machiel.at\/de\/wissen\/das-richtige-teppichmass\/","title":{"rendered":"Das richtige Teppichma\u00df"},"content":{"rendered":"<p>[vc_row row_height_percent=&#8220;50&#8243; back_image=&#8220;508&#8243; overlay_alpha=&#8220;50&#8243; gutter_size=&#8220;3&#8243; column_width_percent=&#8220;100&#8243; shift_y=&#8220;0&#8243; z_index=&#8220;0&#8243; row_height_pixel=&#8220;300&#8243;][vc_column column_width_percent=&#8220;100&#8243; position_vertical=&#8220;middle&#8220; align_horizontal=&#8220;align_center&#8220; gutter_size=&#8220;3&#8243; style=&#8220;dark&#8220; overlay_alpha=&#8220;50&#8243; shift_x=&#8220;0&#8243; shift_y=&#8220;0&#8243; shift_y_down=&#8220;0&#8243; z_index=&#8220;0&#8243; medium_width=&#8220;0&#8243; mobile_width=&#8220;0&#8243; width=&#8220;1\/1&#8243;][vc_custom_heading]<\/p>\n<h1>Das richtige Teppichma\u00df<\/h1>\n<p>[\/vc_custom_heading][\/vc_column][\/vc_row][vc_row][vc_column width=&#8220;1\/1&#8243;][vc_custom_heading]<\/p>\n<h2>Wie finde ich das richtige Teppichma\u00df?<\/h2>\n<p>[\/vc_custom_heading][vc_column_text el_class=&#8220;colorbox&#8220;]Nur ein passender Teppich ist ein guter Teppich.[\/vc_column_text][vc_column_text]Um das richtige Teppichma\u00df herauszufinden, gibt es ein paar einfache Regeln:<\/p>\n<p><strong>1.<\/strong> Frei in einem Raum liegende Teppiche sollten ca. \u2153 des unbedeckten Bodens eines Zimmers beanspruchen. Alles andere nimmt dem Teppich den Rahmen und der Einrichtung die Ruhe.[\/vc_column_text][vc_row_inner][vc_column_inner width=&#8220;1\/2&#8243;][vc_column_text]<strong>2.<\/strong> Der typische Couch-Teppich muss von den anliegenden Sofas mind. 4-Finger-breit Abstand haben. Lediglich Tisch und Einzelsessel sollen draufstehen. Es soll nur verdeckt werden, was verdeckt werden muss.[\/vc_column_text][\/vc_column_inner][vc_column_inner width=&#8220;1\/2&#8243;][vc_single_image media=&#8220;710&#8243; media_width_percent=&#8220;100&#8243;][\/vc_column_inner][\/vc_row_inner][vc_row_inner][vc_column_inner width=&#8220;1\/2&#8243;][vc_column_text]<strong>3.<\/strong> Unter einem Esstisch sollten die L\u00e4nge und Breite des Teppichs so gew\u00e4hlt werden, dass die St\u00fchle auch beim Verr\u00fccken nicht mit einzelnen F\u00fc\u00dfen am Boden landen. Idealerweise misst man 70 &#8211; 80 cm auf allen zu nutzenden Seiten zur Tischgr\u00f6\u00dfe dazu. Alles andere w\u00e4re unpraktisch.[\/vc_column_text][\/vc_column_inner][vc_column_inner width=&#8220;1\/2&#8243;][vc_single_image media=&#8220;715&#8243; media_width_percent=&#8220;100&#8243;][\/vc_column_inner][\/vc_row_inner][vc_row_inner][vc_column_inner width=&#8220;1\/2&#8243;][vc_column_text]<strong>4.<\/strong> In Schlafzimmern soll die Bettumrandung so gew\u00e4hlt werden, dass man mit den F\u00fc\u00dfen auf den Teppich tritt, wenn man aus dem Bett steigt. Der weiche Flor ist ja nicht nur zum Ansehen da.[\/vc_column_text][\/vc_column_inner][vc_column_inner width=&#8220;1\/2&#8243;][vc_single_image media=&#8220;720&#8243; media_width_percent=&#8220;100&#8243;][\/vc_column_inner][\/vc_row_inner][vc_column_text]<strong>5. <\/strong>In G\u00e4ngen, die l\u00e4nger als 4 m sind, sollten mehrere einzelne Teppiche liegen, da der Raum sonst noch l\u00e4nger wirkt.[\/vc_column_text][\/vc_column][\/vc_row][vc_row][vc_column width=&#8220;1\/1&#8243;][vc_empty_space empty_h=&#8220;3&#8243;][\/vc_column][\/vc_row]<\/p>\n","protected":false},"excerpt":{"rendered":"<p>[vc_row row_height_percent=&#8220;50&#8243; back_image=&#8220;508&#8243; overlay_alpha=&#8220;50&#8243; gutter_size=&#8220;3&#8243; column_width_percent=&#8220;100&#8243; shift_y=&#8220;0&#8243; z_index=&#8220;0&#8243; row_height_pixel=&#8220;300&#8243;][vc_column column_width_percent=&#8220;100&#8243; position_vertical=&#8220;middle&#8220; align_horizontal=&#8220;align_center&#8220; gutter_size=&#8220;3&#8243; style=&#8220;dark&#8220; overlay_alpha=&#8220;50&#8243; shift_x=&#8220;0&#8243; shift_y=&#8220;0&#8243; shift_y_down=&#8220;0&#8243; z_index=&#8220;0&#8243; medium_width=&#8220;0&#8243; [&hellip;]<\/p>\n","protected":false},"author":1,"featured_media":0,"parent":54,"menu_order":0,"comment_status":"closed","ping_status":"closed","template":"","meta":{"footnotes":""},"class_list":["post-709","page","type-page","status-publish","hentry"],"yoast_head":"<!-- This site is optimized with the Yoast SEO plugin v27.3 - https:\/\/yoast.com\/product\/yoast-seo-wordpress\/ -->\n<title>Das richtige Teppichma\u00df - Mein echter Perser<\/title>\n<meta name=\"robots\" content=\"index, follow, max-snippet:-1, max-image-preview:large, max-video-preview:-1\" \/>\n<link rel=\"canonical\" href=\"http:\/\/mep.machiel.at\/de\/wissen\/das-richtige-teppichmass\/\" \/>\n<meta property=\"og:locale\" content=\"de_DE\" \/>\n<meta property=\"og:type\" content=\"article\" \/>\n<meta property=\"og:title\" content=\"Das richtige Teppichma\u00df - Mein echter Perser\" \/>\n<meta property=\"og:description\" content=\"[vc_row row_height_percent=&#8220;50&#8243; back_image=&#8220;508&#8243; overlay_alpha=&#8220;50&#8243; gutter_size=&#8220;3&#8243; column_width_percent=&#8220;100&#8243; shift_y=&#8220;0&#8243; z_index=&#8220;0&#8243; row_height_pixel=&#8220;300&#8243;][vc_column column_width_percent=&#8220;100&#8243; position_vertical=&#8220;middle&#8220; align_horizontal=&#8220;align_center&#8220; gutter_size=&#8220;3&#8243; style=&#8220;dark&#8220; overlay_alpha=&#8220;50&#8243; shift_x=&#8220;0&#8243; shift_y=&#8220;0&#8243; shift_y_down=&#8220;0&#8243; z_index=&#8220;0&#8243; medium_width=&#8220;0&#8243; [&hellip;]\" \/>\n<meta property=\"og:url\" content=\"http:\/\/mep.machiel.at\/de\/wissen\/das-richtige-teppichmass\/\" \/>\n<meta property=\"og:site_name\" content=\"Mein echter Perser\" \/>\n<meta name=\"twitter:card\" content=\"summary_large_image\" \/>\n<meta name=\"twitter:label1\" content=\"Gesch\u00e4tzte Lesezeit\" \/>\n\t<meta name=\"twitter:data1\" content=\"2\u00a0Minuten\" \/>\n<script type=\"application\/ld+json\" class=\"yoast-schema-graph\">{\"@context\":\"https:\\\/\\\/schema.org\",\"@graph\":[{\"@type\":\"WebPage\",\"@id\":\"http:\\\/\\\/mep.machiel.at\\\/de\\\/wissen\\\/das-richtige-teppichmass\\\/\",\"url\":\"http:\\\/\\\/mep.machiel.at\\\/de\\\/wissen\\\/das-richtige-teppichmass\\\/\",\"name\":\"Das richtige Teppichma\u00df - Mein echter Perser\",\"isPartOf\":{\"@id\":\"http:\\\/\\\/mep.machiel.at\\\/de\\\/#website\"},\"datePublished\":\"2021-04-07T12:25:45+00:00\",\"breadcrumb\":{\"@id\":\"http:\\\/\\\/mep.machiel.at\\\/de\\\/wissen\\\/das-richtige-teppichmass\\\/#breadcrumb\"},\"inLanguage\":\"de\",\"potentialAction\":[{\"@type\":\"ReadAction\",\"target\":[\"http:\\\/\\\/mep.machiel.at\\\/de\\\/wissen\\\/das-richtige-teppichmass\\\/\"]}]},{\"@type\":\"BreadcrumbList\",\"@id\":\"http:\\\/\\\/mep.machiel.at\\\/de\\\/wissen\\\/das-richtige-teppichmass\\\/#breadcrumb\",\"itemListElement\":[{\"@type\":\"ListItem\",\"position\":1,\"name\":\"Startseite\",\"item\":\"http:\\\/\\\/mep.machiel.at\\\/de\\\/\"},{\"@type\":\"ListItem\",\"position\":2,\"name\":\"Wissen\",\"item\":\"http:\\\/\\\/mep.machiel.at\\\/de\\\/wissen\\\/\"},{\"@type\":\"ListItem\",\"position\":3,\"name\":\"Das richtige Teppichma\u00df\"}]},{\"@type\":\"WebSite\",\"@id\":\"http:\\\/\\\/mep.machiel.at\\\/de\\\/#website\",\"url\":\"http:\\\/\\\/mep.machiel.at\\\/de\\\/\",\"name\":\"Mein echter Perser\",\"description\":\"Teppichreparatur, Teppichreinigung, Wertgutachten\",\"potentialAction\":[{\"@type\":\"SearchAction\",\"target\":{\"@type\":\"EntryPoint\",\"urlTemplate\":\"http:\\\/\\\/mep.machiel.at\\\/de\\\/?s={search_term_string}\"},\"query-input\":{\"@type\":\"PropertyValueSpecification\",\"valueRequired\":true,\"valueName\":\"search_term_string\"}}],\"inLanguage\":\"de\"}]}<\/script>\n<!-- \/ Yoast SEO plugin. -->","yoast_head_json":{"title":"Das richtige Teppichma\u00df - Mein echter Perser","robots":{"index":"index","follow":"follow","max-snippet":"max-snippet:-1","max-image-preview":"max-image-preview:large","max-video-preview":"max-video-preview:-1"},"canonical":"http:\/\/mep.machiel.at\/de\/wissen\/das-richtige-teppichmass\/","og_locale":"de_DE","og_type":"article","og_title":"Das richtige Teppichma\u00df - Mein echter Perser","og_description":"[vc_row row_height_percent=&#8220;50&#8243; back_image=&#8220;508&#8243; overlay_alpha=&#8220;50&#8243; gutter_size=&#8220;3&#8243; column_width_percent=&#8220;100&#8243; shift_y=&#8220;0&#8243; z_index=&#8220;0&#8243; row_height_pixel=&#8220;300&#8243;][vc_column column_width_percent=&#8220;100&#8243; position_vertical=&#8220;middle&#8220; align_horizontal=&#8220;align_center&#8220; gutter_size=&#8220;3&#8243; style=&#8220;dark&#8220; overlay_alpha=&#8220;50&#8243; shift_x=&#8220;0&#8243; shift_y=&#8220;0&#8243; shift_y_down=&#8220;0&#8243; z_index=&#8220;0&#8243; medium_width=&#8220;0&#8243; [&hellip;]","og_url":"http:\/\/mep.machiel.at\/de\/wissen\/das-richtige-teppichmass\/","og_site_name":"Mein echter Perser","twitter_card":"summary_large_image","twitter_misc":{"Gesch\u00e4tzte Lesezeit":"2\u00a0Minuten"},"schema":{"@context":"https:\/\/schema.org","@graph":[{"@type":"WebPage","@id":"http:\/\/mep.machiel.at\/de\/wissen\/das-richtige-teppichmass\/","url":"http:\/\/mep.machiel.at\/de\/wissen\/das-richtige-teppichmass\/","name":"Das richtige Teppichma\u00df - Mein echter Perser","isPartOf":{"@id":"http:\/\/mep.machiel.at\/de\/#website"},"datePublished":"2021-04-07T12:25:45+00:00","breadcrumb":{"@id":"http:\/\/mep.machiel.at\/de\/wissen\/das-richtige-teppichmass\/#breadcrumb"},"inLanguage":"de","potentialAction":[{"@type":"ReadAction","target":["http:\/\/mep.machiel.at\/de\/wissen\/das-richtige-teppichmass\/"]}]},{"@type":"BreadcrumbList","@id":"http:\/\/mep.machiel.at\/de\/wissen\/das-richtige-teppichmass\/#breadcrumb","itemListElement":[{"@type":"ListItem","position":1,"name":"Startseite","item":"http:\/\/mep.machiel.at\/de\/"},{"@type":"ListItem","position":2,"name":"Wissen","item":"http:\/\/mep.machiel.at\/de\/wissen\/"},{"@type":"ListItem","position":3,"name":"Das richtige Teppichma\u00df"}]},{"@type":"WebSite","@id":"http:\/\/mep.machiel.at\/de\/#website","url":"http:\/\/mep.machiel.at\/de\/","name":"Mein echter Perser","description":"Teppichreparatur, Teppichreinigung, Wertgutachten","potentialAction":[{"@type":"SearchAction","target":{"@type":"EntryPoint","urlTemplate":"http:\/\/mep.machiel.at\/de\/?s={search_term_string}"},"query-input":{"@type":"PropertyValueSpecification","valueRequired":true,"valueName":"search_term_string"}}],"inLanguage":"de"}]}},"_links":{"self":[{"href":"http:\/\/mep.machiel.at\/de\/wp-json\/wp\/v2\/pages\/709","targetHints":{"allow":["GET"]}}],"collection":[{"href":"http:\/\/mep.machiel.at\/de\/wp-json\/wp\/v2\/pages"}],"about":[{"href":"http:\/\/mep.machiel.at\/de\/wp-json\/wp\/v2\/types\/page"}],"author":[{"embeddable":true,"href":"http:\/\/mep.machiel.at\/de\/wp-json\/wp\/v2\/users\/1"}],"replies":[{"embeddable":true,"href":"http:\/\/mep.machiel.at\/de\/wp-json\/wp\/v2\/comments?post=709"}],"version-history":[{"count":1,"href":"http:\/\/mep.machiel.at\/de\/wp-json\/wp\/v2\/pages\/709\/revisions"}],"predecessor-version":[{"id":725,"href":"http:\/\/mep.machiel.at\/de\/wp-json\/wp\/v2\/pages\/709\/revisions\/725"}],"up":[{"embeddable":true,"href":"http:\/\/mep.machiel.at\/de\/wp-json\/wp\/v2\/pages\/54"}],"wp:attachment":[{"href":"http:\/\/mep.machiel.at\/de\/wp-json\/wp\/v2\/media?parent=709"}],"curies":[{"name":"wp","href":"https:\/\/api.w.org\/{rel}","templated":true}]}}