{"id":699,"date":"2021-04-07T14:17:25","date_gmt":"2021-04-07T12:17:25","guid":{"rendered":"http:\/\/mep.machiel.at\/?page_id=699"},"modified":"2021-04-07T14:19:27","modified_gmt":"2021-04-07T12:19:27","slug":"wert-eines-persers","status":"publish","type":"page","link":"http:\/\/mep.machiel.at\/de\/wissen\/wert-eines-persers\/","title":{"rendered":"Wert eines Persers"},"content":{"rendered":"<p>[vc_row row_height_percent=&#8220;50&#8243; back_image=&#8220;508&#8243; overlay_alpha=&#8220;50&#8243; gutter_size=&#8220;3&#8243; column_width_percent=&#8220;100&#8243; shift_y=&#8220;0&#8243; z_index=&#8220;0&#8243; row_height_pixel=&#8220;300&#8243;][vc_column column_width_percent=&#8220;100&#8243; position_vertical=&#8220;middle&#8220; align_horizontal=&#8220;align_center&#8220; gutter_size=&#8220;3&#8243; style=&#8220;dark&#8220; overlay_alpha=&#8220;50&#8243; shift_x=&#8220;0&#8243; shift_y=&#8220;0&#8243; shift_y_down=&#8220;0&#8243; z_index=&#8220;0&#8243; medium_width=&#8220;0&#8243; mobile_width=&#8220;0&#8243; width=&#8220;1\/1&#8243;][vc_custom_heading]<\/p>\n<h1>Wert eines Persers<\/h1>\n<p>[\/vc_custom_heading][\/vc_column][\/vc_row][vc_row][vc_column width=&#8220;1\/1&#8243;][vc_custom_heading]<\/p>\n<h2>Wovon h\u00e4ngt der Wert eines echten Persers ab?<\/h2>\n<p>[\/vc_custom_heading][vc_column_text el_class=&#8220;colorbox&#8220;]Nur ein Fachmann kann bestimmen, wie viel ein Teppich wert ist. Stimmt, und der Fachmann sind Sie, wenn Sie sich 3 Minuten Zeit nehmen.[\/vc_column_text][vc_column_text]Der Wert eines neuen echten Persers ergibt sich zu einem Gutteil durch:<\/p>\n<ol class=\"dark\">\n<li>die\u00a0<strong>Muster\u00e4sthetik<\/strong>\u00a0des vollendeten Teppichs,<\/li>\n<li>die Qualit\u00e4t der verwendeten\u00a0<strong>Wolle<\/strong>\u00a0und<\/li>\n<li>die\u00a0<strong>Kn\u00fcpfdichte<\/strong><\/li>\n<\/ol>\n<p>Aus letzteren beiden resultiert die Lebensdauer bei Benutzung, die sogenannte &#8222;Strapazierf\u00e4higkeit&#8220;.<\/p>\n<p>Es ist wichtig zu beachten, dass diese Faktoren immer gemeinsam und in Zusammenhang mit der Herkunft des Teppichs gesehen werden m\u00fcssen, um eine Einsch\u00e4tzung des Werts zu erm\u00f6glichen &#8211; siehe\u00a0<a href=\"http:\/\/mep.machiel.at\/de\/wissen\/echtheit-eines-persers\/\">Echtheit eines Persers<\/a>.[\/vc_column_text][\/vc_column][\/vc_row][vc_row][vc_column width=&#8220;1\/1&#8243;][vc_custom_heading]<\/p>\n<h2>Wie bestimme ich die Kn\u00fcpfdichte?<\/h2>\n<p>[\/vc_custom_heading][vc_row_inner][vc_column_inner width=&#8220;1\/1&#8243;][vc_column_text]Schlagen Sie den Fransenrand des Teppichs um, sodass Sie einen guten Blick auf die Knoten auf der R\u00fcckseite haben. Legen Sie ein Lineal an eine Stelle und z\u00e4hlen Sie nach, wie viele Knotenreihen &#8211; also H\u00f6cker &#8211; sich an einem Zentimeterabschnitt befinden. Nehmen Sie diese Anzahl zum Quadrat so errechnet sich die Knotenanzahl\/cm<sup>2<\/sup>. Mit 10 000 multipliziert, ergibt das die zumeist angegebenen Knoten\/m<sup>2<\/sup>.<\/p>\n<p>Selbstverst\u00e4ndlich k\u00f6nnen Sie bei uns diese wichtige Information bei jedem Teppich in der Detailansicht selbst \u00fcberpr\u00fcfen:[\/vc_column_text][vc_single_image media=&#8220;700&#8243; media_width_use_pixel=&#8220;yes&#8220; media_width_pixel=&#8220;500&#8243;][\/vc_column_inner][\/vc_row_inner][\/vc_column][\/vc_row][vc_row][vc_column width=&#8220;1\/1&#8243;][vc_custom_heading]<\/p>\n<h2>Ist ein echter Perser eine Wertanlage?<\/h2>\n<p>[\/vc_custom_heading][vc_column_text el_class=&#8220;colorbox&#8220;]Nein, ein Perserteppich ist keine hochverzinste Geldanlage. Aber kann Ihre Couch auch garantieren, dass sie ihren Wert beibeh\u00e4lt?[\/vc_column_text][vc_column_text]Es kann nicht allgemein gesagt werden, dass echte Perser \u00fcber die Zeit wertvoller werden. Mit anderen Worten: Nicht jeder Perserteppich hat das Zeug zum Museumsst\u00fcck. Allerdings garantiert die lange Lebensdauer von mehreren hundert Jahren bei h\u00e4uslichem Gebrauch zumindest einen Werterhalt \u00fcber eine sehr lange Zeit. Unsere gro\u00dfz\u00fcgigen\u00a0<a href=\"https:\/\/www.meinechterperser.de\/hilfe#umtausch\">R\u00fccktritts- und Umtauschkonditionen<\/a>\u00a0spiegeln dies ebenfalls wieder.[\/vc_column_text][\/vc_column][\/vc_row][vc_row][vc_column width=&#8220;1\/1&#8243;][vc_empty_space empty_h=&#8220;3&#8243;][\/vc_column][\/vc_row]<\/p>\n","protected":false},"excerpt":{"rendered":"<p>[vc_row row_height_percent=&#8220;50&#8243; back_image=&#8220;508&#8243; overlay_alpha=&#8220;50&#8243; gutter_size=&#8220;3&#8243; column_width_percent=&#8220;100&#8243; shift_y=&#8220;0&#8243; z_index=&#8220;0&#8243; row_height_pixel=&#8220;300&#8243;][vc_column column_width_percent=&#8220;100&#8243; position_vertical=&#8220;middle&#8220; align_horizontal=&#8220;align_center&#8220; gutter_size=&#8220;3&#8243; style=&#8220;dark&#8220; overlay_alpha=&#8220;50&#8243; shift_x=&#8220;0&#8243; shift_y=&#8220;0&#8243; shift_y_down=&#8220;0&#8243; z_index=&#8220;0&#8243; medium_width=&#8220;0&#8243; [&hellip;]<\/p>\n","protected":false},"author":1,"featured_media":0,"parent":54,"menu_order":0,"comment_status":"closed","ping_status":"closed","template":"","meta":{"footnotes":""},"class_list":["post-699","page","type-page","status-publish","hentry"],"yoast_head":"<!-- This site is optimized with the Yoast SEO plugin v27.3 - https:\/\/yoast.com\/product\/yoast-seo-wordpress\/ -->\n<title>Wert eines Persers - Mein echter Perser<\/title>\n<meta name=\"robots\" content=\"index, follow, max-snippet:-1, max-image-preview:large, max-video-preview:-1\" \/>\n<link rel=\"canonical\" href=\"http:\/\/mep.machiel.at\/de\/wissen\/wert-eines-persers\/\" \/>\n<meta property=\"og:locale\" content=\"de_DE\" \/>\n<meta property=\"og:type\" content=\"article\" \/>\n<meta property=\"og:title\" content=\"Wert eines Persers - Mein echter Perser\" \/>\n<meta property=\"og:description\" content=\"[vc_row row_height_percent=&#8220;50&#8243; back_image=&#8220;508&#8243; overlay_alpha=&#8220;50&#8243; gutter_size=&#8220;3&#8243; column_width_percent=&#8220;100&#8243; shift_y=&#8220;0&#8243; z_index=&#8220;0&#8243; row_height_pixel=&#8220;300&#8243;][vc_column column_width_percent=&#8220;100&#8243; position_vertical=&#8220;middle&#8220; align_horizontal=&#8220;align_center&#8220; gutter_size=&#8220;3&#8243; style=&#8220;dark&#8220; overlay_alpha=&#8220;50&#8243; shift_x=&#8220;0&#8243; shift_y=&#8220;0&#8243; shift_y_down=&#8220;0&#8243; z_index=&#8220;0&#8243; medium_width=&#8220;0&#8243; [&hellip;]\" \/>\n<meta property=\"og:url\" content=\"http:\/\/mep.machiel.at\/de\/wissen\/wert-eines-persers\/\" \/>\n<meta property=\"og:site_name\" content=\"Mein echter Perser\" \/>\n<meta property=\"article:modified_time\" content=\"2021-04-07T12:19:27+00:00\" \/>\n<meta name=\"twitter:card\" content=\"summary_large_image\" \/>\n<meta name=\"twitter:label1\" content=\"Gesch\u00e4tzte Lesezeit\" \/>\n\t<meta name=\"twitter:data1\" content=\"2\u00a0Minuten\" \/>\n<script type=\"application\/ld+json\" class=\"yoast-schema-graph\">{\"@context\":\"https:\\\/\\\/schema.org\",\"@graph\":[{\"@type\":\"WebPage\",\"@id\":\"http:\\\/\\\/mep.machiel.at\\\/de\\\/wissen\\\/wert-eines-persers\\\/\",\"url\":\"http:\\\/\\\/mep.machiel.at\\\/de\\\/wissen\\\/wert-eines-persers\\\/\",\"name\":\"Wert eines Persers - Mein echter Perser\",\"isPartOf\":{\"@id\":\"http:\\\/\\\/mep.machiel.at\\\/de\\\/#website\"},\"datePublished\":\"2021-04-07T12:17:25+00:00\",\"dateModified\":\"2021-04-07T12:19:27+00:00\",\"breadcrumb\":{\"@id\":\"http:\\\/\\\/mep.machiel.at\\\/de\\\/wissen\\\/wert-eines-persers\\\/#breadcrumb\"},\"inLanguage\":\"de\",\"potentialAction\":[{\"@type\":\"ReadAction\",\"target\":[\"http:\\\/\\\/mep.machiel.at\\\/de\\\/wissen\\\/wert-eines-persers\\\/\"]}]},{\"@type\":\"BreadcrumbList\",\"@id\":\"http:\\\/\\\/mep.machiel.at\\\/de\\\/wissen\\\/wert-eines-persers\\\/#breadcrumb\",\"itemListElement\":[{\"@type\":\"ListItem\",\"position\":1,\"name\":\"Startseite\",\"item\":\"http:\\\/\\\/mep.machiel.at\\\/de\\\/\"},{\"@type\":\"ListItem\",\"position\":2,\"name\":\"Wissen\",\"item\":\"http:\\\/\\\/mep.machiel.at\\\/de\\\/wissen\\\/\"},{\"@type\":\"ListItem\",\"position\":3,\"name\":\"Wert eines Persers\"}]},{\"@type\":\"WebSite\",\"@id\":\"http:\\\/\\\/mep.machiel.at\\\/de\\\/#website\",\"url\":\"http:\\\/\\\/mep.machiel.at\\\/de\\\/\",\"name\":\"Mein echter Perser\",\"description\":\"Teppichreparatur, Teppichreinigung, Wertgutachten\",\"potentialAction\":[{\"@type\":\"SearchAction\",\"target\":{\"@type\":\"EntryPoint\",\"urlTemplate\":\"http:\\\/\\\/mep.machiel.at\\\/de\\\/?s={search_term_string}\"},\"query-input\":{\"@type\":\"PropertyValueSpecification\",\"valueRequired\":true,\"valueName\":\"search_term_string\"}}],\"inLanguage\":\"de\"}]}<\/script>\n<!-- \/ Yoast SEO plugin. -->","yoast_head_json":{"title":"Wert eines Persers - Mein echter Perser","robots":{"index":"index","follow":"follow","max-snippet":"max-snippet:-1","max-image-preview":"max-image-preview:large","max-video-preview":"max-video-preview:-1"},"canonical":"http:\/\/mep.machiel.at\/de\/wissen\/wert-eines-persers\/","og_locale":"de_DE","og_type":"article","og_title":"Wert eines Persers - Mein echter Perser","og_description":"[vc_row row_height_percent=&#8220;50&#8243; back_image=&#8220;508&#8243; overlay_alpha=&#8220;50&#8243; gutter_size=&#8220;3&#8243; column_width_percent=&#8220;100&#8243; shift_y=&#8220;0&#8243; z_index=&#8220;0&#8243; row_height_pixel=&#8220;300&#8243;][vc_column column_width_percent=&#8220;100&#8243; position_vertical=&#8220;middle&#8220; align_horizontal=&#8220;align_center&#8220; gutter_size=&#8220;3&#8243; style=&#8220;dark&#8220; overlay_alpha=&#8220;50&#8243; shift_x=&#8220;0&#8243; shift_y=&#8220;0&#8243; shift_y_down=&#8220;0&#8243; z_index=&#8220;0&#8243; medium_width=&#8220;0&#8243; [&hellip;]","og_url":"http:\/\/mep.machiel.at\/de\/wissen\/wert-eines-persers\/","og_site_name":"Mein echter Perser","article_modified_time":"2021-04-07T12:19:27+00:00","twitter_card":"summary_large_image","twitter_misc":{"Gesch\u00e4tzte Lesezeit":"2\u00a0Minuten"},"schema":{"@context":"https:\/\/schema.org","@graph":[{"@type":"WebPage","@id":"http:\/\/mep.machiel.at\/de\/wissen\/wert-eines-persers\/","url":"http:\/\/mep.machiel.at\/de\/wissen\/wert-eines-persers\/","name":"Wert eines Persers - Mein echter Perser","isPartOf":{"@id":"http:\/\/mep.machiel.at\/de\/#website"},"datePublished":"2021-04-07T12:17:25+00:00","dateModified":"2021-04-07T12:19:27+00:00","breadcrumb":{"@id":"http:\/\/mep.machiel.at\/de\/wissen\/wert-eines-persers\/#breadcrumb"},"inLanguage":"de","potentialAction":[{"@type":"ReadAction","target":["http:\/\/mep.machiel.at\/de\/wissen\/wert-eines-persers\/"]}]},{"@type":"BreadcrumbList","@id":"http:\/\/mep.machiel.at\/de\/wissen\/wert-eines-persers\/#breadcrumb","itemListElement":[{"@type":"ListItem","position":1,"name":"Startseite","item":"http:\/\/mep.machiel.at\/de\/"},{"@type":"ListItem","position":2,"name":"Wissen","item":"http:\/\/mep.machiel.at\/de\/wissen\/"},{"@type":"ListItem","position":3,"name":"Wert eines Persers"}]},{"@type":"WebSite","@id":"http:\/\/mep.machiel.at\/de\/#website","url":"http:\/\/mep.machiel.at\/de\/","name":"Mein echter Perser","description":"Teppichreparatur, Teppichreinigung, Wertgutachten","potentialAction":[{"@type":"SearchAction","target":{"@type":"EntryPoint","urlTemplate":"http:\/\/mep.machiel.at\/de\/?s={search_term_string}"},"query-input":{"@type":"PropertyValueSpecification","valueRequired":true,"valueName":"search_term_string"}}],"inLanguage":"de"}]}},"_links":{"self":[{"href":"http:\/\/mep.machiel.at\/de\/wp-json\/wp\/v2\/pages\/699","targetHints":{"allow":["GET"]}}],"collection":[{"href":"http:\/\/mep.machiel.at\/de\/wp-json\/wp\/v2\/pages"}],"about":[{"href":"http:\/\/mep.machiel.at\/de\/wp-json\/wp\/v2\/types\/page"}],"author":[{"embeddable":true,"href":"http:\/\/mep.machiel.at\/de\/wp-json\/wp\/v2\/users\/1"}],"replies":[{"embeddable":true,"href":"http:\/\/mep.machiel.at\/de\/wp-json\/wp\/v2\/comments?post=699"}],"version-history":[{"count":3,"href":"http:\/\/mep.machiel.at\/de\/wp-json\/wp\/v2\/pages\/699\/revisions"}],"predecessor-version":[{"id":707,"href":"http:\/\/mep.machiel.at\/de\/wp-json\/wp\/v2\/pages\/699\/revisions\/707"}],"up":[{"embeddable":true,"href":"http:\/\/mep.machiel.at\/de\/wp-json\/wp\/v2\/pages\/54"}],"wp:attachment":[{"href":"http:\/\/mep.machiel.at\/de\/wp-json\/wp\/v2\/media?parent=699"}],"curies":[{"name":"wp","href":"https:\/\/api.w.org\/{rel}","templated":true}]}}