{"id":532,"date":"2021-04-06T15:42:25","date_gmt":"2021-04-06T13:42:25","guid":{"rendered":"http:\/\/mep.machiel.at\/?page_id=532"},"modified":"2021-04-06T15:42:52","modified_gmt":"2021-04-06T13:42:52","slug":"echtheit-eines-persers","status":"publish","type":"page","link":"http:\/\/mep.machiel.at\/de\/wissen\/echtheit-eines-persers\/","title":{"rendered":"Wie erkenne ich einen echten Teppich?"},"content":{"rendered":"<p>[vc_row row_height_percent=&#8220;50&#8243; back_image=&#8220;508&#8243; overlay_alpha=&#8220;50&#8243; gutter_size=&#8220;3&#8243; column_width_percent=&#8220;100&#8243; shift_y=&#8220;0&#8243; z_index=&#8220;0&#8243; row_height_pixel=&#8220;300&#8243;][vc_column column_width_percent=&#8220;100&#8243; position_vertical=&#8220;middle&#8220; align_horizontal=&#8220;align_center&#8220; gutter_size=&#8220;3&#8243; style=&#8220;dark&#8220; overlay_alpha=&#8220;50&#8243; shift_x=&#8220;0&#8243; shift_y=&#8220;0&#8243; shift_y_down=&#8220;0&#8243; z_index=&#8220;0&#8243; medium_width=&#8220;0&#8243; mobile_width=&#8220;0&#8243; width=&#8220;1\/1&#8243;][vc_custom_heading]<\/p>\n<h1>Echtheit eines Persers<\/h1>\n<p>[\/vc_custom_heading][\/vc_column][\/vc_row][vc_row][vc_column width=&#8220;1\/1&#8243;][vc_custom_heading]<\/p>\n<h2>Wie erkenne ich einen echten Teppich?<\/h2>\n<p>[\/vc_custom_heading][vc_column_text el_class=&#8220;colorbox&#8220;]Nur ein Fachmann kann bestimmen, ob ein Teppich echt ist. Stimmt, und der Fachmann sind Sie, wenn Sie sich 3 Minuten Zeit nehmen.[\/vc_column_text][vc_column_text]Tats\u00e4chlich gibt es eine Reihe einfacher M\u00f6glichkeiten, mit denen man Teppiche auf ihre Echtheit pr\u00fcfen kann:[\/vc_column_text][\/vc_column][\/vc_row][vc_row][vc_column width=&#8220;1\/1&#8243;][vc_custom_heading]<\/p>\n<h2>Ist der Teppich handgekn\u00fcpft?<\/h2>\n<p>[\/vc_custom_heading][vc_row_inner][vc_column_inner width=&#8220;2\/3&#8243;][vc_column_text el_class=&#8220;colorbox&#8220;]Jeder\u00a0echte Orientteppich\u00a0ist ein Einzelst\u00fcck \u2013 suchen Sie nach Fehlern und Sie werden welche finden.[\/vc_column_text][vc_column_text]Vorab muss festgestellt werden, ob es sich um einen hand- oder maschinengekn\u00fcpften Teppich handelt. Es gibt drei M\u00f6glichkeiten sicher zu erkennen um welche Art von Teppich es sich handelt:[\/vc_column_text][vc_column_text]<b>1. Ein maschinengekn\u00fcpfter Teppich hat angen\u00e4hte Fransen.<\/b><br \/>\nSchlagen Sie den Teppich um, sodass Sie einen guten Blick auf die Knoten am Fransenrand auf der R\u00fcckseite haben. Ziehen Sie an einer einzelnen Franse. Beobachten Sie dabei die mit dieser Franse auf einer Linie liegenden, in den Teppich hinein verbundenen Knoten. Bewegen sich diese, wenn Sie an der Franse zupfen? Wenn ja, dann bedeutet das, dass die Fransen nicht angen\u00e4ht sind und der Kettfaden durch den Teppich hindurch die Fransen bildet.[\/vc_column_text][\/vc_column_inner][vc_column_inner width=&#8220;1\/3&#8243;][vc_single_image media=&#8220;533&#8243; media_width_percent=&#8220;100&#8243;][\/vc_column_inner][\/vc_row_inner][vc_row_inner][vc_column_inner width=&#8220;2\/3&#8243;][vc_column_text]<b>2. Ein maschinengekn\u00fcpfter Teppich ist fehlerfrei.<\/b><br \/>\nDrehen Sie den Teppich um und machen Sie es sich auf der R\u00fcckseite bequem. Suchen Sie ein am Teppich an zwei verschiedenen Stellen wiederkehrendes Muster. Vergleichen Sie eine Knotenreihe und achten Sie auf Unterschiede. Sind die Knoten unterschiedlich gro\u00df oder gibt es gar Fehler bei einer Farbfolge ist es klar, dass es sich um Handarbeit handelt, die durch die ungeheuren Knotenzahlen stets fehleranf\u00e4llig bleibt.[\/vc_column_text][vc_column_text]<b>3. Ein maschinengekn\u00fcpfter Teppich hat keine Gr\u00f6\u00dfenabweichungen.<\/b><br \/>\nNehmen Sie ein Ma\u00dfband und messen Sie die Breite an verschiedenen Stellen. Ein handgekn\u00fcpfter Teppich weist deutliche Unterschiede im Millimeterbereich auf.[\/vc_column_text][\/vc_column_inner][vc_column_inner width=&#8220;1\/3&#8243;][vc_single_image media=&#8220;538&#8243; media_width_percent=&#8220;100&#8243;][\/vc_column_inner][\/vc_row_inner][\/vc_column][\/vc_row][vc_row][vc_column width=&#8220;1\/1&#8243;][vc_custom_heading]<\/p>\n<h2>Woher stammt der Teppich?<\/h2>\n<p>[\/vc_custom_heading][vc_column_text]Da die traditionell kn\u00fcpfenden L\u00e4nder stets einen Standard garantieren, der die Vorteile eines echten Teppichs verspricht, gilt es ganz besonders auf das Entstehungsland zu achten. Dieses muss bei einem zum Verkauf angebotenen Teppich stets angegeben werden, da man nur Teppiche der gleichen Herkunftsregion direkt miteinander vergleichen kann.<\/p>\n<p>Es sei aber unbedingt gesagt, dass es sich bei den meisten Nachkn\u00fcpfungen ebenfalls um hingebungsvolle Handarbeit, ebenso aufw\u00e4ndige Muster und oft interessante Mustervariationen handelt. Lediglich sind die Vorteile eines echten Teppichs durch die oft unterlegene Materialqualit\u00e4t und einfachere Kn\u00fcpftechnik nicht immer gegeben.<\/p>\n<ul class=\"dark\">\n<li><b>Echte Teppiche stammen aus:<\/b><br \/>\nIran\/Persien, Afghanistan, T\u00fcrkei, Russland<\/li>\n<li><b>Nachkn\u00fcpfungen stammen insbesondere aus:<\/b><br \/>\nPakistan, Indien (h\u00e4ufig als &#8222;Indo-&#8220; vor dem Namen getarnt), China und den nordafrikanischen L\u00e4ndern.<\/li>\n<\/ul>\n<p>[\/vc_column_text][\/vc_column][\/vc_row][vc_row][vc_column width=&#8220;1\/1&#8243;][vc_empty_space empty_h=&#8220;3&#8243;][\/vc_column][\/vc_row]<\/p>\n","protected":false},"excerpt":{"rendered":"<p>[vc_row row_height_percent=&#8220;50&#8243; back_image=&#8220;508&#8243; overlay_alpha=&#8220;50&#8243; gutter_size=&#8220;3&#8243; column_width_percent=&#8220;100&#8243; shift_y=&#8220;0&#8243; z_index=&#8220;0&#8243; row_height_pixel=&#8220;300&#8243;][vc_column column_width_percent=&#8220;100&#8243; position_vertical=&#8220;middle&#8220; align_horizontal=&#8220;align_center&#8220; gutter_size=&#8220;3&#8243; style=&#8220;dark&#8220; overlay_alpha=&#8220;50&#8243; shift_x=&#8220;0&#8243; shift_y=&#8220;0&#8243; shift_y_down=&#8220;0&#8243; z_index=&#8220;0&#8243; medium_width=&#8220;0&#8243; [&hellip;]<\/p>\n","protected":false},"author":1,"featured_media":0,"parent":54,"menu_order":0,"comment_status":"closed","ping_status":"closed","template":"","meta":{"footnotes":""},"class_list":["post-532","page","type-page","status-publish","hentry"],"yoast_head":"<!-- This site is optimized with the Yoast SEO plugin v27.3 - https:\/\/yoast.com\/product\/yoast-seo-wordpress\/ -->\n<title>Wie erkenne ich einen echten Teppich? - Mein echter Perser<\/title>\n<meta name=\"robots\" content=\"index, follow, max-snippet:-1, max-image-preview:large, max-video-preview:-1\" \/>\n<link rel=\"canonical\" href=\"http:\/\/mep.machiel.at\/de\/wissen\/echtheit-eines-persers\/\" \/>\n<meta property=\"og:locale\" content=\"de_DE\" \/>\n<meta property=\"og:type\" content=\"article\" \/>\n<meta property=\"og:title\" content=\"Wie erkenne ich einen echten Teppich? - Mein echter Perser\" \/>\n<meta property=\"og:description\" content=\"[vc_row row_height_percent=&#8220;50&#8243; back_image=&#8220;508&#8243; overlay_alpha=&#8220;50&#8243; gutter_size=&#8220;3&#8243; column_width_percent=&#8220;100&#8243; shift_y=&#8220;0&#8243; z_index=&#8220;0&#8243; row_height_pixel=&#8220;300&#8243;][vc_column column_width_percent=&#8220;100&#8243; position_vertical=&#8220;middle&#8220; align_horizontal=&#8220;align_center&#8220; gutter_size=&#8220;3&#8243; style=&#8220;dark&#8220; overlay_alpha=&#8220;50&#8243; shift_x=&#8220;0&#8243; shift_y=&#8220;0&#8243; shift_y_down=&#8220;0&#8243; z_index=&#8220;0&#8243; medium_width=&#8220;0&#8243; [&hellip;]\" \/>\n<meta property=\"og:url\" content=\"http:\/\/mep.machiel.at\/de\/wissen\/echtheit-eines-persers\/\" \/>\n<meta property=\"og:site_name\" content=\"Mein echter Perser\" \/>\n<meta property=\"article:modified_time\" content=\"2021-04-06T13:42:52+00:00\" \/>\n<meta name=\"twitter:card\" content=\"summary_large_image\" \/>\n<meta name=\"twitter:label1\" content=\"Gesch\u00e4tzte Lesezeit\" \/>\n\t<meta name=\"twitter:data1\" content=\"3\u00a0Minuten\" \/>\n<script type=\"application\/ld+json\" class=\"yoast-schema-graph\">{\"@context\":\"https:\\\/\\\/schema.org\",\"@graph\":[{\"@type\":\"WebPage\",\"@id\":\"http:\\\/\\\/mep.machiel.at\\\/de\\\/wissen\\\/echtheit-eines-persers\\\/\",\"url\":\"http:\\\/\\\/mep.machiel.at\\\/de\\\/wissen\\\/echtheit-eines-persers\\\/\",\"name\":\"Wie erkenne ich einen echten Teppich? - Mein echter Perser\",\"isPartOf\":{\"@id\":\"http:\\\/\\\/mep.machiel.at\\\/de\\\/#website\"},\"datePublished\":\"2021-04-06T13:42:25+00:00\",\"dateModified\":\"2021-04-06T13:42:52+00:00\",\"breadcrumb\":{\"@id\":\"http:\\\/\\\/mep.machiel.at\\\/de\\\/wissen\\\/echtheit-eines-persers\\\/#breadcrumb\"},\"inLanguage\":\"de\",\"potentialAction\":[{\"@type\":\"ReadAction\",\"target\":[\"http:\\\/\\\/mep.machiel.at\\\/de\\\/wissen\\\/echtheit-eines-persers\\\/\"]}]},{\"@type\":\"BreadcrumbList\",\"@id\":\"http:\\\/\\\/mep.machiel.at\\\/de\\\/wissen\\\/echtheit-eines-persers\\\/#breadcrumb\",\"itemListElement\":[{\"@type\":\"ListItem\",\"position\":1,\"name\":\"Startseite\",\"item\":\"http:\\\/\\\/mep.machiel.at\\\/de\\\/\"},{\"@type\":\"ListItem\",\"position\":2,\"name\":\"Wissen\",\"item\":\"http:\\\/\\\/mep.machiel.at\\\/de\\\/wissen\\\/\"},{\"@type\":\"ListItem\",\"position\":3,\"name\":\"Wie erkenne ich einen echten Teppich?\"}]},{\"@type\":\"WebSite\",\"@id\":\"http:\\\/\\\/mep.machiel.at\\\/de\\\/#website\",\"url\":\"http:\\\/\\\/mep.machiel.at\\\/de\\\/\",\"name\":\"Mein echter Perser\",\"description\":\"Teppichreparatur, Teppichreinigung, Wertgutachten\",\"potentialAction\":[{\"@type\":\"SearchAction\",\"target\":{\"@type\":\"EntryPoint\",\"urlTemplate\":\"http:\\\/\\\/mep.machiel.at\\\/de\\\/?s={search_term_string}\"},\"query-input\":{\"@type\":\"PropertyValueSpecification\",\"valueRequired\":true,\"valueName\":\"search_term_string\"}}],\"inLanguage\":\"de\"}]}<\/script>\n<!-- \/ Yoast SEO plugin. -->","yoast_head_json":{"title":"Wie erkenne ich einen echten Teppich? - Mein echter Perser","robots":{"index":"index","follow":"follow","max-snippet":"max-snippet:-1","max-image-preview":"max-image-preview:large","max-video-preview":"max-video-preview:-1"},"canonical":"http:\/\/mep.machiel.at\/de\/wissen\/echtheit-eines-persers\/","og_locale":"de_DE","og_type":"article","og_title":"Wie erkenne ich einen echten Teppich? - Mein echter Perser","og_description":"[vc_row row_height_percent=&#8220;50&#8243; back_image=&#8220;508&#8243; overlay_alpha=&#8220;50&#8243; gutter_size=&#8220;3&#8243; column_width_percent=&#8220;100&#8243; shift_y=&#8220;0&#8243; z_index=&#8220;0&#8243; row_height_pixel=&#8220;300&#8243;][vc_column column_width_percent=&#8220;100&#8243; position_vertical=&#8220;middle&#8220; align_horizontal=&#8220;align_center&#8220; gutter_size=&#8220;3&#8243; style=&#8220;dark&#8220; overlay_alpha=&#8220;50&#8243; shift_x=&#8220;0&#8243; shift_y=&#8220;0&#8243; shift_y_down=&#8220;0&#8243; z_index=&#8220;0&#8243; medium_width=&#8220;0&#8243; [&hellip;]","og_url":"http:\/\/mep.machiel.at\/de\/wissen\/echtheit-eines-persers\/","og_site_name":"Mein echter Perser","article_modified_time":"2021-04-06T13:42:52+00:00","twitter_card":"summary_large_image","twitter_misc":{"Gesch\u00e4tzte Lesezeit":"3\u00a0Minuten"},"schema":{"@context":"https:\/\/schema.org","@graph":[{"@type":"WebPage","@id":"http:\/\/mep.machiel.at\/de\/wissen\/echtheit-eines-persers\/","url":"http:\/\/mep.machiel.at\/de\/wissen\/echtheit-eines-persers\/","name":"Wie erkenne ich einen echten Teppich? - Mein echter Perser","isPartOf":{"@id":"http:\/\/mep.machiel.at\/de\/#website"},"datePublished":"2021-04-06T13:42:25+00:00","dateModified":"2021-04-06T13:42:52+00:00","breadcrumb":{"@id":"http:\/\/mep.machiel.at\/de\/wissen\/echtheit-eines-persers\/#breadcrumb"},"inLanguage":"de","potentialAction":[{"@type":"ReadAction","target":["http:\/\/mep.machiel.at\/de\/wissen\/echtheit-eines-persers\/"]}]},{"@type":"BreadcrumbList","@id":"http:\/\/mep.machiel.at\/de\/wissen\/echtheit-eines-persers\/#breadcrumb","itemListElement":[{"@type":"ListItem","position":1,"name":"Startseite","item":"http:\/\/mep.machiel.at\/de\/"},{"@type":"ListItem","position":2,"name":"Wissen","item":"http:\/\/mep.machiel.at\/de\/wissen\/"},{"@type":"ListItem","position":3,"name":"Wie erkenne ich einen echten Teppich?"}]},{"@type":"WebSite","@id":"http:\/\/mep.machiel.at\/de\/#website","url":"http:\/\/mep.machiel.at\/de\/","name":"Mein echter Perser","description":"Teppichreparatur, Teppichreinigung, Wertgutachten","potentialAction":[{"@type":"SearchAction","target":{"@type":"EntryPoint","urlTemplate":"http:\/\/mep.machiel.at\/de\/?s={search_term_string}"},"query-input":{"@type":"PropertyValueSpecification","valueRequired":true,"valueName":"search_term_string"}}],"inLanguage":"de"}]}},"_links":{"self":[{"href":"http:\/\/mep.machiel.at\/de\/wp-json\/wp\/v2\/pages\/532","targetHints":{"allow":["GET"]}}],"collection":[{"href":"http:\/\/mep.machiel.at\/de\/wp-json\/wp\/v2\/pages"}],"about":[{"href":"http:\/\/mep.machiel.at\/de\/wp-json\/wp\/v2\/types\/page"}],"author":[{"embeddable":true,"href":"http:\/\/mep.machiel.at\/de\/wp-json\/wp\/v2\/users\/1"}],"replies":[{"embeddable":true,"href":"http:\/\/mep.machiel.at\/de\/wp-json\/wp\/v2\/comments?post=532"}],"version-history":[{"count":2,"href":"http:\/\/mep.machiel.at\/de\/wp-json\/wp\/v2\/pages\/532\/revisions"}],"predecessor-version":[{"id":544,"href":"http:\/\/mep.machiel.at\/de\/wp-json\/wp\/v2\/pages\/532\/revisions\/544"}],"up":[{"embeddable":true,"href":"http:\/\/mep.machiel.at\/de\/wp-json\/wp\/v2\/pages\/54"}],"wp:attachment":[{"href":"http:\/\/mep.machiel.at\/de\/wp-json\/wp\/v2\/media?parent=532"}],"curies":[{"name":"wp","href":"https:\/\/api.w.org\/{rel}","templated":true}]}}