{"id":1249,"date":"2021-04-08T23:30:37","date_gmt":"2021-04-08T21:30:37","guid":{"rendered":"http:\/\/mep.machiel.at\/viden\/vaerdien-af-en-perser\/"},"modified":"2021-04-08T23:30:38","modified_gmt":"2021-04-08T21:30:38","slug":"vaerdien-af-en-perser","status":"publish","type":"page","link":"http:\/\/mep.machiel.at\/da\/viden\/vaerdien-af-en-perser\/","title":{"rendered":"V\u00e6rdien af en perser"},"content":{"rendered":"<p>[vc_row row_height_percent=&#8221;50&#8243; back_image=&#8221;508&#8243; overlay_alpha=&#8221;50&#8243; gutter_size=&#8221;3&#8243; column_width_percent=&#8221;100&#8243; shift_y=&#8221;0&#8243; z_index=&#8221;0&#8243; row_height_pixel=&#8221;300&#8243;][vc_column column_width_percent=&#8221;100&#8243; position_vertical=&#8221;middle&#8221; align_horizontal=&#8221;align_center&#8221; gutter_size=&#8221;3&#8243; style=&#8221;dark&#8221; overlay_alpha=&#8221;50&#8243; shift_x=&#8221;0&#8243; shift_y=&#8221;0&#8243; shift_y_down=&#8221;0&#8243; z_index=&#8221;0&#8243; medium_width=&#8221;0&#8243; mobile_width=&#8221;0&#8243; width=&#8221;1\/1&#8243;][vc_custom_heading]<\/p>\n<h1>V\u00e6rdien af en perser<\/h1>\n<p>[\/vc_custom_heading][\/vc_column][\/vc_row][vc_row][vc_column width=&#8221;1\/1&#8243;][vc_custom_heading]<\/p>\n<h2>Hvad afh\u00e6nger v\u00e6rdien af en \u00e6gte perser af?<\/h2>\n<p>[\/vc_custom_heading][vc_column_text el_class=&#8221;colorbox&#8221;]Kun en professionel kan bestemme, hvor meget et t\u00e6ppe er v\u00e6rd. Det er rigtigt, og du er eksperten, hvis du giver dig selv 3 minutter.[\/vc_column_text][vc_column_text]V\u00e6rdien af en ny \u00e6gte perser skyldes i vid udstr\u00e6kning:<\/p>\n<ol class=\"dark\">\n<li>det<strong> M\u00f8nster \u00e6stetik<\/strong> af det f\u00e6rdige t\u00e6ppe,<\/li>\n<li>kvaliteten af det anvendte<strong> Uld<\/strong> og<\/li>\n<li>det<strong> Knude t\u00e6thed<\/strong><\/li>\n<\/ol>\n<p>Levetiden i brug, den s\u00e5kaldte &#8220;holdbarhed&#8221;, er resultatet af de to sidstn\u00e6vnte.<\/p>\n<p>Det er vigtigt at bem\u00e6rke, at disse faktorer altid skal ses sammen og i sammenh\u00e6ng med t\u00e6ppets oprindelse for at muligg\u00f8re en vurdering af v\u00e6rdien &#8211; se<a href=\"http:\/\/mep.machiel.at\/da\/viden\/hvordan-genkender-jeg-et-rigtigt-taeppe\/\"> \u00c6gtheden af en perser<\/a> .[\/vc_column_text][\/vc_column][\/vc_row][vc_row][vc_column width=&#8221;1\/1&#8243;][vc_custom_heading]<\/p>\n<h2>Hvordan bestemmer jeg knudet\u00e6theden?<\/h2>\n<p>[\/vc_custom_heading][vc_row_inner][vc_column_inner width=&#8221;1\/1&#8243;][vc_column_text]Fold t\u00e6ppets kantede kant, s\u00e5 du kan se godt p\u00e5 knobene p\u00e5 bagsiden. S\u00e6t en lineal \u00e9t sted, og t\u00e6l hvor mange r\u00e6kker af knuder &#8211; det vil sige uj\u00e6vnheder &#8211; p\u00e5 en centimeter sektion. Hvis du tager dette tal i firkant, kan du beregne antallet af noder \/ cm<sup> 2<\/sup> . Multipliceret med 10.000 giver dette de mest specificerede knuder \/ m<sup> 2<\/sup> .<\/p>\n<p>Selvf\u00f8lgelig kan du kontrollere disse vigtige oplysninger selv i den detaljerede visning af hvert t\u00e6ppe:[\/vc_column_text][vc_single_image media=&#8221;700&#8243; media_width_use_pixel=&#8221;yes&#8221; media_width_pixel=&#8221;500&#8243;][\/vc_column_inner][\/vc_row_inner][\/vc_column][\/vc_row][vc_row][vc_column width=&#8221;1\/1&#8243;][vc_custom_heading]<\/p>\n<h2>Er en \u00e6gte perser en investering?<\/h2>\n<p>[\/vc_custom_heading][vc_column_text el_class=&#8221;colorbox&#8221;]Nej, et persisk t\u00e6ppe er ikke en investering med h\u00f8j rente. Men kan din sofa garantere, at den bevarer sin v\u00e6rdi?[\/vc_column_text][vc_column_text]Det kan generelt ikke siges, at rigtige persere bliver mere v\u00e6rdifulde over tid. Med andre ord: ikke alle persiske t\u00e6pper har det, der kr\u00e6ves for at v\u00e6re et museum. Imidlertid garanterer den lange levetid p\u00e5 flere hundrede \u00e5r, n\u00e5r den bruges derhjemme, mindst v\u00e6rdibevarelse over en meget lang periode. Vores gener\u00f8se<a href=\"https:\/\/www.meinechterperser.de\/hilfe#umtausch\"> Afbestillings- og udvekslingsbetingelser<\/a> afspejler dette ogs\u00e5.[\/vc_column_text][\/vc_column][\/vc_row][vc_row][vc_column width=&#8221;1\/1&#8243;][vc_empty_space empty_h=&#8221;3&#8243;][\/vc_column][\/vc_row]<\/p>\n","protected":false},"excerpt":{"rendered":"<p>[vc_row row_height_percent=&#8221;50&#8243; back_image=&#8221;508&#8243; overlay_alpha=&#8221;50&#8243; gutter_size=&#8221;3&#8243; column_width_percent=&#8221;100&#8243; shift_y=&#8221;0&#8243; z_index=&#8221;0&#8243; row_height_pixel=&#8221;300&#8243;][vc_column column_width_percent=&#8221;100&#8243; position_vertical=&#8221;middle&#8221; align_horizontal=&#8221;align_center&#8221; gutter_size=&#8221;3&#8243; style=&#8221;dark&#8221; overlay_alpha=&#8221;50&#8243; shift_x=&#8221;0&#8243; shift_y=&#8221;0&#8243; shift_y_down=&#8221;0&#8243; z_index=&#8221;0&#8243; medium_width=&#8221;0&#8243; [&hellip;]<\/p>\n","protected":false},"author":1,"featured_media":0,"parent":970,"menu_order":0,"comment_status":"closed","ping_status":"closed","template":"","meta":{"footnotes":""},"class_list":["post-1249","page","type-page","status-publish","hentry"],"yoast_head":"<!-- This site is optimized with the Yoast SEO plugin v27.3 - https:\/\/yoast.com\/product\/yoast-seo-wordpress\/ -->\n<title>V\u00e6rdien af en perser - Mein echter Perser<\/title>\n<meta name=\"robots\" content=\"index, follow, max-snippet:-1, max-image-preview:large, max-video-preview:-1\" \/>\n<link rel=\"canonical\" href=\"http:\/\/mep.machiel.at\/da\/viden\/vaerdien-af-en-perser\/\" \/>\n<meta property=\"og:locale\" content=\"da_DK\" \/>\n<meta property=\"og:type\" content=\"article\" \/>\n<meta property=\"og:title\" content=\"V\u00e6rdien af en perser - Mein echter Perser\" \/>\n<meta property=\"og:description\" content=\"[vc_row row_height_percent=&#8221;50&#8243; back_image=&#8221;508&#8243; overlay_alpha=&#8221;50&#8243; gutter_size=&#8221;3&#8243; column_width_percent=&#8221;100&#8243; shift_y=&#8221;0&#8243; z_index=&#8221;0&#8243; row_height_pixel=&#8221;300&#8243;][vc_column column_width_percent=&#8221;100&#8243; position_vertical=&#8221;middle&#8221; align_horizontal=&#8221;align_center&#8221; gutter_size=&#8221;3&#8243; style=&#8221;dark&#8221; overlay_alpha=&#8221;50&#8243; shift_x=&#8221;0&#8243; shift_y=&#8221;0&#8243; shift_y_down=&#8221;0&#8243; z_index=&#8221;0&#8243; medium_width=&#8221;0&#8243; [&hellip;]\" \/>\n<meta property=\"og:url\" content=\"http:\/\/mep.machiel.at\/da\/viden\/vaerdien-af-en-perser\/\" \/>\n<meta property=\"og:site_name\" content=\"Mein echter Perser\" \/>\n<meta property=\"article:modified_time\" content=\"2021-04-08T21:30:38+00:00\" \/>\n<meta name=\"twitter:card\" content=\"summary_large_image\" \/>\n<meta name=\"twitter:label1\" content=\"Estimeret l\u00e6setid\" \/>\n\t<meta name=\"twitter:data1\" content=\"2 minutter\" \/>\n<script type=\"application\/ld+json\" class=\"yoast-schema-graph\">{\"@context\":\"https:\\\/\\\/schema.org\",\"@graph\":[{\"@type\":\"WebPage\",\"@id\":\"http:\\\/\\\/mep.machiel.at\\\/da\\\/viden\\\/vaerdien-af-en-perser\\\/\",\"url\":\"http:\\\/\\\/mep.machiel.at\\\/da\\\/viden\\\/vaerdien-af-en-perser\\\/\",\"name\":\"V\u00e6rdien af en perser - Mein echter Perser\",\"isPartOf\":{\"@id\":\"http:\\\/\\\/mep.machiel.at\\\/da\\\/#website\"},\"datePublished\":\"2021-04-08T21:30:37+00:00\",\"dateModified\":\"2021-04-08T21:30:38+00:00\",\"breadcrumb\":{\"@id\":\"http:\\\/\\\/mep.machiel.at\\\/da\\\/viden\\\/vaerdien-af-en-perser\\\/#breadcrumb\"},\"inLanguage\":\"da-DK\",\"potentialAction\":[{\"@type\":\"ReadAction\",\"target\":[\"http:\\\/\\\/mep.machiel.at\\\/da\\\/viden\\\/vaerdien-af-en-perser\\\/\"]}]},{\"@type\":\"BreadcrumbList\",\"@id\":\"http:\\\/\\\/mep.machiel.at\\\/da\\\/viden\\\/vaerdien-af-en-perser\\\/#breadcrumb\",\"itemListElement\":[{\"@type\":\"ListItem\",\"position\":1,\"name\":\"Startseite\",\"item\":\"http:\\\/\\\/mep.machiel.at\\\/da\\\/\"},{\"@type\":\"ListItem\",\"position\":2,\"name\":\"Viden\",\"item\":\"http:\\\/\\\/mep.machiel.at\\\/da\\\/viden\\\/\"},{\"@type\":\"ListItem\",\"position\":3,\"name\":\"V\u00e6rdien af en perser\"}]},{\"@type\":\"WebSite\",\"@id\":\"http:\\\/\\\/mep.machiel.at\\\/da\\\/#website\",\"url\":\"http:\\\/\\\/mep.machiel.at\\\/da\\\/\",\"name\":\"Mein echter Perser\",\"description\":\"Teppichreparatur, Teppichreinigung, Wertgutachten\",\"potentialAction\":[{\"@type\":\"SearchAction\",\"target\":{\"@type\":\"EntryPoint\",\"urlTemplate\":\"http:\\\/\\\/mep.machiel.at\\\/da\\\/?s={search_term_string}\"},\"query-input\":{\"@type\":\"PropertyValueSpecification\",\"valueRequired\":true,\"valueName\":\"search_term_string\"}}],\"inLanguage\":\"da-DK\"}]}<\/script>\n<!-- \/ Yoast SEO plugin. -->","yoast_head_json":{"title":"V\u00e6rdien af en perser - Mein echter Perser","robots":{"index":"index","follow":"follow","max-snippet":"max-snippet:-1","max-image-preview":"max-image-preview:large","max-video-preview":"max-video-preview:-1"},"canonical":"http:\/\/mep.machiel.at\/da\/viden\/vaerdien-af-en-perser\/","og_locale":"da_DK","og_type":"article","og_title":"V\u00e6rdien af en perser - Mein echter Perser","og_description":"[vc_row row_height_percent=&#8221;50&#8243; back_image=&#8221;508&#8243; overlay_alpha=&#8221;50&#8243; gutter_size=&#8221;3&#8243; column_width_percent=&#8221;100&#8243; shift_y=&#8221;0&#8243; z_index=&#8221;0&#8243; row_height_pixel=&#8221;300&#8243;][vc_column column_width_percent=&#8221;100&#8243; position_vertical=&#8221;middle&#8221; align_horizontal=&#8221;align_center&#8221; gutter_size=&#8221;3&#8243; style=&#8221;dark&#8221; overlay_alpha=&#8221;50&#8243; shift_x=&#8221;0&#8243; shift_y=&#8221;0&#8243; shift_y_down=&#8221;0&#8243; z_index=&#8221;0&#8243; medium_width=&#8221;0&#8243; [&hellip;]","og_url":"http:\/\/mep.machiel.at\/da\/viden\/vaerdien-af-en-perser\/","og_site_name":"Mein echter Perser","article_modified_time":"2021-04-08T21:30:38+00:00","twitter_card":"summary_large_image","twitter_misc":{"Estimeret l\u00e6setid":"2 minutter"},"schema":{"@context":"https:\/\/schema.org","@graph":[{"@type":"WebPage","@id":"http:\/\/mep.machiel.at\/da\/viden\/vaerdien-af-en-perser\/","url":"http:\/\/mep.machiel.at\/da\/viden\/vaerdien-af-en-perser\/","name":"V\u00e6rdien af en perser - Mein echter Perser","isPartOf":{"@id":"http:\/\/mep.machiel.at\/da\/#website"},"datePublished":"2021-04-08T21:30:37+00:00","dateModified":"2021-04-08T21:30:38+00:00","breadcrumb":{"@id":"http:\/\/mep.machiel.at\/da\/viden\/vaerdien-af-en-perser\/#breadcrumb"},"inLanguage":"da-DK","potentialAction":[{"@type":"ReadAction","target":["http:\/\/mep.machiel.at\/da\/viden\/vaerdien-af-en-perser\/"]}]},{"@type":"BreadcrumbList","@id":"http:\/\/mep.machiel.at\/da\/viden\/vaerdien-af-en-perser\/#breadcrumb","itemListElement":[{"@type":"ListItem","position":1,"name":"Startseite","item":"http:\/\/mep.machiel.at\/da\/"},{"@type":"ListItem","position":2,"name":"Viden","item":"http:\/\/mep.machiel.at\/da\/viden\/"},{"@type":"ListItem","position":3,"name":"V\u00e6rdien af en perser"}]},{"@type":"WebSite","@id":"http:\/\/mep.machiel.at\/da\/#website","url":"http:\/\/mep.machiel.at\/da\/","name":"Mein echter Perser","description":"Teppichreparatur, Teppichreinigung, Wertgutachten","potentialAction":[{"@type":"SearchAction","target":{"@type":"EntryPoint","urlTemplate":"http:\/\/mep.machiel.at\/da\/?s={search_term_string}"},"query-input":{"@type":"PropertyValueSpecification","valueRequired":true,"valueName":"search_term_string"}}],"inLanguage":"da-DK"}]}},"_links":{"self":[{"href":"http:\/\/mep.machiel.at\/da\/wp-json\/wp\/v2\/pages\/1249","targetHints":{"allow":["GET"]}}],"collection":[{"href":"http:\/\/mep.machiel.at\/da\/wp-json\/wp\/v2\/pages"}],"about":[{"href":"http:\/\/mep.machiel.at\/da\/wp-json\/wp\/v2\/types\/page"}],"author":[{"embeddable":true,"href":"http:\/\/mep.machiel.at\/da\/wp-json\/wp\/v2\/users\/1"}],"replies":[{"embeddable":true,"href":"http:\/\/mep.machiel.at\/da\/wp-json\/wp\/v2\/comments?post=1249"}],"version-history":[{"count":2,"href":"http:\/\/mep.machiel.at\/da\/wp-json\/wp\/v2\/pages\/1249\/revisions"}],"predecessor-version":[{"id":1251,"href":"http:\/\/mep.machiel.at\/da\/wp-json\/wp\/v2\/pages\/1249\/revisions\/1251"}],"up":[{"embeddable":true,"href":"http:\/\/mep.machiel.at\/da\/wp-json\/wp\/v2\/pages\/970"}],"wp:attachment":[{"href":"http:\/\/mep.machiel.at\/da\/wp-json\/wp\/v2\/media?parent=1249"}],"curies":[{"name":"wp","href":"https:\/\/api.w.org\/{rel}","templated":true}]}}