{"id":1212,"date":"2021-04-08T23:23:14","date_gmt":"2021-04-08T21:23:14","guid":{"rendered":"http:\/\/mep.machiel.at\/viden\/vandskader\/"},"modified":"2021-04-08T23:23:16","modified_gmt":"2021-04-08T21:23:16","slug":"vandskader","status":"publish","type":"page","link":"http:\/\/mep.machiel.at\/da\/viden\/vandskader\/","title":{"rendered":"Vandskader"},"content":{"rendered":"<p>[vc_row row_height_percent=&#8221;50&#8243; back_image=&#8221;508&#8243; overlay_alpha=&#8221;50&#8243; gutter_size=&#8221;3&#8243; column_width_percent=&#8221;100&#8243; shift_y=&#8221;0&#8243; z_index=&#8221;0&#8243; row_height_pixel=&#8221;300&#8243;][vc_column column_width_percent=&#8221;100&#8243; position_vertical=&#8221;middle&#8221; align_horizontal=&#8221;align_center&#8221; gutter_size=&#8221;3&#8243; style=&#8221;dark&#8221; overlay_alpha=&#8221;50&#8243; shift_x=&#8221;0&#8243; shift_y=&#8221;0&#8243; shift_y_down=&#8221;0&#8243; z_index=&#8221;0&#8243; medium_width=&#8221;0&#8243; mobile_width=&#8221;0&#8243; width=&#8221;1\/1&#8243;][vc_custom_heading]<\/p>\n<h1>Vandskader<\/h1>\n<p>[\/vc_custom_heading][\/vc_column][\/vc_row][vc_row][vc_column width=&#8221;1\/1&#8243;][vc_custom_heading]<\/p>\n<h2>Vandskader og t\u00e6pperne er lige i midten<\/h2>\n<p>[\/vc_custom_heading][vc_column_text]Et spr\u00e6ngt r\u00f8r i dine egne fire v\u00e6gge p\u00e5virker ofte ogs\u00e5 t\u00e6pper. Et t\u00e6ppe, der er tilbage i vandet, lider p\u00e5 en r\u00e6kke m\u00e5der:[\/vc_column_text][\/vc_column][\/vc_row][vc_row][vc_column width=&#8221;1\/1&#8243;][vc_custom_heading]<\/p>\n<h2 id=\"die-nsse-frbt-teppiche-rot\">Fugtigheden bliver t\u00e6pper r\u00f8de<\/h2>\n<p>[\/vc_custom_heading][vc_single_image media=&#8221;808&#8243; caption=&#8221;yes&#8221; media_width_use_pixel=&#8221;yes&#8221; media_width_pixel=&#8221;600&#8243;][vc_column_text]Hvis et t\u00e6ppe forbliver permanent v\u00e5dt, begynder farverne at l\u00f8be. Da r\u00f8d n\u00e6sten altid forekommer i ren eller blandet form p\u00e5 orientalske t\u00e6pper, er hele t\u00e6ppebunken inklusive frynserne farvet r\u00f8d efter vandskade.[\/vc_column_text][\/vc_column][\/vc_row][vc_row][vc_column width=&#8221;1\/1&#8243;][vc_custom_heading]<\/p>\n<h2 id=\"schafwolle-verrottet-innerhalb-weniger-tage\">F\u00e5reuld r\u00e5tner inden for f\u00e5 dage<\/h2>\n<p>[\/vc_custom_heading][vc_single_image media=&#8221;813&#8243; caption=&#8221;yes&#8221; media_width_use_pixel=&#8221;yes&#8221; media_width_pixel=&#8221;600&#8243;][vc_column_text]Fugtigheden betyder, at forr\u00e5tnelsesprocesser begynder, og t\u00e6ppet kan r\u00e5dne inden for meget kort tid. Dette er is\u00e6r almindeligt, n\u00e5r t\u00e6pperne rulles sammen eller foldes sammen, inden de er helt t\u00f8rre.<\/p>\n<p>Hvis korrekt behandling ikke udf\u00f8res, dannes der ofte skimmelpletter.[\/vc_column_text][\/vc_column][\/vc_row][vc_row row_height_percent=&#8221;0&#8243; overlay_alpha=&#8221;50&#8243; gutter_size=&#8221;3&#8243; column_width_percent=&#8221;100&#8243; shift_y=&#8221;0&#8243; z_index=&#8221;0&#8243;][vc_column width=&#8221;1\/1&#8243;][vc_custom_heading]<\/p>\n<h2 id=\"teppiche-trocknen-verkehrt-herum\">T\u00e6pper t\u00f8rrer p\u00e5 hovedet<\/h2>\n<p>[\/vc_custom_heading][vc_column_text]F\u00f8rst og fremmest er det vigtigt, at et t\u00e6ppe kan t\u00f8rre s\u00e5 hurtigt som muligt efter vandskader. Det fors\u00f8ges ofte at h\u00e6nge det over en stang. Desv\u00e6rre bidrager denne fremgangsm\u00e5de kun til det faktum, at der dannes sm\u00e5 nitter i bunken, som g\u00f8r det muligt for farverne at str\u00f8mme endnu st\u00e6rkere langs disse omr\u00e5der.<\/p>\n<p>Det meste af vandet opbevares ikke i bunken, men i fundamentet. Den nemmeste m\u00e5de at t\u00f8rre et persisk t\u00e6ppe p\u00e5 er at l\u00e6gge det p\u00e5 gulvet med bagsiden opad og bunken nedad. Hvis det er n\u00f8dvendigt, kan du skrue varmen lidt op, men risikoen for, at der dannes b\u00f8lger, er h\u00f8jere, n\u00e5r du t\u00f8rrer hurtigere.[\/vc_column_text][\/vc_column][\/vc_row][vc_row row_height_percent=&#8221;0&#8243; overlay_alpha=&#8221;50&#8243; gutter_size=&#8221;3&#8243; column_width_percent=&#8221;100&#8243; shift_y=&#8221;0&#8243; z_index=&#8221;0&#8243;][vc_column width=&#8221;1\/1&#8243;][vc_custom_heading]<\/p>\n<h2 id=\"jede-reinigung-nach-einem-wasserschaden-ist-individuell\">Hver reng\u00f8ring efter vandskader er individuel<\/h2>\n<p>[\/vc_custom_heading][vc_column_text]<\/p>\n<ol>\n<li>Traditionelt vaskes t\u00e6pper igen efter vandskader. Dette lyder m\u00e5ske som et paradoks, men det er den bedste m\u00e5de at fjerne misfarvning p\u00e5. Professionel t\u00e6ppevask involverer konstant vask og b\u00f8rstning. Som et resultat h\u00e6nger farver, der l\u00f8ber ud, aldrig l\u00e6nge nok ud i et andet omr\u00e5de af t\u00e6ppet til at utilsigtet farve det.\n<p>Efter vandskade skal denne proces gentages i tilsvarende lang tid, indtil de for nylig faste farver slukkes igen, og kun den oprindelige farve bevares.<\/li>\n<li>I s\u00e6rligt st\u00e6dige tilf\u00e6lde udf\u00f8res individuel pletfjerning. Det ber\u00f8rte omr\u00e5de b\u00f8rstes, indtil farven reduceres tydeligt. Derefter omfarves det med individuelt blandede naturlige farver. Enhver blegning eller brug af shampoo i for h\u00f8j koncentration er traditionelt tabu for et persisk t\u00e6ppe af gode grunde. Dette ville f\u00e5 t\u00e6ppet til at se vidunderligt ud ved f\u00f8rste \u00f8jekast, men ville dramatisk reducere holdbarheden ved at \u00f8del\u00e6gge det naturlige uldfedt.<\/li>\n<\/ol>\n<p>[\/vc_column_text][\/vc_column][\/vc_row][vc_row row_height_percent=&#8221;0&#8243; overlay_alpha=&#8221;50&#8243; gutter_size=&#8221;3&#8243; column_width_percent=&#8221;100&#8243; shift_y=&#8221;0&#8243; z_index=&#8221;0&#8243;][vc_column width=&#8221;1\/1&#8243;][vc_custom_heading]<\/p>\n<h2 id=\"abwicklung-mit-der-versicherung\">Behandling med forsikringsselskabet<\/h2>\n<p>[\/vc_custom_heading][vc_column_text]I de fleste tilf\u00e6lde er vandskader fuldt d\u00e6kket af husstandsforsikring. I s\u00e5danne tilf\u00e6lde tilbyder vi selvf\u00f8lgelig ogs\u00e5 direkte behandling gennem forsikringsselskabet.[\/vc_column_text][\/vc_column][\/vc_row][vc_row row_height_percent=&#8221;0&#8243; back_color=&#8221;color-109322&#8243; overlay_alpha=&#8221;50&#8243; gutter_size=&#8221;3&#8243; column_width_percent=&#8221;100&#8243; shift_y=&#8221;0&#8243; z_index=&#8221;0&#8243;][vc_column width=&#8221;1\/1&#8243;][vc_custom_heading]<\/p>\n<h2>Vores tilbud p\u00e5 t\u00e6ppereparation<\/h2>\n<p>[\/vc_custom_heading][vc_column_text text_lead=&#8221;yes&#8221;]Vores reparationsservice behandler dit t\u00e6ppe som alle \u00e6gte t\u00e6pper er blevet behandlet i hundreder af \u00e5r. Det er afg\u00f8rende at gendanne t\u00e6ppet &#8211; hvis det er muligt p\u00e5 en s\u00e5dan m\u00e5de, at du ikke bem\u00e6rker det.[\/vc_column_text][vc_empty_space empty_h=&#8221;2&#8243;][vc_row_inner][vc_column_inner width=&#8221;1\/2&#8243;][uncode_list icon=&#8221;fa fa-checkmark-circle&#8221; icon_color=&#8221;color-103998&#8243; el_class=&#8221;angebot-details&#8221;]<\/p>\n<ul>\n<li>Gratis afhentning og levering<\/li>\n<li>Faste priser<\/li>\n<li>Betaling efter levering<\/li>\n<\/ul>\n<p>[\/uncode_list][vc_button button_color=&#8221;color-103998&#8243; size=&#8221;btn-lg&#8221; hover_fx=&#8221;full-colored&#8221; border_width=&#8221;0&#8243; link=&#8221;url:http%3A%2F%2Fmep.machiel.at%2Fda%2Ftaeppereparation%2F%23angebot|title:T%C3%A6pperensning|&#8221;]FOR AT REPARERE SERVICE[\/vc_button][\/vc_column_inner][vc_column_inner column_width_percent=&#8221;100&#8243; align_horizontal=&#8221;align_center&#8221; gutter_size=&#8221;3&#8243; overlay_alpha=&#8221;50&#8243; shift_x=&#8221;0&#8243; shift_y=&#8221;0&#8243; shift_y_down=&#8221;0&#8243; z_index=&#8221;0&#8243; medium_width=&#8221;0&#8243; mobile_width=&#8221;0&#8243; width=&#8221;1\/2&#8243;][vc_column_text el_class=&#8221;shadowbox&#8221;]Du kan ogs\u00e5 kontakte os via telefon eller e-mail:<\/p>\n<h3>0800 0700 120<\/h3>\n<p><small>(dagligt fra 9 til 18 gratis fra hele Tyskland)<\/small><\/p>\n<p><strong><a href=\"mailto:service@meinechterperser.de\">service@meinechterperser.de<\/a><\/strong>[\/vc_column_text][\/vc_column_inner][\/vc_row_inner][\/vc_column][\/vc_row][vc_row][vc_column width=&#8221;1\/1&#8243;][vc_empty_space empty_h=&#8221;3&#8243;][\/vc_column][\/vc_row]<\/p>\n","protected":false},"excerpt":{"rendered":"<p>[vc_row row_height_percent=&#8221;50&#8243; back_image=&#8221;508&#8243; overlay_alpha=&#8221;50&#8243; gutter_size=&#8221;3&#8243; column_width_percent=&#8221;100&#8243; shift_y=&#8221;0&#8243; z_index=&#8221;0&#8243; row_height_pixel=&#8221;300&#8243;][vc_column column_width_percent=&#8221;100&#8243; position_vertical=&#8221;middle&#8221; align_horizontal=&#8221;align_center&#8221; gutter_size=&#8221;3&#8243; style=&#8221;dark&#8221; overlay_alpha=&#8221;50&#8243; shift_x=&#8221;0&#8243; shift_y=&#8221;0&#8243; shift_y_down=&#8221;0&#8243; z_index=&#8221;0&#8243; medium_width=&#8221;0&#8243; [&hellip;]<\/p>\n","protected":false},"author":1,"featured_media":0,"parent":970,"menu_order":0,"comment_status":"closed","ping_status":"closed","template":"","meta":{"footnotes":""},"class_list":["post-1212","page","type-page","status-publish","hentry"],"yoast_head":"<!-- This site is optimized with the Yoast SEO plugin v27.3 - https:\/\/yoast.com\/product\/yoast-seo-wordpress\/ -->\n<title>Vandskader - Mein echter Perser<\/title>\n<meta name=\"robots\" content=\"index, follow, max-snippet:-1, max-image-preview:large, max-video-preview:-1\" \/>\n<link rel=\"canonical\" href=\"http:\/\/mep.machiel.at\/da\/viden\/vandskader\/\" \/>\n<meta property=\"og:locale\" content=\"da_DK\" \/>\n<meta property=\"og:type\" content=\"article\" \/>\n<meta property=\"og:title\" content=\"Vandskader - Mein echter Perser\" \/>\n<meta property=\"og:description\" content=\"[vc_row row_height_percent=&#8221;50&#8243; back_image=&#8221;508&#8243; overlay_alpha=&#8221;50&#8243; gutter_size=&#8221;3&#8243; column_width_percent=&#8221;100&#8243; shift_y=&#8221;0&#8243; z_index=&#8221;0&#8243; row_height_pixel=&#8221;300&#8243;][vc_column column_width_percent=&#8221;100&#8243; position_vertical=&#8221;middle&#8221; align_horizontal=&#8221;align_center&#8221; gutter_size=&#8221;3&#8243; style=&#8221;dark&#8221; overlay_alpha=&#8221;50&#8243; shift_x=&#8221;0&#8243; shift_y=&#8221;0&#8243; shift_y_down=&#8221;0&#8243; z_index=&#8221;0&#8243; medium_width=&#8221;0&#8243; [&hellip;]\" \/>\n<meta property=\"og:url\" content=\"http:\/\/mep.machiel.at\/da\/viden\/vandskader\/\" \/>\n<meta property=\"og:site_name\" content=\"Mein echter Perser\" \/>\n<meta property=\"article:modified_time\" content=\"2021-04-08T21:23:16+00:00\" \/>\n<meta name=\"twitter:card\" content=\"summary_large_image\" \/>\n<meta name=\"twitter:label1\" content=\"Estimeret l\u00e6setid\" \/>\n\t<meta name=\"twitter:data1\" content=\"5 minutter\" \/>\n<script type=\"application\/ld+json\" class=\"yoast-schema-graph\">{\"@context\":\"https:\\\/\\\/schema.org\",\"@graph\":[{\"@type\":\"WebPage\",\"@id\":\"http:\\\/\\\/mep.machiel.at\\\/da\\\/viden\\\/vandskader\\\/\",\"url\":\"http:\\\/\\\/mep.machiel.at\\\/da\\\/viden\\\/vandskader\\\/\",\"name\":\"Vandskader - Mein echter Perser\",\"isPartOf\":{\"@id\":\"http:\\\/\\\/mep.machiel.at\\\/da\\\/#website\"},\"datePublished\":\"2021-04-08T21:23:14+00:00\",\"dateModified\":\"2021-04-08T21:23:16+00:00\",\"breadcrumb\":{\"@id\":\"http:\\\/\\\/mep.machiel.at\\\/da\\\/viden\\\/vandskader\\\/#breadcrumb\"},\"inLanguage\":\"da-DK\",\"potentialAction\":[{\"@type\":\"ReadAction\",\"target\":[\"http:\\\/\\\/mep.machiel.at\\\/da\\\/viden\\\/vandskader\\\/\"]}]},{\"@type\":\"BreadcrumbList\",\"@id\":\"http:\\\/\\\/mep.machiel.at\\\/da\\\/viden\\\/vandskader\\\/#breadcrumb\",\"itemListElement\":[{\"@type\":\"ListItem\",\"position\":1,\"name\":\"Startseite\",\"item\":\"http:\\\/\\\/mep.machiel.at\\\/da\\\/\"},{\"@type\":\"ListItem\",\"position\":2,\"name\":\"Viden\",\"item\":\"http:\\\/\\\/mep.machiel.at\\\/da\\\/viden\\\/\"},{\"@type\":\"ListItem\",\"position\":3,\"name\":\"Vandskader\"}]},{\"@type\":\"WebSite\",\"@id\":\"http:\\\/\\\/mep.machiel.at\\\/da\\\/#website\",\"url\":\"http:\\\/\\\/mep.machiel.at\\\/da\\\/\",\"name\":\"Mein echter Perser\",\"description\":\"Teppichreparatur, Teppichreinigung, Wertgutachten\",\"potentialAction\":[{\"@type\":\"SearchAction\",\"target\":{\"@type\":\"EntryPoint\",\"urlTemplate\":\"http:\\\/\\\/mep.machiel.at\\\/da\\\/?s={search_term_string}\"},\"query-input\":{\"@type\":\"PropertyValueSpecification\",\"valueRequired\":true,\"valueName\":\"search_term_string\"}}],\"inLanguage\":\"da-DK\"}]}<\/script>\n<!-- \/ Yoast SEO plugin. -->","yoast_head_json":{"title":"Vandskader - Mein echter Perser","robots":{"index":"index","follow":"follow","max-snippet":"max-snippet:-1","max-image-preview":"max-image-preview:large","max-video-preview":"max-video-preview:-1"},"canonical":"http:\/\/mep.machiel.at\/da\/viden\/vandskader\/","og_locale":"da_DK","og_type":"article","og_title":"Vandskader - Mein echter Perser","og_description":"[vc_row row_height_percent=&#8221;50&#8243; back_image=&#8221;508&#8243; overlay_alpha=&#8221;50&#8243; gutter_size=&#8221;3&#8243; column_width_percent=&#8221;100&#8243; shift_y=&#8221;0&#8243; z_index=&#8221;0&#8243; row_height_pixel=&#8221;300&#8243;][vc_column column_width_percent=&#8221;100&#8243; position_vertical=&#8221;middle&#8221; align_horizontal=&#8221;align_center&#8221; gutter_size=&#8221;3&#8243; style=&#8221;dark&#8221; overlay_alpha=&#8221;50&#8243; shift_x=&#8221;0&#8243; shift_y=&#8221;0&#8243; shift_y_down=&#8221;0&#8243; z_index=&#8221;0&#8243; medium_width=&#8221;0&#8243; [&hellip;]","og_url":"http:\/\/mep.machiel.at\/da\/viden\/vandskader\/","og_site_name":"Mein echter Perser","article_modified_time":"2021-04-08T21:23:16+00:00","twitter_card":"summary_large_image","twitter_misc":{"Estimeret l\u00e6setid":"5 minutter"},"schema":{"@context":"https:\/\/schema.org","@graph":[{"@type":"WebPage","@id":"http:\/\/mep.machiel.at\/da\/viden\/vandskader\/","url":"http:\/\/mep.machiel.at\/da\/viden\/vandskader\/","name":"Vandskader - Mein echter Perser","isPartOf":{"@id":"http:\/\/mep.machiel.at\/da\/#website"},"datePublished":"2021-04-08T21:23:14+00:00","dateModified":"2021-04-08T21:23:16+00:00","breadcrumb":{"@id":"http:\/\/mep.machiel.at\/da\/viden\/vandskader\/#breadcrumb"},"inLanguage":"da-DK","potentialAction":[{"@type":"ReadAction","target":["http:\/\/mep.machiel.at\/da\/viden\/vandskader\/"]}]},{"@type":"BreadcrumbList","@id":"http:\/\/mep.machiel.at\/da\/viden\/vandskader\/#breadcrumb","itemListElement":[{"@type":"ListItem","position":1,"name":"Startseite","item":"http:\/\/mep.machiel.at\/da\/"},{"@type":"ListItem","position":2,"name":"Viden","item":"http:\/\/mep.machiel.at\/da\/viden\/"},{"@type":"ListItem","position":3,"name":"Vandskader"}]},{"@type":"WebSite","@id":"http:\/\/mep.machiel.at\/da\/#website","url":"http:\/\/mep.machiel.at\/da\/","name":"Mein echter Perser","description":"Teppichreparatur, Teppichreinigung, Wertgutachten","potentialAction":[{"@type":"SearchAction","target":{"@type":"EntryPoint","urlTemplate":"http:\/\/mep.machiel.at\/da\/?s={search_term_string}"},"query-input":{"@type":"PropertyValueSpecification","valueRequired":true,"valueName":"search_term_string"}}],"inLanguage":"da-DK"}]}},"_links":{"self":[{"href":"http:\/\/mep.machiel.at\/da\/wp-json\/wp\/v2\/pages\/1212","targetHints":{"allow":["GET"]}}],"collection":[{"href":"http:\/\/mep.machiel.at\/da\/wp-json\/wp\/v2\/pages"}],"about":[{"href":"http:\/\/mep.machiel.at\/da\/wp-json\/wp\/v2\/types\/page"}],"author":[{"embeddable":true,"href":"http:\/\/mep.machiel.at\/da\/wp-json\/wp\/v2\/users\/1"}],"replies":[{"embeddable":true,"href":"http:\/\/mep.machiel.at\/da\/wp-json\/wp\/v2\/comments?post=1212"}],"version-history":[{"count":5,"href":"http:\/\/mep.machiel.at\/da\/wp-json\/wp\/v2\/pages\/1212\/revisions"}],"predecessor-version":[{"id":1217,"href":"http:\/\/mep.machiel.at\/da\/wp-json\/wp\/v2\/pages\/1212\/revisions\/1217"}],"up":[{"embeddable":true,"href":"http:\/\/mep.machiel.at\/da\/wp-json\/wp\/v2\/pages\/970"}],"wp:attachment":[{"href":"http:\/\/mep.machiel.at\/da\/wp-json\/wp\/v2\/media?parent=1212"}],"curies":[{"name":"wp","href":"https:\/\/api.w.org\/{rel}","templated":true}]}}