{"id":1191,"date":"2021-04-08T23:13:22","date_gmt":"2021-04-08T21:13:22","guid":{"rendered":"http:\/\/mep.machiel.at\/viden\/hvad-er-en-aegte-perser\/"},"modified":"2021-04-08T23:13:22","modified_gmt":"2021-04-08T21:13:22","slug":"hvad-er-en-aegte-perser","status":"publish","type":"page","link":"http:\/\/mep.machiel.at\/da\/viden\/hvad-er-en-aegte-perser\/","title":{"rendered":"Hvad er en \u00e6gte perser?"},"content":{"rendered":"<p>[vc_row row_height_percent=&#8221;50&#8243; back_image=&#8221;508&#8243; overlay_alpha=&#8221;50&#8243; gutter_size=&#8221;3&#8243; column_width_percent=&#8221;100&#8243; shift_y=&#8221;0&#8243; z_index=&#8221;0&#8243; row_height_pixel=&#8221;300&#8243;][vc_column column_width_percent=&#8221;100&#8243; position_vertical=&#8221;middle&#8221; align_horizontal=&#8221;align_center&#8221; gutter_size=&#8221;3&#8243; style=&#8221;dark&#8221; overlay_alpha=&#8221;50&#8243; shift_x=&#8221;0&#8243; shift_y=&#8221;0&#8243; shift_y_down=&#8221;0&#8243; z_index=&#8221;0&#8243; medium_width=&#8221;0&#8243; mobile_width=&#8221;0&#8243; width=&#8221;1\/1&#8243;][vc_custom_heading]<\/p>\n<h1>Hvad er en \u00e6gte perser?<\/h1>\n<p>[\/vc_custom_heading][\/vc_column][\/vc_row][vc_row][vc_column width=&#8221;1\/1&#8243;][vc_custom_heading]<\/p>\n<h2>Hvad er en \u00e6gte perser?<\/h2>\n<p>[\/vc_custom_heading][vc_column_text el_class=&#8221;colorbox&#8221;]En \u00e6gte perser er som et dyrebart maleri. Med den forskel, at det stiger i v\u00e6rdi, hvis du tramper det i 100 \u00e5r.[\/vc_column_text][vc_column_text]Strengt taget betegnes kun h\u00e5ndknyttede t\u00e6pper fra omr\u00e5det i det tidligere Persien, i dag Iran, som &#8220;rigtige persere&#8221;. Normalt kaldes alle \u00e6gte orientalske t\u00e6pper &#8211; det vil sige dem, der kommer fra lande med \u00e5rhundreder og \u00e5rtusinde gamle t\u00e6ppetraditioner og altid garanterer en robust minimumskvalitet &#8211; som &#8220;rigtige persere&#8221;.<\/p>\n<p>Vi skubber kun den &#8220;rigtige perser&#8221; fremad. Sp\u00e6ndende er alle t\u00e6pper, der kommer fra traditionelt knudende lande, er af fremragende kvalitet og dermed mere end lever op til deres ry som \u00e6gte t\u00e6pper.[\/vc_column_text][\/vc_column][\/vc_row][vc_row][vc_column width=&#8221;1\/1&#8243;][vc_custom_heading]<\/p>\n<h2>Hvor kommer rigtige persere fra?<\/h2>\n<p>[\/vc_custom_heading][vc_column_text]T\u00e6ppet blev opfundet i den kaukasiske region af nomadiske folk, der m\u00e5tte holde deres bolig transportabel, men stadig robust. Derudover skal r\u00e5materialet &#8211; f\u00e5rens uld &#8211; ogs\u00e5 kunne rejse med dem. Disse vandrende folk distribuerede deres knyttede kunstv\u00e6rker i det st\u00f8rre omr\u00e5de omkring det, der nu er Iran, tidligere Persien.[\/vc_column_text][\/vc_column][\/vc_row][vc_row][vc_column width=&#8221;1\/1&#8243;][vc_custom_heading]<\/p>\n<h2>Hvad er fordelene ved en \u00e6gte perser?<\/h2>\n<p>[\/vc_custom_heading][vc_column_text el_class=&#8221;colorbox&#8221;]R\u00f8dvin p\u00e5 persisk? Intet problem, s\u00e5 l\u00e6nge det er et persisk t\u00e6ppe.[\/vc_column_text][vc_column_text]\u00c6gte t\u00e6pper ses i Orienten som b\u00e5de et hj\u00e6lpeprogram og et kunstobjekt. En r\u00e6kke ekstraordin\u00e6re pr\u00e6stationsfunktioner skyldes denne h\u00f8je standard:<\/p>\n<h4>levetid<\/h4>\n<p>Et \u00e6gte orientalsk t\u00e6ppe bliver et arvestykke. Et par hundrede \u00e5r i husholdningsbrug er en selvf\u00f8lge.<\/p>\n<h4>impr\u00e6gnering<\/h4>\n<p>Den blide farvning af uld g\u00f8r det muligt at bibeholde uldens naturlige fedt og g\u00f8r det meget, meget vanskeligt at tilf\u00f8je permanent snavs til en \u00e6gte perser.[\/vc_column_text][\/vc_column][\/vc_row][vc_row][vc_column width=&#8221;1\/1&#8243;][vc_empty_space empty_h=&#8221;3&#8243;][\/vc_column][\/vc_row]<\/p>\n","protected":false},"excerpt":{"rendered":"<p>[vc_row row_height_percent=&#8221;50&#8243; back_image=&#8221;508&#8243; overlay_alpha=&#8221;50&#8243; gutter_size=&#8221;3&#8243; column_width_percent=&#8221;100&#8243; shift_y=&#8221;0&#8243; z_index=&#8221;0&#8243; row_height_pixel=&#8221;300&#8243;][vc_column column_width_percent=&#8221;100&#8243; position_vertical=&#8221;middle&#8221; align_horizontal=&#8221;align_center&#8221; gutter_size=&#8221;3&#8243; style=&#8221;dark&#8221; overlay_alpha=&#8221;50&#8243; shift_x=&#8221;0&#8243; shift_y=&#8221;0&#8243; shift_y_down=&#8221;0&#8243; z_index=&#8221;0&#8243; medium_width=&#8221;0&#8243; [&hellip;]<\/p>\n","protected":false},"author":1,"featured_media":0,"parent":970,"menu_order":0,"comment_status":"closed","ping_status":"closed","template":"","meta":{"footnotes":""},"class_list":["post-1191","page","type-page","status-publish","hentry"],"yoast_head":"<!-- This site is optimized with the Yoast SEO plugin v27.3 - https:\/\/yoast.com\/product\/yoast-seo-wordpress\/ -->\n<title>Hvad er en \u00e6gte perser? - Mein echter Perser<\/title>\n<meta name=\"robots\" content=\"index, follow, max-snippet:-1, max-image-preview:large, max-video-preview:-1\" \/>\n<link rel=\"canonical\" href=\"http:\/\/mep.machiel.at\/da\/viden\/hvad-er-en-aegte-perser\/\" \/>\n<meta property=\"og:locale\" content=\"da_DK\" \/>\n<meta property=\"og:type\" content=\"article\" \/>\n<meta property=\"og:title\" content=\"Hvad er en \u00e6gte perser? - Mein echter Perser\" \/>\n<meta property=\"og:description\" content=\"[vc_row row_height_percent=&#8221;50&#8243; back_image=&#8221;508&#8243; overlay_alpha=&#8221;50&#8243; gutter_size=&#8221;3&#8243; column_width_percent=&#8221;100&#8243; shift_y=&#8221;0&#8243; z_index=&#8221;0&#8243; row_height_pixel=&#8221;300&#8243;][vc_column column_width_percent=&#8221;100&#8243; position_vertical=&#8221;middle&#8221; align_horizontal=&#8221;align_center&#8221; gutter_size=&#8221;3&#8243; style=&#8221;dark&#8221; overlay_alpha=&#8221;50&#8243; shift_x=&#8221;0&#8243; shift_y=&#8221;0&#8243; shift_y_down=&#8221;0&#8243; z_index=&#8221;0&#8243; medium_width=&#8221;0&#8243; [&hellip;]\" \/>\n<meta property=\"og:url\" content=\"http:\/\/mep.machiel.at\/da\/viden\/hvad-er-en-aegte-perser\/\" \/>\n<meta property=\"og:site_name\" content=\"Mein echter Perser\" \/>\n<meta name=\"twitter:card\" content=\"summary_large_image\" \/>\n<meta name=\"twitter:label1\" content=\"Estimeret l\u00e6setid\" \/>\n\t<meta name=\"twitter:data1\" content=\"2 minutter\" \/>\n<script type=\"application\/ld+json\" class=\"yoast-schema-graph\">{\"@context\":\"https:\\\/\\\/schema.org\",\"@graph\":[{\"@type\":\"WebPage\",\"@id\":\"http:\\\/\\\/mep.machiel.at\\\/da\\\/viden\\\/hvad-er-en-aegte-perser\\\/\",\"url\":\"http:\\\/\\\/mep.machiel.at\\\/da\\\/viden\\\/hvad-er-en-aegte-perser\\\/\",\"name\":\"Hvad er en \u00e6gte perser? - Mein echter Perser\",\"isPartOf\":{\"@id\":\"http:\\\/\\\/mep.machiel.at\\\/da\\\/#website\"},\"datePublished\":\"2021-04-08T21:13:22+00:00\",\"breadcrumb\":{\"@id\":\"http:\\\/\\\/mep.machiel.at\\\/da\\\/viden\\\/hvad-er-en-aegte-perser\\\/#breadcrumb\"},\"inLanguage\":\"da-DK\",\"potentialAction\":[{\"@type\":\"ReadAction\",\"target\":[\"http:\\\/\\\/mep.machiel.at\\\/da\\\/viden\\\/hvad-er-en-aegte-perser\\\/\"]}]},{\"@type\":\"BreadcrumbList\",\"@id\":\"http:\\\/\\\/mep.machiel.at\\\/da\\\/viden\\\/hvad-er-en-aegte-perser\\\/#breadcrumb\",\"itemListElement\":[{\"@type\":\"ListItem\",\"position\":1,\"name\":\"Startseite\",\"item\":\"http:\\\/\\\/mep.machiel.at\\\/da\\\/\"},{\"@type\":\"ListItem\",\"position\":2,\"name\":\"Viden\",\"item\":\"http:\\\/\\\/mep.machiel.at\\\/da\\\/viden\\\/\"},{\"@type\":\"ListItem\",\"position\":3,\"name\":\"Hvad er en \u00e6gte perser?\"}]},{\"@type\":\"WebSite\",\"@id\":\"http:\\\/\\\/mep.machiel.at\\\/da\\\/#website\",\"url\":\"http:\\\/\\\/mep.machiel.at\\\/da\\\/\",\"name\":\"Mein echter Perser\",\"description\":\"Teppichreparatur, Teppichreinigung, Wertgutachten\",\"potentialAction\":[{\"@type\":\"SearchAction\",\"target\":{\"@type\":\"EntryPoint\",\"urlTemplate\":\"http:\\\/\\\/mep.machiel.at\\\/da\\\/?s={search_term_string}\"},\"query-input\":{\"@type\":\"PropertyValueSpecification\",\"valueRequired\":true,\"valueName\":\"search_term_string\"}}],\"inLanguage\":\"da-DK\"}]}<\/script>\n<!-- \/ Yoast SEO plugin. -->","yoast_head_json":{"title":"Hvad er en \u00e6gte perser? - Mein echter Perser","robots":{"index":"index","follow":"follow","max-snippet":"max-snippet:-1","max-image-preview":"max-image-preview:large","max-video-preview":"max-video-preview:-1"},"canonical":"http:\/\/mep.machiel.at\/da\/viden\/hvad-er-en-aegte-perser\/","og_locale":"da_DK","og_type":"article","og_title":"Hvad er en \u00e6gte perser? - Mein echter Perser","og_description":"[vc_row row_height_percent=&#8221;50&#8243; back_image=&#8221;508&#8243; overlay_alpha=&#8221;50&#8243; gutter_size=&#8221;3&#8243; column_width_percent=&#8221;100&#8243; shift_y=&#8221;0&#8243; z_index=&#8221;0&#8243; row_height_pixel=&#8221;300&#8243;][vc_column column_width_percent=&#8221;100&#8243; position_vertical=&#8221;middle&#8221; align_horizontal=&#8221;align_center&#8221; gutter_size=&#8221;3&#8243; style=&#8221;dark&#8221; overlay_alpha=&#8221;50&#8243; shift_x=&#8221;0&#8243; shift_y=&#8221;0&#8243; shift_y_down=&#8221;0&#8243; z_index=&#8221;0&#8243; medium_width=&#8221;0&#8243; [&hellip;]","og_url":"http:\/\/mep.machiel.at\/da\/viden\/hvad-er-en-aegte-perser\/","og_site_name":"Mein echter Perser","twitter_card":"summary_large_image","twitter_misc":{"Estimeret l\u00e6setid":"2 minutter"},"schema":{"@context":"https:\/\/schema.org","@graph":[{"@type":"WebPage","@id":"http:\/\/mep.machiel.at\/da\/viden\/hvad-er-en-aegte-perser\/","url":"http:\/\/mep.machiel.at\/da\/viden\/hvad-er-en-aegte-perser\/","name":"Hvad er en \u00e6gte perser? - Mein echter Perser","isPartOf":{"@id":"http:\/\/mep.machiel.at\/da\/#website"},"datePublished":"2021-04-08T21:13:22+00:00","breadcrumb":{"@id":"http:\/\/mep.machiel.at\/da\/viden\/hvad-er-en-aegte-perser\/#breadcrumb"},"inLanguage":"da-DK","potentialAction":[{"@type":"ReadAction","target":["http:\/\/mep.machiel.at\/da\/viden\/hvad-er-en-aegte-perser\/"]}]},{"@type":"BreadcrumbList","@id":"http:\/\/mep.machiel.at\/da\/viden\/hvad-er-en-aegte-perser\/#breadcrumb","itemListElement":[{"@type":"ListItem","position":1,"name":"Startseite","item":"http:\/\/mep.machiel.at\/da\/"},{"@type":"ListItem","position":2,"name":"Viden","item":"http:\/\/mep.machiel.at\/da\/viden\/"},{"@type":"ListItem","position":3,"name":"Hvad er en \u00e6gte perser?"}]},{"@type":"WebSite","@id":"http:\/\/mep.machiel.at\/da\/#website","url":"http:\/\/mep.machiel.at\/da\/","name":"Mein echter Perser","description":"Teppichreparatur, Teppichreinigung, Wertgutachten","potentialAction":[{"@type":"SearchAction","target":{"@type":"EntryPoint","urlTemplate":"http:\/\/mep.machiel.at\/da\/?s={search_term_string}"},"query-input":{"@type":"PropertyValueSpecification","valueRequired":true,"valueName":"search_term_string"}}],"inLanguage":"da-DK"}]}},"_links":{"self":[{"href":"http:\/\/mep.machiel.at\/da\/wp-json\/wp\/v2\/pages\/1191","targetHints":{"allow":["GET"]}}],"collection":[{"href":"http:\/\/mep.machiel.at\/da\/wp-json\/wp\/v2\/pages"}],"about":[{"href":"http:\/\/mep.machiel.at\/da\/wp-json\/wp\/v2\/types\/page"}],"author":[{"embeddable":true,"href":"http:\/\/mep.machiel.at\/da\/wp-json\/wp\/v2\/users\/1"}],"replies":[{"embeddable":true,"href":"http:\/\/mep.machiel.at\/da\/wp-json\/wp\/v2\/comments?post=1191"}],"version-history":[{"count":5,"href":"http:\/\/mep.machiel.at\/da\/wp-json\/wp\/v2\/pages\/1191\/revisions"}],"predecessor-version":[{"id":1196,"href":"http:\/\/mep.machiel.at\/da\/wp-json\/wp\/v2\/pages\/1191\/revisions\/1196"}],"up":[{"embeddable":true,"href":"http:\/\/mep.machiel.at\/da\/wp-json\/wp\/v2\/pages\/970"}],"wp:attachment":[{"href":"http:\/\/mep.machiel.at\/da\/wp-json\/wp\/v2\/media?parent=1191"}],"curies":[{"name":"wp","href":"https:\/\/api.w.org\/{rel}","templated":true}]}}