{"id":1142,"date":"2021-04-08T22:33:56","date_gmt":"2021-04-08T20:33:56","guid":{"rendered":"http:\/\/mep.machiel.at\/viden\/taepperensning\/"},"modified":"2021-04-08T22:33:59","modified_gmt":"2021-04-08T20:33:59","slug":"taepperensning","status":"publish","type":"page","link":"http:\/\/mep.machiel.at\/da\/viden\/taepperensning\/","title":{"rendered":"T\u00e6pperensning"},"content":{"rendered":"<p>[vc_row row_height_percent=&#8221;50&#8243; back_image=&#8221;508&#8243; overlay_alpha=&#8221;50&#8243; gutter_size=&#8221;3&#8243; column_width_percent=&#8221;100&#8243; shift_y=&#8221;0&#8243; z_index=&#8221;0&#8243; row_height_pixel=&#8221;300&#8243;][vc_column column_width_percent=&#8221;100&#8243; position_vertical=&#8221;middle&#8221; align_horizontal=&#8221;align_center&#8221; gutter_size=&#8221;3&#8243; style=&#8221;dark&#8221; overlay_alpha=&#8221;50&#8243; shift_x=&#8221;0&#8243; shift_y=&#8221;0&#8243; shift_y_down=&#8221;0&#8243; z_index=&#8221;0&#8243; medium_width=&#8221;0&#8243; mobile_width=&#8221;0&#8243; width=&#8221;1\/1&#8243;][vc_custom_heading]<\/p>\n<h1>T\u00e6pperensning<\/h1>\n<p>[\/vc_custom_heading][\/vc_column][\/vc_row][vc_row][vc_column width=&#8221;1\/1&#8243;][vc_custom_heading]<\/p>\n<h2>Hvordan skal du reng\u00f8re et orientalsk t\u00e6ppe?<\/h2>\n<p>[\/vc_custom_heading][vc_column_text el_class=&#8221;colorbox&#8221;]En \u00e6gte perser varer i hundreder af \u00e5r. Ogs\u00e5 i b\u00f8rnev\u00e6relset foran k\u00e6lderbaren, i forstuen og i hundehuset. Sidstn\u00e6vnte afh\u00e6nger ogs\u00e5 af hunden.[\/vc_column_text][vc_row_inner row_inner_height_percent=&#8221;0&#8243; overlay_alpha=&#8221;50&#8243; gutter_size=&#8221;3&#8243; shift_y=&#8221;0&#8243; z_index=&#8221;0&#8243; el_class=&#8221;row-inner-illu-mw&#8221;][vc_column_inner column_width_percent=&#8221;100&#8243; align_horizontal=&#8221;align_center&#8221; gutter_size=&#8221;3&#8243; overlay_alpha=&#8221;50&#8243; shift_x=&#8221;0&#8243; shift_y=&#8221;0&#8243; shift_y_down=&#8221;0&#8243; z_index=&#8221;0&#8243; medium_width=&#8221;0&#8243; mobile_width=&#8221;0&#8243; width=&#8221;1\/4&#8243;][vc_single_image media=&#8221;600&#8243; media_width_percent=&#8221;100&#8243;][vc_column_text]<b>1.<\/b> Grundig forvask[\/vc_column_text][\/vc_column_inner][vc_column_inner width=&#8221;1\/4&#8243;][vc_single_image media=&#8221;605&#8243; media_width_percent=&#8221;100&#8243;][vc_column_text]<b>2.<\/b> Blid b\u00f8rstevask[\/vc_column_text][\/vc_column_inner][vc_column_inner width=&#8221;1\/4&#8243;][vc_single_image media=&#8221;610&#8243; media_width_percent=&#8221;100&#8243;][vc_column_text]<b>3.<\/b> Rigelig vask[\/vc_column_text][\/vc_column_inner][vc_column_inner width=&#8221;1\/4&#8243;][vc_single_image media=&#8221;615&#8243; media_width_percent=&#8221;100&#8243;][vc_column_text]<b>4.<\/b> Afslappet t\u00f8rring[\/vc_column_text][\/vc_column_inner][\/vc_row_inner][vc_column_text]Enhver visdom h\u00e6vder at v\u00e6re den eneste sande, n\u00e5r det kommer til reng\u00f8ring af et persisk t\u00e6ppe. Der er rapporter om at have sl\u00e5et sneen ud, om at st\u00f8vsuge t\u00e6ppet for ofte over tid, bogstaveligt talt st\u00f8vsuge t\u00e6ppet og andre eventyrlystne teorier.<\/p>\n<p>Det fascinerende ved et \u00e6gte t\u00e6ppe er, at det er et objekt for kunst og nytte i \u00e9t. Derfor beh\u00f8ver den (n\u00e6sten) ingen s\u00e6rlig behandling.<\/p>\n<p>En konventionel st\u00f8vsuger er et rigtigt t\u00e6ppes bedste ven. Bortset fra almindeligt husst\u00f8v l\u00f8sner det kun en br\u00f8kdel af de fibre, der for l\u00e6nge siden er oph\u00f8rt med at sidde fast. Dette betyder, at det knyttede m\u00f8nster fremst\u00e5r endnu klarere og rigere i kontrast.[\/vc_column_text][\/vc_column][\/vc_row][vc_row][vc_column width=&#8221;1\/1&#8243;][vc_custom_heading]<\/p>\n<h2>Professionel persisk t\u00e6ppereng\u00f8ring<\/h2>\n<p>[\/vc_custom_heading][vc_column_text]Til husholdningsbrug skal der gives en lille speciel behandling hvert 7-10 \u00e5r i form af en grundig vask. Fordi det uundg\u00e5elige husst\u00f8v s\u00e6tter sig i sin fineste form i t\u00e6ppefundamentet og fremskynder slid p\u00e5 t\u00e6ppet gennem en emeriepapireffekt. For at undg\u00e5 dette skal t\u00e6ppet reng\u00f8res ordentligt. Dette tilbydes af et par specialbutikker og selvf\u00f8lgelig <a href=\"http:\/\/mep.machiel.at\/da\/viden\/taepperensning\/\">ogs\u00e5 af os.<\/a><\/p>\n<p>Hjulet er ikke genopfundet her:<br \/>\n<a href=\"http:\/\/mep.machiel.at\/da\/viden\/taepperensning\/#angebot\">Vi reng\u00f8r orientalske t\u00e6pper<\/a> den samme proces, der er blevet brugt til at rense t\u00e6pper i hundreder af \u00e5r.[\/vc_column_text][\/vc_column][\/vc_row][vc_row][vc_column width=&#8221;1\/1&#8243;][vc_custom_heading]<\/p>\n<h2>Spot fjernelse p\u00e5 en \u00e6gte perser<\/h2>\n<p>[\/vc_custom_heading][vc_column_text el_class=&#8221;colorbox&#8221;]R\u00f8dvin p\u00e5 t\u00e6ppet? Intet problem, s\u00e5 l\u00e6nge det er et persisk t\u00e6ppe.[\/vc_column_text][vc_column_text]Det rigtige t\u00e6ppe adskiller sig ogs\u00e5 fra mindre sp\u00e6ndende knuder, fordi uld er blevet farvet s\u00e6rligt blidt.<\/p>\n<p>P\u00e5 denne m\u00e5de bevares fedtet p\u00e5 f\u00e5rens uld, lanolinen. Derfor er det n\u00e6ppe muligt at tilf\u00f8je permanent snavs til t\u00e6ppet.[\/vc_column_text][vc_row_inner][vc_column_inner width=&#8221;1\/2&#8243;][vc_single_image media=&#8221;733&#8243; media_width_percent=&#8221;100&#8243;][vc_column_text]Det er dog vigtigt hurtigt at suge det omr\u00e5de, der er ramt af r\u00f8dvin, sugo eller lignende, med lunkent vand.[\/vc_column_text][\/vc_column_inner][vc_column_inner width=&#8221;1\/2&#8243;][vc_single_image media=&#8221;738&#8243; media_width_percent=&#8221;100&#8243;][vc_column_text]Skub det derefter ud i hurtige bev\u00e6gelser med en spiseskefuld i retning af slagtilf\u00e6lde p\u00e5 en f\u00e6rdiglavet absorberende klud.[\/vc_column_text][\/vc_column_inner][\/vc_row_inner][vc_column_text]For mere st\u00e6dige pletter, gnid lidt guls\u00e6be over det og gentag reng\u00f8ringsprocessen.[\/vc_column_text][\/vc_column][\/vc_row][vc_row row_height_percent=&#8221;0&#8243; back_color=&#8221;color-109322&#8243; overlay_alpha=&#8221;50&#8243; gutter_size=&#8221;3&#8243; column_width_percent=&#8221;100&#8243; shift_y=&#8221;0&#8243; z_index=&#8221;0&#8243;][vc_column width=&#8221;1\/1&#8243;][vc_custom_heading]<\/p>\n<h2>Vores tilbud p\u00e5 t\u00e6ppereng\u00f8ring<\/h2>\n<p>[\/vc_custom_heading][vc_column_text text_lead=&#8221;yes&#8221;]Vi reng\u00f8r dine t\u00e6pper. Vores reparationsservice behandler dit t\u00e6ppe som alle \u00e6gte t\u00e6pper er blevet behandlet i hundreder af \u00e5r.[\/vc_column_text][vc_empty_space empty_h=&#8221;2&#8243;][vc_row_inner][vc_column_inner width=&#8221;1\/2&#8243;][uncode_list icon=&#8221;fa fa-checkmark-circle&#8221; icon_color=&#8221;color-103998&#8243; el_class=&#8221;angebot-details&#8221;]<\/p>\n<ul>\n<li>Gratis afhentning og levering<\/li>\n<li>Faste priser<\/li>\n<li>sk\u00e5nsom maskine eller h\u00e5ndvask<\/li>\n<\/ul>\n<p>[\/uncode_list][vc_button button_color=&#8221;color-103998&#8243; size=&#8221;btn-lg&#8221; hover_fx=&#8221;full-colored&#8221; border_width=&#8221;0&#8243; link=&#8221;url:http%3A%2F%2Fmep.machiel.at%2Fda%2Ftaepperensning%2F%23angebot|title:T%C3%A6pperensning|&#8221;]TIL RENG\u00d8RINGSTJENESTEN[\/vc_button][\/vc_column_inner][vc_column_inner column_width_percent=&#8221;100&#8243; align_horizontal=&#8221;align_center&#8221; gutter_size=&#8221;3&#8243; overlay_alpha=&#8221;50&#8243; shift_x=&#8221;0&#8243; shift_y=&#8221;0&#8243; shift_y_down=&#8221;0&#8243; z_index=&#8221;0&#8243; medium_width=&#8221;0&#8243; mobile_width=&#8221;0&#8243; width=&#8221;1\/2&#8243;][vc_column_text el_class=&#8221;shadowbox&#8221;]Du kan ogs\u00e5 kontakte os via telefon eller e-mail:<\/p>\n<h3>0800 0700 120<\/h3>\n<p><small>(dagligt fra 9 til 18 gratis fra hele Tyskland)<\/small><\/p>\n<p><strong><a href=\"mailto:service@meinechterperser.de\">service@meinechterperser.de<\/a><\/strong>[\/vc_column_text][\/vc_column_inner][\/vc_row_inner][\/vc_column][\/vc_row][vc_row][vc_column width=&#8221;1\/1&#8243;][vc_empty_space empty_h=&#8221;3&#8243;][\/vc_column][\/vc_row]<\/p>\n","protected":false},"excerpt":{"rendered":"<p>[vc_row row_height_percent=&#8221;50&#8243; back_image=&#8221;508&#8243; overlay_alpha=&#8221;50&#8243; gutter_size=&#8221;3&#8243; column_width_percent=&#8221;100&#8243; shift_y=&#8221;0&#8243; z_index=&#8221;0&#8243; row_height_pixel=&#8221;300&#8243;][vc_column column_width_percent=&#8221;100&#8243; position_vertical=&#8221;middle&#8221; align_horizontal=&#8221;align_center&#8221; gutter_size=&#8221;3&#8243; style=&#8221;dark&#8221; overlay_alpha=&#8221;50&#8243; shift_x=&#8221;0&#8243; shift_y=&#8221;0&#8243; shift_y_down=&#8221;0&#8243; z_index=&#8221;0&#8243; medium_width=&#8221;0&#8243; [&hellip;]<\/p>\n","protected":false},"author":1,"featured_media":0,"parent":970,"menu_order":0,"comment_status":"closed","ping_status":"closed","template":"","meta":{"footnotes":""},"class_list":["post-1142","page","type-page","status-publish","hentry"],"yoast_head":"<!-- This site is optimized with the Yoast SEO plugin v27.3 - https:\/\/yoast.com\/product\/yoast-seo-wordpress\/ -->\n<title>T\u00e6pperensning - Mein echter Perser<\/title>\n<meta name=\"robots\" content=\"index, follow, max-snippet:-1, max-image-preview:large, max-video-preview:-1\" \/>\n<link rel=\"canonical\" href=\"http:\/\/mep.machiel.at\/da\/viden\/taepperensning\/\" \/>\n<meta property=\"og:locale\" content=\"da_DK\" \/>\n<meta property=\"og:type\" content=\"article\" \/>\n<meta property=\"og:title\" content=\"T\u00e6pperensning - Mein echter Perser\" \/>\n<meta property=\"og:description\" content=\"[vc_row row_height_percent=&#8221;50&#8243; back_image=&#8221;508&#8243; overlay_alpha=&#8221;50&#8243; gutter_size=&#8221;3&#8243; column_width_percent=&#8221;100&#8243; shift_y=&#8221;0&#8243; z_index=&#8221;0&#8243; row_height_pixel=&#8221;300&#8243;][vc_column column_width_percent=&#8221;100&#8243; position_vertical=&#8221;middle&#8221; align_horizontal=&#8221;align_center&#8221; gutter_size=&#8221;3&#8243; style=&#8221;dark&#8221; overlay_alpha=&#8221;50&#8243; shift_x=&#8221;0&#8243; shift_y=&#8221;0&#8243; shift_y_down=&#8221;0&#8243; z_index=&#8221;0&#8243; medium_width=&#8221;0&#8243; [&hellip;]\" \/>\n<meta property=\"og:url\" content=\"http:\/\/mep.machiel.at\/da\/viden\/taepperensning\/\" \/>\n<meta property=\"og:site_name\" content=\"Mein echter Perser\" \/>\n<meta property=\"article:modified_time\" content=\"2021-04-08T20:33:59+00:00\" \/>\n<meta name=\"twitter:card\" content=\"summary_large_image\" \/>\n<meta name=\"twitter:label1\" content=\"Estimeret l\u00e6setid\" \/>\n\t<meta name=\"twitter:data1\" content=\"5 minutter\" \/>\n<script type=\"application\/ld+json\" class=\"yoast-schema-graph\">{\"@context\":\"https:\\\/\\\/schema.org\",\"@graph\":[{\"@type\":\"WebPage\",\"@id\":\"http:\\\/\\\/mep.machiel.at\\\/da\\\/viden\\\/taepperensning\\\/\",\"url\":\"http:\\\/\\\/mep.machiel.at\\\/da\\\/viden\\\/taepperensning\\\/\",\"name\":\"T\u00e6pperensning - Mein echter Perser\",\"isPartOf\":{\"@id\":\"http:\\\/\\\/mep.machiel.at\\\/da\\\/#website\"},\"datePublished\":\"2021-04-08T20:33:56+00:00\",\"dateModified\":\"2021-04-08T20:33:59+00:00\",\"breadcrumb\":{\"@id\":\"http:\\\/\\\/mep.machiel.at\\\/da\\\/viden\\\/taepperensning\\\/#breadcrumb\"},\"inLanguage\":\"da-DK\",\"potentialAction\":[{\"@type\":\"ReadAction\",\"target\":[\"http:\\\/\\\/mep.machiel.at\\\/da\\\/viden\\\/taepperensning\\\/\"]}]},{\"@type\":\"BreadcrumbList\",\"@id\":\"http:\\\/\\\/mep.machiel.at\\\/da\\\/viden\\\/taepperensning\\\/#breadcrumb\",\"itemListElement\":[{\"@type\":\"ListItem\",\"position\":1,\"name\":\"Startseite\",\"item\":\"http:\\\/\\\/mep.machiel.at\\\/da\\\/\"},{\"@type\":\"ListItem\",\"position\":2,\"name\":\"Viden\",\"item\":\"http:\\\/\\\/mep.machiel.at\\\/da\\\/viden\\\/\"},{\"@type\":\"ListItem\",\"position\":3,\"name\":\"T\u00e6pperensning\"}]},{\"@type\":\"WebSite\",\"@id\":\"http:\\\/\\\/mep.machiel.at\\\/da\\\/#website\",\"url\":\"http:\\\/\\\/mep.machiel.at\\\/da\\\/\",\"name\":\"Mein echter Perser\",\"description\":\"Teppichreparatur, Teppichreinigung, Wertgutachten\",\"potentialAction\":[{\"@type\":\"SearchAction\",\"target\":{\"@type\":\"EntryPoint\",\"urlTemplate\":\"http:\\\/\\\/mep.machiel.at\\\/da\\\/?s={search_term_string}\"},\"query-input\":{\"@type\":\"PropertyValueSpecification\",\"valueRequired\":true,\"valueName\":\"search_term_string\"}}],\"inLanguage\":\"da-DK\"}]}<\/script>\n<!-- \/ Yoast SEO plugin. -->","yoast_head_json":{"title":"T\u00e6pperensning - Mein echter Perser","robots":{"index":"index","follow":"follow","max-snippet":"max-snippet:-1","max-image-preview":"max-image-preview:large","max-video-preview":"max-video-preview:-1"},"canonical":"http:\/\/mep.machiel.at\/da\/viden\/taepperensning\/","og_locale":"da_DK","og_type":"article","og_title":"T\u00e6pperensning - Mein echter Perser","og_description":"[vc_row row_height_percent=&#8221;50&#8243; back_image=&#8221;508&#8243; overlay_alpha=&#8221;50&#8243; gutter_size=&#8221;3&#8243; column_width_percent=&#8221;100&#8243; shift_y=&#8221;0&#8243; z_index=&#8221;0&#8243; row_height_pixel=&#8221;300&#8243;][vc_column column_width_percent=&#8221;100&#8243; position_vertical=&#8221;middle&#8221; align_horizontal=&#8221;align_center&#8221; gutter_size=&#8221;3&#8243; style=&#8221;dark&#8221; overlay_alpha=&#8221;50&#8243; shift_x=&#8221;0&#8243; shift_y=&#8221;0&#8243; shift_y_down=&#8221;0&#8243; z_index=&#8221;0&#8243; medium_width=&#8221;0&#8243; [&hellip;]","og_url":"http:\/\/mep.machiel.at\/da\/viden\/taepperensning\/","og_site_name":"Mein echter Perser","article_modified_time":"2021-04-08T20:33:59+00:00","twitter_card":"summary_large_image","twitter_misc":{"Estimeret l\u00e6setid":"5 minutter"},"schema":{"@context":"https:\/\/schema.org","@graph":[{"@type":"WebPage","@id":"http:\/\/mep.machiel.at\/da\/viden\/taepperensning\/","url":"http:\/\/mep.machiel.at\/da\/viden\/taepperensning\/","name":"T\u00e6pperensning - Mein echter Perser","isPartOf":{"@id":"http:\/\/mep.machiel.at\/da\/#website"},"datePublished":"2021-04-08T20:33:56+00:00","dateModified":"2021-04-08T20:33:59+00:00","breadcrumb":{"@id":"http:\/\/mep.machiel.at\/da\/viden\/taepperensning\/#breadcrumb"},"inLanguage":"da-DK","potentialAction":[{"@type":"ReadAction","target":["http:\/\/mep.machiel.at\/da\/viden\/taepperensning\/"]}]},{"@type":"BreadcrumbList","@id":"http:\/\/mep.machiel.at\/da\/viden\/taepperensning\/#breadcrumb","itemListElement":[{"@type":"ListItem","position":1,"name":"Startseite","item":"http:\/\/mep.machiel.at\/da\/"},{"@type":"ListItem","position":2,"name":"Viden","item":"http:\/\/mep.machiel.at\/da\/viden\/"},{"@type":"ListItem","position":3,"name":"T\u00e6pperensning"}]},{"@type":"WebSite","@id":"http:\/\/mep.machiel.at\/da\/#website","url":"http:\/\/mep.machiel.at\/da\/","name":"Mein echter Perser","description":"Teppichreparatur, Teppichreinigung, Wertgutachten","potentialAction":[{"@type":"SearchAction","target":{"@type":"EntryPoint","urlTemplate":"http:\/\/mep.machiel.at\/da\/?s={search_term_string}"},"query-input":{"@type":"PropertyValueSpecification","valueRequired":true,"valueName":"search_term_string"}}],"inLanguage":"da-DK"}]}},"_links":{"self":[{"href":"http:\/\/mep.machiel.at\/da\/wp-json\/wp\/v2\/pages\/1142","targetHints":{"allow":["GET"]}}],"collection":[{"href":"http:\/\/mep.machiel.at\/da\/wp-json\/wp\/v2\/pages"}],"about":[{"href":"http:\/\/mep.machiel.at\/da\/wp-json\/wp\/v2\/types\/page"}],"author":[{"embeddable":true,"href":"http:\/\/mep.machiel.at\/da\/wp-json\/wp\/v2\/users\/1"}],"replies":[{"embeddable":true,"href":"http:\/\/mep.machiel.at\/da\/wp-json\/wp\/v2\/comments?post=1142"}],"version-history":[{"count":7,"href":"http:\/\/mep.machiel.at\/da\/wp-json\/wp\/v2\/pages\/1142\/revisions"}],"predecessor-version":[{"id":1149,"href":"http:\/\/mep.machiel.at\/da\/wp-json\/wp\/v2\/pages\/1142\/revisions\/1149"}],"up":[{"embeddable":true,"href":"http:\/\/mep.machiel.at\/da\/wp-json\/wp\/v2\/pages\/970"}],"wp:attachment":[{"href":"http:\/\/mep.machiel.at\/da\/wp-json\/wp\/v2\/media?parent=1142"}],"curies":[{"name":"wp","href":"https:\/\/api.w.org\/{rel}","templated":true}]}}