{"id":1123,"date":"2021-04-08T22:20:21","date_gmt":"2021-04-08T20:20:21","guid":{"rendered":"http:\/\/mep.machiel.at\/viden\/saelg-taeppe\/"},"modified":"2021-04-08T22:20:21","modified_gmt":"2021-04-08T20:20:21","slug":"saelg-taeppe","status":"publish","type":"page","link":"http:\/\/mep.machiel.at\/da\/viden\/saelg-taeppe\/","title":{"rendered":"S\u00e6lg t\u00e6ppe"},"content":{"rendered":"<p>[vc_row row_height_percent=&#8221;50&#8243; back_image=&#8221;508&#8243; overlay_alpha=&#8221;50&#8243; gutter_size=&#8221;3&#8243; column_width_percent=&#8221;100&#8243; shift_y=&#8221;0&#8243; z_index=&#8221;0&#8243; row_height_pixel=&#8221;300&#8243;][vc_column column_width_percent=&#8221;100&#8243; position_vertical=&#8221;middle&#8221; align_horizontal=&#8221;align_center&#8221; gutter_size=&#8221;3&#8243; style=&#8221;dark&#8221; overlay_alpha=&#8221;50&#8243; shift_x=&#8221;0&#8243; shift_y=&#8221;0&#8243; shift_y_down=&#8221;0&#8243; z_index=&#8221;0&#8243; medium_width=&#8221;0&#8243; mobile_width=&#8221;0&#8243; width=&#8221;1\/1&#8243;][vc_custom_heading]<\/p>\n<h1>Hvordan s\u00e6lger jeg et t\u00e6ppe?<\/h1>\n<p>[\/vc_custom_heading][\/vc_column][\/vc_row][vc_row][vc_column width=&#8221;1\/1&#8243;][vc_custom_heading]<\/p>\n<h2 id=\"ist-mein-teppich-wertvoller-geworden\">Er mit t\u00e6ppe blevet mere v\u00e6rdifuldt?<\/h2>\n<p>[\/vc_custom_heading][vc_column_text]T\u00e6pper blev og s\u00e6lges med gl\u00e6de under det passende p\u00e5skud af investering. Dette er kun delvist sandt. Det kan generelt ikke siges, at virkelige persere opretholder deres v\u00e6rdi eller endda bliver mere v\u00e6rdifulde over tid. Med andre ord: ikke alle persiske t\u00e6pper har det, der kr\u00e6ves for at v\u00e6re et museum. Imidlertid tillader den lange levetid p\u00e5 flere hundrede \u00e5r med husholdningsbrug i det mindste en vis m\u00e6ngde v\u00e6rdibevaring over en meget lang periode. Og det er bestemt ikke, hvad en sofa kan sige om sig selv.[\/vc_column_text][\/vc_column][\/vc_row][vc_row][vc_column width=&#8221;1\/1&#8243;][vc_custom_heading]<\/p>\n<h2 id=\"hnliche-teppiche-mit-unterschiedlichen-marktpreisen\">Lignende t\u00e6pper med forskellige markedspriser<\/h2>\n<p>[\/vc_custom_heading][vc_column_text]Selvom l\u00e6gmanden kan bed\u00f8mme nye t\u00e6pper godt med lidt viden, er store prisforskelle ofte mulige med gamle eller endda antikke t\u00e6pper, s\u00e5som: med disse to stykker fra vores sortiment.[\/vc_column_text][vc_row_inner][vc_column_inner width=&#8221;1\/2&#8243;][vc_single_image media=&#8221;766&#8243; media_width_use_pixel=&#8221;yes&#8221; media_width_pixel=&#8221;500&#8243;][vc_column_text]Her en gharebagh fra midten af det 19. \u00e5rhundrede fra en familieproduktion i perfekt stand. I tilf\u00e6lde af en auktion fasts\u00e6ttes en estimeret v\u00e6rdi p\u00e5 ca. \u20ac 12.000 her.[\/vc_column_text][\/vc_column_inner][vc_column_inner width=&#8221;1\/2&#8243;][vc_single_image media=&#8221;771&#8243; media_width_use_pixel=&#8221;yes&#8221; media_width_pixel=&#8221;500&#8243;][vc_column_text]En ret flot Baluch med h\u00e5ndspundet f\u00e5ruld. Nyt og produceret til eksport i standardiseret produktion. Aktuelt tilg\u00e6ngelig fra os til \u20ac 450.[\/vc_column_text][\/vc_column_inner][\/vc_row_inner][\/vc_column][\/vc_row][vc_row][vc_column width=&#8221;1\/1&#8243;][vc_custom_heading]<\/p>\n<h2 id=\"wer-mchte-meinen-vorleger-kaufen\">Hvem vil gerne k\u00f8be mit t\u00e6ppe?<\/h2>\n<p>[\/vc_custom_heading][vc_column_text]Hvis du som privatperson vil s\u00e6lge dit t\u00e6ppe til den p\u00e5st\u00e5ede markedsv\u00e6rdi, skal du se p\u00e5 de generelle forhold p\u00e5 t\u00e6ppemarkedet:<\/p>\n<ul>\n<li>En t\u00e6ppekunde elsker et bredt sortiment. For eksempel tilbyder vi i \u00f8jeblikket omkring 10.000 t\u00e6pper. Ikke desto mindre sker det igen og igen, at efter at have valgt en st\u00f8rrelse, en farve, en prisklasse og en foretrukken oprindelse, kun er et meget h\u00e5ndterbart antal eller endda ikke et eneste tilsvarende t\u00e6ppe tilbage. I tilf\u00e6lde af et privat salg tilbyder du n\u00f8jagtigt ET enkelt t\u00e6ppe og vil finde den k\u00f8ber, der \u00f8nsker pr\u00e6cis DETTE t\u00e6ppe. Et ret pessimistisk perspektiv.<\/li>\n<li>Frem for alt d\u00e6kker klassiske forhandlere med butikken rundt om hj\u00f8rnet, der har mange tusinder t\u00e6pper p\u00e5 lager, de h\u00f8je lageromkostninger med de tilsvarende priser. Privatkunder orienterer gerne om disse salgspriser og er skuffede over de forholdsvis lave bel\u00f8b, der kan opn\u00e5s ved k\u00f8bet. Som en tommelfingerregel kan du antage, at du som privatperson kun kan f\u00e5 en tredjedel af detailprisen for det samme t\u00e6ppe.<\/li>\n<li>Der er s\u00e5ledes to ikke-gensidigt eksklusive muligheder for et salg: tilbuddet via klassificerede annoncer og auktionsplatforme p\u00e5 jagt efter private interesserede parter og tilbuddet til lokale forhandlere. T\u00e6ppeforhandlere i dit omr\u00e5de vil unders\u00f8ge t\u00e6ppet, og du r\u00e5des godt, hvis du insisterer p\u00e5 mindst en tredjedel af den pris, som forhandleren senere opn\u00e5r.<\/li>\n<\/ul>\n<p>[\/vc_column_text][\/vc_column][\/vc_row][vc_row][vc_column width=&#8221;1\/1&#8243;][vc_custom_heading]<\/p>\n<h2 id=\"ist-der-orientteppich-vor-meinem-bett-ein-unikat\">Er det orientalske t\u00e6ppe foran min seng unik?<\/h2>\n<p>[\/vc_custom_heading][vc_column_text]<\/p>\n<div class=\"main\">\n<p>Desv\u00e6rre kan vi ikke \u00e6ndre markedsreglerne for privat salg, men vi hj\u00e6lper dig gerne p\u00e5 en billig og hurtig m\u00e5de at finde ud af, hvad dine behov er for dit t\u00e6ppe, og hvor meget en forhandler vil opkr\u00e6ve for det gode stykke:<\/p>\n<p>Vi tilbyder en vurdering til \u20ac 49 pr. T\u00e6ppe. Vores vurderingsteam unders\u00f8ger dit t\u00e6ppe og sikrer, at du ikke beh\u00f8ver at stole p\u00e5 k\u00f8bers vurdering, n\u00e5r du tilbyder det, men at du allerede har lavet et dybtg\u00e5ende billede p\u00e5 forh\u00e5nd. Vores service inkluderer:<\/p>\n<ul>\n<li>Behandling af vores v\u00e6rdians\u00e6ttelse team med mere end 25 \u00e5rs erfaring med h\u00e5ndknyttede t\u00e6pper<\/li>\n<li>Udarbejdelse af ekspertrapporter inden for 24 timer<\/li>\n<li>Gratis svar p\u00e5 yderligere sp\u00f8rgsm\u00e5l fra din side<\/li>\n<li>Certifikat inkl. Materialespecifikation, v\u00e6rdi og beskrivelse i pdf-format<\/li>\n<\/ul>\n<p>Du kan finde alle yderligere oplysninger om vores vurderingstjeneste her:<\/p>\n<\/div>\n<p>[\/vc_column_text][vc_button button_color=&#8221;color-103998&#8243; size=&#8221;btn-lg&#8221; hover_fx=&#8221;full-colored&#8221; border_width=&#8221;0&#8243; link=&#8221;url:http%3A%2F%2Fmep.machiel.at%2Fda%2Fvurdering%2F|title:Vurdering|&#8221;]TIL T\u00c6PPESTIMATET[\/vc_button][\/vc_column][\/vc_row][vc_row][vc_column width=&#8221;1\/1&#8243;][vc_empty_space empty_h=&#8221;3&#8243;][\/vc_column][\/vc_row]<\/p>\n","protected":false},"excerpt":{"rendered":"<p>[vc_row row_height_percent=&#8221;50&#8243; back_image=&#8221;508&#8243; overlay_alpha=&#8221;50&#8243; gutter_size=&#8221;3&#8243; column_width_percent=&#8221;100&#8243; shift_y=&#8221;0&#8243; z_index=&#8221;0&#8243; row_height_pixel=&#8221;300&#8243;][vc_column column_width_percent=&#8221;100&#8243; position_vertical=&#8221;middle&#8221; align_horizontal=&#8221;align_center&#8221; gutter_size=&#8221;3&#8243; style=&#8221;dark&#8221; overlay_alpha=&#8221;50&#8243; shift_x=&#8221;0&#8243; shift_y=&#8221;0&#8243; shift_y_down=&#8221;0&#8243; z_index=&#8221;0&#8243; medium_width=&#8221;0&#8243; [&hellip;]<\/p>\n","protected":false},"author":1,"featured_media":0,"parent":970,"menu_order":0,"comment_status":"closed","ping_status":"closed","template":"","meta":{"footnotes":""},"class_list":["post-1123","page","type-page","status-publish","hentry"],"yoast_head":"<!-- This site is optimized with the Yoast SEO plugin v27.3 - https:\/\/yoast.com\/product\/yoast-seo-wordpress\/ -->\n<title>S\u00e6lg t\u00e6ppe - Mein echter Perser<\/title>\n<meta name=\"robots\" content=\"index, follow, max-snippet:-1, max-image-preview:large, max-video-preview:-1\" \/>\n<link rel=\"canonical\" href=\"http:\/\/mep.machiel.at\/da\/viden\/saelg-taeppe\/\" \/>\n<meta property=\"og:locale\" content=\"da_DK\" \/>\n<meta property=\"og:type\" content=\"article\" \/>\n<meta property=\"og:title\" content=\"S\u00e6lg t\u00e6ppe - Mein echter Perser\" \/>\n<meta property=\"og:description\" content=\"[vc_row row_height_percent=&#8221;50&#8243; back_image=&#8221;508&#8243; overlay_alpha=&#8221;50&#8243; gutter_size=&#8221;3&#8243; column_width_percent=&#8221;100&#8243; shift_y=&#8221;0&#8243; z_index=&#8221;0&#8243; row_height_pixel=&#8221;300&#8243;][vc_column column_width_percent=&#8221;100&#8243; position_vertical=&#8221;middle&#8221; align_horizontal=&#8221;align_center&#8221; gutter_size=&#8221;3&#8243; style=&#8221;dark&#8221; overlay_alpha=&#8221;50&#8243; shift_x=&#8221;0&#8243; shift_y=&#8221;0&#8243; shift_y_down=&#8221;0&#8243; z_index=&#8221;0&#8243; medium_width=&#8221;0&#8243; [&hellip;]\" \/>\n<meta property=\"og:url\" content=\"http:\/\/mep.machiel.at\/da\/viden\/saelg-taeppe\/\" \/>\n<meta property=\"og:site_name\" content=\"Mein echter Perser\" \/>\n<meta name=\"twitter:card\" content=\"summary_large_image\" \/>\n<meta name=\"twitter:label1\" content=\"Estimeret l\u00e6setid\" \/>\n\t<meta name=\"twitter:data1\" content=\"4 minutter\" \/>\n<script type=\"application\/ld+json\" class=\"yoast-schema-graph\">{\"@context\":\"https:\\\/\\\/schema.org\",\"@graph\":[{\"@type\":\"WebPage\",\"@id\":\"http:\\\/\\\/mep.machiel.at\\\/da\\\/viden\\\/saelg-taeppe\\\/\",\"url\":\"http:\\\/\\\/mep.machiel.at\\\/da\\\/viden\\\/saelg-taeppe\\\/\",\"name\":\"S\u00e6lg t\u00e6ppe - Mein echter Perser\",\"isPartOf\":{\"@id\":\"http:\\\/\\\/mep.machiel.at\\\/da\\\/#website\"},\"datePublished\":\"2021-04-08T20:20:21+00:00\",\"breadcrumb\":{\"@id\":\"http:\\\/\\\/mep.machiel.at\\\/da\\\/viden\\\/saelg-taeppe\\\/#breadcrumb\"},\"inLanguage\":\"da-DK\",\"potentialAction\":[{\"@type\":\"ReadAction\",\"target\":[\"http:\\\/\\\/mep.machiel.at\\\/da\\\/viden\\\/saelg-taeppe\\\/\"]}]},{\"@type\":\"BreadcrumbList\",\"@id\":\"http:\\\/\\\/mep.machiel.at\\\/da\\\/viden\\\/saelg-taeppe\\\/#breadcrumb\",\"itemListElement\":[{\"@type\":\"ListItem\",\"position\":1,\"name\":\"Startseite\",\"item\":\"http:\\\/\\\/mep.machiel.at\\\/da\\\/\"},{\"@type\":\"ListItem\",\"position\":2,\"name\":\"Viden\",\"item\":\"http:\\\/\\\/mep.machiel.at\\\/da\\\/viden\\\/\"},{\"@type\":\"ListItem\",\"position\":3,\"name\":\"S\u00e6lg t\u00e6ppe\"}]},{\"@type\":\"WebSite\",\"@id\":\"http:\\\/\\\/mep.machiel.at\\\/da\\\/#website\",\"url\":\"http:\\\/\\\/mep.machiel.at\\\/da\\\/\",\"name\":\"Mein echter Perser\",\"description\":\"Teppichreparatur, Teppichreinigung, Wertgutachten\",\"potentialAction\":[{\"@type\":\"SearchAction\",\"target\":{\"@type\":\"EntryPoint\",\"urlTemplate\":\"http:\\\/\\\/mep.machiel.at\\\/da\\\/?s={search_term_string}\"},\"query-input\":{\"@type\":\"PropertyValueSpecification\",\"valueRequired\":true,\"valueName\":\"search_term_string\"}}],\"inLanguage\":\"da-DK\"}]}<\/script>\n<!-- \/ Yoast SEO plugin. -->","yoast_head_json":{"title":"S\u00e6lg t\u00e6ppe - Mein echter Perser","robots":{"index":"index","follow":"follow","max-snippet":"max-snippet:-1","max-image-preview":"max-image-preview:large","max-video-preview":"max-video-preview:-1"},"canonical":"http:\/\/mep.machiel.at\/da\/viden\/saelg-taeppe\/","og_locale":"da_DK","og_type":"article","og_title":"S\u00e6lg t\u00e6ppe - Mein echter Perser","og_description":"[vc_row row_height_percent=&#8221;50&#8243; back_image=&#8221;508&#8243; overlay_alpha=&#8221;50&#8243; gutter_size=&#8221;3&#8243; column_width_percent=&#8221;100&#8243; shift_y=&#8221;0&#8243; z_index=&#8221;0&#8243; row_height_pixel=&#8221;300&#8243;][vc_column column_width_percent=&#8221;100&#8243; position_vertical=&#8221;middle&#8221; align_horizontal=&#8221;align_center&#8221; gutter_size=&#8221;3&#8243; style=&#8221;dark&#8221; overlay_alpha=&#8221;50&#8243; shift_x=&#8221;0&#8243; shift_y=&#8221;0&#8243; shift_y_down=&#8221;0&#8243; z_index=&#8221;0&#8243; medium_width=&#8221;0&#8243; [&hellip;]","og_url":"http:\/\/mep.machiel.at\/da\/viden\/saelg-taeppe\/","og_site_name":"Mein echter Perser","twitter_card":"summary_large_image","twitter_misc":{"Estimeret l\u00e6setid":"4 minutter"},"schema":{"@context":"https:\/\/schema.org","@graph":[{"@type":"WebPage","@id":"http:\/\/mep.machiel.at\/da\/viden\/saelg-taeppe\/","url":"http:\/\/mep.machiel.at\/da\/viden\/saelg-taeppe\/","name":"S\u00e6lg t\u00e6ppe - Mein echter Perser","isPartOf":{"@id":"http:\/\/mep.machiel.at\/da\/#website"},"datePublished":"2021-04-08T20:20:21+00:00","breadcrumb":{"@id":"http:\/\/mep.machiel.at\/da\/viden\/saelg-taeppe\/#breadcrumb"},"inLanguage":"da-DK","potentialAction":[{"@type":"ReadAction","target":["http:\/\/mep.machiel.at\/da\/viden\/saelg-taeppe\/"]}]},{"@type":"BreadcrumbList","@id":"http:\/\/mep.machiel.at\/da\/viden\/saelg-taeppe\/#breadcrumb","itemListElement":[{"@type":"ListItem","position":1,"name":"Startseite","item":"http:\/\/mep.machiel.at\/da\/"},{"@type":"ListItem","position":2,"name":"Viden","item":"http:\/\/mep.machiel.at\/da\/viden\/"},{"@type":"ListItem","position":3,"name":"S\u00e6lg t\u00e6ppe"}]},{"@type":"WebSite","@id":"http:\/\/mep.machiel.at\/da\/#website","url":"http:\/\/mep.machiel.at\/da\/","name":"Mein echter Perser","description":"Teppichreparatur, Teppichreinigung, Wertgutachten","potentialAction":[{"@type":"SearchAction","target":{"@type":"EntryPoint","urlTemplate":"http:\/\/mep.machiel.at\/da\/?s={search_term_string}"},"query-input":{"@type":"PropertyValueSpecification","valueRequired":true,"valueName":"search_term_string"}}],"inLanguage":"da-DK"}]}},"_links":{"self":[{"href":"http:\/\/mep.machiel.at\/da\/wp-json\/wp\/v2\/pages\/1123","targetHints":{"allow":["GET"]}}],"collection":[{"href":"http:\/\/mep.machiel.at\/da\/wp-json\/wp\/v2\/pages"}],"about":[{"href":"http:\/\/mep.machiel.at\/da\/wp-json\/wp\/v2\/types\/page"}],"author":[{"embeddable":true,"href":"http:\/\/mep.machiel.at\/da\/wp-json\/wp\/v2\/users\/1"}],"replies":[{"embeddable":true,"href":"http:\/\/mep.machiel.at\/da\/wp-json\/wp\/v2\/comments?post=1123"}],"version-history":[{"count":2,"href":"http:\/\/mep.machiel.at\/da\/wp-json\/wp\/v2\/pages\/1123\/revisions"}],"predecessor-version":[{"id":1125,"href":"http:\/\/mep.machiel.at\/da\/wp-json\/wp\/v2\/pages\/1123\/revisions\/1125"}],"up":[{"embeddable":true,"href":"http:\/\/mep.machiel.at\/da\/wp-json\/wp\/v2\/pages\/970"}],"wp:attachment":[{"href":"http:\/\/mep.machiel.at\/da\/wp-json\/wp\/v2\/media?parent=1123"}],"curies":[{"name":"wp","href":"https:\/\/api.w.org\/{rel}","templated":true}]}}